{"id":506,"date":"2018-06-21T16:30:18","date_gmt":"2018-06-21T19:30:18","guid":{"rendered":"https:\/\/www.ufsm.br\/unidades-universitarias\/ct\/?page_id=506"},"modified":"2025-08-25T16:35:38","modified_gmt":"2025-08-25T19:35:38","slug":"contatos","status":"publish","type":"page","link":"https:\/\/www.ufsm.br\/unidades-universitarias\/ct\/contatos","title":{"rendered":"Contatos"},"content":{"rendered":"\t\t<div data-elementor-type=\"wp-post\" data-elementor-id=\"506\" class=\"elementor elementor-506\">\n\t\t\t\t\t\t<section class=\"elementor-section elementor-top-section elementor-element elementor-element-f2dcdb8 elementor-section-boxed elementor-section-height-default elementor-section-height-default\" data-id=\"f2dcdb8\" data-element_type=\"section\">\n\t\t\t\t\t\t<div class=\"elementor-container elementor-column-gap-default\">\n\t\t\t\t\t<div class=\"elementor-column elementor-col-100 elementor-top-column elementor-element elementor-element-40e50d9\" data-id=\"40e50d9\" data-element_type=\"column\">\n\t\t\t<div class=\"elementor-widget-wrap elementor-element-populated\">\n\t\t\t\t\t\t<div class=\"elementor-element elementor-element-a3fe242 elementor-tabs-view-horizontal elementor-widget elementor-widget-tabs\" data-id=\"a3fe242\" data-element_type=\"widget\" data-widget_type=\"tabs.default\">\n\t\t\t\t<div class=\"elementor-widget-container\">\n\t\t\t\t\t<div class=\"elementor-tabs\">\n\t\t\t<div class=\"elementor-tabs-wrapper\" role=\"tablist\" >\n\t\t\t\t\t\t\t\t\t<div id=\"elementor-tab-title-1711\" class=\"elementor-tab-title elementor-tab-desktop-title\" aria-selected=\"true\" data-tab=\"1\" role=\"tab\" tabindex=\"0\" aria-controls=\"elementor-tab-content-1711\" aria-expanded=\"false\">Dire\u00e7\u00e3o<\/div>\n\t\t\t\t\t\t\t\t\t<div id=\"elementor-tab-title-1712\" class=\"elementor-tab-title elementor-tab-desktop-title\" aria-selected=\"false\" data-tab=\"2\" role=\"tab\" tabindex=\"-1\" aria-controls=\"elementor-tab-content-1712\" aria-expanded=\"false\">\u00d3rg\u00e3os de Apoio<\/div>\n\t\t\t\t\t\t\t\t\t<div id=\"elementor-tab-title-1713\" class=\"elementor-tab-title elementor-tab-desktop-title\" aria-selected=\"false\" data-tab=\"3\" role=\"tab\" tabindex=\"-1\" aria-controls=\"elementor-tab-content-1713\" aria-expanded=\"false\">SIN I<\/div>\n\t\t\t\t\t\t\t\t\t<div id=\"elementor-tab-title-1714\" class=\"elementor-tab-title elementor-tab-desktop-title\" aria-selected=\"false\" data-tab=\"4\" role=\"tab\" tabindex=\"-1\" aria-controls=\"elementor-tab-content-1714\" aria-expanded=\"false\">SIN II<\/div>\n\t\t\t\t\t\t\t\t\t<div id=\"elementor-tab-title-1715\" class=\"elementor-tab-title elementor-tab-desktop-title\" aria-selected=\"false\" data-tab=\"5\" role=\"tab\" tabindex=\"-1\" aria-controls=\"elementor-tab-content-1715\" aria-expanded=\"false\">SIN III<\/div>\n\t\t\t\t\t\t\t\t\t<div id=\"elementor-tab-title-1716\" class=\"elementor-tab-title elementor-tab-desktop-title\" aria-selected=\"false\" data-tab=\"6\" role=\"tab\" tabindex=\"-1\" aria-controls=\"elementor-tab-content-1716\" aria-expanded=\"false\">SIPOG<\/div>\n\t\t\t\t\t\t\t\t\t<div id=\"elementor-tab-title-1717\" class=\"elementor-tab-title elementor-tab-desktop-title\" aria-selected=\"false\" data-tab=\"7\" role=\"tab\" tabindex=\"-1\" aria-controls=\"elementor-tab-content-1717\" aria-expanded=\"false\">\u00d3rg\u00e3os Suplementares<\/div>\n\t\t\t\t\t\t\t<\/div>\n\t\t\t<div class=\"elementor-tabs-content-wrapper\" role=\"tablist\" aria-orientation=\"vertical\">\n\t\t\t\t\t\t\t\t\t<div class=\"elementor-tab-title elementor-tab-mobile-title\" aria-selected=\"true\" data-tab=\"1\" role=\"tab\" tabindex=\"0\" aria-controls=\"elementor-tab-content-1711\" aria-expanded=\"false\">Dire\u00e7\u00e3o<\/div>\n\t\t\t\t\t<div id=\"elementor-tab-content-1711\" class=\"elementor-tab-content elementor-clearfix\" data-tab=\"1\" role=\"tabpanel\" aria-labelledby=\"elementor-tab-title-1711\" tabindex=\"0\" hidden=\"false\"><table style=\"border-collapse: collapse;width: 100%\">\n<tbody>\n<tr>\n<td style=\"width: 25%\"><strong>Nome<\/strong><\/td>\n<td style=\"width: 25%\"><strong>&nbsp;E-mail<\/strong><\/td>\n<td style=\"width: 25%\"><strong>&nbsp;Telefone<\/strong><\/td>\n<td style=\"width: 25%\"><strong>&nbsp;Localiza\u00e7\u00e3o<\/strong><\/td>\n<\/tr>\n<tr>\n<td style=\"width: 25%\">Dire\u00e7\u00e3o<\/td>\n<td style=\"width: 25%\"><a href=\"mailto:ctufsm@ufsm.br\">ctufsm@ufsm.br<\/a><\/td>\n<td style=\"width: 25%\">55 3220 8881&nbsp;<\/td>\n<td style=\"width: 25%\">Pr\u00e9dio 7, sala 120<\/td>\n<\/tr>\n<tr>\n<td style=\"width: 25%\" data-sheets-value=\"{\">Vice-dire\u00e7\u00e3o<\/td>\n<td style=\"width: 25%\" data-sheets-value=\"{\"><a class=\"in-cell-link\" href=\"mailto:ctufsm@ufsm.br\" target=\"_blank\" rel=\"noopener\">ctufsm@ufsm.br<\/a><\/td>\n<td style=\"width: 25%\">&nbsp;&#8211;<\/td>\n<td style=\"width: 25%\" data-sheets-value=\"{\">Pr\u00e9dio 7, sala 120<\/td>\n<\/tr>\n<tr>\n<td style=\"width: 25%\" data-sheets-value=\"{\">Secretaria<\/td>\n<td style=\"width: 25%\" data-sheets-value=\"{\"><a class=\"in-cell-link\" href=\"mailto:ctufsm@ufsm.br\" target=\"_blank\" rel=\"noopener\">ctufsm@ufsm.br<\/a><\/td>\n<td style=\"width: 25%\" data-sheets-value=\"{\">55 3220 8030<\/td>\n<td style=\"width: 25%\" data-sheets-value=\"{\">Pr\u00e9dio 7, sala 120<\/td>\n<\/tr>\n<tr>\n<td style=\"width: 25%\" data-sheets-value=\"{\">N\u00facleo de Gest\u00e3o Or\u00e7ament\u00e1ria (NOr\/CT)<\/td>\n<td style=\"width: 25%\" data-sheets-value=\"{\"><a class=\"in-cell-link\" href=\"mailto:financeiro.ct@ufsm.br\" target=\"_blank\" rel=\"noopener\">financeiro.ct@ufsm.br<\/a><\/td>\n<td style=\"width: 25%\" data-sheets-value=\"{\">55 3220 8369<\/td>\n<td style=\"width: 25%\" data-sheets-value=\"{\">Pr\u00e9dio 7, sala 120<\/td>\n<\/tr>\n<tr>\n<td style=\"width: 25%\" data-sheets-value=\"{\">Subdivis\u00e3o de Comunica\u00e7\u00e3o (COM\/CT)<\/td>\n<td style=\"width: 25%\" data-sheets-value=\"{\"><a class=\"in-cell-link\" href=\"mailto:ndict@ufsm.br\" target=\"_blank\" rel=\"noopener\">comunicacaoct@ufsm.br<\/a><\/td>\n<td style=\"width: 25%\" data-sheets-value=\"{\">&#8211;<\/td>\n<td style=\"width: 25%\" data-sheets-value=\"{\">Pr\u00e9dio 7, sala 113<\/td>\n<\/tr>\n<tr>\n<td style=\"width: 25%\" data-sheets-value=\"{\">N\u00facleo de Infraestrutura (INFRA\/CT)<\/td>\n<td style=\"width: 25%\" data-sheets-value=\"{\"><a class=\"in-cell-link\" href=\"mailto:infract@ufsm.br\" target=\"_blank\" rel=\"noopener\">infract@ufsm.br<\/a><\/td>\n<td style=\"width: 25%\" data-sheets-value=\"{\">55 3220 8245<\/td>\n<td style=\"width: 25%\" data-sheets-value=\"{\">Pr\u00e9dio 7, sala 140<\/td>\n<\/tr>\n<tr>\n<td style=\"width: 25%\" data-sheets-value=\"{\">Subdivis\u00e3o de Patrim\u00f4nio (PAT\/CT)<\/td>\n<td style=\"width: 25%\" data-sheets-value=\"{\"><a class=\"in-cell-link\" href=\"nupat-ct@ufsm.br\" target=\"_blank\" rel=\"noopener\">nupat-ct@ufsm.br<\/a><\/td>\n<td style=\"width: 25%\" data-sheets-value=\"{\">55 3220 6190<\/td>\n<td style=\"width: 25%\" data-sheets-value=\"{\">Pr\u00e9dio 7, sala 239<\/td>\n<\/tr>\n<tr>\n<td style=\"width: 25%\">Portaria<\/td>\n<td style=\"width: 25%\"><a href=\"mailto:portariact.7@gmail.com\">portariact.7@gmail.com<\/a><\/td>\n<td style=\"width: 25%\">55 3220 8244<\/td>\n<td style=\"width: 25%\">Pr\u00e9dio 7, hall<\/td>\n<\/tr>\n<\/tbody>\n<\/table><\/div>\n\t\t\t\t\t\t\t\t\t<div class=\"elementor-tab-title elementor-tab-mobile-title\" aria-selected=\"false\" data-tab=\"2\" role=\"tab\" tabindex=\"-1\" aria-controls=\"elementor-tab-content-1712\" aria-expanded=\"false\">\u00d3rg\u00e3os de Apoio<\/div>\n\t\t\t\t\t<div id=\"elementor-tab-content-1712\" class=\"elementor-tab-content elementor-clearfix\" data-tab=\"2\" role=\"tabpanel\" aria-labelledby=\"elementor-tab-title-1712\" tabindex=\"0\" hidden=\"hidden\"><table style=\"border-collapse: collapse;width: 90.106%\">\n<tbody>\n<tr>\n<td style=\"width: 25%\"><strong>Nome<\/strong><\/td>\n<td style=\"width: 25%\"><strong>&nbsp;E-mail<\/strong><\/td>\n<td style=\"width: 25%\"><strong>&nbsp;Telefone<\/strong><\/td>\n<td style=\"width: 25%\"><strong>&nbsp;Localiza\u00e7\u00e3o<\/strong><\/td>\n<\/tr>\n<tr>\n<td style=\"width: 25%\" data-sheets-value=\"{\">Subdivis\u00e3o de Projetos (SPROJ\/CT)<\/td>\n<td style=\"width: 25%\"><a href=\"mailto:gapct@ufsm.br\">projetos.ct@ufsm.br<\/a><\/td>\n<td style=\"width: 25%\" data-sheets-value=\"{\">55 3220 8436<\/td>\n<td style=\"width: 25%\" data-sheets-value=\"{\">Pr\u00e9dio 7, sala 112<\/td>\n<\/tr>\n<tr>\n<td style=\"width: 25%\" data-sheets-value=\"{\">Setor de Apoio Pedag\u00f3gico (SAP\/CT)<\/td>\n<td style=\"width: 25%\" data-sheets-value=\"{\"><a href=\"mailto:uapct@ufsm.br\" target=\"_blank\" rel=\"noopener\">sapct@ufsm.br<\/a><\/td>\n<td style=\"width: 25%\" data-sheets-value=\"{\">55 3220 9475<\/td>\n<td style=\"width: 25%\">&nbsp;Sala 136<\/td>\n<\/tr>\n<tr>\n<td style=\"width: 25%\" data-sheets-value=\"{\">Subdivis\u00e3o de Tecnologia de Informa\u00e7\u00e3o (TI\/CT)<\/td>\n<td style=\"width: 25%\" data-sheets-value=\"{\"><a href=\"mailto:utict@ufsm.br\" target=\"_blank\" rel=\"noopener\">utict@ufsm.br<\/a><\/td>\n<td style=\"width: 25%\" data-sheets-value=\"{\">&#8211;<\/td>\n<td style=\"width: 25%\" data-sheets-value=\"{\">Anexo A, sala 360<\/td>\n<\/tr>\n<tr>\n<td style=\"width: 25%\">Secretaria Integrada de Departamentos (SID\/CT)<\/td>\n<td style=\"width: 25%\"><a href=\"mailto:sid.ct@ufsm.br\">sid.ct@ufsm.br<\/a><\/td>\n<td style=\"width: 25%\">55 3220 8418<\/td>\n<td style=\"width: 25%\">Sala 119&nbsp;<\/td>\n<\/tr>\n<\/tbody>\n<\/table><\/div>\n\t\t\t\t\t\t\t\t\t<div class=\"elementor-tab-title elementor-tab-mobile-title\" aria-selected=\"false\" data-tab=\"3\" role=\"tab\" tabindex=\"-1\" aria-controls=\"elementor-tab-content-1713\" aria-expanded=\"false\">SIN I<\/div>\n\t\t\t\t\t<div id=\"elementor-tab-content-1713\" class=\"elementor-tab-content elementor-clearfix\" data-tab=\"3\" role=\"tabpanel\" aria-labelledby=\"elementor-tab-title-1713\" tabindex=\"0\" hidden=\"hidden\"><p><strong>Secretaria Integrada de Cursos de Gradua\u00e7\u00e3o I\u00a0<\/strong><\/p><p><strong>E-mail:<\/strong> <a href=\"mailto:integrada1ct@ufsm.br\">integrada1ct@ufsm.br<\/a> |\u00a0<strong>Localiza\u00e7\u00e3o:\u00a0<\/strong>Pr\u00e9dio 07, sala 141 | <strong>Telefone\/WhatsApp:<\/strong> +55 32208400 \/ 3220 8428<\/p><table style=\"border-collapse: collapse;width: 57.6604%;height: 168px\"><tbody><tr style=\"height: 24px\"><td style=\"width: 25%;height: 24px\"><strong>Cursos<\/strong><\/td><td style=\"width: 25%;height: 24px\"><strong>\u00a0E-mail<\/strong><\/td><\/tr><tr style=\"height: 48px\"><td style=\"width: 25%;height: 48px\" data-sheets-value=\"{\">Engenharia Civil\u00a0<\/td><td style=\"width: 25%;height: 48px\"><a href=\"mailto:engcivil@ufsm.br\">engcivil@ufsm.br<\/a><\/td><\/tr><tr style=\"height: 24px\"><td style=\"width: 25%;height: 24px\" data-sheets-value=\"{\">Engenharia El\u00e9trica<\/td><td style=\"width: 25%;height: 24px\" data-sheets-value=\"{\"><a href=\"mailto:coord.eng.eletrica@ufsm.br\">coord.eng.eletrica@ufsm.br<\/a><\/td><\/tr><tr style=\"height: 24px\"><td style=\"width: 25%;height: 24px\" data-sheets-value=\"{\">Engenharia Mec\u00e2nica<\/td><td style=\"width: 25%;height: 24px\" data-sheets-value=\"{\"><a href=\"mailto:mecanica@ufsm.br\">mecanica@ufsm.br<\/a><\/td><\/tr><tr style=\"height: 48px\"><td style=\"width: 25%;height: 48px\">Engenharia Qu\u00edmica<\/td><td style=\"width: 25%;height: 48px\"><a href=\"mailto:engenhariaquimica@ufsm.br\">engenhariaquimica@ufsm.br<\/a><\/td><\/tr><\/tbody><\/table><\/div>\n\t\t\t\t\t\t\t\t\t<div class=\"elementor-tab-title elementor-tab-mobile-title\" aria-selected=\"false\" data-tab=\"4\" role=\"tab\" tabindex=\"-1\" aria-controls=\"elementor-tab-content-1714\" aria-expanded=\"false\">SIN II<\/div>\n\t\t\t\t\t<div id=\"elementor-tab-content-1714\" class=\"elementor-tab-content elementor-clearfix\" data-tab=\"4\" role=\"tabpanel\" aria-labelledby=\"elementor-tab-title-1714\" tabindex=\"0\" hidden=\"hidden\"><p><strong>Secretaria Integrada de Cursos de Gradua\u00e7\u00e3o II<\/strong><\/p><p><strong>E-mail:<\/strong> <a href=\"mailto:integrada2ct@ufsm.br\" target=\"_blank\" rel=\"noopener\">integrada2ct@ufsm.br<\/a>\u00a0| <strong>Localiza\u00e7\u00e3o:\u00a0<\/strong>Pr\u00e9dio 07, Sala 107 | <strong>Telefone:<\/strong> +55 3220 8504 \/ 3220 9636<\/p><table style=\"border-collapse: collapse;width: 57.6604%;height: 168px\"><tbody><tr style=\"height: 24px\"><td style=\"width: 25%;height: 24px\"><strong>Cursos<\/strong><\/td><td style=\"width: 25%;height: 24px\"><strong>\u00a0E-mail<\/strong><\/td><\/tr><tr style=\"height: 48px\"><td style=\"width: 25%;height: 48px\" data-sheets-value=\"{\">Ci\u00eancia da Computa\u00e7\u00e3o<\/td><td style=\"width: 25%;height: 48px\"><a href=\"mailto:coord-bcc@inf.ufsm.br\">coord-bcc@inf.ufsm.br<\/a><\/td><\/tr><tr style=\"height: 24px\"><td style=\"width: 25%;height: 24px\" data-sheets-value=\"{\">Engenharia Ac\u00fastica<\/td><td style=\"width: 25%;height: 24px\" data-sheets-value=\"{\"><a href=\"mailto:secretaria@eac.ufsm.br\">secretaria@eac.ufsm.br<\/a><\/td><\/tr><tr style=\"height: 24px\"><td style=\"width: 25%;height: 24px\" data-sheets-value=\"{\">Engenharia de Computa\u00e7\u00e3o<\/td><td style=\"width: 25%;height: 24px\" data-sheets-value=\"{\"><a href=\"mailto:secretaria@ecomp.ufsm.br\">secretaria@ecomp.ufsm.br<\/a><\/td><\/tr><tr style=\"height: 24px\"><td style=\"width: 25%;height: 24px\" data-sheets-value=\"{\">Engenharia de Produ\u00e7\u00e3o<\/td><td style=\"width: 25%;height: 48px\"><a href=\"mailto:producao@ufsm.br\">producao@ufsm.br<\/a><\/td><\/tr><tr><td style=\"width: 25%\">Sistemas de Informa\u00e7\u00e3o<\/td><td style=\"width: 25%\"><a href=\"mailto:coord-bsi@inf.ufsm.br\">coord-bsi@inf.ufsm.br<\/a><\/td><\/tr><\/tbody><\/table><\/div>\n\t\t\t\t\t\t\t\t\t<div class=\"elementor-tab-title elementor-tab-mobile-title\" aria-selected=\"false\" data-tab=\"5\" role=\"tab\" tabindex=\"-1\" aria-controls=\"elementor-tab-content-1715\" aria-expanded=\"false\">SIN III<\/div>\n\t\t\t\t\t<div id=\"elementor-tab-content-1715\" class=\"elementor-tab-content elementor-clearfix\" data-tab=\"5\" role=\"tabpanel\" aria-labelledby=\"elementor-tab-title-1715\" tabindex=\"0\" hidden=\"hidden\"><p><strong>Secretaria Integrada de Cursos de Gradua\u00e7\u00e3o III<\/strong><\/p><p><strong>E-mail: <\/strong>integrada3ct@ufsm.br\u00a0| <strong>Localiza\u00e7\u00e3o:\u00a0<\/strong>Pr\u00e9dio 07, Sala 138 | <strong>Telefone:\u00a0<\/strong> +55 55 3220 8657<\/p><table style=\"border-collapse: collapse;width: 57.6604%;height: 168px\"><tbody><tr style=\"height: 24px\"><td style=\"width: 25%;height: 24px\"><strong>Cursos<\/strong><\/td><td style=\"width: 25%;height: 24px\"><strong>\u00a0E-mail<\/strong><\/td><\/tr><tr style=\"height: 48px\"><td style=\"width: 25%;height: 48px\" data-sheets-value=\"{\">Arquitetura e Urbanismo<\/td><td style=\"width: 25%;height: 48px\"><a href=\"mailto:cau.sm@ufsm.br\">cau.sm@ufsm.br<\/a><\/td><\/tr><tr style=\"height: 24px\"><td style=\"width: 25%;height: 24px\" data-sheets-value=\"{\">Engenharia Aeroespacial<\/td><td style=\"width: 25%;height: 24px\" data-sheets-value=\"{\"><a href=\"mailto:engaero@ufsm.br\">engaero@ufsm.br<\/a><\/td><\/tr><tr style=\"height: 24px\"><td style=\"width: 25%;height: 24px\" data-sheets-value=\"{\">Engenharia de Controle e Automa\u00e7\u00e3o<\/td><td style=\"width: 25%;height: 24px\" data-sheets-value=\"{\"><a href=\"mailto:ceca@ufsm.br\">ceca@ufsm.br<\/a><\/td><\/tr><tr style=\"height: 24px\"><td style=\"width: 25%;height: 24px\" data-sheets-value=\"{\">Engenharia Sanit\u00e1ria e Ambiental<\/td><td style=\"width: 25%;height: 48px\"><a href=\"mailto:cesa@ufsm.br\">cesa@ufsm.br<\/a><\/td><\/tr><tr><td style=\"width: 25%\">Engenharia de Telecomunica\u00e7\u00f5es<\/td><td style=\"width: 25%\"><a href=\"mailto:telecom@ufsm.br\">telecom@ufsm.br<\/a><\/td><\/tr><\/tbody><\/table><\/div>\n\t\t\t\t\t\t\t\t\t<div class=\"elementor-tab-title elementor-tab-mobile-title\" aria-selected=\"false\" data-tab=\"6\" role=\"tab\" tabindex=\"-1\" aria-controls=\"elementor-tab-content-1716\" aria-expanded=\"false\">SIPOG<\/div>\n\t\t\t\t\t<div id=\"elementor-tab-content-1716\" class=\"elementor-tab-content elementor-clearfix\" data-tab=\"6\" role=\"tabpanel\" aria-labelledby=\"elementor-tab-title-1716\" tabindex=\"0\" hidden=\"hidden\"><p><strong>Secretaria Integrada de P\u00f3s-Gradua\u00e7\u00e3o<\/strong><\/p><p><strong>E-mail: <\/strong><a href=\"mailto:sipog.ct@ufsm.br\">sipog.ct@ufsm.br<\/a> | <strong>Localiza\u00e7\u00e3o:\u00a0<\/strong>Pr\u00e9dio do INPE, sala 2060<\/p><table style=\"border-collapse: collapse;width: 100%\"><tbody><tr><td style=\"width: 50%\"><strong>Subdivis\u00e3o de P\u00f3s-Gradu\u00e7\u00e3o I<\/strong><\/td><td style=\"width: 25%\" colspan=\"2\"><a href=\"mailto:sipog.ct@ufsm.br\">sipog.ct@ufsm.br<\/a> | Pr\u00e9dio do INPE, sala 2060<\/td><\/tr><tr><td style=\"width: 50%\"><strong>PPGs<\/strong><\/td><td style=\"width: 25%\"><strong>E-mail<\/strong><\/td><td style=\"width: 25%\"><strong>Telefone<\/strong><\/td><\/tr><tr><td style=\"width: 50%\">Programa de P\u00f3s-Gradua\u00e7\u00e3o em Engenharia El\u00e9trica<\/td><td style=\"width: 25%\">ppgee@ufsm.br<\/td><td style=\"width: 25%\">55 3220 8344<\/td><\/tr><\/tbody><\/table><table style=\"border-collapse: collapse;width: 100%\"><tbody><tr><td style=\"width: 50%\"><strong>Subdivis\u00e3o de P\u00f3s-Gradua\u00e7\u00e3o II<\/strong><\/td><td style=\"width: 25%\" colspan=\"2\">Pr\u00e9dio do INPE, sala 2057<\/td><\/tr><tr><td style=\"width: 50%\"><strong>PPGs<\/strong><\/td><td style=\"width: 25%\"><strong>E-mail<\/strong><\/td><td style=\"width: 25%\"><strong>Telefone<\/strong><\/td><\/tr><tr><td style=\"width: 50%\">Programa de P\u00f3s-Gradua\u00e7\u00e3o em Engenharia Mec\u00e2nica<\/td><td style=\"width: 25%\"><a href=\"mailto:sipog.ct@ufsm.br\">pgmec@ufsm.br<\/a><\/td><td style=\"width: 25%\">55 3220 8619<\/td><\/tr><tr><td style=\"width: 50%\">Programade P\u00f3s-Gradua\u00e7\u00e3o em Engenharia de Produ\u00e7\u00e3o<\/td><td style=\"width: 25%\"><a href=\"mailto:ppgep@ufsm.br\">ppgep@ufsm.br<\/a><\/td><td style=\"width: 25%\">55 3220 8619<\/td><\/tr><\/tbody><\/table><table style=\"border-collapse: collapse;width: 100%;height: 108px\"><tbody><tr style=\"height: 12px\"><td style=\"width: 50%;height: 12px\"><strong>Subdivis\u00e3o de P\u00f3s-Gradua\u00e7\u00e3o III<\/strong><\/td><td style=\"width: 50%;height: 12px\" colspan=\"2\"><a href=\"mailto:sipog.ct@ufsm.br\">sp3.ct@ufsm.br<\/a> | Pr\u00e9dio do INPE, sala 2060 e 2061<\/td><\/tr><tr style=\"height: 24px\"><td style=\"width: 50%;height: 24px\"><strong>PPGs<\/strong><\/td><td style=\"width: 25%;height: 24px\"><strong>E-mail<\/strong><\/td><td style=\"width: 25%;height: 24px\"><strong>Telefone<\/strong><\/td><\/tr><tr style=\"height: 12px\"><td style=\"width: 50%;height: 39px\">Programa de P\u00f3s-Gradua\u00e7\u00e3o em Engenharia Civil e Ambiental<\/td><td style=\"width: 25%;height: 39px\"><a href=\"mailto:ppgec@ufsm.br\">ppgecam@ufsm.br<\/a><\/td><td style=\"width: 25%;height: 39px\">55 3220 8837<\/td><\/tr><tr style=\"height: 12px\"><td style=\"width: 50%;height: 33px\">Programa de P\u00f3s-Gradua\u00e7\u00e3o em Arquitetura, Urbanismo e Paisagismo<\/td><td style=\"width: 25%;height: 33px\"><a href=\"mailto:ppgaup@ufsm.br\">ppgaup@ufsm.br<\/a><\/td><td style=\"width: 25%;height: 33px\">55 3220 8837<\/td><\/tr><\/tbody><\/table><table style=\"border-collapse: collapse;width: 100%\"><tbody><tr><td style=\"width: 50%\"><strong>Subdivis\u00e3o de P\u00f3s-Gradua\u00e7\u00e3o IV<\/strong><\/td><td style=\"width: 50%\" colspan=\"2\">Pr\u00e9dio do INPE, sala 2058<\/td><\/tr><tr><td style=\"width: 50%\"><strong>PPGs<\/strong><\/td><td style=\"width: 25%\"><strong>E-mail<\/strong><\/td><td style=\"width: 25%\"><strong>Telefone<\/strong><\/td><\/tr><tr><td style=\"width: 50%\">Programa de P\u00f3s-Gradua\u00e7\u00e3o em Engenharia Qu\u00edmica<\/td><td style=\"width: 25%\"><a href=\"mailto:ppgeq@ufsm.br\">ppgeq@ufsm.br<\/a><\/td><td style=\"width: 25%\">55 3220 9536<\/td><\/tr><tr><td style=\"width: 50%\">Programa de P\u00f3s-Gradua\u00e7\u00e3o em Ci\u00eancia da Computa\u00e7\u00e3o<\/td><td style=\"width: 25%\"><a href=\"mailto:ppgcc@ufsm.br\">ppgcc@ufsm.br<\/a><\/td><td style=\"width: 25%\">55 3220 8413<\/td><\/tr><\/tbody><\/table><\/div>\n\t\t\t\t\t\t\t\t\t<div class=\"elementor-tab-title elementor-tab-mobile-title\" aria-selected=\"false\" data-tab=\"7\" role=\"tab\" tabindex=\"-1\" aria-controls=\"elementor-tab-content-1717\" aria-expanded=\"false\">\u00d3rg\u00e3os Suplementares<\/div>\n\t\t\t\t\t<div id=\"elementor-tab-content-1717\" class=\"elementor-tab-content elementor-clearfix\" data-tab=\"7\" role=\"tabpanel\" aria-labelledby=\"elementor-tab-title-1717\" tabindex=\"0\" hidden=\"hidden\"><table style=\"border-collapse: collapse;width: 90.106%;height: 168px\"><tbody><tr style=\"height: 24px\"><td style=\"width: 25%;height: 24px\"><strong>Nome<\/strong><\/td><td style=\"width: 25%;height: 24px\"><strong>\u00a0E-mail<\/strong><\/td><td style=\"width: 25%;height: 24px\"><strong>\u00a0Telefone<\/strong><\/td><td style=\"width: 25%;height: 24px\"><strong>\u00a0Localiza\u00e7\u00e3o<\/strong><\/td><\/tr><tr style=\"height: 72px\"><td style=\"width: 25%;height: 72px\" data-sheets-value=\"{\">Biblioteca Setorial (Biblio\/CT)<\/td><td style=\"width: 25%;height: 72px\"><a href=\"mailto:bibliotecasetorial.ct@ufsm.br\">bibliotecasetorial.ct@ufsm.br<\/a><\/td><td style=\"width: 25%;height: 72px\" data-sheets-value=\"{\">55 3220 8408<\/td><td style=\"width: 25%;height: 72px\" data-sheets-value=\"{\">Anexo C, t\u00e9rreo<\/td><\/tr><tr style=\"height: 24px\"><td style=\"width: 25%;height: 24px\" data-sheets-value=\"{\">Subdivis\u00e3o de Gest\u00e3o de Qualidade (SGLab)<\/td><td style=\"width: 25%;height: 24px\" data-sheets-value=\"{\"><a href=\"mailto:sglabct@ufsm.br\">sglabct@ufsm.br<\/a><\/td><td style=\"width: 25%;height: 24px\" data-sheets-value=\"{\">55 3220 8093<\/td><td style=\"width: 25%;height: 24px\">Pr\u00e9dio 7, sala 116<\/td><\/tr><tr><td style=\"width: 25%\">Instituto de Redes Inteligentes (INRI)<\/td><td style=\"width: 25%\"><a href=\"mailto:administrativo@inriufsm.com.br\">administrativo@inriufsm.com.br\u00a0<\/a><\/td><td style=\"width: 25%\">&#8211;\u00a0<\/td><td style=\"width: 25%\">Pr\u00e9dio 9E, anexo CT<\/td><\/tr><tr style=\"height: 24px\"><td style=\"width: 25%;height: 24px\" data-sheets-value=\"{\">Laborat\u00f3rio de Ci\u00eancias da Computa\u00e7\u00e3o (LCC)<\/td><td style=\"width: 25%;height: 24px\" data-sheets-value=\"{\"><a href=\"mailto:admrede@inf.ufsm.br\">admrede@inf.ufsm.br<\/a><\/td><td style=\"width: 25%;height: 24px\" data-sheets-value=\"{\">&#8211;<\/td><td style=\"width: 25%;height: 24px\" data-sheets-value=\"{\">Pr\u00e9dio 7, sala 336 A\u00a0<\/td><\/tr><tr style=\"height: 24px\"><td style=\"width: 25%;height: 24px\">Laborat\u00f3rio de Engenharia e Processos Qu\u00edmicos (NEQ)<\/td><td style=\"width: 25%;height: 24px\"><a href=\"mailto:neq@ufsm.br\">neq@ufsm.br<\/a><\/td><td style=\"width: 25%;height: 24px\">&#8211;<\/td><td style=\"width: 25%;height: 24px\">Anexo 9B do CT, Secretaria<\/td><\/tr><tr><td style=\"width: 25%\">Laborat\u00f3rio de Tecnologia Mec\u00e2nica e Aeroespacial (NUMAE)<\/td><td style=\"width: 25%\"><a href=\"mailto:numae@ufsm.br\" target=\"_blank\" rel=\"noopener\">numae@ufsm.br<\/a><\/td><td style=\"width: 25%\">55 32020-8251<\/td><td style=\"width: 25%\">Pr\u00e9dio 10, t\u00e9rreo, sala 401<\/td><\/tr><tr><td style=\"width: 25%\">Laborat\u00f3rio de El\u00e9trica e Eletr\u00f4nica (NUPEDEE)<\/td><td style=\"width: 25%\"><a href=\"mailto:nupedee@ufsm.br\">nupedee@ufsm.br<\/a><\/td><td style=\"width: 25%\">55 3220 8463<\/td><td style=\"width: 25%\">Pr\u00e9dio 10, sala 423<\/td><\/tr><tr><td style=\"width: 25%\">Laborat\u00f3rio de Materiais e Constru\u00e7\u00e3o Civil (LMCC)<\/td><td style=\"width: 25%\"><a href=\"mailto:lmcc.ufsm@gmail.com\">lmcc.ufsm@gmail.com<\/a><\/td><td style=\"width: 25%\">55 3220 8313<br \/>55 3220 8608<\/td><td style=\"width: 25%\">Pr\u00e9dio 10, sala 418<\/td><\/tr><tr><td style=\"width: 25%\">Laborat\u00f3rio de Engenharia e Meio Ambiente (LEMA)<\/td><td style=\"width: 25%\"><a href=\"mailto:lema@ufsm.br\">lema@ufsm.br<\/a><\/td><td style=\"width: 25%\">55 3220 8786<\/td><td style=\"width: 25%\">Pr\u00e9dio 10<\/td><\/tr><tr><td style=\"width: 25%\">Laborat\u00f3rio de Ci\u00eancias Espaciais (LACESM)<\/td><td style=\"width: 25%\">\u00a0<\/td><td style=\"width: 25%\">55 3220 8830<\/td><td style=\"width: 25%\">Pr\u00e9dio do INPE, sala 1000<\/td><\/tr><\/tbody><\/table><\/div>\n\t\t\t\t\t\t\t<\/div>\n\t\t<\/div>\n\t\t\t\t<\/div>\n\t\t\t\t<\/div>\n\t\t\t\t\t<\/div>\n\t\t<\/div>\n\t\t\t\t\t<\/div>\n\t\t<\/section>\n\t\t\t\t<\/div>\n\t\t","protected":false},"excerpt":{"rendered":"<p>Dire\u00e7\u00e3o \u00d3rg\u00e3os de Apoio SIN I SIN II SIN III SIPOG \u00d3rg\u00e3os Suplementares Dire\u00e7\u00e3o Nome &nbsp;E-mail &nbsp;Telefone &nbsp;Localiza\u00e7\u00e3o Dire\u00e7\u00e3o ctufsm@ufsm.br 55 3220 8881&nbsp; Pr\u00e9dio 7, sala 120 Vice-dire\u00e7\u00e3o ctufsm@ufsm.br &nbsp;&#8211; Pr\u00e9dio 7, sala 120 Secretaria ctufsm@ufsm.br 55 3220 8030 Pr\u00e9dio 7, sala 120 N\u00facleo de Gest\u00e3o Or\u00e7ament\u00e1ria (NOr\/CT) financeiro.ct@ufsm.br 55 3220 8369 Pr\u00e9dio 7, sala [&hellip;]<\/p>\n","protected":false},"author":46,"featured_media":0,"parent":0,"menu_order":0,"comment_status":"closed","ping_status":"closed","template":"","meta":{"footnotes":""},"categories":[],"tags":[],"class_list":["post-506","page","type-page","status-publish","hentry"],"acf":[],"_links":{"self":[{"href":"https:\/\/www.ufsm.br\/unidades-universitarias\/ct\/wp-json\/wp\/v2\/pages\/506","targetHints":{"allow":["GET"]}}],"collection":[{"href":"https:\/\/www.ufsm.br\/unidades-universitarias\/ct\/wp-json\/wp\/v2\/pages"}],"about":[{"href":"https:\/\/www.ufsm.br\/unidades-universitarias\/ct\/wp-json\/wp\/v2\/types\/page"}],"author":[{"embeddable":true,"href":"https:\/\/www.ufsm.br\/unidades-universitarias\/ct\/wp-json\/wp\/v2\/users\/46"}],"replies":[{"embeddable":true,"href":"https:\/\/www.ufsm.br\/unidades-universitarias\/ct\/wp-json\/wp\/v2\/comments?post=506"}],"version-history":[{"count":0,"href":"https:\/\/www.ufsm.br\/unidades-universitarias\/ct\/wp-json\/wp\/v2\/pages\/506\/revisions"}],"wp:attachment":[{"href":"https:\/\/www.ufsm.br\/unidades-universitarias\/ct\/wp-json\/wp\/v2\/media?parent=506"}],"wp:term":[{"taxonomy":"category","embeddable":true,"href":"https:\/\/www.ufsm.br\/unidades-universitarias\/ct\/wp-json\/wp\/v2\/categories?post=506"},{"taxonomy":"post_tag","embeddable":true,"href":"https:\/\/www.ufsm.br\/unidades-universitarias\/ct\/wp-json\/wp\/v2\/tags?post=506"}],"curies":[{"name":"wp","href":"https:\/\/api.w.org\/{rel}","templated":true}]}}