{"id":550,"date":"2018-08-27T17:01:24","date_gmt":"2018-08-27T20:01:24","guid":{"rendered":"https:\/\/www.ufsm.br\/unidades-universitarias\/ct\/?page_id=550"},"modified":"2024-07-05T09:17:49","modified_gmt":"2024-07-05T12:17:49","slug":"ingresso","status":"publish","type":"page","link":"https:\/\/www.ufsm.br\/unidades-universitarias\/ct\/ingresso","title":{"rendered":"Ingresso"},"content":{"rendered":"<p>A Universidade Federal de Santa Maria possui quatro campi que ofertam cursos de gradua\u00e7\u00e3o, p\u00f3s-gradua\u00e7\u00e3o, t\u00e9cnicos e b\u00e1sico: em Santa Maria, Frederico Westphalen, Palmeira das Miss\u00f5es e Cachoeira do Sul.<\/p>\n<p>\u00c9 considerada a 2\u00aa melhor universidade p\u00fablica do Rio Grande do Sul e est\u00e1 entre as 15 melhores universidades do Brasil pelo \u00cdndice Geral de Cursos de 2022 (IGC\/Inep\/MEC). De acordo com o Ranking Mundial de Universidades do Times Higher Education, a UFSM \u00e9 a 2\u00aa melhor universidade do Brasil em sustentabilidade.<\/p>\n<p>Mais informa\u00e7\u00f5es sobre como estudar na UFSM, <a href=\"https:\/\/www.ufsm.br\/estude-na-ufsm\/\">clique aqui<\/a>.<\/p>\n<p>Mais informa\u00e7\u00f5es sobre como trabalhar na UFSM, <a href=\"https:\/\/www.ufsm.br\/trabalhe-na-ufsm\">clique aqui<\/a>.<\/p>\n<p><em>According to the Times Higher Education World University Ranking 2024, UFSM ranks 12th among the best universities in Brazil.<br \/>\n<\/em><em>Do you want to join UFSM as a student, professor, staff or researcher? <a href=\"https:\/\/www.ufsm.br\/global\">Click here to know how<\/a>.<\/em><\/p>\n","protected":false},"excerpt":{"rendered":"<p>A Universidade Federal de Santa Maria possui quatro campi que ofertam cursos de gradua\u00e7\u00e3o, p\u00f3s-gradua\u00e7\u00e3o, t\u00e9cnicos e b\u00e1sico: em Santa Maria, Frederico Westphalen, Palmeira das Miss\u00f5es e Cachoeira do Sul. \u00c9 considerada a 2\u00aa melhor universidade p\u00fablica do Rio Grande do Sul e est\u00e1 entre as 15 melhores universidades do Brasil pelo \u00cdndice Geral de [&hellip;]<\/p>\n","protected":false},"author":115,"featured_media":0,"parent":0,"menu_order":0,"comment_status":"closed","ping_status":"closed","template":"","meta":{"footnotes":""},"categories":[],"tags":[],"class_list":["post-550","page","type-page","status-publish","hentry"],"acf":[],"_links":{"self":[{"href":"https:\/\/www.ufsm.br\/unidades-universitarias\/ct\/wp-json\/wp\/v2\/pages\/550","targetHints":{"allow":["GET"]}}],"collection":[{"href":"https:\/\/www.ufsm.br\/unidades-universitarias\/ct\/wp-json\/wp\/v2\/pages"}],"about":[{"href":"https:\/\/www.ufsm.br\/unidades-universitarias\/ct\/wp-json\/wp\/v2\/types\/page"}],"author":[{"embeddable":true,"href":"https:\/\/www.ufsm.br\/unidades-universitarias\/ct\/wp-json\/wp\/v2\/users\/115"}],"replies":[{"embeddable":true,"href":"https:\/\/www.ufsm.br\/unidades-universitarias\/ct\/wp-json\/wp\/v2\/comments?post=550"}],"version-history":[{"count":0,"href":"https:\/\/www.ufsm.br\/unidades-universitarias\/ct\/wp-json\/wp\/v2\/pages\/550\/revisions"}],"wp:attachment":[{"href":"https:\/\/www.ufsm.br\/unidades-universitarias\/ct\/wp-json\/wp\/v2\/media?parent=550"}],"wp:term":[{"taxonomy":"category","embeddable":true,"href":"https:\/\/www.ufsm.br\/unidades-universitarias\/ct\/wp-json\/wp\/v2\/categories?post=550"},{"taxonomy":"post_tag","embeddable":true,"href":"https:\/\/www.ufsm.br\/unidades-universitarias\/ct\/wp-json\/wp\/v2\/tags?post=550"}],"curies":[{"name":"wp","href":"https:\/\/api.w.org\/{rel}","templated":true}]}}