{"id":5837,"date":"2024-11-11T10:09:44","date_gmt":"2024-11-11T13:09:44","guid":{"rendered":"https:\/\/www.ufsm.br\/unidades-universitarias\/ct\/?page_id=5837"},"modified":"2024-11-11T10:09:45","modified_gmt":"2024-11-11T13:09:45","slug":"cointer-e-codinter-ct-2","status":"publish","type":"page","link":"https:\/\/www.ufsm.br\/unidades-universitarias\/ct\/cointer-e-codinter-ct-2","title":{"rendered":"COINTER E CODINTER -CT"},"content":{"rendered":"\n<h2 class=\"wp-block-heading\"><strong>CoInter<\/strong><\/h2>\n\n\n\n<p>O Comit\u00ea de Internacionaliza\u00e7\u00e3o (CoInter) \u00e9 um \u00f3rg\u00e3o colegiado vinculado \u00e0 Secretaria de Apoio Internacional (SAI), criado atrav\u00e9s da Resolu\u00e7\u00e3o UFSM n. 129\/2023. O CoInter tem por compet\u00eancia: auxiliar na elabora\u00e7\u00e3o da pol\u00edtica institucional de internacionaliza\u00e7\u00e3o da UFSM; auxiliar na defini\u00e7\u00e3o de pol\u00edtica institucional lingu\u00edstica da UFSM; auxiliar no reconhecimento de diplomas emitidos no exterior; propor a\u00e7\u00f5es para o desenvolvimento de conscientiza\u00e7\u00e3o e habilidades internacionais da comunidade acad\u00eamica da UFSM e receber, analisar e destinar as propostas de internacionaliza\u00e7\u00e3o espec\u00edficas dos Comit\u00eas Descentralizados de Internacionaliza\u00e7\u00e3o.<\/p>\n\n\n\n<h2 class=\"wp-block-heading\"><strong>CodInter<\/strong><\/h2>\n\n\n\n<p>Os Comit\u00eas Descentralizados de Internacionaliza\u00e7\u00e3o (CoDInter) s\u00e3o org\u00e3os colegiados vinculados \u00e0s Unidades de Ensino, criados atrav\u00e9s da Resolu\u00e7\u00e3o UFSM n. 129\/2023. Estes Comit\u00eas tem por compet\u00eancia: acompanhar a implementa\u00e7\u00e3o de a\u00e7\u00f5es de internacionaliza\u00e7\u00e3o nas unidades de ensino; acompanhar a implementa\u00e7\u00e3o da pol\u00edtica institucional de internacionaliza\u00e7\u00e3o da UFSM nas unidades; coletar as demandas das unidades relativos \u00e0 internacionaliza\u00e7\u00e3o para informar o Comit\u00ea de Internacionaliza\u00e7\u00e3o; coletar as propostas de internacionaliza\u00e7\u00e3o espec\u00edficas de cada unidade de ensino e acompanhar a implementa\u00e7\u00e3o da pol\u00edtica institucional lingu\u00edstica da UFSM nas unidades.<\/p>\n\n\n\n<p><em>Fonte: P\u00e1gina SAI\/UFSM<\/em><\/p>\n\n\n\n<p><em>Portaria de designa\u00e7\u00e3o COINTER-CT:<\/em>    <\/p>\n\n\n\n<p><a href=\"https:\/\/drive.google.com\/file\/d\/1-As0zKCox6ULqFCY0MIn0K5BIueSIm3t\/view?usp=drive_link\" data-type=\"link\" data-id=\"https:\/\/drive.google.com\/file\/d\/1-As0zKCox6ULqFCY0MIn0K5BIueSIm3t\/view?usp=drive_link\">PORT_ PES_UFSM_3090_2023<\/a><\/p>\n<p><a href=\"https:\/\/drive.google.com\/file\/d\/1-57UhyEb5jviAX73uEvlXzgCg-dLn13x\/view?usp=drive_link\">APOST_PES_UFSM_3090_2023_2<\/a><\/p>\n\n\n\n<p><em>Portaria de designa\u00e7\u00e3o CODINTER -CT:<\/em><\/p>\n\n\n\n<p><a href=\"https:\/\/drive.google.com\/file\/d\/1oKYhGFmWz2i1uM5DT3yd-6d0kKIIMpS5\/view?usp=drive_link\" data-type=\"link\" data-id=\"https:\/\/drive.google.com\/file\/d\/1oKYhGFmWz2i1uM5DT3yd-6d0kKIIMpS5\/view?usp=drive_link\">PORT_PES_CT_2023_165<\/a><\/p>\n\n\n\n<p><a href=\"https:\/\/drive.google.com\/file\/d\/1rDp7toYGAOoyFAi8PUHN6S3QLU1Yn18i\/view?usp=drive_link\" data-type=\"link\" data-id=\"https:\/\/drive.google.com\/file\/d\/1rDp7toYGAOoyFAi8PUHN6S3QLU1Yn18i\/view?usp=drive_link\">APOST_CT_2023_165_01<\/a><\/p>\n\n\n\n\n\n\n\n\n","protected":false},"excerpt":{"rendered":"<p>CoInter O Comit\u00ea de Internacionaliza\u00e7\u00e3o (CoInter) \u00e9 um \u00f3rg\u00e3o colegiado vinculado \u00e0 Secretaria de Apoio Internacional (SAI), criado atrav\u00e9s da Resolu\u00e7\u00e3o UFSM n. 129\/2023. O CoInter tem por compet\u00eancia: auxiliar na elabora\u00e7\u00e3o da pol\u00edtica institucional de internacionaliza\u00e7\u00e3o da UFSM; auxiliar na defini\u00e7\u00e3o de pol\u00edtica institucional lingu\u00edstica da UFSM; auxiliar no reconhecimento de diplomas emitidos no [&hellip;]<\/p>\n","protected":false},"author":4832,"featured_media":0,"parent":0,"menu_order":0,"comment_status":"closed","ping_status":"closed","template":"","meta":{"footnotes":""},"categories":[],"tags":[],"class_list":["post-5837","page","type-page","status-publish","hentry"],"acf":[],"_links":{"self":[{"href":"https:\/\/www.ufsm.br\/unidades-universitarias\/ct\/wp-json\/wp\/v2\/pages\/5837","targetHints":{"allow":["GET"]}}],"collection":[{"href":"https:\/\/www.ufsm.br\/unidades-universitarias\/ct\/wp-json\/wp\/v2\/pages"}],"about":[{"href":"https:\/\/www.ufsm.br\/unidades-universitarias\/ct\/wp-json\/wp\/v2\/types\/page"}],"author":[{"embeddable":true,"href":"https:\/\/www.ufsm.br\/unidades-universitarias\/ct\/wp-json\/wp\/v2\/users\/4832"}],"replies":[{"embeddable":true,"href":"https:\/\/www.ufsm.br\/unidades-universitarias\/ct\/wp-json\/wp\/v2\/comments?post=5837"}],"version-history":[{"count":0,"href":"https:\/\/www.ufsm.br\/unidades-universitarias\/ct\/wp-json\/wp\/v2\/pages\/5837\/revisions"}],"wp:attachment":[{"href":"https:\/\/www.ufsm.br\/unidades-universitarias\/ct\/wp-json\/wp\/v2\/media?parent=5837"}],"wp:term":[{"taxonomy":"category","embeddable":true,"href":"https:\/\/www.ufsm.br\/unidades-universitarias\/ct\/wp-json\/wp\/v2\/categories?post=5837"},{"taxonomy":"post_tag","embeddable":true,"href":"https:\/\/www.ufsm.br\/unidades-universitarias\/ct\/wp-json\/wp\/v2\/tags?post=5837"}],"curies":[{"name":"wp","href":"https:\/\/api.w.org\/{rel}","templated":true}]}}