{"id":5838,"date":"2024-11-11T11:51:47","date_gmt":"2024-11-11T14:51:47","guid":{"rendered":"https:\/\/www.ufsm.br\/unidades-universitarias\/ct\/?page_id=5838"},"modified":"2024-11-12T09:40:41","modified_gmt":"2024-11-12T12:40:41","slug":"idiomas","status":"publish","type":"page","link":"https:\/\/www.ufsm.br\/unidades-universitarias\/ct\/idiomas","title":{"rendered":"IDIOMAS"},"content":{"rendered":"\t\t<div data-elementor-type=\"wp-page\" data-elementor-id=\"5838\" class=\"elementor elementor-5838\">\n\t\t\t\t\t\t<section class=\"elementor-section elementor-top-section elementor-element elementor-element-b330c6f elementor-section-boxed elementor-section-height-default elementor-section-height-default\" data-id=\"b330c6f\" data-element_type=\"section\">\n\t\t\t\t\t\t<div class=\"elementor-container elementor-column-gap-default\">\n\t\t\t\t\t<div class=\"elementor-column elementor-col-100 elementor-top-column elementor-element elementor-element-1fff8a8\" data-id=\"1fff8a8\" data-element_type=\"column\">\n\t\t\t<div class=\"elementor-widget-wrap elementor-element-populated\">\n\t\t\t\t\t\t<div class=\"elementor-element elementor-element-5b6aa70 elementor-widget elementor-widget-text-editor\" data-id=\"5b6aa70\" data-element_type=\"widget\" data-widget_type=\"text-editor.default\">\n\t\t\t\t<div class=\"elementor-widget-container\">\n\t\t\t\t\t\t\t<p>O Centro de Tecnologia oferece cursos de Ingl\u00eas para servidores TAES e Docentes, bem como de Franc\u00eas para a comunidade acad\u00eamica, atrav\u00e9s de cursos espec\u00edficos da Rede Idiomas sem Fronteiras. Ademais, divulga todas as oportunidades do LINC, LABLER, os cursos de Chin\u00eas, bem como todas as ofertas do Idiomas sem Fronteiras.\u00a0<\/p>\n<p><strong>Como se candidatar:<\/strong> Acompanhe a divulga\u00e7\u00e3o em nossas redes sociais e siga as instru\u00e7\u00f5es de candidatura aos cursos nos editais vinculados.<\/p>\t\t\t\t\t\t<\/div>\n\t\t\t\t<\/div>\n\t\t\t\t\t<\/div>\n\t\t<\/div>\n\t\t\t\t\t<\/div>\n\t\t<\/section>\n\t\t\t\t<section class=\"elementor-section elementor-top-section elementor-element elementor-element-5ef0624 elementor-section-boxed elementor-section-height-default elementor-section-height-default\" data-id=\"5ef0624\" data-element_type=\"section\">\n\t\t\t\t\t\t<div class=\"elementor-container elementor-column-gap-default\">\n\t\t\t\t\t<div class=\"elementor-column elementor-col-25 elementor-top-column elementor-element elementor-element-f1534ba\" data-id=\"f1534ba\" data-element_type=\"column\">\n\t\t\t<div class=\"elementor-widget-wrap elementor-element-populated\">\n\t\t\t\t\t\t<div class=\"elementor-element elementor-element-b45a58d elementor-widget elementor-widget-image\" data-id=\"b45a58d\" data-element_type=\"widget\" data-widget_type=\"image.default\">\n\t\t\t\t<div class=\"elementor-widget-container\">\n\t\t\t\t\t\t\t\t\t\t\t\t\t<img fetchpriority=\"high\" decoding=\"async\" width=\"307\" height=\"228\" src=\"https:\/\/www.ufsm.br\/app\/uploads\/sites\/375\/2024\/11\/idiomas-sem-fronteiras.jpg\" class=\"attachment-large size-large wp-image-5845\" alt=\"\" srcset=\"https:\/\/www.ufsm.br\/app\/uploads\/sites\/375\/2024\/11\/idiomas-sem-fronteiras.jpg 307w, https:\/\/www.ufsm.br\/app\/uploads\/sites\/375\/2024\/11\/idiomas-sem-fronteiras-300x223.jpg 300w\" sizes=\"(max-width: 307px) 100vw, 307px\" \/>\t\t\t\t\t\t\t\t\t\t\t\t\t<\/div>\n\t\t\t\t<\/div>\n\t\t\t\t\t<\/div>\n\t\t<\/div>\n\t\t\t\t<div class=\"elementor-column elementor-col-25 elementor-top-column elementor-element elementor-element-67f8689\" data-id=\"67f8689\" data-element_type=\"column\">\n\t\t\t<div class=\"elementor-widget-wrap elementor-element-populated\">\n\t\t\t\t\t\t<div class=\"elementor-element elementor-element-ad47ada elementor-widget elementor-widget-image\" data-id=\"ad47ada\" data-element_type=\"widget\" data-widget_type=\"image.default\">\n\t\t\t\t<div class=\"elementor-widget-container\">\n\t\t\t\t\t\t\t\t\t\t\t\t\t<img decoding=\"async\" width=\"225\" height=\"225\" src=\"https:\/\/www.ufsm.br\/app\/uploads\/sites\/375\/2024\/11\/chines.jpg\" class=\"attachment-large size-large wp-image-5844\" alt=\"\" srcset=\"https:\/\/www.ufsm.br\/app\/uploads\/sites\/375\/2024\/11\/chines.jpg 225w, https:\/\/www.ufsm.br\/app\/uploads\/sites\/375\/2024\/11\/chines-150x150.jpg 150w\" sizes=\"(max-width: 225px) 100vw, 225px\" \/>\t\t\t\t\t\t\t\t\t\t\t\t\t<\/div>\n\t\t\t\t<\/div>\n\t\t\t\t\t<\/div>\n\t\t<\/div>\n\t\t\t\t<div class=\"elementor-column elementor-col-25 elementor-top-column elementor-element elementor-element-25c8cc7\" data-id=\"25c8cc7\" data-element_type=\"column\">\n\t\t\t<div class=\"elementor-widget-wrap elementor-element-populated\">\n\t\t\t\t\t\t<div class=\"elementor-element elementor-element-694f444 elementor-widget elementor-widget-image\" data-id=\"694f444\" data-element_type=\"widget\" data-widget_type=\"image.default\">\n\t\t\t\t<div class=\"elementor-widget-container\">\n\t\t\t\t\t\t\t\t\t\t\t\t\t<img decoding=\"async\" width=\"263\" height=\"192\" src=\"https:\/\/www.ufsm.br\/app\/uploads\/sites\/375\/2024\/11\/labler.jpg\" class=\"attachment-large size-large wp-image-5846\" alt=\"\" \/>\t\t\t\t\t\t\t\t\t\t\t\t\t<\/div>\n\t\t\t\t<\/div>\n\t\t\t\t\t<\/div>\n\t\t<\/div>\n\t\t\t\t<div class=\"elementor-column elementor-col-25 elementor-top-column elementor-element elementor-element-66d7c6a\" data-id=\"66d7c6a\" data-element_type=\"column\">\n\t\t\t<div class=\"elementor-widget-wrap elementor-element-populated\">\n\t\t\t\t\t\t<div class=\"elementor-element elementor-element-44e3c42 elementor-widget elementor-widget-image\" data-id=\"44e3c42\" data-element_type=\"widget\" data-widget_type=\"image.default\">\n\t\t\t\t<div class=\"elementor-widget-container\">\n\t\t\t\t\t\t\t\t\t\t\t\t\t<img loading=\"lazy\" decoding=\"async\" width=\"249\" height=\"203\" src=\"https:\/\/www.ufsm.br\/app\/uploads\/sites\/375\/2024\/11\/linc.jpg\" class=\"attachment-large size-large wp-image-5843\" alt=\"\" \/>\t\t\t\t\t\t\t\t\t\t\t\t\t<\/div>\n\t\t\t\t<\/div>\n\t\t\t\t\t<\/div>\n\t\t<\/div>\n\t\t\t\t\t<\/div>\n\t\t<\/section>\n\t\t\t\t<\/div>\n\t\t","protected":false},"excerpt":{"rendered":"<p>O Centro de Tecnologia oferece cursos de Ingl\u00eas para servidores TAES e Docentes, bem como de Franc\u00eas para a comunidade acad\u00eamica, atrav\u00e9s de cursos espec\u00edficos da Rede Idiomas sem Fronteiras. Ademais, divulga todas as oportunidades do LINC, LABLER, os cursos de Chin\u00eas, bem como todas as ofertas do Idiomas sem Fronteiras.\u00a0 Como se candidatar: Acompanhe [&hellip;]<\/p>\n","protected":false},"author":4832,"featured_media":0,"parent":0,"menu_order":0,"comment_status":"closed","ping_status":"closed","template":"","meta":{"footnotes":""},"categories":[],"tags":[207],"class_list":["post-5838","page","type-page","status-publish","hentry","tag-internacionalizacao"],"acf":[],"_links":{"self":[{"href":"https:\/\/www.ufsm.br\/unidades-universitarias\/ct\/wp-json\/wp\/v2\/pages\/5838","targetHints":{"allow":["GET"]}}],"collection":[{"href":"https:\/\/www.ufsm.br\/unidades-universitarias\/ct\/wp-json\/wp\/v2\/pages"}],"about":[{"href":"https:\/\/www.ufsm.br\/unidades-universitarias\/ct\/wp-json\/wp\/v2\/types\/page"}],"author":[{"embeddable":true,"href":"https:\/\/www.ufsm.br\/unidades-universitarias\/ct\/wp-json\/wp\/v2\/users\/4832"}],"replies":[{"embeddable":true,"href":"https:\/\/www.ufsm.br\/unidades-universitarias\/ct\/wp-json\/wp\/v2\/comments?post=5838"}],"version-history":[{"count":0,"href":"https:\/\/www.ufsm.br\/unidades-universitarias\/ct\/wp-json\/wp\/v2\/pages\/5838\/revisions"}],"wp:attachment":[{"href":"https:\/\/www.ufsm.br\/unidades-universitarias\/ct\/wp-json\/wp\/v2\/media?parent=5838"}],"wp:term":[{"taxonomy":"category","embeddable":true,"href":"https:\/\/www.ufsm.br\/unidades-universitarias\/ct\/wp-json\/wp\/v2\/categories?post=5838"},{"taxonomy":"post_tag","embeddable":true,"href":"https:\/\/www.ufsm.br\/unidades-universitarias\/ct\/wp-json\/wp\/v2\/tags?post=5838"}],"curies":[{"name":"wp","href":"https:\/\/api.w.org\/{rel}","templated":true}]}}