{"id":5890,"date":"2024-11-19T11:04:50","date_gmt":"2024-11-19T14:04:50","guid":{"rendered":"https:\/\/www.ufsm.br\/unidades-universitarias\/ct\/?page_id=5890"},"modified":"2024-11-21T17:04:10","modified_gmt":"2024-11-21T20:04:10","slug":"acordos-de-cooperacao-internacional","status":"publish","type":"page","link":"https:\/\/www.ufsm.br\/unidades-universitarias\/ct\/acordos-de-cooperacao-internacional","title":{"rendered":"Acordos de Coopera\u00e7\u00e3o Internacional"},"content":{"rendered":"\t\t<div data-elementor-type=\"wp-page\" data-elementor-id=\"5890\" class=\"elementor elementor-5890\">\n\t\t\t\t\t\t<section class=\"elementor-section elementor-top-section elementor-element elementor-element-2241b90 elementor-section-boxed elementor-section-height-default elementor-section-height-default\" data-id=\"2241b90\" data-element_type=\"section\">\n\t\t\t\t\t\t<div class=\"elementor-container elementor-column-gap-default\">\n\t\t\t\t\t<div class=\"elementor-column elementor-col-100 elementor-top-column elementor-element elementor-element-d64bc37\" data-id=\"d64bc37\" data-element_type=\"column\">\n\t\t\t<div class=\"elementor-widget-wrap elementor-element-populated\">\n\t\t\t\t\t\t<div class=\"elementor-element elementor-element-5dccc6f elementor-widget elementor-widget-text-editor\" data-id=\"5dccc6f\" data-element_type=\"widget\" data-widget_type=\"text-editor.default\">\n\t\t\t\t<div class=\"elementor-widget-container\">\n\t\t\t\t\t\t\t<p>S\u00e3o acordos de coopera\u00e7\u00e3o t\u00e9cnico-cient\u00edfica e cultural firmados entre a Universidade e as institui\u00e7\u00f5es dos pa\u00edses conveniados, visando o interc\u00e2mbio de recursos humanos para o desenvolvimento das atividades de ensino, tanto de gradua\u00e7\u00e3o como de p\u00f3s-gradua\u00e7\u00e3o. A coopera\u00e7\u00e3o compreender\u00e1 a transfer\u00eancia de conhecimentos e experi\u00eancias e\/ou qualquer outra atividade de interesse comum nos campos de ensino, da pesquisa, da extens\u00e3o, da administra\u00e7\u00e3o universit\u00e1ria e da capacita\u00e7\u00e3o de pessoal, envolvendo docentes, t\u00e9cnico-administrativos, alunos de gradua\u00e7\u00e3o e de p\u00f3s-gradua\u00e7\u00e3o.<\/p><p>Para a formaliza\u00e7\u00e3o de Acordos com institui\u00e7\u00f5es de ensino, pesquisa e\/ou extens\u00e3o situados no exterior sem representa\u00e7\u00e3o no Brasil, utiliza-se o tipo processual Acordo de Coopera\u00e7\u00e3o Internacional, tendo a participa\u00e7\u00e3o da Secretaria de Assuntos Internacionais (SAI).<\/p>\t\t\t\t\t\t<\/div>\n\t\t\t\t<\/div>\n\t\t\t\t\t<\/div>\n\t\t<\/div>\n\t\t\t\t\t<\/div>\n\t\t<\/section>\n\t\t\t\t<section class=\"elementor-section elementor-top-section elementor-element elementor-element-907b020 elementor-section-boxed elementor-section-height-default elementor-section-height-default\" data-id=\"907b020\" data-element_type=\"section\">\n\t\t\t\t\t\t<div class=\"elementor-container elementor-column-gap-default\">\n\t\t\t\t\t<div class=\"elementor-column elementor-col-100 elementor-top-column elementor-element elementor-element-a84e7c9\" data-id=\"a84e7c9\" data-element_type=\"column\">\n\t\t\t<div class=\"elementor-widget-wrap elementor-element-populated\">\n\t\t\t\t\t\t<div class=\"elementor-element elementor-element-53f2a71 elementor-widget elementor-widget-text-editor\" data-id=\"53f2a71\" data-element_type=\"widget\" data-widget_type=\"text-editor.default\">\n\t\t\t\t<div class=\"elementor-widget-container\">\n\t\t\t\t\t\t\t<p><u>&nbsp; <b>Documentos importantes:<\/b><\/u><\/p>\n<ul>\n<li>&nbsp;<a href=\"https:\/\/drive.google.com\/file\/d\/1Nuirg_ulD8voywRvS3IJ-lAydGMiibfE\/view?usp=drive_link\">Resolu\u00e7\u00e3o UFSM N\u00ba135&nbsp;<\/a><\/li>\n<li><a href=\"https:\/\/drive.google.com\/file\/d\/1-N5mBZ_QsrjLfABD8Xp7xqPVLywdjD4y\/view?usp=drive_link\">Plano de Trabalho<\/a>&nbsp;<\/li>\n<li><a href=\"https:\/\/docs.google.com\/document\/d\/1-c5Lv5DvvkYx1EQx2OS2-7vAv1xFPRlM\/edit?usp=drive_link&amp;ouid=114458195679351900470&amp;rtpof=true&amp;sd=true\">M<\/a><a href=\"https:\/\/docs.google.com\/document\/d\/1-c5Lv5DvvkYx1EQx2OS2-7vAv1xFPRlM\/edit?usp=drive_link&amp;ouid=114458195679351900470&amp;rtpof=true&amp;sd=true\" target=\"_blank\" rel=\"noopener\">inuta de Acordo de Coopera\u00e7\u00e3o T\u00e9cnica&nbsp;v. Portugu\u00eas<\/a><\/li>\n<li><a href=\"https:\/\/docs.google.com\/document\/d\/1-XrwjDyevyqIThSx2wLyVTMN3c0BGup9\/edit?usp=drive_link&amp;ouid=114458195679351900470&amp;rtpof=true&amp;sd=true\">Minuta de Acordo de Coopera\u00e7\u00e3o Internacional&nbsp; v. Portugu\u00eas \/ Alem\u00e3o<\/a><\/li>\n<li><a href=\"https:\/\/docs.google.com\/document\/d\/1-OmB5L0PIFxDOKyi8dEYYVrpe6gr1kZx\/edit?usp=drive_link&amp;ouid=114458195679351900470&amp;rtpof=true&amp;sd=true\" target=\"_blank\" rel=\"noopener\">Minuta de Acordo de Coopera\u00e7\u00e3o Internacional v. Portugu\u00eas\/ Ingl\u00eas&nbsp;<\/a><\/li>\n<li><a href=\"https:\/\/docs.google.com\/document\/d\/1quMacMlJY8pcqfSxXibwJmSgk0KZmTR1\/edit?usp=drive_link&amp;ouid=114458195679351900470&amp;rtpof=true&amp;sd=true\" target=\"_blank\" rel=\"noopener\">Minuta de Acordo de Coopera\u00e7\u00e3o Internacional v. Portugu\u00eas\/Ingl\u00eas &#8211; Empresas<\/a><\/li>\n<li><a href=\"https:\/\/docs.google.com\/document\/d\/1-OKBSUjrWfsN2xwGEyvk5Xdi6JRPWZTM\/edit?usp=drive_link&amp;ouid=114458195679351900470&amp;rtpof=true&amp;sd=true\">Minuta de Acordo de Coopera\u00e7\u00e3o Internacional v. Portugu\u00eas \/Espanhol<\/a><\/li>\n<li><a href=\"https:\/\/docs.google.com\/document\/d\/1-VXTD2tuPTCdyn5dDetboQCTYMr-ZIoz\/edit?usp=drive_link&amp;ouid=114458195679351900470&amp;rtpof=true&amp;sd=true\">Minuta de Acordo de Coopera\u00e7\u00e3o Internacional v. Portugu\u00eas \/ Franc\u00eas<\/a><\/li>\n<li><a href=\"https:\/\/docs.google.com\/document\/d\/1-UJQUenUR_4-U0EAknIdchuhP61pXVLa\/edit?usp=drive_link&amp;ouid=114458195679351900470&amp;rtpof=true&amp;sd=true\">Minuta de Acordo de Coopera\u00e7\u00e3o Internacional v. Portugu\u00eas \/ Italiano<\/a><\/li>\n<li><a href=\"https:\/\/docs.google.com\/document\/d\/1-bif3-6wQjqtr63enWWbXYZ_2czAbGNZ\/edit?usp=drive_link&amp;ouid=114458195679351900470&amp;rtpof=true&amp;sd=true\">Minuta de Acordo de Coopera\u00e7\u00e3o Internacional v. Portugu\u00eas \/ Mandarin<\/a><\/li>\n<\/ul>\t\t\t\t\t\t<\/div>\n\t\t\t\t<\/div>\n\t\t\t\t\t<\/div>\n\t\t<\/div>\n\t\t\t\t\t<\/div>\n\t\t<\/section>\n\t\t\t\t<section class=\"elementor-section elementor-top-section elementor-element elementor-element-84c5dd4 elementor-section-boxed elementor-section-height-default elementor-section-height-default\" data-id=\"84c5dd4\" data-element_type=\"section\">\n\t\t\t\t\t\t<div class=\"elementor-container elementor-column-gap-default\">\n\t\t\t\t\t<div class=\"elementor-column elementor-col-100 elementor-top-column elementor-element elementor-element-821b0ea\" data-id=\"821b0ea\" data-element_type=\"column\">\n\t\t\t<div class=\"elementor-widget-wrap elementor-element-populated\">\n\t\t\t\t\t\t<div class=\"elementor-element elementor-element-5e4e205 elementor-widget elementor-widget-text-editor\" data-id=\"5e4e205\" data-element_type=\"widget\" data-widget_type=\"text-editor.default\">\n\t\t\t\t<div class=\"elementor-widget-container\">\n\t\t\t\t\t\t\t<p><u>&nbsp;<\/u> <u><b>&nbsp;Passo-a-passo e documenta\u00e7\u00e3o para abertura de processo: <\/b><\/u><\/p>\n<ol>\n<li><strong><u>Registro do projeto&nbsp;<\/u><\/strong><u><\/u>na plataforma web de projetos da UFSM;&nbsp;<\/li>\n<li>Preenchimento da&nbsp;<strong><u>Minuta de ACT<\/u><\/strong>, modelo em anexo.<\/li>\n<li><strong><u>Plano de trabalho<\/u><\/strong>,&nbsp;<strong><em>esse arquivo pode ser anexado no registro do projeto no Portal.<\/em><\/strong><\/li>\n<li>Encaminhar e-mail para <a href=\"mailto:coproc@ufsm.br\">coproc@ufsm.br<\/a> com os documentos listados acima.<\/li>\n<\/ol>\t\t\t\t\t\t<\/div>\n\t\t\t\t<\/div>\n\t\t\t\t\t<\/div>\n\t\t<\/div>\n\t\t\t\t\t<\/div>\n\t\t<\/section>\n\t\t\t\t<\/div>\n\t\t","protected":false},"excerpt":{"rendered":"<p>S\u00e3o acordos de coopera\u00e7\u00e3o t\u00e9cnico-cient\u00edfica e cultural firmados entre a Universidade e as institui\u00e7\u00f5es dos pa\u00edses conveniados, visando o interc\u00e2mbio de recursos humanos para o desenvolvimento das atividades de ensino, tanto de gradua\u00e7\u00e3o como de p\u00f3s-gradua\u00e7\u00e3o. A coopera\u00e7\u00e3o compreender\u00e1 a transfer\u00eancia de conhecimentos e experi\u00eancias e\/ou qualquer outra atividade de interesse comum nos campos de [&hellip;]<\/p>\n","protected":false},"author":4832,"featured_media":0,"parent":0,"menu_order":0,"comment_status":"closed","ping_status":"closed","template":"","meta":{"footnotes":""},"categories":[],"tags":[],"class_list":["post-5890","page","type-page","status-publish","hentry"],"acf":[],"_links":{"self":[{"href":"https:\/\/www.ufsm.br\/unidades-universitarias\/ct\/wp-json\/wp\/v2\/pages\/5890","targetHints":{"allow":["GET"]}}],"collection":[{"href":"https:\/\/www.ufsm.br\/unidades-universitarias\/ct\/wp-json\/wp\/v2\/pages"}],"about":[{"href":"https:\/\/www.ufsm.br\/unidades-universitarias\/ct\/wp-json\/wp\/v2\/types\/page"}],"author":[{"embeddable":true,"href":"https:\/\/www.ufsm.br\/unidades-universitarias\/ct\/wp-json\/wp\/v2\/users\/4832"}],"replies":[{"embeddable":true,"href":"https:\/\/www.ufsm.br\/unidades-universitarias\/ct\/wp-json\/wp\/v2\/comments?post=5890"}],"version-history":[{"count":0,"href":"https:\/\/www.ufsm.br\/unidades-universitarias\/ct\/wp-json\/wp\/v2\/pages\/5890\/revisions"}],"wp:attachment":[{"href":"https:\/\/www.ufsm.br\/unidades-universitarias\/ct\/wp-json\/wp\/v2\/media?parent=5890"}],"wp:term":[{"taxonomy":"category","embeddable":true,"href":"https:\/\/www.ufsm.br\/unidades-universitarias\/ct\/wp-json\/wp\/v2\/categories?post=5890"},{"taxonomy":"post_tag","embeddable":true,"href":"https:\/\/www.ufsm.br\/unidades-universitarias\/ct\/wp-json\/wp\/v2\/tags?post=5890"}],"curies":[{"name":"wp","href":"https:\/\/api.w.org\/{rel}","templated":true}]}}