{"id":6032,"date":"2024-12-06T16:08:26","date_gmt":"2024-12-06T19:08:26","guid":{"rendered":"https:\/\/www.ufsm.br\/unidades-universitarias\/ct\/?page_id=6032"},"modified":"2024-12-06T16:12:42","modified_gmt":"2024-12-06T19:12:42","slug":"dupla-diplomacao","status":"publish","type":"page","link":"https:\/\/www.ufsm.br\/unidades-universitarias\/ct\/dupla-diplomacao","title":{"rendered":"DUPLA DIPLOMA\u00c7\u00c3O"},"content":{"rendered":"\t\t<div data-elementor-type=\"wp-page\" data-elementor-id=\"6032\" class=\"elementor elementor-6032\">\n\t\t\t\t\t\t<section class=\"elementor-section elementor-top-section elementor-element elementor-element-f44a22b elementor-section-boxed elementor-section-height-default elementor-section-height-default\" data-id=\"f44a22b\" data-element_type=\"section\">\n\t\t\t\t\t\t<div class=\"elementor-container elementor-column-gap-default\">\n\t\t\t\t\t<div class=\"elementor-column elementor-col-100 elementor-top-column elementor-element elementor-element-d7e82e7\" data-id=\"d7e82e7\" data-element_type=\"column\">\n\t\t\t<div class=\"elementor-widget-wrap elementor-element-populated\">\n\t\t\t\t\t\t<div class=\"elementor-element elementor-element-0259720 elementor-widget elementor-widget-text-editor\" data-id=\"0259720\" data-element_type=\"widget\" data-widget_type=\"text-editor.default\">\n\t\t\t\t<div class=\"elementor-widget-container\">\n\t\t\t\t\t\t\t<p>Os Programas de Dupla diploma\u00e7\u00e3o do CT com institui\u00e7\u00f5es estrangeiras visam permitir aos alunos de gradua\u00e7\u00e3o a obten\u00e7\u00e3o de diploma na UFSM e em outra institui\u00e7\u00e3o estrangeira cong\u00eanere.\u00a0<\/p><p>O diploma conferido aos acad\u00eamicos participantes do Programa de Dupla Diploma\u00e7\u00e3o, s\u00f3 poder\u00e1 ser concedido \u00e0queles que tiverem cursado, com aproveitamento, o m\u00ednimo, 75% da carga hor\u00e1ria\/cr\u00e9ditos do curso de gradua\u00e7\u00e3o da UFSM.<\/p><p>Para estrangeiros participantes de Programas de Dupla Diploma\u00e7\u00e3o, provenientes de institui\u00e7\u00f5es estrangeiras conveniadas, o percentual de aproveitamento m\u00ednimo de cr\u00e9ditos \u00e9 de 25% (vinte e cinco por cento) da carga hor\u00e1ria\/cr\u00e9ditos do respectivo curso de gradua\u00e7\u00e3o da UFSM.<\/p><p>Os participantes do programa conservar\u00e3o o v\u00ednculo com a Institui\u00e7\u00e3o de origem, sendo o tempo de perman\u00eancia na Institui\u00e7\u00e3o cong\u00eanere deve respeitar o programado para o desenvolvimento das suas atividades.\u00a0<\/p><p>Nos Hist\u00f3ricos Escolares conferidos pela UFSM aos diplomados participantes de Programa de Dupla Diploma\u00e7\u00e3o, constar\u00e3o a nominata, os cr\u00e9ditos e os conceitos das disciplinas cursadas na UFSM, bem como a men\u00e7\u00e3o de que as demais exig\u00eancias do curr\u00edculo do curso foram atendidas quando do desenvolvimento do respectivo Programa de Dupla Diploma\u00e7\u00e3o.<\/p>\t\t\t\t\t\t<\/div>\n\t\t\t\t<\/div>\n\t\t\t\t\t<\/div>\n\t\t<\/div>\n\t\t\t\t\t<\/div>\n\t\t<\/section>\n\t\t\t\t<section class=\"elementor-section elementor-top-section elementor-element elementor-element-6de2af3 elementor-section-boxed elementor-section-height-default elementor-section-height-default\" data-id=\"6de2af3\" data-element_type=\"section\">\n\t\t\t\t\t\t<div class=\"elementor-container elementor-column-gap-default\">\n\t\t\t\t\t<div class=\"elementor-column elementor-col-100 elementor-top-column elementor-element elementor-element-0b225d1\" data-id=\"0b225d1\" data-element_type=\"column\">\n\t\t\t<div class=\"elementor-widget-wrap elementor-element-populated\">\n\t\t\t\t\t\t<div class=\"elementor-element elementor-element-4015661 elementor-widget__width-initial elementor-widget elementor-widget-heading\" data-id=\"4015661\" data-element_type=\"widget\" data-widget_type=\"heading.default\">\n\t\t\t\t<div class=\"elementor-widget-container\">\n\t\t\t<h5 class=\"elementor-heading-title elementor-size-default\"><b>Institui\u00e7\u00f5es Cong\u00eaneres com Conv\u00eanio de Dupla Diploma\u00e7\u00e3o com o Centro de Tecnologia:\n<\/b><\/h5>\t\t<\/div>\n\t\t\t\t<\/div>\n\t\t\t\t<section class=\"elementor-section elementor-inner-section elementor-element elementor-element-7e667d3 elementor-section-boxed elementor-section-height-default elementor-section-height-default\" data-id=\"7e667d3\" data-element_type=\"section\">\n\t\t\t\t\t\t<div class=\"elementor-container elementor-column-gap-default\">\n\t\t\t\t\t<div class=\"elementor-column elementor-col-33 elementor-inner-column elementor-element elementor-element-0a12157\" data-id=\"0a12157\" data-element_type=\"column\">\n\t\t\t<div class=\"elementor-widget-wrap elementor-element-populated\">\n\t\t\t\t\t\t<div class=\"elementor-element elementor-element-2033f62 elementor-widget elementor-widget-image\" data-id=\"2033f62\" data-element_type=\"widget\" data-widget_type=\"image.default\">\n\t\t\t\t<div class=\"elementor-widget-container\">\n\t\t\t\t\t\t\t\t\t\t\t\t\t\t<a href=\"https:\/\/www.mines-stetienne.fr\/\">\n\t\t\t\t\t\t\t<img decoding=\"async\" width=\"200\" height=\"200\" src=\"https:\/\/www.ufsm.br\/app\/uploads\/sites\/375\/2024\/12\/download-1.png\" class=\"attachment-large size-large wp-image-6035\" alt=\"\" srcset=\"https:\/\/www.ufsm.br\/app\/uploads\/sites\/375\/2024\/12\/download-1.png 200w, https:\/\/www.ufsm.br\/app\/uploads\/sites\/375\/2024\/12\/download-1-150x150.png 150w\" sizes=\"(max-width: 200px) 100vw, 200px\" \/>\t\t\t\t\t\t\t\t<\/a>\n\t\t\t\t\t\t\t\t\t\t\t\t\t<\/div>\n\t\t\t\t<\/div>\n\t\t\t\t\t<\/div>\n\t\t<\/div>\n\t\t\t\t<div class=\"elementor-column elementor-col-33 elementor-inner-column elementor-element elementor-element-2c57025\" data-id=\"2c57025\" data-element_type=\"column\">\n\t\t\t<div class=\"elementor-widget-wrap elementor-element-populated\">\n\t\t\t\t\t\t<div class=\"elementor-element elementor-element-28a7ba9 elementor-widget__width-initial elementor-widget elementor-widget-image\" data-id=\"28a7ba9\" data-element_type=\"widget\" data-widget_type=\"image.default\">\n\t\t\t\t<div class=\"elementor-widget-container\">\n\t\t\t\t\t\t\t\t\t\t\t\t\t\t<a href=\"https:\/\/www.univ-grenoble-alpes.fr\/francais\/\">\n\t\t\t\t\t\t\t<img decoding=\"async\" width=\"224\" height=\"145\" src=\"https:\/\/www.ufsm.br\/app\/uploads\/sites\/375\/2024\/12\/images.png\" class=\"attachment-large size-large wp-image-6036\" alt=\"\" \/>\t\t\t\t\t\t\t\t<\/a>\n\t\t\t\t\t\t\t\t\t\t\t\t\t<\/div>\n\t\t\t\t<\/div>\n\t\t\t\t\t<\/div>\n\t\t<\/div>\n\t\t\t\t<div class=\"elementor-column elementor-col-33 elementor-inner-column elementor-element elementor-element-f5623d9\" data-id=\"f5623d9\" data-element_type=\"column\">\n\t\t\t<div class=\"elementor-widget-wrap elementor-element-populated\">\n\t\t\t\t\t\t<div class=\"elementor-element elementor-element-c3e50ec elementor-widget__width-initial elementor-widget elementor-widget-image\" data-id=\"c3e50ec\" data-element_type=\"widget\" data-widget_type=\"image.default\">\n\t\t\t\t<div class=\"elementor-widget-container\">\n\t\t\t\t\t\t\t\t\t\t\t\t\t\t<a href=\"https:\/\/www.bordeaux-inp.fr\/fr\">\n\t\t\t\t\t\t\t<img fetchpriority=\"high\" decoding=\"async\" width=\"204\" height=\"247\" src=\"https:\/\/www.ufsm.br\/app\/uploads\/sites\/375\/2024\/12\/download.jpg\" class=\"attachment-large size-large wp-image-6037\" alt=\"\" \/>\t\t\t\t\t\t\t\t<\/a>\n\t\t\t\t\t\t\t\t\t\t\t\t\t<\/div>\n\t\t\t\t<\/div>\n\t\t\t\t\t<\/div>\n\t\t<\/div>\n\t\t\t\t\t<\/div>\n\t\t<\/section>\n\t\t\t\t\t<\/div>\n\t\t<\/div>\n\t\t\t\t\t<\/div>\n\t\t<\/section>\n\t\t\t\t<section class=\"elementor-section elementor-top-section elementor-element elementor-element-b0c3b6f elementor-section-boxed elementor-section-height-default elementor-section-height-default\" data-id=\"b0c3b6f\" data-element_type=\"section\">\n\t\t\t\t\t\t<div class=\"elementor-container elementor-column-gap-default\">\n\t\t\t\t\t<div class=\"elementor-column elementor-col-100 elementor-top-column elementor-element elementor-element-8796686\" data-id=\"8796686\" data-element_type=\"column\">\n\t\t\t<div class=\"elementor-widget-wrap elementor-element-populated\">\n\t\t\t\t\t\t<div class=\"elementor-element elementor-element-30f3ac0 elementor-widget elementor-widget-heading\" data-id=\"30f3ac0\" data-element_type=\"widget\" data-widget_type=\"heading.default\">\n\t\t\t\t<div class=\"elementor-widget-container\">\n\t\t\t<h5 class=\"elementor-heading-title elementor-size-default\"><b>Processo Seletivo: <\/b><\/h5>\t\t<\/div>\n\t\t\t\t<\/div>\n\t\t\t\t<section class=\"elementor-section elementor-inner-section elementor-element elementor-element-e259822 elementor-section-boxed elementor-section-height-default elementor-section-height-default\" data-id=\"e259822\" data-element_type=\"section\">\n\t\t\t\t\t\t<div class=\"elementor-container elementor-column-gap-default\">\n\t\t\t\t\t<div class=\"elementor-column elementor-col-100 elementor-inner-column elementor-element elementor-element-1f8ecf3\" data-id=\"1f8ecf3\" data-element_type=\"column\">\n\t\t\t<div class=\"elementor-widget-wrap elementor-element-populated\">\n\t\t\t\t\t\t<div class=\"elementor-element elementor-element-4788a16 elementor-widget elementor-widget-text-editor\" data-id=\"4788a16\" data-element_type=\"widget\" data-widget_type=\"text-editor.default\">\n\t\t\t\t<div class=\"elementor-widget-container\">\n\t\t\t\t\t\t\t<p><span style=\"font-weight: 400\">Via edital BRAFITEC, para participa\u00e7\u00e3o em programa de interc\u00e2mbio com bolsa de estudo e isen\u00e7\u00e3o das taxas escolares.\u00a0<\/span><\/p>\t\t\t\t\t\t<\/div>\n\t\t\t\t<\/div>\n\t\t\t\t\t<\/div>\n\t\t<\/div>\n\t\t\t\t\t<\/div>\n\t\t<\/section>\n\t\t\t\t\t<\/div>\n\t\t<\/div>\n\t\t\t\t\t<\/div>\n\t\t<\/section>\n\t\t\t\t<section class=\"elementor-section elementor-top-section elementor-element elementor-element-e3ae5d5 elementor-section-boxed elementor-section-height-default elementor-section-height-default\" data-id=\"e3ae5d5\" data-element_type=\"section\">\n\t\t\t\t\t\t<div class=\"elementor-container elementor-column-gap-default\">\n\t\t\t\t\t<div class=\"elementor-column elementor-col-100 elementor-top-column elementor-element elementor-element-fe8e1d8\" data-id=\"fe8e1d8\" data-element_type=\"column\">\n\t\t\t<div class=\"elementor-widget-wrap elementor-element-populated\">\n\t\t\t\t\t\t<div class=\"elementor-element elementor-element-4184e0e elementor-widget elementor-widget-heading\" data-id=\"4184e0e\" data-element_type=\"widget\" data-widget_type=\"heading.default\">\n\t\t\t\t<div class=\"elementor-widget-container\">\n\t\t\t<h5 class=\"elementor-heading-title elementor-size-default\"><b>Para abertura de Processos de Acordo de Coopera\u00e7\u00e3o Internacional com vistas \u00e0 Dupla Diploma\u00e7\u00e3o: <\/b><\/h5>\t\t<\/div>\n\t\t\t\t<\/div>\n\t\t\t\t<section class=\"elementor-section elementor-inner-section elementor-element elementor-element-92903ea elementor-section-boxed elementor-section-height-default elementor-section-height-default\" data-id=\"92903ea\" data-element_type=\"section\">\n\t\t\t\t\t\t<div class=\"elementor-container elementor-column-gap-default\">\n\t\t\t\t\t<div class=\"elementor-column elementor-col-100 elementor-inner-column elementor-element elementor-element-224d5e9\" data-id=\"224d5e9\" data-element_type=\"column\">\n\t\t\t<div class=\"elementor-widget-wrap elementor-element-populated\">\n\t\t\t\t\t\t<div class=\"elementor-element elementor-element-978f375 elementor-widget elementor-widget-text-editor\" data-id=\"978f375\" data-element_type=\"widget\" data-widget_type=\"text-editor.default\">\n\t\t\t\t<div class=\"elementor-widget-container\">\n\t\t\t\t\t\t\t<ul><li><span style=\"font-weight: 400\">\u00a0 \u00a0 \u00a0 \u00a0 \u00a0Deve ter origem na Unidade Interessada. \u00c9 n<\/span><span style=\"text-align: var(--bs-body-text-align)\">ecess\u00e1ria a formaliza\u00e7\u00e3o de Acordo de Coopera\u00e7\u00e3o espec\u00edfico, pela UFSM e a Institui\u00e7\u00e3o Estrangeira;\u00a0<\/span><\/li><li><span style=\"font-weight: 400\">\u00a0 \u00a0 \u00a0 \u00a0 \u00a0Documentos necess\u00e1rios:<\/span><\/li><\/ul><p><span style=\"color: #000000;font-size: 1rem;font-weight: var( --e-global-typography-text-font-weight );text-align: var(--bs-body-text-align)\">\u00a01.\u00a0 <a href=\"https:\/\/drive.google.com\/file\/d\/1-N5mBZ_QsrjLfABD8Xp7xqPVLywdjD4y\/view?usp=drive_link\">Plano de trabalho<\/a> , <\/span><span style=\"color: #000000;font-size: 1rem;font-weight: var( --e-global-typography-text-font-weight );text-align: var(--bs-body-text-align)\">assinado pelo coordenador. \u00a0\u00a0<\/span><\/p><p><span style=\"color: #000000;font-size: 1rem;font-weight: var( --e-global-typography-text-font-weight );text-align: var(--bs-body-text-align)\">\u00a02. Minuta de Acordo de Coopera\u00e7\u00e3o Internacional\u00a0 (para modelos em diferentes idiomas, vide p\u00e1gina <a href=\"https:\/\/www.ufsm.br\/unidades-universitarias\/ct\/acordos-de-cooperacao-internacional\">Acordos de Coopera\u00e7\u00e3o Internacional<\/a>).\u00a0<\/span><\/p><p><span style=\"color: #000000;font-size: 1rem;font-weight: var( --e-global-typography-text-font-weight );text-align: var(--bs-body-text-align)\">Obs: Poder\u00e1 ser utilizado o modelo de Acordo de Coopera\u00e7\u00e3o Internacional adotado pela Institui\u00e7\u00e3o parceira.\u00a0\u00a0<\/span><\/p>\t\t\t\t\t\t<\/div>\n\t\t\t\t<\/div>\n\t\t\t\t\t<\/div>\n\t\t<\/div>\n\t\t\t\t\t<\/div>\n\t\t<\/section>\n\t\t\t\t\t<\/div>\n\t\t<\/div>\n\t\t\t\t\t<\/div>\n\t\t<\/section>\n\t\t\t\t<\/div>\n\t\t","protected":false},"excerpt":{"rendered":"<p>Os Programas de Dupla diploma\u00e7\u00e3o do CT com institui\u00e7\u00f5es estrangeiras visam permitir aos alunos de gradua\u00e7\u00e3o a obten\u00e7\u00e3o de diploma na UFSM e em outra institui\u00e7\u00e3o estrangeira cong\u00eanere.\u00a0 O diploma conferido aos acad\u00eamicos participantes do Programa de Dupla Diploma\u00e7\u00e3o, s\u00f3 poder\u00e1 ser concedido \u00e0queles que tiverem cursado, com aproveitamento, o m\u00ednimo, 75% da carga hor\u00e1ria\/cr\u00e9ditos [&hellip;]<\/p>\n","protected":false},"author":4832,"featured_media":0,"parent":0,"menu_order":0,"comment_status":"closed","ping_status":"closed","template":"","meta":{"footnotes":""},"categories":[],"tags":[],"class_list":["post-6032","page","type-page","status-publish","hentry"],"acf":[],"_links":{"self":[{"href":"https:\/\/www.ufsm.br\/unidades-universitarias\/ct\/wp-json\/wp\/v2\/pages\/6032","targetHints":{"allow":["GET"]}}],"collection":[{"href":"https:\/\/www.ufsm.br\/unidades-universitarias\/ct\/wp-json\/wp\/v2\/pages"}],"about":[{"href":"https:\/\/www.ufsm.br\/unidades-universitarias\/ct\/wp-json\/wp\/v2\/types\/page"}],"author":[{"embeddable":true,"href":"https:\/\/www.ufsm.br\/unidades-universitarias\/ct\/wp-json\/wp\/v2\/users\/4832"}],"replies":[{"embeddable":true,"href":"https:\/\/www.ufsm.br\/unidades-universitarias\/ct\/wp-json\/wp\/v2\/comments?post=6032"}],"version-history":[{"count":0,"href":"https:\/\/www.ufsm.br\/unidades-universitarias\/ct\/wp-json\/wp\/v2\/pages\/6032\/revisions"}],"wp:attachment":[{"href":"https:\/\/www.ufsm.br\/unidades-universitarias\/ct\/wp-json\/wp\/v2\/media?parent=6032"}],"wp:term":[{"taxonomy":"category","embeddable":true,"href":"https:\/\/www.ufsm.br\/unidades-universitarias\/ct\/wp-json\/wp\/v2\/categories?post=6032"},{"taxonomy":"post_tag","embeddable":true,"href":"https:\/\/www.ufsm.br\/unidades-universitarias\/ct\/wp-json\/wp\/v2\/tags?post=6032"}],"curies":[{"name":"wp","href":"https:\/\/api.w.org\/{rel}","templated":true}]}}