{"id":6100,"date":"2025-01-14T13:07:17","date_gmt":"2025-01-14T16:07:17","guid":{"rendered":"https:\/\/www.ufsm.br\/unidades-universitarias\/ct\/?page_id=6100"},"modified":"2025-01-14T13:10:10","modified_gmt":"2025-01-14T16:10:10","slug":"projeto-de-internacionalizacao-do-ct","status":"publish","type":"page","link":"https:\/\/www.ufsm.br\/unidades-universitarias\/ct\/projeto-de-internacionalizacao-do-ct","title":{"rendered":"Projeto de Internacionaliza\u00e7\u00e3o do CT"},"content":{"rendered":"\n<p><b>\u00a0<\/b><\/p>\n<p><span style=\"font-weight: 400\">O presente projeto busca desenvolver os objetivos estrat\u00e9gicos relacionados ao desafio institucional de internacionaliza\u00e7\u00e3o no contexto do Centro de Tecnologia da UFSM, os quais foram concebidos no Plano de Desenvolvimento da Unidade (PDU) para o per\u00edodo 2024-2027. Pretende-se, assim, definir indicadores, a\u00e7\u00f5es e mecanismos de acompanhamento dos objetivos definidos pela comunidade acad\u00eamica para a internacionaliza\u00e7\u00e3o do CT.<\/span> <span style=\"font-weight: 400\">O m\u00e9todo \u00e9 constitu\u00eddo das seguintes fases de consecu\u00e7\u00e3o: 1. Dissemina\u00e7\u00e3o da cultura internacional. 2. Consolida\u00e7\u00e3o e expans\u00e3o das a\u00e7\u00f5es de internacionaliza\u00e7\u00e3o. 3. <\/span><span style=\"font-weight: 400\">\u00a0<\/span><span style=\"font-weight: 400\">Diagn\u00f3stico e entrega de resultados. Para a consecu\u00e7\u00e3o da primeira e segunda fases, ser\u00e3o propostas a\u00e7\u00f5es que contemplam a ambienta\u00e7\u00e3o da comunidade acad\u00eamica a um contexto de internacionaliza\u00e7\u00e3o, perpassando pelo ensino de idiomas, eventos bil\u00edngues e presen\u00e7a do Escrit\u00f3rio de Assuntos Internacionais na rotina acad\u00eamica e administrativa do Centro de Tecnologia. Na terceira fase, ser\u00e1 realizado o diagn\u00f3stico sobre as a\u00e7\u00f5es mais eficazes para a implementa\u00e7\u00e3o do\u00a0 contexto internacional no CT junto \u00e0 comunidade acad\u00eamica, comiss\u00e3o de internacionaliza\u00e7\u00e3o, gestores e chefias, atrav\u00e9s de dados fornecidos em relat\u00f3rios institucionais e pesquisa descritiva. Acredita-se que o projeto desenvolvido ser\u00e1 capaz de realizar o desdobramento dos objetivos estrat\u00e9gicos de forma a ser um instrumento norteador das atividades relacionadas \u00e0 gest\u00e3o da internacionaliza\u00e7\u00e3o na unidade.<\/span><\/p>\n<p>\u00a0<\/p>\n<p><a href=\"https:\/\/drive.google.com\/file\/d\/116dfPdBW-M3NkzlB1EPmWi3YBMhoVcZv\/view?usp=sharing\">Projeto de Internacionaliza\u00e7\u00e3o do Centro de Tecnologia<\/a><\/p>\n","protected":false},"excerpt":{"rendered":"<p>\u00a0 O presente projeto busca desenvolver os objetivos estrat\u00e9gicos relacionados ao desafio institucional de internacionaliza\u00e7\u00e3o no contexto do Centro de Tecnologia da UFSM, os quais foram concebidos no Plano de Desenvolvimento da Unidade (PDU) para o per\u00edodo 2024-2027. Pretende-se, assim, definir indicadores, a\u00e7\u00f5es e mecanismos de acompanhamento dos objetivos definidos pela comunidade acad\u00eamica para a [&hellip;]<\/p>\n","protected":false},"author":4832,"featured_media":0,"parent":0,"menu_order":0,"comment_status":"closed","ping_status":"closed","template":"","meta":{"footnotes":""},"categories":[],"tags":[207],"class_list":["post-6100","page","type-page","status-publish","hentry","tag-internacionalizacao"],"acf":[],"_links":{"self":[{"href":"https:\/\/www.ufsm.br\/unidades-universitarias\/ct\/wp-json\/wp\/v2\/pages\/6100","targetHints":{"allow":["GET"]}}],"collection":[{"href":"https:\/\/www.ufsm.br\/unidades-universitarias\/ct\/wp-json\/wp\/v2\/pages"}],"about":[{"href":"https:\/\/www.ufsm.br\/unidades-universitarias\/ct\/wp-json\/wp\/v2\/types\/page"}],"author":[{"embeddable":true,"href":"https:\/\/www.ufsm.br\/unidades-universitarias\/ct\/wp-json\/wp\/v2\/users\/4832"}],"replies":[{"embeddable":true,"href":"https:\/\/www.ufsm.br\/unidades-universitarias\/ct\/wp-json\/wp\/v2\/comments?post=6100"}],"version-history":[{"count":0,"href":"https:\/\/www.ufsm.br\/unidades-universitarias\/ct\/wp-json\/wp\/v2\/pages\/6100\/revisions"}],"wp:attachment":[{"href":"https:\/\/www.ufsm.br\/unidades-universitarias\/ct\/wp-json\/wp\/v2\/media?parent=6100"}],"wp:term":[{"taxonomy":"category","embeddable":true,"href":"https:\/\/www.ufsm.br\/unidades-universitarias\/ct\/wp-json\/wp\/v2\/categories?post=6100"},{"taxonomy":"post_tag","embeddable":true,"href":"https:\/\/www.ufsm.br\/unidades-universitarias\/ct\/wp-json\/wp\/v2\/tags?post=6100"}],"curies":[{"name":"wp","href":"https:\/\/api.w.org\/{rel}","templated":true}]}}