{"id":6737,"date":"2025-05-16T11:42:50","date_gmt":"2025-05-16T14:42:50","guid":{"rendered":"https:\/\/www.ufsm.br\/unidades-universitarias\/ct\/?page_id=6737"},"modified":"2025-11-14T14:19:26","modified_gmt":"2025-11-14T17:19:26","slug":"portaria-normativa-ct-ufsm-n-003-de-30-de-janeiro-de-2025","status":"publish","type":"page","link":"https:\/\/www.ufsm.br\/unidades-universitarias\/ct\/portaria-normativa-ct-ufsm-n-003-de-30-de-janeiro-de-2025","title":{"rendered":"PORTARIA NORMATIVA CT\/UFSM N. 003, DE 30 DE JANEIRO DE 2025."},"content":{"rendered":"\t\t<div data-elementor-type=\"wp-page\" data-elementor-id=\"6737\" class=\"elementor elementor-6737\">\n\t\t\t\t\t\t<section class=\"elementor-section elementor-top-section elementor-element elementor-element-8a25870 elementor-section-boxed elementor-section-height-default elementor-section-height-default\" data-id=\"8a25870\" data-element_type=\"section\">\n\t\t\t\t\t\t<div class=\"elementor-container elementor-column-gap-default\">\n\t\t\t\t\t<div class=\"elementor-column elementor-col-100 elementor-top-column elementor-element elementor-element-98303b0\" data-id=\"98303b0\" data-element_type=\"column\">\n\t\t\t<div class=\"elementor-widget-wrap elementor-element-populated\">\n\t\t\t\t\t\t<div class=\"elementor-element elementor-element-20ba8b2 elementor-widget elementor-widget-html\" data-id=\"20ba8b2\" data-element_type=\"widget\" data-widget_type=\"html.default\">\n\t\t\t\t<div class=\"elementor-widget-container\">\n\t\t\t<br><div align=\"justify\"><font color=\"black\">\r\n<!--StartFragment-->\r\n\r\n<div align=\"center\">\r\n<img decoding=\"async\" src=\"https:\/\/www.ufsm.br\/pro-reitorias\/proplan\/wp-content\/uploads\/sites\/344\/2019\/09\/brasao-da-republica-do-brasil-logo.png\" alt=\"Bras\u00e3o Rep\u00fablica Federativa do Brasil\" width=\"6%\" height=\"6%\">\r\n<\/div>\r\n<h4>\r\n<font color=\"blue\">\r\n<font size=\"5\">\r\n<\/font>\r\n<\/font>\r\n<div align=\"center\">\r\n<font color=\"blue\">\r\n<font size=\"5\">MINIST\u00c9RIO DA EDUCA\u00c7\u00c3O<\/font>\r\n<\/font>\r\n<\/div>\r\n<\/h4>\r\n<p>\r\n<b>\r\n<font color=\"0000blue\">\r\n<\/font>\r\n<\/b>\r\n<\/p>\r\n<div align=\"center\">\r\n<b>\r\n<font color=\"0000blue\">UNIVERSIDADE FEDERAL DE SANTA MARIA<\/font>\r\n<\/b>\r\n<\/div>\r\n<div align=\"center\">\r\n<font color=\"#00b0e0\">\r\n<b>CENTRO DE TECNOLOGIA<\/b>\r\n<\/font>\r\n<\/div>\r\n<p>\r\n<br>\r\n<\/p>\r\n<div class=\"normal-text\" style=\"text-align: center\">\r\n<\/div>\r\n<div class=\"normal-text\" style=\"text-align: center\">\r\n<\/div>\r\n<p>\r\n<\/p>\r\n<p style=\"text-align: center\">\r\n<b>\r\n<a href=\"https:\/\/portal.ufsm.br\/documentos\/publico\/documento.html?id=15454454\" style=\"color: blue !important;text-decoration: underline !important\" data-elementor-preserved=\"true\">PORTARIA NORMATIVA CT\/UFSM N. 003, DE 30 DE JANEIRO DE 2025.<\/a>\r\n<\/b>\r\n<\/p>\r\n\r\n<p>&nbsp;<\/p>\r\n\r\n<p>\r\n    <div style=\"color: #800000;width: 60%;margin-left: auto;margin-right: 0;text-align: justify;font-weight: normal\">\r\n      Aprova o Regulamento do Programa de P\u00f3s-Gradua\u00e7\u00e3o em Engenharia Qu\u00edmica (PPGEQ), vinculado ao Centro de Tecnologia, no \u00e2mbito da Universidade Federal de Santa Maria (UFSM).\r\n    <\/div>\r\n<\/p>\r\n\r\n<p>&nbsp;<\/p>\r\n\r\n<p>O DIRETOR DO CENTRO\r\nDE TECNOLOGIA, no uso de suas atribui\u00e7\u00f5es legais que lhe confere o Regimento Geral da UFSM, disposto na <a href=\"https:\/\/www.ufsm.br\/pro-reitorias\/proplan\/resolucao-n-006-2011\" style=\"color: blue !important;text-decoration: underline !important\" data-elementor-preserved=\"true\">Resolu\u00e7\u00e3o UFSM n\u00b0 006<\/a>, de 28 de abril de 2011, atualizado pela <a href=\"https:\/\/www.ufsm.br\/pro-reitorias\/proplan\/resolucao-n-016-2019\" style=\"color: blue !important;text-decoration: underline !important\" data-elementor-preserved=\"true\">Resolu\u00e7\u00e3o UFSM n\u00b0 016<\/a>, de\r\n02 de julho de 2019, tendo em vista as <a href=\"https:\/\/www.ufsm.br\/pro-reitorias\/proplan\/resolucao-ufsm-n-139-2023\" style=\"color: blue !important;text-decoration: underline !important\" data-elementor-preserved=\"true\">Resolu\u00e7\u00f5es UFSM n\u00b0 139<\/a>, de 29 de\r\nagosto de 2023,&nbsp;e\r\n<a href=\"https:\/\/www.ufsm.br\/pro-reitorias\/proplan\/resolucao-ufsm-n-152-2024\" style=\"color: blue !important;text-decoration: underline !important\" data-elementor-preserved=\"true\">n\u00b0 152<\/a>, de 27 de mar\u00e7o de 2024, e o que consta no Processo n\u00b0\r\n<a href=\"https:\/\/portal.ufsm.br\/documentos\/publico\/processo\/documento.html?idDocumento=14952118\" style=\"color: blue !important;text-decoration: underline !important\" data-elementor-preserved=\"true\">23081.000863\/2024-13<\/a>, resolve:<\/p>\r\n\r\n\r\n\r\n\r\n\r\n\r\n\r\n\r\n\r\n\r\n\r\n\r\n<!--StartFragment-->\r\n<!--EndFragment-->\r\n\r\n<p>&nbsp;<\/p>\r\n\r\n<p>Art. 1\u00b0 Aprovar o Regulamento do Programa de P\u00f3s-Gradua\u00e7\u00e3o em\r\nEngenharia Qu\u00edmica (PPGEQ), vinculado ao Centro de Tecnologia, no \u00e2mbito da\r\nUniversidade Federal de Santa Maria (UFSM).<\/p>\r\n\r\n<p>Par\u00e1grafo \u00fanico. O Regulamento do Programa de P\u00f3s-Gradua\u00e7\u00e3o em\r\nEngenharia Qu\u00edmica (PPGEQ) se constitui como anexo desta Portaria Normativa.<\/p>\r\n\r\n<p>Art. 2\u00b0 A inobserv\u00e2ncia ao disposto nesta Portaria Normativa n\u00e3o\r\nconstitui escusa v\u00e1lida para o descumprimento da norma nem resulta em sua\r\ninvalidade.<\/p>\r\n\r\n<p>Art. 3\u00b0 Esta Portaria Normativa entra em vigor na data de sua\r\nassinatura, de acordo com o que prev\u00ea o par\u00e1grafo 2\u00b0 do art. 16 do <a href=\"https:\/\/www.planalto.gov.br\/ccivil_03\/_ato2023-2026\/2024\/decreto\/D12002.htm\" style=\"color: blue !important;text-decoration: underline !important\" data-elementor-preserved=\"true\">Decreto n\u00b0 12.002<\/a>, de 22 de abril de 2024.<\/p>\r\n\r\n<p>Par\u00e1grafo\r\n\u00fanico. Havendo qualquer modifica\u00e7\u00e3o legislativa, ou ainda, havendo qualquer\r\nsitua\u00e7\u00e3o legal que impacte na legalidade da presente Portaria Normativa, a mesma se aplica de imediato.<\/p>\r\n\r\n<p>&nbsp;<\/p>\r\n\r\n<p align=\"right\" style=\"text-align: left\">\r\n<span style=\"text-align: justify\">Tiago Bandeira Marchesan<\/span>\r\n<span style=\"text-align: justify\">\r\n<\/span>\r\n<\/p>\r\n\r\n<p align=\"right\" style=\"text-align: left\">\r\n<span style=\"text-align: justify\">Diretor<\/span>\r\n<span style=\"text-align: justify\">\r\n<\/span>\r\n<\/p>\r\n\r\n<!--EndFragment-->\r\n<\/font><\/div>\t\t<\/div>\n\t\t\t\t<\/div>\n\t\t\t\t\t<\/div>\n\t\t<\/div>\n\t\t\t\t\t<\/div>\n\t\t<\/section>\n\t\t\t\t<section class=\"elementor-section elementor-top-section elementor-element elementor-element-964250c elementor-section-boxed elementor-section-height-default elementor-section-height-default\" data-id=\"964250c\" data-element_type=\"section\">\n\t\t\t\t\t\t<div class=\"elementor-container elementor-column-gap-default\">\n\t\t\t\t\t<div class=\"elementor-column elementor-col-100 elementor-top-column elementor-element elementor-element-6708866\" data-id=\"6708866\" data-element_type=\"column\">\n\t\t\t<div class=\"elementor-widget-wrap elementor-element-populated\">\n\t\t\t\t\t\t\t<\/div>\n\t\t<\/div>\n\t\t\t\t\t<\/div>\n\t\t<\/section>\n\t\t\t\t<section class=\"elementor-section elementor-top-section elementor-element elementor-element-c251028 elementor-section-boxed elementor-section-height-default elementor-section-height-default\" data-id=\"c251028\" data-element_type=\"section\">\n\t\t\t\t\t\t<div class=\"elementor-container elementor-column-gap-default\">\n\t\t\t\t\t<div class=\"elementor-column elementor-col-100 elementor-top-column elementor-element elementor-element-312e636\" data-id=\"312e636\" data-element_type=\"column\">\n\t\t\t<div class=\"elementor-widget-wrap elementor-element-populated\">\n\t\t\t\t\t\t\t<\/div>\n\t\t<\/div>\n\t\t\t\t\t<\/div>\n\t\t<\/section>\n\t\t\t\t<\/div>\n\t\t","protected":false},"excerpt":{"rendered":"<p>MINIST\u00c9RIO DA EDUCA\u00c7\u00c3O UNIVERSIDADE FEDERAL DE SANTA MARIA CENTRO DE TECNOLOGIA PORTARIA NORMATIVA CT\/UFSM N. 003, DE 30 DE JANEIRO DE 2025. &nbsp; Aprova o Regulamento do Programa de P\u00f3s-Gradua\u00e7\u00e3o em Engenharia Qu\u00edmica (PPGEQ), vinculado ao Centro de Tecnologia, no \u00e2mbito da Universidade Federal de Santa Maria (UFSM). &nbsp; O DIRETOR DO CENTRO DE TECNOLOGIA, [&hellip;]<\/p>\n","protected":false},"author":744,"featured_media":0,"parent":0,"menu_order":0,"comment_status":"closed","ping_status":"closed","template":"","meta":{"footnotes":""},"categories":[],"tags":[],"class_list":["post-6737","page","type-page","status-publish","hentry"],"acf":[],"_links":{"self":[{"href":"https:\/\/www.ufsm.br\/unidades-universitarias\/ct\/wp-json\/wp\/v2\/pages\/6737","targetHints":{"allow":["GET"]}}],"collection":[{"href":"https:\/\/www.ufsm.br\/unidades-universitarias\/ct\/wp-json\/wp\/v2\/pages"}],"about":[{"href":"https:\/\/www.ufsm.br\/unidades-universitarias\/ct\/wp-json\/wp\/v2\/types\/page"}],"author":[{"embeddable":true,"href":"https:\/\/www.ufsm.br\/unidades-universitarias\/ct\/wp-json\/wp\/v2\/users\/744"}],"replies":[{"embeddable":true,"href":"https:\/\/www.ufsm.br\/unidades-universitarias\/ct\/wp-json\/wp\/v2\/comments?post=6737"}],"version-history":[{"count":0,"href":"https:\/\/www.ufsm.br\/unidades-universitarias\/ct\/wp-json\/wp\/v2\/pages\/6737\/revisions"}],"wp:attachment":[{"href":"https:\/\/www.ufsm.br\/unidades-universitarias\/ct\/wp-json\/wp\/v2\/media?parent=6737"}],"wp:term":[{"taxonomy":"category","embeddable":true,"href":"https:\/\/www.ufsm.br\/unidades-universitarias\/ct\/wp-json\/wp\/v2\/categories?post=6737"},{"taxonomy":"post_tag","embeddable":true,"href":"https:\/\/www.ufsm.br\/unidades-universitarias\/ct\/wp-json\/wp\/v2\/tags?post=6737"}],"curies":[{"name":"wp","href":"https:\/\/api.w.org\/{rel}","templated":true}]}}