{"id":6809,"date":"2025-05-30T15:01:07","date_gmt":"2025-05-30T18:01:07","guid":{"rendered":"https:\/\/www.ufsm.br\/unidades-universitarias\/ct\/?page_id=6809"},"modified":"2025-11-19T09:58:17","modified_gmt":"2025-11-19T12:58:17","slug":"2024-2","status":"publish","type":"page","link":"https:\/\/www.ufsm.br\/unidades-universitarias\/ct\/2024-2","title":{"rendered":"2024"},"content":{"rendered":"\t\t<div data-elementor-type=\"wp-page\" data-elementor-id=\"6809\" class=\"elementor elementor-6809\">\n\t\t\t\t\t\t<section class=\"elementor-section elementor-top-section elementor-element elementor-element-590f4342 elementor-section-boxed elementor-section-height-default elementor-section-height-default\" data-id=\"590f4342\" data-element_type=\"section\">\n\t\t\t\t\t\t<div class=\"elementor-container elementor-column-gap-default\">\n\t\t\t\t\t<div class=\"elementor-column elementor-col-100 elementor-top-column elementor-element elementor-element-6a31640\" data-id=\"6a31640\" data-element_type=\"column\">\n\t\t\t<div class=\"elementor-widget-wrap elementor-element-populated\">\n\t\t\t\t\t\t<div class=\"elementor-element elementor-element-42e13d3e elementor-widget elementor-widget-text-editor\" data-id=\"42e13d3e\" data-element_type=\"widget\" data-widget_type=\"text-editor.default\">\n\t\t\t\t<div class=\"elementor-widget-container\">\n\t\t\t\t\t\t\t<p><a href=\"https:\/\/www.ufsm.br\/unidades-universitarias\/ct\/portaria-normativa-ct-ufsm-n-002-de-12-de-setembro-de-2024\">PORTARIA NORMATIVA CT\/UFSM N. 002, DE 12 DE SETEMBRO DE 2024<\/a> &#8211; Aprova o Regulamento do Programa P\u00f3s-Gradua\u00e7\u00e3o em Arquitetura, Urbanismo e Paisagismo (PPGAUP)<\/p><p><a href=\"https:\/\/www.ufsm.br\/unidades-universitarias\/ct\/regulamento-do-programa-de-pos-graduacao-em-arquitetura-urbanismo-e-paisagismo-ppgaup-ct-ufsm\">ANEXO I DA PORTARIA NORMATIVA CT\/UFSM N. 002\/2024<\/a> &#8211; Regulamento do Programa P\u00f3s-Gradua\u00e7\u00e3oem Arquitetura, Urbanismo e Paisagismo (PPGAUP)<\/p><p><a href=\"https:\/\/www.ufsm.br\/unidades-universitarias\/ct\/portaria-normativa-ct-ufsm-n-001-de-12-de-setembro-de-2024\">PORTARIA NORMATIVA CT\/UFSM N. 001, DE 12 DE SETEMBRO DE 2024<\/a> &#8211; Aprova o Regulamento do Programa de P\u00f3s-Gradua\u00e7\u00e3o em Engenharia El\u00e9trica (PPGEE)<\/p><p><a href=\"https:\/\/www.ufsm.br\/unidades-universitarias\/ct\/regulamento-interno-do-ppgee-do-centro-de-tecnologia-ufsm\">ANEXO I DA PORTARIA NORMATIVA CT\/UFSM N. 001\/2024<\/a> &#8211; Regulamento do Programa de P\u00f3s-Gradua\u00e7\u00e3o em Engenharia El\u00e9trica (PPGEE)<\/p><p><!-- \/wp:tadv\/classic-paragraph --><\/p>\t\t\t\t\t\t<\/div>\n\t\t\t\t<\/div>\n\t\t\t\t\t<\/div>\n\t\t<\/div>\n\t\t\t\t\t<\/div>\n\t\t<\/section>\n\t\t\t\t<\/div>\n\t\t","protected":false},"excerpt":{"rendered":"<p>PORTARIA NORMATIVA CT\/UFSM N. 002, DE 12 DE SETEMBRO DE 2024 &#8211; Aprova o Regulamento do Programa P\u00f3s-Gradua\u00e7\u00e3o em Arquitetura, Urbanismo e Paisagismo (PPGAUP) ANEXO I DA PORTARIA NORMATIVA CT\/UFSM N. 002\/2024 &#8211; Regulamento do Programa P\u00f3s-Gradua\u00e7\u00e3oem Arquitetura, Urbanismo e Paisagismo (PPGAUP) PORTARIA NORMATIVA CT\/UFSM N. 001, DE 12 DE SETEMBRO DE 2024 &#8211; Aprova [&hellip;]<\/p>\n","protected":false},"author":744,"featured_media":0,"parent":0,"menu_order":0,"comment_status":"closed","ping_status":"closed","template":"","meta":{"footnotes":""},"categories":[],"tags":[],"class_list":["post-6809","page","type-page","status-publish","hentry"],"acf":[],"_links":{"self":[{"href":"https:\/\/www.ufsm.br\/unidades-universitarias\/ct\/wp-json\/wp\/v2\/pages\/6809","targetHints":{"allow":["GET"]}}],"collection":[{"href":"https:\/\/www.ufsm.br\/unidades-universitarias\/ct\/wp-json\/wp\/v2\/pages"}],"about":[{"href":"https:\/\/www.ufsm.br\/unidades-universitarias\/ct\/wp-json\/wp\/v2\/types\/page"}],"author":[{"embeddable":true,"href":"https:\/\/www.ufsm.br\/unidades-universitarias\/ct\/wp-json\/wp\/v2\/users\/744"}],"replies":[{"embeddable":true,"href":"https:\/\/www.ufsm.br\/unidades-universitarias\/ct\/wp-json\/wp\/v2\/comments?post=6809"}],"version-history":[{"count":0,"href":"https:\/\/www.ufsm.br\/unidades-universitarias\/ct\/wp-json\/wp\/v2\/pages\/6809\/revisions"}],"wp:attachment":[{"href":"https:\/\/www.ufsm.br\/unidades-universitarias\/ct\/wp-json\/wp\/v2\/media?parent=6809"}],"wp:term":[{"taxonomy":"category","embeddable":true,"href":"https:\/\/www.ufsm.br\/unidades-universitarias\/ct\/wp-json\/wp\/v2\/categories?post=6809"},{"taxonomy":"post_tag","embeddable":true,"href":"https:\/\/www.ufsm.br\/unidades-universitarias\/ct\/wp-json\/wp\/v2\/tags?post=6809"}],"curies":[{"name":"wp","href":"https:\/\/api.w.org\/{rel}","templated":true}]}}