{"id":6811,"date":"2025-05-30T15:24:21","date_gmt":"2025-05-30T18:24:21","guid":{"rendered":"https:\/\/www.ufsm.br\/unidades-universitarias\/ct\/?page_id=6811"},"modified":"2025-11-24T13:55:37","modified_gmt":"2025-11-24T16:55:37","slug":"2025-2","status":"publish","type":"page","link":"https:\/\/www.ufsm.br\/unidades-universitarias\/ct\/2025-2","title":{"rendered":"2025"},"content":{"rendered":"<p><a href=\"https:\/\/www.ufsm.br\/unidades-universitarias\/ct\/portaria-normativa-ufsm-ct-n-008-de-06-de-novembro-de-2025\">PORTARIA NORMATIVA CT\/UFSM N\u00b0 008\/2025<\/a> &#8211; Aprova o Regimento Interno do Centro de Coopera\u00e7\u00e3o Brasil-Alemanha (CCBRAL), vinculado ao Centro de Tecnologia (CT), no \u00e2mbito da Universidade Federal de Santa Maria (UFSM)<\/p>\n<p><a href=\"https:\/\/www.ufsm.br\/unidades-universitarias\/ct\/portaria-normativa-centro-de-tecnologia-ufsm-n-007-de-25-de-setembro-de-2025\">PORTARIA NORMATIVA CT\/UFSM N\u00b0 007\/2025<\/a> &#8211; Altera e acrescenta dispositivos do anexo I da Portaria Normativa CT\/UFSM n\u00b0 004\/2025, que aprova o Regulamento do Programa de P\u00f3s-Gradua\u00e7\u00e3o em Engenharia Civil e Ambiental (PPGECAM), vinculado ao Centro de Tecnologia (CT), no \u00e2mbito da Universidade Federal de Santa Maria (UFSM)<\/p>\n<p><a href=\"https:\/\/www.ufsm.br\/unidades-universitarias\/ct\/portaria-normativa-centro-de-tecnologia-ufsm-n-006-de-25-de-setembro-de-2025-2\">PORTARIA NORMATIVA CT\/UFSM N\u00b0 006\/2025<\/a> &#8211; Altera e acrescenta dispositivos do anexo I da Portaria Normativa CT\/UFSM n\u00b0 002\/2024, que aprova o Regulamento do Programa de P\u00f3s-Gradua\u00e7\u00e3o em Arquitetura, Urbanismo e Paisagismo (PPGAUP), vinculado ao Centro de Tecnologia (CT), no \u00e2mbito da Universidade Federal de Santa Maria (UFSM).<\/p>\n<p><a href=\"https:\/\/www.ufsm.br\/unidades-universitarias\/ct\/portaria-normativa-ct-ufsm-n-005-de-28-de-agosto-de-2025-2\">PORTARIA NORMATIVA CT\/UFSM N. 005\/2025<\/a> &#8211; Aprova o Regulamento do Programa de P\u00f3s-Gradua\u00e7\u00e3o em Ci\u00eancia da Computa\u00e7\u00e3o (PPGCC)<\/p>\n<p><a href=\"https:\/\/www.ufsm.br\/unidades-universitarias\/ct\/regulamento-interno-ppgcc\">ANEXO I DA PORTARIA NORMATIVA CT\/UFSM N. 005\/2025 <\/a>\u00a0&#8211; Regulamento do Programa de P\u00f3s-Gradua\u00e7\u00e3o em Ci\u00eancia da Computa\u00e7\u00e3o (PPGCC)<\/p>\n<p><a href=\"https:\/\/www.ufsm.br\/app\/uploads\/sites\/375\/2025\/08\/REGIMENTO-ELEITORALCOORDENACOES.pdf\">REGIMENTO DOS PROCESSOS DE CONSULTA PARA A ESCOLHA DOS COORDENADORES DOS CURSOS DE GRADUA\u00c7\u00c3O E P\u00d3S-GRADUA\u00c7\u00c3O<\/a> (Aprovado na 579\u00aa sess\u00e3o do Conselho do Centro de Tecnologia em 31\/05\/2023)<\/p>\n<p><a href=\"https:\/\/www.ufsm.br\/pro-reitorias\/proplan\/resolucao-ufsm-n-201-2025\">RESOLU\u00c7\u00c3O UFSM N. 201\/2025<\/a>: &#8211; Aprova o Regimento Interno do Centro de Tecnologia (CT) vinculado \u00e0 Universidade Federal de Santa Maria, suas compet\u00eancias e atribui\u00e7\u00f5es.<\/p>\n<p><a href=\"https:\/\/www.ufsm.br\/pro-reitorias\/proplan\/anexo-i-da-resolucao-ufsm-n-201-2025\">ANEXO I DA RESOLU\u00c7\u00c3O N. 201\/2025<\/a> \u2013 Regimento do CT<\/p>\n<p><a href=\"https:\/\/www.ufsm.br\/pro-reitorias\/proplan\/anexo-ii-da-resolucao-ufsm-n-201-2025\">ANEXO II DA RESOLU\u00c7\u00c3O N. 201\/2025<\/a> \u2013 Quadro Demonstrativo<\/p>\n<p><a href=\"https:\/\/www.ufsm.br\/unidades-universitarias\/ct\/portaria-normativa-ct-ufsm-n-004-de-24-de-abril-de-2025-2\">PORTARIA NORMATIVA CT\/UFSM N\u00b0 004\/2025<\/a> &#8211; Aprova o Regulamento do Programa de P\u00f3s-Gradua\u00e7\u00e3o em Engenharia Civil e Ambiental (PPGECAM)<\/p>\n<p><a href=\"https:\/\/www.ufsm.br\/unidades-universitarias\/ct\/portaria-normativa-ct-ufsm-n-004-2025-anexo-i\">ANEXO I DA PORTARIA NORMATIVA CT\/UFSM N. 004\/2025 <\/a>&#8211; Regulamento Interno do Programa de P\u00f3s-Gradua\u00e7\u00e3o em Engenharia Civil e Ambiental (PPGECAM)<\/p>\n<p><a href=\"https:\/\/www.ufsm.br\/unidades-universitarias\/ct\/portaria-normativa-ct-ufsm-n-003-de-30-de-janeiro-de-2025\">PORTARIA NORMATIVA CT\/UFSM N. 003\/2025<\/a> &#8211; Aprova o Regulamento do Programa de P\u00f3s-Gradua\u00e7\u00e3o em Engenharia Qu\u00edmica (PPGEQ)<\/p>\n<p><a href=\"https:\/\/www.ufsm.br\/unidades-universitarias\/ct\/regulamento-do-programa-de-pos-graduacao-em-engenharia-quimica\">ANEXO I DA PORTARIA NORMATIVA CT\/UFSM N. 003\/2025<\/a> &#8211; Regulamento do Programa de P\u00f3s-Gradua\u00e7\u00e3o em Engenharia Qu\u00edmica (PPGEQ)<\/p>\n\n\n\n","protected":false},"excerpt":{"rendered":"<p>PORTARIA NORMATIVA CT\/UFSM N\u00b0 008\/2025 &#8211; Aprova o Regimento Interno do Centro de Coopera\u00e7\u00e3o Brasil-Alemanha (CCBRAL), vinculado ao Centro de Tecnologia (CT), no \u00e2mbito da Universidade Federal de Santa Maria (UFSM) PORTARIA NORMATIVA CT\/UFSM N\u00b0 007\/2025 &#8211; Altera e acrescenta dispositivos do anexo I da Portaria Normativa CT\/UFSM n\u00b0 004\/2025, que aprova o Regulamento do [&hellip;]<\/p>\n","protected":false},"author":744,"featured_media":0,"parent":0,"menu_order":0,"comment_status":"closed","ping_status":"closed","template":"","meta":{"footnotes":""},"categories":[],"tags":[],"class_list":["post-6811","page","type-page","status-publish","hentry"],"acf":[],"_links":{"self":[{"href":"https:\/\/www.ufsm.br\/unidades-universitarias\/ct\/wp-json\/wp\/v2\/pages\/6811","targetHints":{"allow":["GET"]}}],"collection":[{"href":"https:\/\/www.ufsm.br\/unidades-universitarias\/ct\/wp-json\/wp\/v2\/pages"}],"about":[{"href":"https:\/\/www.ufsm.br\/unidades-universitarias\/ct\/wp-json\/wp\/v2\/types\/page"}],"author":[{"embeddable":true,"href":"https:\/\/www.ufsm.br\/unidades-universitarias\/ct\/wp-json\/wp\/v2\/users\/744"}],"replies":[{"embeddable":true,"href":"https:\/\/www.ufsm.br\/unidades-universitarias\/ct\/wp-json\/wp\/v2\/comments?post=6811"}],"version-history":[{"count":0,"href":"https:\/\/www.ufsm.br\/unidades-universitarias\/ct\/wp-json\/wp\/v2\/pages\/6811\/revisions"}],"wp:attachment":[{"href":"https:\/\/www.ufsm.br\/unidades-universitarias\/ct\/wp-json\/wp\/v2\/media?parent=6811"}],"wp:term":[{"taxonomy":"category","embeddable":true,"href":"https:\/\/www.ufsm.br\/unidades-universitarias\/ct\/wp-json\/wp\/v2\/categories?post=6811"},{"taxonomy":"post_tag","embeddable":true,"href":"https:\/\/www.ufsm.br\/unidades-universitarias\/ct\/wp-json\/wp\/v2\/tags?post=6811"}],"curies":[{"name":"wp","href":"https:\/\/api.w.org\/{rel}","templated":true}]}}