{"id":7503,"date":"2025-11-14T10:40:50","date_gmt":"2025-11-14T13:40:50","guid":{"rendered":"https:\/\/www.ufsm.br\/unidades-universitarias\/ct\/?page_id=7503"},"modified":"2025-11-14T11:24:28","modified_gmt":"2025-11-14T14:24:28","slug":"portaria-normativa-ct-ufsm-n-005-de-28-de-agosto-de-2025-2","status":"publish","type":"page","link":"https:\/\/www.ufsm.br\/unidades-universitarias\/ct\/portaria-normativa-ct-ufsm-n-005-de-28-de-agosto-de-2025-2","title":{"rendered":"PORTARIA NORMATIVA CT\/UFSM N. 005, DE 28 DE AGOSTO DE 2025"},"content":{"rendered":"\t\t<div data-elementor-type=\"wp-page\" data-elementor-id=\"7503\" class=\"elementor elementor-7503\">\n\t\t\t\t\t\t<section class=\"elementor-section elementor-top-section elementor-element elementor-element-fc4602c elementor-section-boxed elementor-section-height-default elementor-section-height-default\" data-id=\"fc4602c\" data-element_type=\"section\">\n\t\t\t\t\t\t<div class=\"elementor-container elementor-column-gap-default\">\n\t\t\t\t\t<div class=\"elementor-column elementor-col-100 elementor-top-column elementor-element elementor-element-a100124\" data-id=\"a100124\" data-element_type=\"column\">\n\t\t\t<div class=\"elementor-widget-wrap elementor-element-populated\">\n\t\t\t\t\t\t<div class=\"elementor-element elementor-element-ea2ed72 elementor-widget elementor-widget-html\" data-id=\"ea2ed72\" data-element_type=\"widget\" data-widget_type=\"html.default\">\n\t\t\t\t<div class=\"elementor-widget-container\">\n\t\t\t<br><div align=\"justify\"><font color=\"black\">\r\n<!--StartFragment-->\r\n\r\n<div align=\"center\">\r\n<img decoding=\"async\" src=\"https:\/\/www.ufsm.br\/pro-reitorias\/proplan\/wp-content\/uploads\/sites\/344\/2019\/09\/brasao-da-republica-do-brasil-logo.png\" alt=\"Bras\u00e3o Rep\u00fablica Federativa do Brasil\" width=\"6%\" height=\"6%\">\r\n<\/div>\r\n<h4>\r\n<font color=\"blue\">\r\n<font size=\"5\">\r\n<\/font>\r\n<\/font>\r\n<div align=\"center\">\r\n<font color=\"blue\">\r\n<font size=\"5\">MINIST\u00c9RIO DA EDUCA\u00c7\u00c3O<\/font>\r\n<\/font>\r\n<\/div>\r\n<\/h4>\r\n<p>\r\n<b>\r\n<font color=\"0000blue\">\r\n<\/font>\r\n<\/b>\r\n<\/p>\r\n<div align=\"center\">\r\n<b>\r\n<font color=\"0000blue\">UNIVERSIDADE FEDERAL DE SANTA MARIA<\/font>\r\n<\/b>\r\n<\/div>\r\n<div align=\"center\">\r\n<font color=\"#00b0e0\">\r\n<b>CENTRO DE TECNOLOGIA<\/b>\r\n<\/font>\r\n<\/div>\r\n<p>\r\n<br>\r\n<\/p>\r\n<div class=\"normal-text\" style=\"text-align: center\">\r\n<\/div>\r\n<div class=\"normal-text\" style=\"text-align: center\">\r\n<\/div>\r\n<p>\r\n<\/p>\r\n<p style=\"text-align: center\">\r\n<b>\r\n<a href=\"https:\/\/portal.ufsm.br\/documentos\/publico\/documento.html?id=15567768\" style=\"color: blue !important;text-decoration: underline !important\" data-elementor-preserved=\"true\">PORTARIA NORMATIVA CT\/UFSM N. 005, DE 28 DE AGOSTO DE 2025<\/a>\r\n<\/b>\r\n<\/p>\r\n\r\n<p>&nbsp;<\/p>\r\n\r\n<p>\r\n<\/p>\r\n    <div style=\"color: #800000;width: 60%;margin-left: auto;margin-right: 0;text-align: justify;font-weight: normal\">\r\n      Aprova o Regulamento do Programa de P\u00f3s-Gradua\u00e7\u00e3o em Ci\u00eancia da Computa\u00e7\u00e3o (PPGCC), vinculado ao Centro de Tecnologia, no \u00e2mbito da Universidade Federal de Santa Maria (UFSM).\r\n\r\n&nbsp;\r\n    <\/div>\r\n<p>\r\n<\/p>\r\n\r\n<!--EndFragment-->\r\n<\/font><\/div>\r\n<\/p>\r\n\r\n<p>&nbsp;<\/p>\r\n\r\n<p>O DIRETOR DO CENTRO DE TECNOLOGIA, no uso de suas\r\natribui\u00e7\u00f5es legais que lhe confere o Regimento\r\nGeral da UFSM, disposto na <a href=\"https:\/\/www.ufsm.br\/pro-reitorias\/proplan\/resolucao-n-006-2011\" style=\"color: blue !important;text-decoration: underline !important\" data-elementor-preserved=\"true\">Resolu\u00e7\u00e3o UFSM n\u00b0 006<\/a>, de 28 de abril de 2011,\r\natualizado pela <a href=\"https:\/\/www.ufsm.br\/pro-reitorias\/proplan\/resolucao-n-016-2019\" style=\"color: blue !important;text-decoration: underline !important\" data-elementor-preserved=\"true\">Resolu\u00e7\u00e3o UFSM n\u00b0 016<\/a>, de 02 de julho de 2019, tendo em\r\nvista as <a href=\"https:\/\/www.ufsm.br\/pro-reitorias\/proplan\/resolucao-ufsm-n-139-2023\" style=\"color: blue !important;text-decoration: underline !important\" data-elementor-preserved=\"true\">Resolu\u00e7\u00f5es UFSM n\u00b0 139<\/a>, de 29 de agosto de 2023 e <a href=\"https:\/\/www.ufsm.br\/pro-reitorias\/proplan\/resolucao-ufsm-n-152-2024\" style=\"color: blue !important;text-decoration: underline !important\" data-elementor-preserved=\"true\">n\u00b0 152<\/a>, de 27 de mar\u00e7o de 2024, e o que consta no Processo n\u00b0\r\n<a href=\"https:\/\/portal.ufsm.br\/documentos\/publico\/processo\/documento.html?idDocumento=14970531\" style=\"color: blue !important;text-decoration: underline !important\" data-elementor-preserved=\"true\">23081.010549\/2024-31<\/a>, resolve:<\/p>\r\n\r\n<p>&nbsp;<\/p>\r\n\r\n<p>Art. 1\u00b0 Aprovar o Regulamento do Programa de P\u00f3s-Gradua\u00e7\u00e3o em\r\nCi\u00eancia da Computa\u00e7\u00e3o (PPGCC), vinculado ao Centro de Tecnologia, no \u00e2mbito da\r\nUniversidade Federal de Santa Maria (UFSM).<\/p>\r\n\r\n<p>Par\u00e1grafo \u00fanico. O Regulamento do Programa de P\u00f3s-Gradua\u00e7\u00e3o em\r\nCi\u00eancia da Computa\u00e7\u00e3o (PPGCC) se constitui como anexo desta Portaria Normativa.<\/p>\r\n\r\n<p>Art.\r\n2\u00b0 A inobserv\u00e2ncia ao disposto nesta Portaria Normativa n\u00e3o constitui escusa\r\nv\u00e1lida para o descumprimento da norma nem resulta em sua invalidade.<\/p>\r\n\r\n<p>Art. 3\u00b0 Esta Portaria\r\nNormativa entra em vigor na data de sua assinatura, de acordo com o que prev\u00ea o\r\npar\u00e1grafo 2\u00b0 do art. 16 do <a href=\"https:\/\/www.planalto.gov.br\/ccivil_03\/_ato2023-2026\/2024\/decreto\/D12002.htm\" style=\"color: blue !important;text-decoration: underline !important\" data-elementor-preserved=\"true\">Decreto n\u00b0 12.002<\/a>, de 22 de abril de 2024.<\/p>\r\n\r\n<p>Par\u00e1grafo \u00fanico.\r\nHavendo qualquer modifica\u00e7\u00e3o legislativa, ou ainda, havendo qualquer situa\u00e7\u00e3o\r\nlegal que impacte na legalidade da presente Portaria Normativa, a mesma\r\nse aplica de imediato.<\/p>\r\n\r\n<p>&nbsp;<\/p>\r\n\r\n<p align=\"right\" style=\"text-align: left\">\r\n<span style=\"text-align: justify\">Tiago Bandeira Marchesan<\/span>\r\n<\/p>\r\n\r\n<p align=\"right\" style=\"text-align: left\">\r\n<span style=\"text-align: justify\">Diretor<\/span>\r\n<\/p>\r\n\r\n<!--EndFragment-->\r\n<\/font><\/div>\t\t<\/div>\n\t\t\t\t<\/div>\n\t\t\t\t\t<\/div>\n\t\t<\/div>\n\t\t\t\t\t<\/div>\n\t\t<\/section>\n\t\t\t\t<section class=\"elementor-section elementor-top-section elementor-element elementor-element-80d3577 elementor-section-boxed elementor-section-height-default elementor-section-height-default\" data-id=\"80d3577\" data-element_type=\"section\">\n\t\t\t\t\t\t<div class=\"elementor-container elementor-column-gap-default\">\n\t\t\t\t\t<div class=\"elementor-column elementor-col-100 elementor-top-column elementor-element elementor-element-09d98e7\" data-id=\"09d98e7\" data-element_type=\"column\">\n\t\t\t<div class=\"elementor-widget-wrap elementor-element-populated\">\n\t\t\t\t\t\t\t<\/div>\n\t\t<\/div>\n\t\t\t\t\t<\/div>\n\t\t<\/section>\n\t\t\t\t<\/div>\n\t\t","protected":false},"excerpt":{"rendered":"<p>MINIST\u00c9RIO DA EDUCA\u00c7\u00c3O UNIVERSIDADE FEDERAL DE SANTA MARIA CENTRO DE TECNOLOGIA PORTARIA NORMATIVA CT\/UFSM N. 005, DE 28 DE AGOSTO DE 2025 &nbsp; Aprova o Regulamento do Programa de P\u00f3s-Gradua\u00e7\u00e3o em Ci\u00eancia da Computa\u00e7\u00e3o (PPGCC), vinculado ao Centro de Tecnologia, no \u00e2mbito da Universidade Federal de Santa Maria (UFSM). &nbsp; &nbsp; O DIRETOR DO CENTRO [&hellip;]<\/p>\n","protected":false},"author":744,"featured_media":0,"parent":0,"menu_order":0,"comment_status":"closed","ping_status":"closed","template":"","meta":{"footnotes":""},"categories":[],"tags":[],"class_list":["post-7503","page","type-page","status-publish","hentry"],"acf":[],"_links":{"self":[{"href":"https:\/\/www.ufsm.br\/unidades-universitarias\/ct\/wp-json\/wp\/v2\/pages\/7503","targetHints":{"allow":["GET"]}}],"collection":[{"href":"https:\/\/www.ufsm.br\/unidades-universitarias\/ct\/wp-json\/wp\/v2\/pages"}],"about":[{"href":"https:\/\/www.ufsm.br\/unidades-universitarias\/ct\/wp-json\/wp\/v2\/types\/page"}],"author":[{"embeddable":true,"href":"https:\/\/www.ufsm.br\/unidades-universitarias\/ct\/wp-json\/wp\/v2\/users\/744"}],"replies":[{"embeddable":true,"href":"https:\/\/www.ufsm.br\/unidades-universitarias\/ct\/wp-json\/wp\/v2\/comments?post=7503"}],"version-history":[{"count":0,"href":"https:\/\/www.ufsm.br\/unidades-universitarias\/ct\/wp-json\/wp\/v2\/pages\/7503\/revisions"}],"wp:attachment":[{"href":"https:\/\/www.ufsm.br\/unidades-universitarias\/ct\/wp-json\/wp\/v2\/media?parent=7503"}],"wp:term":[{"taxonomy":"category","embeddable":true,"href":"https:\/\/www.ufsm.br\/unidades-universitarias\/ct\/wp-json\/wp\/v2\/categories?post=7503"},{"taxonomy":"post_tag","embeddable":true,"href":"https:\/\/www.ufsm.br\/unidades-universitarias\/ct\/wp-json\/wp\/v2\/tags?post=7503"}],"curies":[{"name":"wp","href":"https:\/\/api.w.org\/{rel}","templated":true}]}}