{"id":7697,"date":"2026-03-04T14:58:36","date_gmt":"2026-03-04T17:58:36","guid":{"rendered":"https:\/\/www.ufsm.br\/unidades-universitarias\/ct\/?page_id=7697"},"modified":"2026-03-04T15:00:47","modified_gmt":"2026-03-04T18:00:47","slug":"portaria-normativa-ct-ufsm-n-001-de-19-de-fevereiro-2026","status":"publish","type":"page","link":"https:\/\/www.ufsm.br\/unidades-universitarias\/ct\/portaria-normativa-ct-ufsm-n-001-de-19-de-fevereiro-2026","title":{"rendered":"PORTARIA NORMATIVA CT\/UFSM N. 001, DE 19 DE FEVEREIRO 2026"},"content":{"rendered":"\t\t<div data-elementor-type=\"wp-page\" data-elementor-id=\"7697\" class=\"elementor elementor-7697\">\n\t\t\t\t\t\t<section class=\"elementor-section elementor-top-section elementor-element elementor-element-753af2f elementor-section-boxed elementor-section-height-default elementor-section-height-default\" data-id=\"753af2f\" data-element_type=\"section\">\n\t\t\t\t\t\t<div class=\"elementor-container elementor-column-gap-default\">\n\t\t\t\t\t<div class=\"elementor-column elementor-col-100 elementor-top-column elementor-element elementor-element-a1228ab\" data-id=\"a1228ab\" data-element_type=\"column\">\n\t\t\t<div class=\"elementor-widget-wrap elementor-element-populated\">\n\t\t\t\t\t\t<div class=\"elementor-element elementor-element-0839dd8 elementor-widget elementor-widget-html\" data-id=\"0839dd8\" data-element_type=\"widget\" data-widget_type=\"html.default\">\n\t\t\t\t<div class=\"elementor-widget-container\">\n\t\t\t<br><div align=\"justify\"><font color=\"black\">\r\n<div align=\"center\">\r\n<img decoding=\"async\" src=\"https:\/\/www.ufsm.br\/pro-reitorias\/proplan\/wp-content\/uploads\/sites\/344\/2019\/09\/brasao-da-republica-do-brasil-logo.png\" alt=\"Bras\u00e3o Rep\u00fablica Federativa do Brasil\" width=\"6%\" height=\"6%\">\r\n<\/div>\r\n<h4>\r\n<font color=\"blue\">\r\n<font size=\"5\">\r\n<\/font>\r\n<\/font>\r\n<div align=\"center\">\r\n<font color=\"blue\">\r\n<font size=\"5\">MINIST\u00c9RIO DA EDUCA\u00c7\u00c3O<\/font>\r\n<\/font>\r\n<\/div>\r\n<\/h4>\r\n<p>\r\n<b>\r\n<font color=\"0000blue\">\r\n<\/font>\r\n<\/b>\r\n<\/p>\r\n<div align=\"center\">\r\n<b>\r\n<font color=\"0000blue\">UNIVERSIDADE FEDERAL DE SANTA MARIA<\/font>\r\n<\/b>\r\n<\/div>\r\n<div align=\"center\">\r\n<font color=\"#00b0e0\">\r\n<b>CENTRO DE TECNOLOGIA<\/b>\r\n<\/font>\r\n<\/div>\r\n<p>\r\n<\/p>\r\n\r\n\r\n\r\n\r\n\r\n\r\n\r\n\r\n\r\n\r\n\r\n\r\n\r\n\r\n<!--StartFragment-->\r\n\r\n<p style=\"text-align: center\">\r\n<b>&nbsp; &nbsp; &nbsp;<\/b>\r\n<a href=\"https:\/\/portal.ufsm.br\/documentos\/publico\/documento.html?id=15725995\" style=\"color: blue !important;text-decoration: underline !important\" data-elementor-preserved=\"true\">\r\n<b>PORTARIA NORMATIVA CT\/UFSM N. 001, DE 19 DE FEVEREIRO 2026<\/b>\r\n<\/a>\r\n<b>\r\n<\/b>\r\n<\/p>\r\n\r\n<p>&nbsp;<\/p>\r\n\r\n<p>\r\n    <div style=\"color: #800000;width: 60%;margin-left: auto;margin-right: 0;text-align: justify;font-weight: normal\">\r\n      Aprova o Regulamento do Programa de P\u00f3s-Gradua\u00e7\u00e3o em Engenharia de Produ\u00e7\u00e3o (PPGEP), vinculado ao Centro de Tecnologia, no \u00e2mbito da Universidade Federal de Santa Maria (UFSM).\r\n    <\/div>\r\n<\/p>\r\n\r\n<p>&nbsp;<\/p>\r\n\r\n<p>O DIRETOR DO CENTRO DE TECNOLOGIA, no uso de suas atribui\u00e7\u00f5es legais\r\nque lhe confere o Regimento Geral da UFSM, disposto na <a href=\"https:\/\/www.ufsm.br\/pro-reitorias\/proplan\/resolucao-n-006-2011\" style=\"color: blue !important;text-decoration: underline !important\" data-elementor-preserved=\"true\">Resolu\u00e7\u00e3o UFSM n\u00b0 006<\/a>, de 28 de\r\nabril de 2011, atualizado pela <a href=\"https:\/\/www.ufsm.br\/pro-reitorias\/proplan\/resolucao-n-016-2019\" style=\"color: blue !important;text-decoration: underline !important\" data-elementor-preserved=\"true\">Resolu\u00e7\u00e3o UFSM n\u00b0 016<\/a>, de 02 de\r\njulho de 2019, tendo em vista as <a href=\"https:\/\/www.ufsm.br\/pro-reitorias\/proplan\/resolucao-ufsm-n-139-2023\" style=\"color: blue !important;text-decoration: underline !important\" data-elementor-preserved=\"true\">Resolu\u00e7\u00f5es UFSM n\u00b0 139<\/a>, de 29 de\r\nagosto de 2023, e <a href=\"https:\/\/www.ufsm.br\/pro-reitorias\/proplan\/resolucao-ufsm-n-152-2024\" style=\"color: blue !important;text-decoration: underline !important\" data-elementor-preserved=\"true\">n\u00b0 152<\/a>, de 27 de mar\u00e7o de 2024, e o que consta no\r\nProcesso n\u00b0 <a href=\"https:\/\/portal.ufsm.br\/documentos\/publico\/processo\/documento.html?idDocumento=14940732\" style=\"color: blue !important;text-decoration: underline !important\" data-elementor-preserved=\"true\">23081.160789\/2023-02<\/a>, resolve:<\/p>\r\n\r\n<p>&nbsp;<\/p>\r\n\r\n<p>Art. 1\u00b0 Aprovar o Regulamento do Programa de P\u00f3s-Gradua\u00e7\u00e3o em\r\nEngenharia de Produ\u00e7\u00e3o (PPGEP), vinculado ao Centro de Tecnologia, no \u00e2mbito da\r\nUniversidade Federal de Santa Maria (UFSM).<\/p>\r\n\r\n<p>Par\u00e1grafo \u00fanico. O Regulamento do Programa de P\u00f3s-Gradua\u00e7\u00e3o em\r\nEngenharia de Produ\u00e7\u00e3o (PPGEP) se constitui como anexo desta Portaria\r\nNormativa.<\/p>\r\n\r\n<p>Art. 2\u00b0 A inobserv\u00e2ncia ao disposto nesta Portaria Normativa n\u00e3o\r\nconstitui escusa v\u00e1lida para o descumprimento da norma nem resulta em sua\r\ninvalidade.<\/p>\r\n\r\n<p>Art. 3\u00b0 Esta Portaria Normativa entra em vigor na data de sua\r\nassinatura, de acordo com o que prev\u00ea o par\u00e1grafo 2\u00b0 do art. 16 do <a href=\"https:\/\/www.planalto.gov.br\/ccivil_03\/_ato2023-2026\/2024\/decreto\/D12002.htm\" style=\"color: blue !important;text-decoration: underline !important\" data-elementor-preserved=\"true\">Decreto n\u00b0 12.002<\/a>, de 22 de abril de 2024.<\/p>\r\n\r\n<p>Par\u00e1grafo \u00fanico. Havendo qualquer modifica\u00e7\u00e3o legislativa, ou ainda,\r\nhavendo qualquer situa\u00e7\u00e3o legal que impacte na legalidade da presente Portaria\r\nNormativa, a mesma se aplica de imediato.<\/p>\r\n\r\n<p>&nbsp;&nbsp;&nbsp;&nbsp;&nbsp;&nbsp;&nbsp;&nbsp;&nbsp;&nbsp;&nbsp;&nbsp;&nbsp;&nbsp;&nbsp;&nbsp;&nbsp;&nbsp;&nbsp;&nbsp;&nbsp;&nbsp;&nbsp;&nbsp;&nbsp;&nbsp;&nbsp;&nbsp;&nbsp;&nbsp;&nbsp;&nbsp;&nbsp;&nbsp;&nbsp;&nbsp;&nbsp;&nbsp;&nbsp;&nbsp;&nbsp;&nbsp;&nbsp;&nbsp;&nbsp;&nbsp;&nbsp;&nbsp;&nbsp;&nbsp;&nbsp;&nbsp;&nbsp;&nbsp;&nbsp;&nbsp;&nbsp;&nbsp;&nbsp;&nbsp;&nbsp;&nbsp;&nbsp;&nbsp;&nbsp;&nbsp;&nbsp;&nbsp;&nbsp; <\/p>\r\n\r\n<p align=\"right\">\r\n<span style=\"text-align: justify\">Mauricio Sperandio<\/span>\r\n<\/p>\r\n\r\n<p align=\"right\">\r\n<span style=\"text-align: justify\">Diretor<\/span>\r\n<\/p>\r\n\r\n<p>&nbsp;<\/p>\r\n\r\n<!--EndFragment-->\r\n<div class=\"normal-text\" style=\"text-align: center\">\r\n<\/div>\r\n<div class=\"normal-text\" style=\"text-align: center\">\r\n<\/div>\r\n<\/font><\/div>\t\t<\/div>\n\t\t\t\t<\/div>\n\t\t\t\t\t<\/div>\n\t\t<\/div>\n\t\t\t\t\t<\/div>\n\t\t<\/section>\n\t\t\t\t<\/div>\n\t\t","protected":false},"excerpt":{"rendered":"<p>MINIST\u00c9RIO DA EDUCA\u00c7\u00c3O UNIVERSIDADE FEDERAL DE SANTA MARIA CENTRO DE TECNOLOGIA &nbsp; &nbsp; &nbsp; PORTARIA NORMATIVA CT\/UFSM N. 001, DE 19 DE FEVEREIRO 2026 &nbsp; Aprova o Regulamento do Programa de P\u00f3s-Gradua\u00e7\u00e3o em Engenharia de Produ\u00e7\u00e3o (PPGEP), vinculado ao Centro de Tecnologia, no \u00e2mbito da Universidade Federal de Santa Maria (UFSM). &nbsp; O DIRETOR DO [&hellip;]<\/p>\n","protected":false},"author":744,"featured_media":0,"parent":0,"menu_order":0,"comment_status":"closed","ping_status":"closed","template":"","meta":{"footnotes":""},"categories":[],"tags":[],"class_list":["post-7697","page","type-page","status-publish","hentry"],"acf":[],"_links":{"self":[{"href":"https:\/\/www.ufsm.br\/unidades-universitarias\/ct\/wp-json\/wp\/v2\/pages\/7697","targetHints":{"allow":["GET"]}}],"collection":[{"href":"https:\/\/www.ufsm.br\/unidades-universitarias\/ct\/wp-json\/wp\/v2\/pages"}],"about":[{"href":"https:\/\/www.ufsm.br\/unidades-universitarias\/ct\/wp-json\/wp\/v2\/types\/page"}],"author":[{"embeddable":true,"href":"https:\/\/www.ufsm.br\/unidades-universitarias\/ct\/wp-json\/wp\/v2\/users\/744"}],"replies":[{"embeddable":true,"href":"https:\/\/www.ufsm.br\/unidades-universitarias\/ct\/wp-json\/wp\/v2\/comments?post=7697"}],"version-history":[{"count":0,"href":"https:\/\/www.ufsm.br\/unidades-universitarias\/ct\/wp-json\/wp\/v2\/pages\/7697\/revisions"}],"wp:attachment":[{"href":"https:\/\/www.ufsm.br\/unidades-universitarias\/ct\/wp-json\/wp\/v2\/media?parent=7697"}],"wp:term":[{"taxonomy":"category","embeddable":true,"href":"https:\/\/www.ufsm.br\/unidades-universitarias\/ct\/wp-json\/wp\/v2\/categories?post=7697"},{"taxonomy":"post_tag","embeddable":true,"href":"https:\/\/www.ufsm.br\/unidades-universitarias\/ct\/wp-json\/wp\/v2\/tags?post=7697"}],"curies":[{"name":"wp","href":"https:\/\/api.w.org\/{rel}","templated":true}]}}