{"id":7746,"date":"2026-03-20T15:29:09","date_gmt":"2026-03-20T18:29:09","guid":{"rendered":"https:\/\/www.ufsm.br\/unidades-universitarias\/ct\/?page_id=7746"},"modified":"2026-03-20T16:09:59","modified_gmt":"2026-03-20T19:09:59","slug":"orientacoes-para-registro-de-viagens-scdp","status":"publish","type":"page","link":"https:\/\/www.ufsm.br\/unidades-universitarias\/ct\/orientacoes-para-registro-de-viagens-scdp","title":{"rendered":"Orienta\u00e7\u00f5es para Registro de Viagens (SCDP)"},"content":{"rendered":"\n<p data-path-to-node=\"4\">O <b data-path-to-node=\"4\" data-index-in-node=\"2\">N\u00facleo de Gest\u00e3o Or\u00e7ament\u00e1ria do Centro de Tecnologia (CT)<\/b> informa que todo deslocamento de servidores a servi\u00e7o ou no interesse da institui\u00e7\u00e3o deve, obrigatoriamente, ser registrado no <b data-path-to-node=\"4\" data-index-in-node=\"188\">Sistema de Concess\u00e3o de Di\u00e1rias e Passagens (SCDP)<\/b>, ainda que n\u00e3o tenha havido a solicita\u00e7\u00e3o de di\u00e1rias e passagens.<\/p>\n<p data-path-to-node=\"5\">O registro \u00e9 indispens\u00e1vel para a formaliza\u00e7\u00e3o do afastamento e para o cumprimento das normas de auditoria e controle do servi\u00e7o p\u00fablico.<\/p>\n<h3 data-path-to-node=\"6\">Requisitos para o Registro de Viagem<\/h3>\n<p data-path-to-node=\"7\">Para que o N\u00facleo processe o cadastramento no sistema, o servidor deve encaminhar para o e-mail <b data-path-to-node=\"7\" data-index-in-node=\"96\">financeiro.ct@ufsm.br<\/b> os seguintes documentos:<\/p>\n<ul data-path-to-node=\"8\">\n<li>\n<p data-path-to-node=\"8,0,0\"><b data-path-to-node=\"8,0,0\" data-index-in-node=\"0\"><a href=\"https:\/\/www.ufsm.br\/app\/uploads\/sites\/375\/2026\/03\/Formulario-para-cadastro-de-viagem-SCDP.docx\">Formul\u00e1rio de Solicita\u00e7\u00e3o<\/a>:<\/b> Devidamente preenchido e assinado (obrigat\u00f3rio, independentemente de haver ou n\u00e3o \u00f4nus financeiro para a Institui\u00e7\u00e3o).<\/p>\n<\/li>\n<li>\n<p data-path-to-node=\"8,1,0\"><b data-path-to-node=\"8,1,0\" data-index-in-node=\"0\">Comprovante de Afastamento (SIE):<\/b> \u00c9 obrigat\u00f3rio anexar o comprovante de afastamento gerado pelo sistema <b data-path-to-node=\"8,1,0\" data-index-in-node=\"104\">SIE<\/b>. Este documento \u00e9 essencial para validar a aus\u00eancia do servidor em seu posto de trabalho e garantir a regularidade do v\u00ednculo funcional durante o per\u00edodo da viagem.<\/p>\n<\/li>\n<\/ul>\n<h3 data-path-to-node=\"9\">Presta\u00e7\u00e3o de Contas<\/h3>\n<p data-path-to-node=\"10\">Ap\u00f3s o retorno, o servidor deve enviar para o e-mail do setor (<b data-path-to-node=\"10\" data-index-in-node=\"63\">financeiro.ct@ufsm.br<\/b>):<\/p>\n<ol start=\"1\" data-path-to-node=\"11\">\n<li>\n<p data-path-to-node=\"11,0,0\"><b data-path-to-node=\"11,0,0\" data-index-in-node=\"0\">Relat\u00f3rio de Viagem<\/b> (assinado);<\/p>\n<\/li>\n<li>\n<p data-path-to-node=\"11,1,0\"><b data-path-to-node=\"11,1,0\" data-index-in-node=\"0\">Comprovantes de embarque\/deslocamento<\/b> (caso tenha havido \u00f4nus para a institui\u00e7\u00e3o).<\/p>\n<\/li>\n<\/ol>\n<hr data-path-to-node=\"13\" \/>\n<h3 data-path-to-node=\"14\">Contato<\/h3>\n<p data-path-to-node=\"15\">D\u00favidas sobre o preenchimento ou fluxos de viagem podem ser sanadas pelo e-mail: <b data-path-to-node=\"15\" data-index-in-node=\"81\"><a href=\"mailto:financeiro.ct@ufsm.br\" target=\"_blank\" rel=\"noopener\">financeiro.ct@ufsm.br<\/a><\/b><\/p>\n\n\n\n\n\n\n\n\n\n\n","protected":false},"excerpt":{"rendered":"<p>O N\u00facleo de Gest\u00e3o Or\u00e7ament\u00e1ria do Centro de Tecnologia (CT) informa que todo deslocamento de servidores a servi\u00e7o ou no interesse da institui\u00e7\u00e3o deve, obrigatoriamente, ser registrado no Sistema de Concess\u00e3o de Di\u00e1rias e Passagens (SCDP), ainda que n\u00e3o tenha havido a solicita\u00e7\u00e3o de di\u00e1rias e passagens. O registro \u00e9 indispens\u00e1vel para a formaliza\u00e7\u00e3o do [&hellip;]<\/p>\n","protected":false},"author":4772,"featured_media":0,"parent":0,"menu_order":0,"comment_status":"closed","ping_status":"closed","template":"","meta":{"footnotes":""},"categories":[836],"tags":[],"class_list":["post-7746","page","type-page","status-publish","hentry","category-nor-ct"],"acf":[],"_links":{"self":[{"href":"https:\/\/www.ufsm.br\/unidades-universitarias\/ct\/wp-json\/wp\/v2\/pages\/7746","targetHints":{"allow":["GET"]}}],"collection":[{"href":"https:\/\/www.ufsm.br\/unidades-universitarias\/ct\/wp-json\/wp\/v2\/pages"}],"about":[{"href":"https:\/\/www.ufsm.br\/unidades-universitarias\/ct\/wp-json\/wp\/v2\/types\/page"}],"author":[{"embeddable":true,"href":"https:\/\/www.ufsm.br\/unidades-universitarias\/ct\/wp-json\/wp\/v2\/users\/4772"}],"replies":[{"embeddable":true,"href":"https:\/\/www.ufsm.br\/unidades-universitarias\/ct\/wp-json\/wp\/v2\/comments?post=7746"}],"version-history":[{"count":0,"href":"https:\/\/www.ufsm.br\/unidades-universitarias\/ct\/wp-json\/wp\/v2\/pages\/7746\/revisions"}],"wp:attachment":[{"href":"https:\/\/www.ufsm.br\/unidades-universitarias\/ct\/wp-json\/wp\/v2\/media?parent=7746"}],"wp:term":[{"taxonomy":"category","embeddable":true,"href":"https:\/\/www.ufsm.br\/unidades-universitarias\/ct\/wp-json\/wp\/v2\/categories?post=7746"},{"taxonomy":"post_tag","embeddable":true,"href":"https:\/\/www.ufsm.br\/unidades-universitarias\/ct\/wp-json\/wp\/v2\/tags?post=7746"}],"curies":[{"name":"wp","href":"https:\/\/api.w.org\/{rel}","templated":true}]}}