{"id":123,"date":"2018-11-29T13:20:16","date_gmt":"2018-11-29T15:20:16","guid":{"rendered":"https:\/\/www.ufsm.br\/unidades-universitarias\/ctism\/cte\/?page_id=123"},"modified":"2022-12-27T09:14:45","modified_gmt":"2022-12-27T12:14:45","slug":"mecanica","status":"publish","type":"page","link":"https:\/\/www.ufsm.br\/unidades-universitarias\/ctism\/cte\/mecanica","title":{"rendered":"RE \u2013 Cadernos \u2013 Col\u00e9gio T\u00e9cnico Industrial \u2013 Mec\u00e2nica"},"content":{"rendered":"\t\t<div data-elementor-type=\"wp-post\" data-elementor-id=\"123\" class=\"elementor elementor-123\">\n\t\t\t\t\t\t<section class=\"elementor-section elementor-top-section elementor-element elementor-element-5a3a582 elementor-section-boxed elementor-section-height-default elementor-section-height-default\" data-id=\"5a3a582\" data-element_type=\"section\">\n\t\t\t\t\t\t<div class=\"elementor-container elementor-column-gap-default\">\n\t\t\t\t\t<div class=\"elementor-column elementor-col-33 elementor-top-column elementor-element elementor-element-3fe2b9a\" data-id=\"3fe2b9a\" data-element_type=\"column\">\n\t\t\t<div class=\"elementor-widget-wrap elementor-element-populated\">\n\t\t\t\t\t\t<div class=\"elementor-element elementor-element-a7a2245 elementor-position-top elementor-widget elementor-widget-image-box\" data-id=\"a7a2245\" data-element_type=\"widget\" data-widget_type=\"image-box.default\">\n\t\t\t\t<div class=\"elementor-widget-container\">\n\t\t\t<div class=\"elementor-image-box-wrapper\"><figure class=\"elementor-image-box-img\"><a href=\"https:\/\/www.ufsm.br\/unidades-universitarias\/ctism\/cte\/wp-content\/uploads\/sites\/413\/2018\/12\/01_elementos_maquina.pdf\" target=\"_blank\" tabindex=\"-1\"><img fetchpriority=\"high\" decoding=\"async\" width=\"227\" height=\"300\" src=\"https:\/\/www.ufsm.br\/app\/uploads\/sites\/413\/2018\/12\/capa-01--227x300.jpg\" class=\"attachment-medium size-medium wp-image-242\" alt=\"\" \/><\/a><\/figure><div class=\"elementor-image-box-content\"><h5 class=\"elementor-image-box-title\"><a href=\"https:\/\/www.ufsm.br\/unidades-universitarias\/ctism\/cte\/wp-content\/uploads\/sites\/413\/2018\/12\/01_elementos_maquina.pdf\" target=\"_blank\">Elementos de M\u00e1quinas<\/a><\/h5><\/div><\/div>\t\t<\/div>\n\t\t\t\t<\/div>\n\t\t\t\t\t<\/div>\n\t\t<\/div>\n\t\t\t\t<div class=\"elementor-column elementor-col-33 elementor-top-column elementor-element elementor-element-ffdbf48\" data-id=\"ffdbf48\" data-element_type=\"column\">\n\t\t\t<div class=\"elementor-widget-wrap elementor-element-populated\">\n\t\t\t\t\t\t<div class=\"elementor-element elementor-element-8e08928 elementor-position-top elementor-widget elementor-widget-image-box\" data-id=\"8e08928\" data-element_type=\"widget\" data-widget_type=\"image-box.default\">\n\t\t\t\t<div class=\"elementor-widget-container\">\n\t\t\t<div class=\"elementor-image-box-wrapper\"><figure class=\"elementor-image-box-img\"><a href=\"https:\/\/www.ufsm.br\/unidades-universitarias\/ctism\/cte\/wp-content\/uploads\/sites\/413\/2018\/12\/02_calculo_tecnico.pdf\" target=\"_blank\" tabindex=\"-1\"><img decoding=\"async\" width=\"227\" height=\"300\" src=\"https:\/\/www.ufsm.br\/app\/uploads\/sites\/413\/2018\/12\/capa-02_calculo_tecnico-227x300.jpg\" class=\"attachment-medium size-medium wp-image-243\" alt=\"\" \/><\/a><\/figure><div class=\"elementor-image-box-content\"><h5 class=\"elementor-image-box-title\"><a href=\"https:\/\/www.ufsm.br\/unidades-universitarias\/ctism\/cte\/wp-content\/uploads\/sites\/413\/2018\/12\/02_calculo_tecnico.pdf\" target=\"_blank\">C\u00e1lculo T\u00e9cnico<\/a><\/h5><\/div><\/div>\t\t<\/div>\n\t\t\t\t<\/div>\n\t\t\t\t\t<\/div>\n\t\t<\/div>\n\t\t\t\t<div class=\"elementor-column elementor-col-33 elementor-top-column elementor-element elementor-element-413638f\" data-id=\"413638f\" data-element_type=\"column\">\n\t\t\t<div class=\"elementor-widget-wrap elementor-element-populated\">\n\t\t\t\t\t\t<div class=\"elementor-element elementor-element-b43bddf elementor-position-top elementor-widget elementor-widget-image-box\" data-id=\"b43bddf\" data-element_type=\"widget\" data-widget_type=\"image-box.default\">\n\t\t\t\t<div class=\"elementor-widget-container\">\n\t\t\t<div class=\"elementor-image-box-wrapper\"><figure class=\"elementor-image-box-img\"><a href=\"https:\/\/www.ufsm.br\/unidades-universitarias\/ctism\/cte\/wp-content\/uploads\/sites\/413\/2018\/12\/03_eletricidade.pdf\" target=\"_blank\" tabindex=\"-1\"><img decoding=\"async\" width=\"227\" height=\"300\" src=\"https:\/\/www.ufsm.br\/app\/uploads\/sites\/413\/2018\/12\/capa-03_eletricidade-227x300.jpg\" class=\"attachment-medium size-medium wp-image-244\" alt=\"\" \/><\/a><\/figure><div class=\"elementor-image-box-content\"><h5 class=\"elementor-image-box-title\"><a href=\"https:\/\/www.ufsm.br\/unidades-universitarias\/ctism\/cte\/wp-content\/uploads\/sites\/413\/2018\/12\/03_eletricidade.pdf\" target=\"_blank\">Eletricidade<\/a><\/h5><\/div><\/div>\t\t<\/div>\n\t\t\t\t<\/div>\n\t\t\t\t\t<\/div>\n\t\t<\/div>\n\t\t\t\t\t<\/div>\n\t\t<\/section>\n\t\t\t\t<section class=\"elementor-section elementor-top-section elementor-element elementor-element-7ded74c elementor-section-boxed elementor-section-height-default elementor-section-height-default\" data-id=\"7ded74c\" data-element_type=\"section\">\n\t\t\t\t\t\t<div class=\"elementor-container elementor-column-gap-default\">\n\t\t\t\t\t<div class=\"elementor-column elementor-col-33 elementor-top-column elementor-element elementor-element-ae0a4fe\" data-id=\"ae0a4fe\" data-element_type=\"column\">\n\t\t\t<div class=\"elementor-widget-wrap elementor-element-populated\">\n\t\t\t\t\t\t<div class=\"elementor-element elementor-element-5a1be27 elementor-position-top elementor-widget elementor-widget-image-box\" data-id=\"5a1be27\" data-element_type=\"widget\" data-widget_type=\"image-box.default\">\n\t\t\t\t<div class=\"elementor-widget-container\">\n\t\t\t<div class=\"elementor-image-box-wrapper\"><figure class=\"elementor-image-box-img\"><a href=\"https:\/\/www.ufsm.br\/unidades-universitarias\/ctism\/cte\/wp-content\/uploads\/sites\/413\/2018\/12\/04_informatica.pdf\" target=\"_blank\" tabindex=\"-1\"><img loading=\"lazy\" decoding=\"async\" width=\"227\" height=\"300\" src=\"https:\/\/www.ufsm.br\/app\/uploads\/sites\/413\/2018\/12\/capa-04_informatica-227x300.jpg\" class=\"attachment-medium size-medium wp-image-245\" alt=\"\" \/><\/a><\/figure><div class=\"elementor-image-box-content\"><h5 class=\"elementor-image-box-title\"><a href=\"https:\/\/www.ufsm.br\/unidades-universitarias\/ctism\/cte\/wp-content\/uploads\/sites\/413\/2018\/12\/04_informatica.pdf\" target=\"_blank\">Inform\u00e1tica<\/a><\/h5><\/div><\/div>\t\t<\/div>\n\t\t\t\t<\/div>\n\t\t\t\t\t<\/div>\n\t\t<\/div>\n\t\t\t\t<div class=\"elementor-column elementor-col-33 elementor-top-column elementor-element elementor-element-33a8cb1\" data-id=\"33a8cb1\" data-element_type=\"column\">\n\t\t\t<div class=\"elementor-widget-wrap elementor-element-populated\">\n\t\t\t\t\t\t<div class=\"elementor-element elementor-element-08a768e elementor-position-top elementor-widget elementor-widget-image-box\" data-id=\"08a768e\" data-element_type=\"widget\" data-widget_type=\"image-box.default\">\n\t\t\t\t<div class=\"elementor-widget-container\">\n\t\t\t<div class=\"elementor-image-box-wrapper\"><figure class=\"elementor-image-box-img\"><a href=\"https:\/\/www.ufsm.br\/unidades-universitarias\/ctism\/cte\/wp-content\/uploads\/sites\/413\/2018\/12\/05_tecnologia_mecanica_ii.pdf\" target=\"_blank\" tabindex=\"-1\"><img loading=\"lazy\" decoding=\"async\" width=\"227\" height=\"300\" src=\"https:\/\/www.ufsm.br\/app\/uploads\/sites\/413\/2018\/12\/capa-05_tecnologia_mecanica_ii-227x300.jpg\" class=\"attachment-medium size-medium wp-image-246\" alt=\"\" \/><\/a><\/figure><div class=\"elementor-image-box-content\"><h5 class=\"elementor-image-box-title\"><a href=\"https:\/\/www.ufsm.br\/unidades-universitarias\/ctism\/cte\/wp-content\/uploads\/sites\/413\/2018\/12\/05_tecnologia_mecanica_ii.pdf\" target=\"_blank\">Tecnologia Mec\u00e2nica II<\/a><\/h5><\/div><\/div>\t\t<\/div>\n\t\t\t\t<\/div>\n\t\t\t\t\t<\/div>\n\t\t<\/div>\n\t\t\t\t<div class=\"elementor-column elementor-col-33 elementor-top-column elementor-element elementor-element-0292899\" data-id=\"0292899\" data-element_type=\"column\">\n\t\t\t<div class=\"elementor-widget-wrap elementor-element-populated\">\n\t\t\t\t\t\t<div class=\"elementor-element elementor-element-5044c35 elementor-position-top elementor-widget elementor-widget-image-box\" data-id=\"5044c35\" data-element_type=\"widget\" data-widget_type=\"image-box.default\">\n\t\t\t\t<div class=\"elementor-widget-container\">\n\t\t\t<div class=\"elementor-image-box-wrapper\"><figure class=\"elementor-image-box-img\"><a href=\"https:\/\/www.ufsm.br\/unidades-universitarias\/ctism\/cte\/wp-content\/uploads\/sites\/413\/2018\/12\/06_automacao_industrial.pdf\" target=\"_blank\" tabindex=\"-1\"><img loading=\"lazy\" decoding=\"async\" width=\"227\" height=\"300\" src=\"https:\/\/www.ufsm.br\/app\/uploads\/sites\/413\/2018\/12\/capa-06_automacao_industrial-227x300.jpg\" class=\"attachment-medium size-medium wp-image-247\" alt=\"\" \/><\/a><\/figure><div class=\"elementor-image-box-content\"><h5 class=\"elementor-image-box-title\"><a href=\"https:\/\/www.ufsm.br\/unidades-universitarias\/ctism\/cte\/wp-content\/uploads\/sites\/413\/2018\/12\/06_automacao_industrial.pdf\" target=\"_blank\">Automa\u00e7\u00e3o Industrial<\/a><\/h5><\/div><\/div>\t\t<\/div>\n\t\t\t\t<\/div>\n\t\t\t\t\t<\/div>\n\t\t<\/div>\n\t\t\t\t\t<\/div>\n\t\t<\/section>\n\t\t\t\t<section class=\"elementor-section elementor-top-section elementor-element elementor-element-06dc006 elementor-section-boxed elementor-section-height-default elementor-section-height-default\" data-id=\"06dc006\" data-element_type=\"section\">\n\t\t\t\t\t\t<div class=\"elementor-container elementor-column-gap-default\">\n\t\t\t\t\t<div class=\"elementor-column elementor-col-33 elementor-top-column elementor-element elementor-element-cb051b3\" data-id=\"cb051b3\" data-element_type=\"column\">\n\t\t\t<div class=\"elementor-widget-wrap elementor-element-populated\">\n\t\t\t\t\t\t<div class=\"elementor-element elementor-element-35b8ad9 elementor-position-top elementor-widget elementor-widget-image-box\" data-id=\"35b8ad9\" data-element_type=\"widget\" data-widget_type=\"image-box.default\">\n\t\t\t\t<div class=\"elementor-widget-container\">\n\t\t\t<div class=\"elementor-image-box-wrapper\"><figure class=\"elementor-image-box-img\"><a href=\"https:\/\/www.ufsm.br\/unidades-universitarias\/ctism\/cte\/wp-content\/uploads\/sites\/413\/2018\/12\/07_relacoes_humanas.pdf\" target=\"_blank\" tabindex=\"-1\"><img loading=\"lazy\" decoding=\"async\" width=\"227\" height=\"300\" src=\"https:\/\/www.ufsm.br\/app\/uploads\/sites\/413\/2018\/12\/capa-07_relacoes_humanas-227x300.jpg\" class=\"attachment-medium size-medium wp-image-248\" alt=\"\" \/><\/a><\/figure><div class=\"elementor-image-box-content\"><h5 class=\"elementor-image-box-title\"><a href=\"https:\/\/www.ufsm.br\/unidades-universitarias\/ctism\/cte\/wp-content\/uploads\/sites\/413\/2018\/12\/07_relacoes_humanas.pdf\" target=\"_blank\">Rela\u00e7\u00f5es Humanas e \u00c9tica<\/a><\/h5><\/div><\/div>\t\t<\/div>\n\t\t\t\t<\/div>\n\t\t\t\t\t<\/div>\n\t\t<\/div>\n\t\t\t\t<div class=\"elementor-column elementor-col-33 elementor-top-column elementor-element elementor-element-027fc73\" data-id=\"027fc73\" data-element_type=\"column\">\n\t\t\t<div class=\"elementor-widget-wrap elementor-element-populated\">\n\t\t\t\t\t\t<div class=\"elementor-element elementor-element-4fef347 elementor-position-top elementor-widget elementor-widget-image-box\" data-id=\"4fef347\" data-element_type=\"widget\" data-widget_type=\"image-box.default\">\n\t\t\t\t<div class=\"elementor-widget-container\">\n\t\t\t<div class=\"elementor-image-box-wrapper\"><figure class=\"elementor-image-box-img\"><a href=\"https:\/\/www.ufsm.br\/app\/uploads\/sites\/413\/2022\/12\/arte_tecnologia_mecanica_I.pdf\" target=\"_blank\" tabindex=\"-1\"><img loading=\"lazy\" decoding=\"async\" width=\"213\" height=\"300\" src=\"https:\/\/www.ufsm.br\/app\/uploads\/sites\/413\/2022\/12\/capa_tecnologia_mecanica_I-213x300.jpg\" class=\"attachment-medium size-medium wp-image-681\" alt=\"\" srcset=\"https:\/\/www.ufsm.br\/app\/uploads\/sites\/413\/2022\/12\/capa_tecnologia_mecanica_I-213x300.jpg 213w, https:\/\/www.ufsm.br\/app\/uploads\/sites\/413\/2022\/12\/capa_tecnologia_mecanica_I-728x1024.jpg 728w, https:\/\/www.ufsm.br\/app\/uploads\/sites\/413\/2022\/12\/capa_tecnologia_mecanica_I.jpg 733w\" sizes=\"(max-width: 213px) 100vw, 213px\" \/><\/a><\/figure><div class=\"elementor-image-box-content\"><h5 class=\"elementor-image-box-title\"><a href=\"https:\/\/www.ufsm.br\/app\/uploads\/sites\/413\/2022\/12\/arte_tecnologia_mecanica_I.pdf\" target=\"_blank\">Tecnologia Mec\u00e2nica I<\/a><\/h5><\/div><\/div>\t\t<\/div>\n\t\t\t\t<\/div>\n\t\t\t\t\t<\/div>\n\t\t<\/div>\n\t\t\t\t<div class=\"elementor-column elementor-col-33 elementor-top-column elementor-element elementor-element-5ac0da0\" data-id=\"5ac0da0\" data-element_type=\"column\">\n\t\t\t<div class=\"elementor-widget-wrap\">\n\t\t\t\t\t\t\t<\/div>\n\t\t<\/div>\n\t\t\t\t\t<\/div>\n\t\t<\/section>\n\t\t\t\t<\/div>\n\t\t","protected":false},"excerpt":{"rendered":"<p>Elementos de M\u00e1quinas C\u00e1lculo T\u00e9cnico Eletricidade Inform\u00e1tica Tecnologia Mec\u00e2nica II Automa\u00e7\u00e3o Industrial Rela\u00e7\u00f5es Humanas e \u00c9tica Tecnologia Mec\u00e2nica I<\/p>\n","protected":false},"author":262,"featured_media":0,"parent":0,"menu_order":0,"comment_status":"closed","ping_status":"closed","template":"","meta":{"footnotes":""},"categories":[],"tags":[],"class_list":["post-123","page","type-page","status-publish","hentry"],"acf":[],"_links":{"self":[{"href":"https:\/\/www.ufsm.br\/unidades-universitarias\/ctism\/cte\/wp-json\/wp\/v2\/pages\/123","targetHints":{"allow":["GET"]}}],"collection":[{"href":"https:\/\/www.ufsm.br\/unidades-universitarias\/ctism\/cte\/wp-json\/wp\/v2\/pages"}],"about":[{"href":"https:\/\/www.ufsm.br\/unidades-universitarias\/ctism\/cte\/wp-json\/wp\/v2\/types\/page"}],"author":[{"embeddable":true,"href":"https:\/\/www.ufsm.br\/unidades-universitarias\/ctism\/cte\/wp-json\/wp\/v2\/users\/262"}],"replies":[{"embeddable":true,"href":"https:\/\/www.ufsm.br\/unidades-universitarias\/ctism\/cte\/wp-json\/wp\/v2\/comments?post=123"}],"version-history":[{"count":0,"href":"https:\/\/www.ufsm.br\/unidades-universitarias\/ctism\/cte\/wp-json\/wp\/v2\/pages\/123\/revisions"}],"wp:attachment":[{"href":"https:\/\/www.ufsm.br\/unidades-universitarias\/ctism\/cte\/wp-json\/wp\/v2\/media?parent=123"}],"wp:term":[{"taxonomy":"category","embeddable":true,"href":"https:\/\/www.ufsm.br\/unidades-universitarias\/ctism\/cte\/wp-json\/wp\/v2\/categories?post=123"},{"taxonomy":"post_tag","embeddable":true,"href":"https:\/\/www.ufsm.br\/unidades-universitarias\/ctism\/cte\/wp-json\/wp\/v2\/tags?post=123"}],"curies":[{"name":"wp","href":"https:\/\/api.w.org\/{rel}","templated":true}]}}