{"id":27,"date":"2018-09-26T18:06:50","date_gmt":"2018-09-26T21:06:50","guid":{"rendered":"https:\/\/www.ufsm.br\/unidades-universitarias\/ctism\/cte\/?page_id=27"},"modified":"2018-11-29T13:22:53","modified_gmt":"2018-11-29T15:22:53","slug":"seguranca-do-trabalho","status":"publish","type":"page","link":"https:\/\/www.ufsm.br\/unidades-universitarias\/ctism\/cte\/seguranca-do-trabalho","title":{"rendered":"Seguran\u00e7a do Trabalho &#8211; CTISM"},"content":{"rendered":"\t\t<div data-elementor-type=\"wp-post\" data-elementor-id=\"27\" class=\"elementor elementor-27 elementor-bc-flex-widget\">\n\t\t\t\t\t\t<section class=\"elementor-section elementor-top-section elementor-element elementor-element-cd0b36c elementor-section-boxed elementor-section-height-default elementor-section-height-default\" data-id=\"cd0b36c\" data-element_type=\"section\">\n\t\t\t\t\t\t<div class=\"elementor-container elementor-column-gap-default\">\n\t\t\t\t\t<div class=\"elementor-column elementor-col-25 elementor-top-column elementor-element elementor-element-02c15ab\" data-id=\"02c15ab\" data-element_type=\"column\">\n\t\t\t<div class=\"elementor-widget-wrap elementor-element-populated\">\n\t\t\t\t\t\t<div class=\"elementor-element elementor-element-49bebff elementor-widget elementor-widget-text-editor\" data-id=\"49bebff\" data-element_type=\"widget\" data-widget_type=\"text-editor.default\">\n\t\t\t\t<div class=\"elementor-widget-container\">\n\t\t\t\t\t\t\t<p><iframe src=\"https:\/\/farol.ufsm.br\/video\/embed\/seguranca-do-trabalho-ctism-instrumentacao-3\/\" width=\"240\" height=\"160\" frameborder=\"0\" allowfullscreen=\"allowfullscreen\"><\/iframe><br \/>Seguran\u00e7a do Trabalho &#8211; CTISM &#8211; Instrumenta\u00e7\u00e3o\u00a0<\/p>\t\t\t\t\t\t<\/div>\n\t\t\t\t<\/div>\n\t\t\t\t\t<\/div>\n\t\t<\/div>\n\t\t\t\t<div class=\"elementor-column elementor-col-25 elementor-top-column elementor-element elementor-element-ac70a34\" data-id=\"ac70a34\" data-element_type=\"column\">\n\t\t\t<div class=\"elementor-widget-wrap elementor-element-populated\">\n\t\t\t\t\t\t<div class=\"elementor-element elementor-element-7fcb960 elementor-widget elementor-widget-text-editor\" data-id=\"7fcb960\" data-element_type=\"widget\" data-widget_type=\"text-editor.default\">\n\t\t\t\t<div class=\"elementor-widget-container\">\n\t\t\t\t\t\t\t<p><iframe src=\"https:\/\/farol.ufsm.br\/video\/embed\/seguranca-do-trabalho-ctism-instrumentacao-1\/\" width=\"240\" height=\"160\" frameborder=\"0\" allowfullscreen=\"allowfullscreen\"><\/iframe>Seguran\u00e7a do Trabalho &#8211; CTISM &#8211; Instrumenta\u00e7\u00e3o\u00a0<\/p>\t\t\t\t\t\t<\/div>\n\t\t\t\t<\/div>\n\t\t\t\t\t<\/div>\n\t\t<\/div>\n\t\t\t\t<div class=\"elementor-column elementor-col-25 elementor-top-column elementor-element elementor-element-71e0b36\" data-id=\"71e0b36\" data-element_type=\"column\">\n\t\t\t<div class=\"elementor-widget-wrap elementor-element-populated\">\n\t\t\t\t\t\t<div class=\"elementor-element elementor-element-b797920 elementor-widget elementor-widget-text-editor\" data-id=\"b797920\" data-element_type=\"widget\" data-widget_type=\"text-editor.default\">\n\t\t\t\t<div class=\"elementor-widget-container\">\n\t\t\t\t\t\t\t<p><iframe src=\"https:\/\/farol.ufsm.br\/video\/embed\/seguranca-do-trabalho-ctism-instrumentacao-2\/\" width=\"240\" height=\"160\" frameborder=\"0\" allowfullscreen=\"allowfullscreen\"><\/iframe>Seguran\u00e7a do Trabalho &#8211; CTISM &#8211; Instrumenta\u00e7\u00e3o<\/p>\t\t\t\t\t\t<\/div>\n\t\t\t\t<\/div>\n\t\t\t\t\t<\/div>\n\t\t<\/div>\n\t\t\t\t<div class=\"elementor-column elementor-col-25 elementor-top-column elementor-element elementor-element-4f892cb\" data-id=\"4f892cb\" data-element_type=\"column\">\n\t\t\t<div class=\"elementor-widget-wrap elementor-element-populated\">\n\t\t\t\t\t\t<div class=\"elementor-element elementor-element-136d558 elementor-widget elementor-widget-text-editor\" data-id=\"136d558\" data-element_type=\"widget\" data-widget_type=\"text-editor.default\">\n\t\t\t\t<div class=\"elementor-widget-container\">\n\t\t\t\t\t\t\t<p><iframe src=\"https:\/\/farol.ufsm.br\/video\/embed\/seguranca-do-trabalho-ctism-higiene-ocupacional-ii-2\/\" width=\"240\" height=\"160\" frameborder=\"0\" allowfullscreen=\"allowfullscreen\"><\/iframe>Seguran\u00e7a do Trabalho &#8211; CTISM &#8211; Instrumenta\u00e7\u00e3o<\/p>\t\t\t\t\t\t<\/div>\n\t\t\t\t<\/div>\n\t\t\t\t\t<\/div>\n\t\t<\/div>\n\t\t\t\t\t<\/div>\n\t\t<\/section>\n\t\t\t\t<section class=\"elementor-section elementor-top-section elementor-element elementor-element-f0adb96 elementor-section-boxed elementor-section-height-default elementor-section-height-default\" data-id=\"f0adb96\" data-element_type=\"section\">\n\t\t\t\t\t\t<div class=\"elementor-container elementor-column-gap-default\">\n\t\t\t\t\t<div class=\"elementor-column elementor-col-25 elementor-top-column elementor-element elementor-element-aa8c741\" data-id=\"aa8c741\" data-element_type=\"column\">\n\t\t\t<div class=\"elementor-widget-wrap elementor-element-populated\">\n\t\t\t\t\t\t<div class=\"elementor-element elementor-element-eca33b5 elementor-widget elementor-widget-text-editor\" data-id=\"eca33b5\" data-element_type=\"widget\" data-widget_type=\"text-editor.default\">\n\t\t\t\t<div class=\"elementor-widget-container\">\n\t\t\t\t\t\t\t<p><iframe src=\"https:\/\/farol.ufsm.br\/video\/embed\/seguranca-do-trabalho-ctism-instrumentacao\/\" width=\"240\" height=\"160\" frameborder=\"0\" allowfullscreen=\"allowfullscreen\"><\/iframe>Seguran\u00e7a do Trabalho &#8211; CTISM &#8211; Instrumenta\u00e7\u00e3o\u00a0<\/p>\t\t\t\t\t\t<\/div>\n\t\t\t\t<\/div>\n\t\t\t\t\t<\/div>\n\t\t<\/div>\n\t\t\t\t<div class=\"elementor-column elementor-col-25 elementor-top-column elementor-element elementor-element-106c8e5\" data-id=\"106c8e5\" data-element_type=\"column\">\n\t\t\t<div class=\"elementor-widget-wrap elementor-element-populated\">\n\t\t\t\t\t\t<div class=\"elementor-element elementor-element-7f716f7 elementor-widget elementor-widget-text-editor\" data-id=\"7f716f7\" data-element_type=\"widget\" data-widget_type=\"text-editor.default\">\n\t\t\t\t<div class=\"elementor-widget-container\">\n\t\t\t\t\t\t\t<p><iframe src=\"https:\/\/farol.ufsm.br\/video\/embed\/seguranca-do-trabalho-ctism-higiene-ocupacional-ii-1\/\" width=\"240\" height=\"160\" frameborder=\"0\" allowfullscreen=\"allowfullscreen\"><\/iframe>Seguran\u00e7a do Trabalho &#8211; CTISM &#8211; Higiene Ocupacional II<\/p><div class=\"video-info\">\u00a0<\/div>\t\t\t\t\t\t<\/div>\n\t\t\t\t<\/div>\n\t\t\t\t\t<\/div>\n\t\t<\/div>\n\t\t\t\t<div class=\"elementor-column elementor-col-25 elementor-top-column elementor-element elementor-element-3acd085\" data-id=\"3acd085\" data-element_type=\"column\">\n\t\t\t<div class=\"elementor-widget-wrap elementor-element-populated\">\n\t\t\t\t\t\t<div class=\"elementor-element elementor-element-0894b29 elementor-widget elementor-widget-text-editor\" data-id=\"0894b29\" data-element_type=\"widget\" data-widget_type=\"text-editor.default\">\n\t\t\t\t<div class=\"elementor-widget-container\">\n\t\t\t\t\t\t\t<p><iframe src=\"https:\/\/farol.ufsm.br\/video\/embed\/seguranca-do-trabalho-ctism-instrumentacao-1\/\" width=\"240\" height=\"160\" frameborder=\"0\" allowfullscreen=\"allowfullscreen\"><\/iframe>Seguran\u00e7a do Trabalho &#8211; CTISM &#8211; Instrumenta\u00e7\u00e3o\u00a0<\/p>\t\t\t\t\t\t<\/div>\n\t\t\t\t<\/div>\n\t\t\t\t\t<\/div>\n\t\t<\/div>\n\t\t\t\t<div class=\"elementor-column elementor-col-25 elementor-top-column elementor-element elementor-element-2593e81\" data-id=\"2593e81\" data-element_type=\"column\">\n\t\t\t<div class=\"elementor-widget-wrap elementor-element-populated\">\n\t\t\t\t\t\t<div class=\"elementor-element elementor-element-8ac8f3d elementor-widget elementor-widget-text-editor\" data-id=\"8ac8f3d\" data-element_type=\"widget\" data-widget_type=\"text-editor.default\">\n\t\t\t\t<div class=\"elementor-widget-container\">\n\t\t\t\t\t\t\t<p><iframe src=\"https:\/\/farol.ufsm.br\/video\/embed\/seguranca-do-trabalho-ctism-instrumentacao-1\/\" width=\"240\" height=\"160\" frameborder=\"0\" allowfullscreen=\"allowfullscreen\"><\/iframe>Seguran\u00e7a do Trabalho &#8211; CTISM &#8211; Instrumenta\u00e7\u00e3o\u00a0<\/p>\t\t\t\t\t\t<\/div>\n\t\t\t\t<\/div>\n\t\t\t\t\t<\/div>\n\t\t<\/div>\n\t\t\t\t\t<\/div>\n\t\t<\/section>\n\t\t\t\t<section class=\"elementor-section elementor-top-section elementor-element elementor-element-d409886 elementor-section-boxed elementor-section-height-default elementor-section-height-default\" data-id=\"d409886\" data-element_type=\"section\">\n\t\t\t\t\t\t<div class=\"elementor-container elementor-column-gap-default\">\n\t\t\t\t\t<div class=\"elementor-column elementor-col-25 elementor-top-column elementor-element elementor-element-e8f1ef4\" data-id=\"e8f1ef4\" data-element_type=\"column\">\n\t\t\t<div class=\"elementor-widget-wrap elementor-element-populated\">\n\t\t\t\t\t\t<div class=\"elementor-element elementor-element-1065554 elementor-widget elementor-widget-text-editor\" data-id=\"1065554\" data-element_type=\"widget\" data-widget_type=\"text-editor.default\">\n\t\t\t\t<div class=\"elementor-widget-container\">\n\t\t\t\t\t\t\t<p><iframe src=\"https:\/\/farol.ufsm.br\/video\/embed\/seguranca-do-trabalho-ctism-instrumentacao-1\/\" width=\"240\" height=\"160\" frameborder=\"0\" allowfullscreen=\"allowfullscreen\"><\/iframe>Seguran\u00e7a do Trabalho &#8211; CTISM &#8211; Instrumenta\u00e7\u00e3o\u00a0<\/p>\t\t\t\t\t\t<\/div>\n\t\t\t\t<\/div>\n\t\t\t\t\t<\/div>\n\t\t<\/div>\n\t\t\t\t<div class=\"elementor-column elementor-col-25 elementor-top-column elementor-element elementor-element-6fb5af8\" data-id=\"6fb5af8\" data-element_type=\"column\">\n\t\t\t<div class=\"elementor-widget-wrap elementor-element-populated\">\n\t\t\t\t\t\t<div class=\"elementor-element elementor-element-36557a8 elementor-widget elementor-widget-text-editor\" data-id=\"36557a8\" data-element_type=\"widget\" data-widget_type=\"text-editor.default\">\n\t\t\t\t<div class=\"elementor-widget-container\">\n\t\t\t\t\t\t\t<p><iframe src=\"https:\/\/farol.ufsm.br\/video\/embed\/seguranca-do-trabalho-ctism-instrumentacao-1\/\" width=\"240\" height=\"160\" frameborder=\"0\" allowfullscreen=\"allowfullscreen\"><\/iframe>Seguran\u00e7a do Trabalho &#8211; CTISM &#8211; Instrumenta\u00e7\u00e3o\u00a0<\/p>\t\t\t\t\t\t<\/div>\n\t\t\t\t<\/div>\n\t\t\t\t\t<\/div>\n\t\t<\/div>\n\t\t\t\t<div class=\"elementor-column elementor-col-25 elementor-top-column elementor-element elementor-element-bfe5676\" data-id=\"bfe5676\" data-element_type=\"column\">\n\t\t\t<div class=\"elementor-widget-wrap elementor-element-populated\">\n\t\t\t\t\t\t<div class=\"elementor-element elementor-element-ca73a14 elementor-widget elementor-widget-text-editor\" data-id=\"ca73a14\" data-element_type=\"widget\" data-widget_type=\"text-editor.default\">\n\t\t\t\t<div class=\"elementor-widget-container\">\n\t\t\t\t\t\t\t<p><iframe src=\"https:\/\/farol.ufsm.br\/video\/embed\/seguranca-do-trabalho-ctism-instrumentacao-1\/\" width=\"240\" height=\"160\" frameborder=\"0\" allowfullscreen=\"allowfullscreen\"><\/iframe>Seguran\u00e7a do Trabalho &#8211; CTISM &#8211; Instrumenta\u00e7\u00e3o\u00a0<\/p>\t\t\t\t\t\t<\/div>\n\t\t\t\t<\/div>\n\t\t\t\t\t<\/div>\n\t\t<\/div>\n\t\t\t\t<div class=\"elementor-column elementor-col-25 elementor-top-column elementor-element elementor-element-7f1ead9\" data-id=\"7f1ead9\" data-element_type=\"column\">\n\t\t\t<div class=\"elementor-widget-wrap elementor-element-populated\">\n\t\t\t\t\t\t<div class=\"elementor-element elementor-element-3f7dbb2 elementor-widget elementor-widget-text-editor\" data-id=\"3f7dbb2\" data-element_type=\"widget\" data-widget_type=\"text-editor.default\">\n\t\t\t\t<div class=\"elementor-widget-container\">\n\t\t\t\t\t\t\t<p><iframe src=\"https:\/\/farol.ufsm.br\/video\/embed\/seguranca-do-trabalho-ctism-instrumentacao-1\/\" width=\"240\" height=\"160\" frameborder=\"0\" allowfullscreen=\"allowfullscreen\"><\/iframe>Seguran\u00e7a do Trabalho &#8211; CTISM &#8211; Instrumenta\u00e7\u00e3o\u00a0<\/p>\t\t\t\t\t\t<\/div>\n\t\t\t\t<\/div>\n\t\t\t\t\t<\/div>\n\t\t<\/div>\n\t\t\t\t\t<\/div>\n\t\t<\/section>\n\t\t\t\t<\/div>\n\t\t","protected":false},"excerpt":{"rendered":"<p>Seguran\u00e7a do Trabalho &#8211; CTISM &#8211; Instrumenta\u00e7\u00e3o\u00a0 Seguran\u00e7a do Trabalho &#8211; CTISM &#8211; Instrumenta\u00e7\u00e3o\u00a0 Seguran\u00e7a do Trabalho &#8211; CTISM &#8211; Instrumenta\u00e7\u00e3o Seguran\u00e7a do Trabalho &#8211; CTISM &#8211; Instrumenta\u00e7\u00e3o Seguran\u00e7a do Trabalho &#8211; CTISM &#8211; Instrumenta\u00e7\u00e3o\u00a0 Seguran\u00e7a do Trabalho &#8211; CTISM &#8211; Higiene Ocupacional II \u00a0 Seguran\u00e7a do Trabalho &#8211; CTISM &#8211; Instrumenta\u00e7\u00e3o\u00a0 Seguran\u00e7a do Trabalho [&hellip;]<\/p>\n","protected":false},"author":118,"featured_media":0,"parent":0,"menu_order":0,"comment_status":"closed","ping_status":"closed","template":"","meta":{"footnotes":""},"categories":[],"tags":[],"class_list":["post-27","page","type-page","status-publish","hentry"],"acf":[],"_links":{"self":[{"href":"https:\/\/www.ufsm.br\/unidades-universitarias\/ctism\/cte\/wp-json\/wp\/v2\/pages\/27","targetHints":{"allow":["GET"]}}],"collection":[{"href":"https:\/\/www.ufsm.br\/unidades-universitarias\/ctism\/cte\/wp-json\/wp\/v2\/pages"}],"about":[{"href":"https:\/\/www.ufsm.br\/unidades-universitarias\/ctism\/cte\/wp-json\/wp\/v2\/types\/page"}],"author":[{"embeddable":true,"href":"https:\/\/www.ufsm.br\/unidades-universitarias\/ctism\/cte\/wp-json\/wp\/v2\/users\/118"}],"replies":[{"embeddable":true,"href":"https:\/\/www.ufsm.br\/unidades-universitarias\/ctism\/cte\/wp-json\/wp\/v2\/comments?post=27"}],"version-history":[{"count":0,"href":"https:\/\/www.ufsm.br\/unidades-universitarias\/ctism\/cte\/wp-json\/wp\/v2\/pages\/27\/revisions"}],"wp:attachment":[{"href":"https:\/\/www.ufsm.br\/unidades-universitarias\/ctism\/cte\/wp-json\/wp\/v2\/media?parent=27"}],"wp:term":[{"taxonomy":"category","embeddable":true,"href":"https:\/\/www.ufsm.br\/unidades-universitarias\/ctism\/cte\/wp-json\/wp\/v2\/categories?post=27"},{"taxonomy":"post_tag","embeddable":true,"href":"https:\/\/www.ufsm.br\/unidades-universitarias\/ctism\/cte\/wp-json\/wp\/v2\/tags?post=27"}],"curies":[{"name":"wp","href":"https:\/\/api.w.org\/{rel}","templated":true}]}}