{"id":294,"date":"2018-12-03T10:34:52","date_gmt":"2018-12-03T12:34:52","guid":{"rendered":"https:\/\/www.ufsm.br\/unidades-universitarias\/ctism\/cte\/?page_id=294"},"modified":"2018-12-12T15:45:06","modified_gmt":"2018-12-12T17:45:06","slug":"outros-ifsul-tecnico-em-biocombustivel","status":"publish","type":"page","link":"https:\/\/www.ufsm.br\/unidades-universitarias\/ctism\/cte\/outros-ifsul-tecnico-em-biocombustivel","title":{"rendered":"RE &#8211; Apostilas &#8211; T\u00e9cnico em Biocombust\u00edvel"},"content":{"rendered":"\t\t<div data-elementor-type=\"wp-post\" data-elementor-id=\"294\" class=\"elementor elementor-294 elementor-bc-flex-widget\">\n\t\t\t\t\t\t<section class=\"elementor-section elementor-top-section elementor-element elementor-element-f867025 elementor-section-boxed elementor-section-height-default elementor-section-height-default\" data-id=\"f867025\" data-element_type=\"section\">\n\t\t\t\t\t\t<div class=\"elementor-container elementor-column-gap-default\">\n\t\t\t\t\t<div class=\"elementor-column elementor-col-33 elementor-top-column elementor-element elementor-element-154d602\" data-id=\"154d602\" data-element_type=\"column\">\n\t\t\t<div class=\"elementor-widget-wrap elementor-element-populated\">\n\t\t\t\t\t\t<div class=\"elementor-element elementor-element-64b9006 elementor-position-top elementor-widget elementor-widget-image-box\" data-id=\"64b9006\" data-element_type=\"widget\" data-widget_type=\"image-box.default\">\n\t\t\t\t<div class=\"elementor-widget-container\">\n\t\t\t<div class=\"elementor-image-box-wrapper\"><figure class=\"elementor-image-box-img\"><a href=\"https:\/\/www.ufsm.br\/unidades-universitarias\/ctism\/cte\/wp-content\/uploads\/sites\/413\/2018\/12\/quimica_i.pdf\" target=\"_blank\" tabindex=\"-1\"><img fetchpriority=\"high\" decoding=\"async\" width=\"227\" height=\"300\" src=\"https:\/\/www.ufsm.br\/app\/uploads\/sites\/413\/2018\/12\/frente-quimica_i-227x300.jpg\" class=\"attachment-medium size-medium wp-image-289\" alt=\"\" \/><\/a><\/figure><div class=\"elementor-image-box-content\"><h5 class=\"elementor-image-box-title\"><a href=\"https:\/\/www.ufsm.br\/unidades-universitarias\/ctism\/cte\/wp-content\/uploads\/sites\/413\/2018\/12\/quimica_i.pdf\" target=\"_blank\">Qu\u00edmica I<\/a><\/h5><\/div><\/div>\t\t<\/div>\n\t\t\t\t<\/div>\n\t\t\t\t\t<\/div>\n\t\t<\/div>\n\t\t\t\t<div class=\"elementor-column elementor-col-33 elementor-top-column elementor-element elementor-element-31dafe0\" data-id=\"31dafe0\" data-element_type=\"column\">\n\t\t\t<div class=\"elementor-widget-wrap elementor-element-populated\">\n\t\t\t\t\t\t<div class=\"elementor-element elementor-element-4772e3b elementor-position-top elementor-widget elementor-widget-image-box\" data-id=\"4772e3b\" data-element_type=\"widget\" data-widget_type=\"image-box.default\">\n\t\t\t\t<div class=\"elementor-widget-container\">\n\t\t\t<div class=\"elementor-image-box-wrapper\"><figure class=\"elementor-image-box-img\"><a href=\"https:\/\/www.ufsm.br\/unidades-universitarias\/ctism\/cte\/wp-content\/uploads\/sites\/413\/2018\/12\/quimica_ii.pdf\" target=\"_blank\" tabindex=\"-1\"><img decoding=\"async\" width=\"227\" height=\"300\" src=\"https:\/\/www.ufsm.br\/app\/uploads\/sites\/413\/2018\/12\/frente-quimica_ii-227x300.jpg\" class=\"attachment-medium size-medium wp-image-290\" alt=\"\" \/><\/a><\/figure><div class=\"elementor-image-box-content\"><h5 class=\"elementor-image-box-title\"><a href=\"https:\/\/www.ufsm.br\/unidades-universitarias\/ctism\/cte\/wp-content\/uploads\/sites\/413\/2018\/12\/quimica_ii.pdf\" target=\"_blank\">Qu\u00edmica II<\/a><\/h5><\/div><\/div>\t\t<\/div>\n\t\t\t\t<\/div>\n\t\t\t\t\t<\/div>\n\t\t<\/div>\n\t\t\t\t<div class=\"elementor-column elementor-col-33 elementor-top-column elementor-element elementor-element-5f4cd26\" data-id=\"5f4cd26\" data-element_type=\"column\">\n\t\t\t<div class=\"elementor-widget-wrap elementor-element-populated\">\n\t\t\t\t\t\t<div class=\"elementor-element elementor-element-4bf4be6 elementor-position-top elementor-widget elementor-widget-image-box\" data-id=\"4bf4be6\" data-element_type=\"widget\" data-widget_type=\"image-box.default\">\n\t\t\t\t<div class=\"elementor-widget-container\">\n\t\t\t<div class=\"elementor-image-box-wrapper\"><figure class=\"elementor-image-box-img\"><a href=\"https:\/\/www.ufsm.br\/unidades-universitarias\/ctism\/cte\/wp-content\/uploads\/sites\/413\/2018\/12\/bioquimica.pdf\" target=\"_blank\" tabindex=\"-1\"><img decoding=\"async\" width=\"227\" height=\"300\" src=\"https:\/\/www.ufsm.br\/app\/uploads\/sites\/413\/2018\/12\/frente-bioquimica-227x300.jpg\" class=\"attachment-medium size-medium wp-image-285\" alt=\"\" \/><\/a><\/figure><div class=\"elementor-image-box-content\"><h5 class=\"elementor-image-box-title\"><a href=\"https:\/\/www.ufsm.br\/unidades-universitarias\/ctism\/cte\/wp-content\/uploads\/sites\/413\/2018\/12\/bioquimica.pdf\" target=\"_blank\">Bioqu\u00edmica<\/a><\/h5><\/div><\/div>\t\t<\/div>\n\t\t\t\t<\/div>\n\t\t\t\t\t<\/div>\n\t\t<\/div>\n\t\t\t\t\t<\/div>\n\t\t<\/section>\n\t\t\t\t<section class=\"elementor-section elementor-top-section elementor-element elementor-element-23c58d5 elementor-section-boxed elementor-section-height-default elementor-section-height-default\" data-id=\"23c58d5\" data-element_type=\"section\">\n\t\t\t\t\t\t<div class=\"elementor-container elementor-column-gap-default\">\n\t\t\t\t\t<div class=\"elementor-column elementor-col-33 elementor-top-column elementor-element elementor-element-a777641\" data-id=\"a777641\" data-element_type=\"column\">\n\t\t\t<div class=\"elementor-widget-wrap elementor-element-populated\">\n\t\t\t\t\t\t<div class=\"elementor-element elementor-element-998e605 elementor-position-top elementor-widget elementor-widget-image-box\" data-id=\"998e605\" data-element_type=\"widget\" data-widget_type=\"image-box.default\">\n\t\t\t\t<div class=\"elementor-widget-container\">\n\t\t\t<div class=\"elementor-image-box-wrapper\"><figure class=\"elementor-image-box-img\"><a href=\"https:\/\/www.ufsm.br\/unidades-universitarias\/ctism\/cte\/wp-content\/uploads\/sites\/413\/2018\/12\/motores_combustao_interna_e_seus_sistemas.pdf\" target=\"_blank\" tabindex=\"-1\"><img loading=\"lazy\" decoding=\"async\" width=\"227\" height=\"300\" src=\"https:\/\/www.ufsm.br\/app\/uploads\/sites\/413\/2018\/12\/frente-motores-combustao_interna_e_seus_sistemas-227x300.jpg\" class=\"attachment-medium size-medium wp-image-288\" alt=\"\" \/><\/a><\/figure><div class=\"elementor-image-box-content\"><h5 class=\"elementor-image-box-title\"><a href=\"https:\/\/www.ufsm.br\/unidades-universitarias\/ctism\/cte\/wp-content\/uploads\/sites\/413\/2018\/12\/motores_combustao_interna_e_seus_sistemas.pdf\" target=\"_blank\">Motores de Combust\u00e3o Interna e seus Sistemas<\/a><\/h5><\/div><\/div>\t\t<\/div>\n\t\t\t\t<\/div>\n\t\t\t\t\t<\/div>\n\t\t<\/div>\n\t\t\t\t<div class=\"elementor-column elementor-col-33 elementor-top-column elementor-element elementor-element-426ca7a\" data-id=\"426ca7a\" data-element_type=\"column\">\n\t\t\t<div class=\"elementor-widget-wrap elementor-element-populated\">\n\t\t\t\t\t\t<div class=\"elementor-element elementor-element-695ad38 elementor-position-top elementor-widget elementor-widget-image-box\" data-id=\"695ad38\" data-element_type=\"widget\" data-widget_type=\"image-box.default\">\n\t\t\t\t<div class=\"elementor-widget-container\">\n\t\t\t<div class=\"elementor-image-box-wrapper\"><figure class=\"elementor-image-box-img\"><a href=\"https:\/\/www.ufsm.br\/unidades-universitarias\/ctism\/cte\/wp-content\/uploads\/sites\/413\/2018\/12\/fundamentos_ecologia_tecnologia_tratamento_residuos.pdf\" target=\"_blank\" tabindex=\"-1\"><img loading=\"lazy\" decoding=\"async\" width=\"227\" height=\"300\" src=\"https:\/\/www.ufsm.br\/app\/uploads\/sites\/413\/2018\/12\/frente-fundamentos_ecologia_tecnologia_tratamento_residuos-227x300.jpg\" class=\"attachment-medium size-medium wp-image-287\" alt=\"\" \/><\/a><\/figure><div class=\"elementor-image-box-content\"><h5 class=\"elementor-image-box-title\"><a href=\"https:\/\/www.ufsm.br\/unidades-universitarias\/ctism\/cte\/wp-content\/uploads\/sites\/413\/2018\/12\/fundamentos_ecologia_tecnologia_tratamento_residuos.pdf\" target=\"_blank\">Fundamentos de Ecologia e Tecnologia de Tratamento de Res\u00edduos<\/a><\/h5><\/div><\/div>\t\t<\/div>\n\t\t\t\t<\/div>\n\t\t\t\t\t<\/div>\n\t\t<\/div>\n\t\t\t\t<div class=\"elementor-column elementor-col-33 elementor-top-column elementor-element elementor-element-e455d07\" data-id=\"e455d07\" data-element_type=\"column\">\n\t\t\t<div class=\"elementor-widget-wrap elementor-element-populated\">\n\t\t\t\t\t\t<div class=\"elementor-element elementor-element-a24e912 elementor-position-top elementor-widget elementor-widget-image-box\" data-id=\"a24e912\" data-element_type=\"widget\" data-widget_type=\"image-box.default\">\n\t\t\t\t<div class=\"elementor-widget-container\">\n\t\t\t<div class=\"elementor-image-box-wrapper\"><figure class=\"elementor-image-box-img\"><a href=\"https:\/\/www.ufsm.br\/unidades-universitarias\/ctism\/cte\/wp-content\/uploads\/sites\/413\/2018\/12\/cooperativismo.pdf\" target=\"_blank\" tabindex=\"-1\"><img loading=\"lazy\" decoding=\"async\" width=\"227\" height=\"300\" src=\"https:\/\/www.ufsm.br\/app\/uploads\/sites\/413\/2018\/12\/frente-cooperativismo-227x300.jpg\" class=\"attachment-medium size-medium wp-image-286\" alt=\"\" \/><\/a><\/figure><div class=\"elementor-image-box-content\"><h5 class=\"elementor-image-box-title\"><a href=\"https:\/\/www.ufsm.br\/unidades-universitarias\/ctism\/cte\/wp-content\/uploads\/sites\/413\/2018\/12\/cooperativismo.pdf\" target=\"_blank\">Cooperativismo<\/a><\/h5><\/div><\/div>\t\t<\/div>\n\t\t\t\t<\/div>\n\t\t\t\t\t<\/div>\n\t\t<\/div>\n\t\t\t\t\t<\/div>\n\t\t<\/section>\n\t\t\t\t<\/div>\n\t\t","protected":false},"excerpt":{"rendered":"<p>Qu\u00edmica I Qu\u00edmica II Bioqu\u00edmica Motores de Combust\u00e3o Interna e seus Sistemas Fundamentos de Ecologia e Tecnologia de Tratamento de Res\u00edduos Cooperativismo<\/p>\n","protected":false},"author":263,"featured_media":0,"parent":0,"menu_order":0,"comment_status":"closed","ping_status":"closed","template":"","meta":{"footnotes":""},"categories":[],"tags":[],"class_list":["post-294","page","type-page","status-publish","hentry"],"acf":[],"_links":{"self":[{"href":"https:\/\/www.ufsm.br\/unidades-universitarias\/ctism\/cte\/wp-json\/wp\/v2\/pages\/294","targetHints":{"allow":["GET"]}}],"collection":[{"href":"https:\/\/www.ufsm.br\/unidades-universitarias\/ctism\/cte\/wp-json\/wp\/v2\/pages"}],"about":[{"href":"https:\/\/www.ufsm.br\/unidades-universitarias\/ctism\/cte\/wp-json\/wp\/v2\/types\/page"}],"author":[{"embeddable":true,"href":"https:\/\/www.ufsm.br\/unidades-universitarias\/ctism\/cte\/wp-json\/wp\/v2\/users\/263"}],"replies":[{"embeddable":true,"href":"https:\/\/www.ufsm.br\/unidades-universitarias\/ctism\/cte\/wp-json\/wp\/v2\/comments?post=294"}],"version-history":[{"count":0,"href":"https:\/\/www.ufsm.br\/unidades-universitarias\/ctism\/cte\/wp-json\/wp\/v2\/pages\/294\/revisions"}],"wp:attachment":[{"href":"https:\/\/www.ufsm.br\/unidades-universitarias\/ctism\/cte\/wp-json\/wp\/v2\/media?parent=294"}],"wp:term":[{"taxonomy":"category","embeddable":true,"href":"https:\/\/www.ufsm.br\/unidades-universitarias\/ctism\/cte\/wp-json\/wp\/v2\/categories?post=294"},{"taxonomy":"post_tag","embeddable":true,"href":"https:\/\/www.ufsm.br\/unidades-universitarias\/ctism\/cte\/wp-json\/wp\/v2\/tags?post=294"}],"curies":[{"name":"wp","href":"https:\/\/api.w.org\/{rel}","templated":true}]}}