{"id":310,"date":"2018-12-03T11:03:59","date_gmt":"2018-12-03T13:03:59","guid":{"rendered":"https:\/\/www.ufsm.br\/unidades-universitarias\/ctism\/cte\/?page_id=310"},"modified":"2018-12-12T15:38:00","modified_gmt":"2018-12-12T17:38:00","slug":"outros-ifpe-tecnico-em-manutencao-em-informatica","status":"publish","type":"page","link":"https:\/\/www.ufsm.br\/unidades-universitarias\/ctism\/cte\/outros-ifpe-tecnico-em-manutencao-em-informatica","title":{"rendered":"RE &#8211; Apostilas &#8211; T\u00e9cnico em Manuten\u00e7\u00e3o em Inform\u00e1tica"},"content":{"rendered":"\t\t<div data-elementor-type=\"wp-post\" data-elementor-id=\"310\" class=\"elementor elementor-310 elementor-bc-flex-widget\">\n\t\t\t\t\t\t<section class=\"elementor-section elementor-top-section elementor-element elementor-element-8fcce67 elementor-section-boxed elementor-section-height-default elementor-section-height-default\" data-id=\"8fcce67\" data-element_type=\"section\">\n\t\t\t\t\t\t<div class=\"elementor-container elementor-column-gap-default\">\n\t\t\t\t\t<div class=\"elementor-column elementor-col-33 elementor-top-column elementor-element elementor-element-abce11f\" data-id=\"abce11f\" data-element_type=\"column\">\n\t\t\t<div class=\"elementor-widget-wrap elementor-element-populated\">\n\t\t\t\t\t\t<div class=\"elementor-element elementor-element-3bd8303 elementor-position-top elementor-widget elementor-widget-image-box\" data-id=\"3bd8303\" data-element_type=\"widget\" data-widget_type=\"image-box.default\">\n\t\t\t\t<div class=\"elementor-widget-container\">\n\t\t\t<div class=\"elementor-image-box-wrapper\"><figure class=\"elementor-image-box-img\"><a href=\"https:\/\/www.ufsm.br\/unidades-universitarias\/ctism\/cte\/wp-content\/uploads\/sites\/413\/2018\/12\/arte_programas_aplicativos.pdf\" target=\"_blank\" tabindex=\"-1\"><img fetchpriority=\"high\" decoding=\"async\" width=\"227\" height=\"300\" src=\"https:\/\/www.ufsm.br\/app\/uploads\/sites\/413\/2018\/12\/frente-programas_aplicativos-227x300.jpg\" class=\"attachment-medium size-medium wp-image-308\" alt=\"\" \/><\/a><\/figure><div class=\"elementor-image-box-content\"><h5 class=\"elementor-image-box-title\"><a href=\"https:\/\/www.ufsm.br\/unidades-universitarias\/ctism\/cte\/wp-content\/uploads\/sites\/413\/2018\/12\/arte_programas_aplicativos.pdf\" target=\"_blank\">Programas Aplicativos<\/a><\/h5><\/div><\/div>\t\t<\/div>\n\t\t\t\t<\/div>\n\t\t\t\t\t<\/div>\n\t\t<\/div>\n\t\t\t\t<div class=\"elementor-column elementor-col-33 elementor-top-column elementor-element elementor-element-841aa86\" data-id=\"841aa86\" data-element_type=\"column\">\n\t\t\t<div class=\"elementor-widget-wrap elementor-element-populated\">\n\t\t\t\t\t\t<div class=\"elementor-element elementor-element-1f8a385 elementor-position-top elementor-widget elementor-widget-image-box\" data-id=\"1f8a385\" data-element_type=\"widget\" data-widget_type=\"image-box.default\">\n\t\t\t\t<div class=\"elementor-widget-container\">\n\t\t\t<div class=\"elementor-image-box-wrapper\"><figure class=\"elementor-image-box-img\"><a href=\"https:\/\/www.ufsm.br\/unidades-universitarias\/ctism\/cte\/wp-content\/uploads\/sites\/413\/2018\/12\/arte_tecnologias_informacao_comunicacao.pdf\" target=\"_blank\" tabindex=\"-1\"><img decoding=\"async\" width=\"227\" height=\"300\" src=\"https:\/\/www.ufsm.br\/app\/uploads\/sites\/413\/2018\/12\/frente-tecnologias_informacao_comunicacao-227x300.jpg\" class=\"attachment-medium size-medium wp-image-309\" alt=\"\" \/><\/a><\/figure><div class=\"elementor-image-box-content\"><h5 class=\"elementor-image-box-title\"><a href=\"https:\/\/www.ufsm.br\/unidades-universitarias\/ctism\/cte\/wp-content\/uploads\/sites\/413\/2018\/12\/arte_tecnologias_informacao_comunicacao.pdf\" target=\"_blank\">Novas Tecnologias da Informa\u00e7\u00e3o e da Comunica\u00e7\u00e3o<\/a><\/h5><\/div><\/div>\t\t<\/div>\n\t\t\t\t<\/div>\n\t\t\t\t\t<\/div>\n\t\t<\/div>\n\t\t\t\t<div class=\"elementor-column elementor-col-33 elementor-top-column elementor-element elementor-element-11e37f1\" data-id=\"11e37f1\" data-element_type=\"column\">\n\t\t\t<div class=\"elementor-widget-wrap elementor-element-populated\">\n\t\t\t\t\t\t<div class=\"elementor-element elementor-element-66e7d7c elementor-position-top elementor-widget elementor-widget-image-box\" data-id=\"66e7d7c\" data-element_type=\"widget\" data-widget_type=\"image-box.default\">\n\t\t\t\t<div class=\"elementor-widget-container\">\n\t\t\t<div class=\"elementor-image-box-wrapper\"><figure class=\"elementor-image-box-img\"><a href=\"https:\/\/www.ufsm.br\/unidades-universitarias\/ctism\/cte\/wp-content\/uploads\/sites\/413\/2018\/12\/arte_implantacao_administracao_servicos_web.pdf\" target=\"_blank\" tabindex=\"-1\"><img decoding=\"async\" width=\"227\" height=\"300\" src=\"https:\/\/www.ufsm.br\/app\/uploads\/sites\/413\/2018\/12\/frente-implantacao_administracao_servicos_web-227x300.jpg\" class=\"attachment-medium size-medium wp-image-307\" alt=\"\" \/><\/a><\/figure><div class=\"elementor-image-box-content\"><h5 class=\"elementor-image-box-title\"><a href=\"https:\/\/www.ufsm.br\/unidades-universitarias\/ctism\/cte\/wp-content\/uploads\/sites\/413\/2018\/12\/arte_implantacao_administracao_servicos_web.pdf\" target=\"_blank\">Implanta\u00e7\u00e3o e Administra\u00e7\u00e3o de Servi\u00e7os Web<\/a><\/h5><\/div><\/div>\t\t<\/div>\n\t\t\t\t<\/div>\n\t\t\t\t\t<\/div>\n\t\t<\/div>\n\t\t\t\t\t<\/div>\n\t\t<\/section>\n\t\t\t\t<\/div>\n\t\t","protected":false},"excerpt":{"rendered":"<p>Programas Aplicativos Novas Tecnologias da Informa\u00e7\u00e3o e da Comunica\u00e7\u00e3o Implanta\u00e7\u00e3o e Administra\u00e7\u00e3o de Servi\u00e7os Web<\/p>\n","protected":false},"author":263,"featured_media":0,"parent":0,"menu_order":0,"comment_status":"closed","ping_status":"closed","template":"","meta":{"footnotes":""},"categories":[],"tags":[],"class_list":["post-310","page","type-page","status-publish","hentry"],"acf":[],"_links":{"self":[{"href":"https:\/\/www.ufsm.br\/unidades-universitarias\/ctism\/cte\/wp-json\/wp\/v2\/pages\/310","targetHints":{"allow":["GET"]}}],"collection":[{"href":"https:\/\/www.ufsm.br\/unidades-universitarias\/ctism\/cte\/wp-json\/wp\/v2\/pages"}],"about":[{"href":"https:\/\/www.ufsm.br\/unidades-universitarias\/ctism\/cte\/wp-json\/wp\/v2\/types\/page"}],"author":[{"embeddable":true,"href":"https:\/\/www.ufsm.br\/unidades-universitarias\/ctism\/cte\/wp-json\/wp\/v2\/users\/263"}],"replies":[{"embeddable":true,"href":"https:\/\/www.ufsm.br\/unidades-universitarias\/ctism\/cte\/wp-json\/wp\/v2\/comments?post=310"}],"version-history":[{"count":0,"href":"https:\/\/www.ufsm.br\/unidades-universitarias\/ctism\/cte\/wp-json\/wp\/v2\/pages\/310\/revisions"}],"wp:attachment":[{"href":"https:\/\/www.ufsm.br\/unidades-universitarias\/ctism\/cte\/wp-json\/wp\/v2\/media?parent=310"}],"wp:term":[{"taxonomy":"category","embeddable":true,"href":"https:\/\/www.ufsm.br\/unidades-universitarias\/ctism\/cte\/wp-json\/wp\/v2\/categories?post=310"},{"taxonomy":"post_tag","embeddable":true,"href":"https:\/\/www.ufsm.br\/unidades-universitarias\/ctism\/cte\/wp-json\/wp\/v2\/tags?post=310"}],"curies":[{"name":"wp","href":"https:\/\/api.w.org\/{rel}","templated":true}]}}