{"id":311,"date":"2018-12-03T11:04:22","date_gmt":"2018-12-03T13:04:22","guid":{"rendered":"https:\/\/www.ufsm.br\/unidades-universitarias\/ctism\/cte\/?page_id=311"},"modified":"2018-12-12T15:38:05","modified_gmt":"2018-12-12T17:38:05","slug":"outros-ifpe-tecnico-em-sistemas-de-energia-renovavel","status":"publish","type":"page","link":"https:\/\/www.ufsm.br\/unidades-universitarias\/ctism\/cte\/outros-ifpe-tecnico-em-sistemas-de-energia-renovavel","title":{"rendered":"RE &#8211; Apostilas &#8211; T\u00e9cnico em Sistemas de Energia Renov\u00e1vel"},"content":{"rendered":"\t\t<div data-elementor-type=\"wp-post\" data-elementor-id=\"311\" class=\"elementor elementor-311 elementor-bc-flex-widget\">\n\t\t\t\t\t\t<section class=\"elementor-section elementor-top-section elementor-element elementor-element-7f07848 elementor-section-boxed elementor-section-height-default elementor-section-height-default\" data-id=\"7f07848\" data-element_type=\"section\">\n\t\t\t\t\t\t<div class=\"elementor-container elementor-column-gap-default\">\n\t\t\t\t\t<div class=\"elementor-column elementor-col-33 elementor-top-column elementor-element elementor-element-ba5e7ff\" data-id=\"ba5e7ff\" data-element_type=\"column\">\n\t\t\t<div class=\"elementor-widget-wrap elementor-element-populated\">\n\t\t\t\t\t\t<div class=\"elementor-element elementor-element-6780745 elementor-position-top elementor-widget elementor-widget-image-box\" data-id=\"6780745\" data-element_type=\"widget\" data-widget_type=\"image-box.default\">\n\t\t\t\t<div class=\"elementor-widget-container\">\n\t\t\t<div class=\"elementor-image-box-wrapper\"><figure class=\"elementor-image-box-img\"><a href=\"https:\/\/www.ufsm.br\/unidades-universitarias\/ctism\/cte\/wp-content\/uploads\/sites\/413\/2018\/12\/arte_tecnologias_informacao_comunicacao-1.pdf\" target=\"_blank\" tabindex=\"-1\"><img fetchpriority=\"high\" decoding=\"async\" width=\"227\" height=\"300\" src=\"https:\/\/www.ufsm.br\/app\/uploads\/sites\/413\/2018\/12\/frente_tecnologias_informacao_comunicacao-227x300.jpg\" class=\"attachment-medium size-medium wp-image-323\" alt=\"\" \/><\/a><\/figure><div class=\"elementor-image-box-content\"><h5 class=\"elementor-image-box-title\"><a href=\"https:\/\/www.ufsm.br\/unidades-universitarias\/ctism\/cte\/wp-content\/uploads\/sites\/413\/2018\/12\/arte_tecnologias_informacao_comunicacao-1.pdf\" target=\"_blank\">Novas Tecnologias da Informa\u00e7\u00e3o e da Comunica\u00e7\u00e3o<\/a><\/h5><\/div><\/div>\t\t<\/div>\n\t\t\t\t<\/div>\n\t\t\t\t\t<\/div>\n\t\t<\/div>\n\t\t\t\t<div class=\"elementor-column elementor-col-33 elementor-top-column elementor-element elementor-element-fc0f359\" data-id=\"fc0f359\" data-element_type=\"column\">\n\t\t\t<div class=\"elementor-widget-wrap elementor-element-populated\">\n\t\t\t\t\t\t<div class=\"elementor-element elementor-element-bfe7d27 elementor-position-top elementor-widget elementor-widget-image-box\" data-id=\"bfe7d27\" data-element_type=\"widget\" data-widget_type=\"image-box.default\">\n\t\t\t\t<div class=\"elementor-widget-container\">\n\t\t\t<div class=\"elementor-image-box-wrapper\"><figure class=\"elementor-image-box-img\"><a href=\"https:\/\/www.ufsm.br\/unidades-universitarias\/ctism\/cte\/wp-content\/uploads\/sites\/413\/2018\/12\/arte_metodolog_est_distancia.pdf\" target=\"_blank\" tabindex=\"-1\"><img decoding=\"async\" width=\"227\" height=\"300\" src=\"https:\/\/www.ufsm.br\/app\/uploads\/sites\/413\/2018\/12\/frente_metodolog_est_distancia-227x300.jpg\" class=\"attachment-medium size-medium wp-image-322\" alt=\"\" \/><\/a><\/figure><div class=\"elementor-image-box-content\"><h5 class=\"elementor-image-box-title\"><a href=\"https:\/\/www.ufsm.br\/unidades-universitarias\/ctism\/cte\/wp-content\/uploads\/sites\/413\/2018\/12\/arte_metodolog_est_distancia.pdf\" target=\"_blank\">Metodologia do Estudo a Dist\u00e2ncia<\/a><\/h5><\/div><\/div>\t\t<\/div>\n\t\t\t\t<\/div>\n\t\t\t\t\t<\/div>\n\t\t<\/div>\n\t\t\t\t<div class=\"elementor-column elementor-col-33 elementor-top-column elementor-element elementor-element-3696021\" data-id=\"3696021\" data-element_type=\"column\">\n\t\t\t<div class=\"elementor-widget-wrap elementor-element-populated\">\n\t\t\t\t\t\t<div class=\"elementor-element elementor-element-af514e3 elementor-position-top elementor-widget elementor-widget-image-box\" data-id=\"af514e3\" data-element_type=\"widget\" data-widget_type=\"image-box.default\">\n\t\t\t\t<div class=\"elementor-widget-container\">\n\t\t\t<div class=\"elementor-image-box-wrapper\"><figure class=\"elementor-image-box-img\"><a href=\"https:\/\/www.ufsm.br\/unidades-universitarias\/ctism\/cte\/wp-content\/uploads\/sites\/413\/2018\/12\/arte_meteorologia_aplicada.pdf\" target=\"_blank\" tabindex=\"-1\"><img decoding=\"async\" width=\"227\" height=\"300\" src=\"https:\/\/www.ufsm.br\/app\/uploads\/sites\/413\/2018\/12\/frente_meteorologia_aplicada-227x300.jpg\" class=\"attachment-medium size-medium wp-image-321\" alt=\"\" \/><\/a><\/figure><div class=\"elementor-image-box-content\"><h5 class=\"elementor-image-box-title\"><a href=\"https:\/\/www.ufsm.br\/unidades-universitarias\/ctism\/cte\/wp-content\/uploads\/sites\/413\/2018\/12\/arte_meteorologia_aplicada.pdf\" target=\"_blank\">Metereologia Aplicada<\/a><\/h5><\/div><\/div>\t\t<\/div>\n\t\t\t\t<\/div>\n\t\t\t\t\t<\/div>\n\t\t<\/div>\n\t\t\t\t\t<\/div>\n\t\t<\/section>\n\t\t\t\t<section class=\"elementor-section elementor-top-section elementor-element elementor-element-0ade274 elementor-section-boxed elementor-section-height-default elementor-section-height-default\" data-id=\"0ade274\" data-element_type=\"section\">\n\t\t\t\t\t\t<div class=\"elementor-container elementor-column-gap-default\">\n\t\t\t\t\t<div class=\"elementor-column elementor-col-33 elementor-top-column elementor-element elementor-element-f2ce2e3\" data-id=\"f2ce2e3\" data-element_type=\"column\">\n\t\t\t<div class=\"elementor-widget-wrap elementor-element-populated\">\n\t\t\t\t\t\t<div class=\"elementor-element elementor-element-ebbb8c1 elementor-position-top elementor-widget elementor-widget-image-box\" data-id=\"ebbb8c1\" data-element_type=\"widget\" data-widget_type=\"image-box.default\">\n\t\t\t\t<div class=\"elementor-widget-container\">\n\t\t\t<div class=\"elementor-image-box-wrapper\"><figure class=\"elementor-image-box-img\"><a href=\"https:\/\/www.ufsm.br\/unidades-universitarias\/ctism\/cte\/wp-content\/uploads\/sites\/413\/2018\/12\/arte_ingles_aplicado.pdf\" target=\"_blank\" tabindex=\"-1\"><img loading=\"lazy\" decoding=\"async\" width=\"227\" height=\"300\" src=\"https:\/\/www.ufsm.br\/app\/uploads\/sites\/413\/2018\/12\/frente_ingles_aplicado-227x300.jpg\" class=\"attachment-medium size-medium wp-image-320\" alt=\"\" \/><\/a><\/figure><div class=\"elementor-image-box-content\"><h5 class=\"elementor-image-box-title\"><a href=\"https:\/\/www.ufsm.br\/unidades-universitarias\/ctism\/cte\/wp-content\/uploads\/sites\/413\/2018\/12\/arte_ingles_aplicado.pdf\" target=\"_blank\">Ingl\u00eas Aplicado<\/a><\/h5><\/div><\/div>\t\t<\/div>\n\t\t\t\t<\/div>\n\t\t\t\t\t<\/div>\n\t\t<\/div>\n\t\t\t\t<div class=\"elementor-column elementor-col-33 elementor-top-column elementor-element elementor-element-a7ded76\" data-id=\"a7ded76\" data-element_type=\"column\">\n\t\t\t<div class=\"elementor-widget-wrap elementor-element-populated\">\n\t\t\t\t\t\t<div class=\"elementor-element elementor-element-efde9b6 elementor-position-top elementor-widget elementor-widget-image-box\" data-id=\"efde9b6\" data-element_type=\"widget\" data-widget_type=\"image-box.default\">\n\t\t\t\t<div class=\"elementor-widget-container\">\n\t\t\t<div class=\"elementor-image-box-wrapper\"><figure class=\"elementor-image-box-img\"><a href=\"https:\/\/www.ufsm.br\/unidades-universitarias\/ctism\/cte\/wp-content\/uploads\/sites\/413\/2018\/12\/arte_fisica_aplicada.pdf\" target=\"_blank\" tabindex=\"-1\"><img loading=\"lazy\" decoding=\"async\" width=\"227\" height=\"300\" src=\"https:\/\/www.ufsm.br\/app\/uploads\/sites\/413\/2018\/12\/frente_fisica_aplicada-227x300.jpg\" class=\"attachment-medium size-medium wp-image-318\" alt=\"\" \/><\/a><\/figure><div class=\"elementor-image-box-content\"><h5 class=\"elementor-image-box-title\"><a href=\"https:\/\/www.ufsm.br\/unidades-universitarias\/ctism\/cte\/wp-content\/uploads\/sites\/413\/2018\/12\/arte_fisica_aplicada.pdf\" target=\"_blank\">F\u00edsica Aplicada<\/a><\/h5><\/div><\/div>\t\t<\/div>\n\t\t\t\t<\/div>\n\t\t\t\t\t<\/div>\n\t\t<\/div>\n\t\t\t\t<div class=\"elementor-column elementor-col-33 elementor-top-column elementor-element elementor-element-2458883\" data-id=\"2458883\" data-element_type=\"column\">\n\t\t\t<div class=\"elementor-widget-wrap elementor-element-populated\">\n\t\t\t\t\t\t<div class=\"elementor-element elementor-element-2771e5d elementor-position-top elementor-widget elementor-widget-image-box\" data-id=\"2771e5d\" data-element_type=\"widget\" data-widget_type=\"image-box.default\">\n\t\t\t\t<div class=\"elementor-widget-container\">\n\t\t\t<div class=\"elementor-image-box-wrapper\"><figure class=\"elementor-image-box-img\"><a href=\"https:\/\/www.ufsm.br\/unidades-universitarias\/ctism\/cte\/wp-content\/uploads\/sites\/413\/2018\/12\/arte_informatica_basica.pdf\" target=\"_blank\" tabindex=\"-1\"><img loading=\"lazy\" decoding=\"async\" width=\"227\" height=\"300\" src=\"https:\/\/www.ufsm.br\/app\/uploads\/sites\/413\/2018\/12\/frente_informatica_basica-227x300.jpg\" class=\"attachment-medium size-medium wp-image-319\" alt=\"\" \/><\/a><\/figure><div class=\"elementor-image-box-content\"><h5 class=\"elementor-image-box-title\"><a href=\"https:\/\/www.ufsm.br\/unidades-universitarias\/ctism\/cte\/wp-content\/uploads\/sites\/413\/2018\/12\/arte_informatica_basica.pdf\" target=\"_blank\">Inform\u00e1tica B\u00e1sica<\/a><\/h5><\/div><\/div>\t\t<\/div>\n\t\t\t\t<\/div>\n\t\t\t\t\t<\/div>\n\t\t<\/div>\n\t\t\t\t\t<\/div>\n\t\t<\/section>\n\t\t\t\t<\/div>\n\t\t","protected":false},"excerpt":{"rendered":"<p>Novas Tecnologias da Informa\u00e7\u00e3o e da Comunica\u00e7\u00e3o Metodologia do Estudo a Dist\u00e2ncia Metereologia Aplicada Ingl\u00eas Aplicado F\u00edsica Aplicada Inform\u00e1tica B\u00e1sica<\/p>\n","protected":false},"author":263,"featured_media":0,"parent":0,"menu_order":0,"comment_status":"closed","ping_status":"closed","template":"","meta":{"footnotes":""},"categories":[],"tags":[],"class_list":["post-311","page","type-page","status-publish","hentry"],"acf":[],"_links":{"self":[{"href":"https:\/\/www.ufsm.br\/unidades-universitarias\/ctism\/cte\/wp-json\/wp\/v2\/pages\/311","targetHints":{"allow":["GET"]}}],"collection":[{"href":"https:\/\/www.ufsm.br\/unidades-universitarias\/ctism\/cte\/wp-json\/wp\/v2\/pages"}],"about":[{"href":"https:\/\/www.ufsm.br\/unidades-universitarias\/ctism\/cte\/wp-json\/wp\/v2\/types\/page"}],"author":[{"embeddable":true,"href":"https:\/\/www.ufsm.br\/unidades-universitarias\/ctism\/cte\/wp-json\/wp\/v2\/users\/263"}],"replies":[{"embeddable":true,"href":"https:\/\/www.ufsm.br\/unidades-universitarias\/ctism\/cte\/wp-json\/wp\/v2\/comments?post=311"}],"version-history":[{"count":0,"href":"https:\/\/www.ufsm.br\/unidades-universitarias\/ctism\/cte\/wp-json\/wp\/v2\/pages\/311\/revisions"}],"wp:attachment":[{"href":"https:\/\/www.ufsm.br\/unidades-universitarias\/ctism\/cte\/wp-json\/wp\/v2\/media?parent=311"}],"wp:term":[{"taxonomy":"category","embeddable":true,"href":"https:\/\/www.ufsm.br\/unidades-universitarias\/ctism\/cte\/wp-json\/wp\/v2\/categories?post=311"},{"taxonomy":"post_tag","embeddable":true,"href":"https:\/\/www.ufsm.br\/unidades-universitarias\/ctism\/cte\/wp-json\/wp\/v2\/tags?post=311"}],"curies":[{"name":"wp","href":"https:\/\/api.w.org\/{rel}","templated":true}]}}