{"id":408,"date":"2018-12-04T10:39:20","date_gmt":"2018-12-04T12:39:20","guid":{"rendered":"https:\/\/www.ufsm.br\/unidades-universitarias\/ctism\/cte\/?page_id=408"},"modified":"2018-12-12T15:32:30","modified_gmt":"2018-12-12T17:32:30","slug":"outros-ifce-tecnico-em-edificacoes","status":"publish","type":"page","link":"https:\/\/www.ufsm.br\/unidades-universitarias\/ctism\/cte\/outros-ifce-tecnico-em-edificacoes","title":{"rendered":"RE &#8211; Apostilas &#8211; T\u00e9cnico em Edifica\u00e7\u00f5es"},"content":{"rendered":"\t\t<div data-elementor-type=\"wp-post\" data-elementor-id=\"408\" class=\"elementor elementor-408 elementor-bc-flex-widget\">\n\t\t\t\t\t\t<section class=\"elementor-section elementor-top-section elementor-element elementor-element-21f9a13 elementor-section-boxed elementor-section-height-default elementor-section-height-default\" data-id=\"21f9a13\" data-element_type=\"section\">\n\t\t\t\t\t\t<div class=\"elementor-container elementor-column-gap-default\">\n\t\t\t\t\t<div class=\"elementor-column elementor-col-33 elementor-top-column elementor-element elementor-element-4742a88\" data-id=\"4742a88\" data-element_type=\"column\">\n\t\t\t<div class=\"elementor-widget-wrap elementor-element-populated\">\n\t\t\t\t\t\t<div class=\"elementor-element elementor-element-0006916 elementor-position-top elementor-widget elementor-widget-image-box\" data-id=\"0006916\" data-element_type=\"widget\" data-widget_type=\"image-box.default\">\n\t\t\t\t<div class=\"elementor-widget-container\">\n\t\t\t<div class=\"elementor-image-box-wrapper\"><figure class=\"elementor-image-box-img\"><a href=\"https:\/\/www.ufsm.br\/unidades-universitarias\/ctism\/cte\/wp-content\/uploads\/sites\/413\/2018\/12\/02_empreendedorismo.pdf\" target=\"_blank\" tabindex=\"-1\"><img fetchpriority=\"high\" decoding=\"async\" width=\"227\" height=\"300\" src=\"https:\/\/www.ufsm.br\/app\/uploads\/sites\/413\/2018\/12\/frente-empreendedorismo-227x300.jpg\" class=\"attachment-medium size-medium wp-image-406\" alt=\"\" \/><\/a><\/figure><div class=\"elementor-image-box-content\"><h5 class=\"elementor-image-box-title\"><a href=\"https:\/\/www.ufsm.br\/unidades-universitarias\/ctism\/cte\/wp-content\/uploads\/sites\/413\/2018\/12\/02_empreendedorismo.pdf\" target=\"_blank\">Empreendedorismo<\/a><\/h5><\/div><\/div>\t\t<\/div>\n\t\t\t\t<\/div>\n\t\t\t\t\t<\/div>\n\t\t<\/div>\n\t\t\t\t<div class=\"elementor-column elementor-col-33 elementor-top-column elementor-element elementor-element-9e5c7bd\" data-id=\"9e5c7bd\" data-element_type=\"column\">\n\t\t\t<div class=\"elementor-widget-wrap elementor-element-populated\">\n\t\t\t\t\t\t<div class=\"elementor-element elementor-element-05d59b0 elementor-position-top elementor-widget elementor-widget-image-box\" data-id=\"05d59b0\" data-element_type=\"widget\" data-widget_type=\"image-box.default\">\n\t\t\t\t<div class=\"elementor-widget-container\">\n\t\t\t<div class=\"elementor-image-box-wrapper\"><figure class=\"elementor-image-box-img\"><a href=\"https:\/\/www.ufsm.br\/unidades-universitarias\/ctism\/cte\/wp-content\/uploads\/sites\/413\/2018\/12\/01_controle_ambiental.pdf\" target=\"_blank\" tabindex=\"-1\"><img decoding=\"async\" width=\"227\" height=\"300\" src=\"https:\/\/www.ufsm.br\/app\/uploads\/sites\/413\/2018\/12\/frente-controle_ambiental-227x300.jpg\" class=\"attachment-medium size-medium wp-image-405\" alt=\"\" \/><\/a><\/figure><div class=\"elementor-image-box-content\"><h5 class=\"elementor-image-box-title\"><a href=\"https:\/\/www.ufsm.br\/unidades-universitarias\/ctism\/cte\/wp-content\/uploads\/sites\/413\/2018\/12\/01_controle_ambiental.pdf\" target=\"_blank\">Controle Ambiental<\/a><\/h5><\/div><\/div>\t\t<\/div>\n\t\t\t\t<\/div>\n\t\t\t\t\t<\/div>\n\t\t<\/div>\n\t\t\t\t<div class=\"elementor-column elementor-col-33 elementor-top-column elementor-element elementor-element-2c61b7e\" data-id=\"2c61b7e\" data-element_type=\"column\">\n\t\t\t<div class=\"elementor-widget-wrap\">\n\t\t\t\t\t\t\t<\/div>\n\t\t<\/div>\n\t\t\t\t\t<\/div>\n\t\t<\/section>\n\t\t\t\t<\/div>\n\t\t","protected":false},"excerpt":{"rendered":"<p>Empreendedorismo Controle Ambiental<\/p>\n","protected":false},"author":259,"featured_media":0,"parent":0,"menu_order":0,"comment_status":"closed","ping_status":"closed","template":"","meta":{"footnotes":""},"categories":[],"tags":[],"class_list":["post-408","page","type-page","status-publish","hentry"],"acf":[],"_links":{"self":[{"href":"https:\/\/www.ufsm.br\/unidades-universitarias\/ctism\/cte\/wp-json\/wp\/v2\/pages\/408","targetHints":{"allow":["GET"]}}],"collection":[{"href":"https:\/\/www.ufsm.br\/unidades-universitarias\/ctism\/cte\/wp-json\/wp\/v2\/pages"}],"about":[{"href":"https:\/\/www.ufsm.br\/unidades-universitarias\/ctism\/cte\/wp-json\/wp\/v2\/types\/page"}],"author":[{"embeddable":true,"href":"https:\/\/www.ufsm.br\/unidades-universitarias\/ctism\/cte\/wp-json\/wp\/v2\/users\/259"}],"replies":[{"embeddable":true,"href":"https:\/\/www.ufsm.br\/unidades-universitarias\/ctism\/cte\/wp-json\/wp\/v2\/comments?post=408"}],"version-history":[{"count":0,"href":"https:\/\/www.ufsm.br\/unidades-universitarias\/ctism\/cte\/wp-json\/wp\/v2\/pages\/408\/revisions"}],"wp:attachment":[{"href":"https:\/\/www.ufsm.br\/unidades-universitarias\/ctism\/cte\/wp-json\/wp\/v2\/media?parent=408"}],"wp:term":[{"taxonomy":"category","embeddable":true,"href":"https:\/\/www.ufsm.br\/unidades-universitarias\/ctism\/cte\/wp-json\/wp\/v2\/categories?post=408"},{"taxonomy":"post_tag","embeddable":true,"href":"https:\/\/www.ufsm.br\/unidades-universitarias\/ctism\/cte\/wp-json\/wp\/v2\/tags?post=408"}],"curies":[{"name":"wp","href":"https:\/\/api.w.org\/{rel}","templated":true}]}}