{"id":448,"date":"2018-12-06T15:51:15","date_gmt":"2018-12-06T17:51:15","guid":{"rendered":"https:\/\/www.ufsm.br\/unidades-universitarias\/ctism\/cte\/?page_id=448"},"modified":"2018-12-07T13:05:00","modified_gmt":"2018-12-07T15:05:00","slug":"ctism-jogos-mecanica","status":"publish","type":"page","link":"https:\/\/www.ufsm.br\/unidades-universitarias\/ctism\/cte\/ctism-jogos-mecanica","title":{"rendered":"CTISM &#8211; Jogos &#8211; Mec\u00e2nica"},"content":{"rendered":"\t\t<div data-elementor-type=\"wp-post\" data-elementor-id=\"448\" class=\"elementor elementor-448 elementor-bc-flex-widget\">\n\t\t\t\t\t\t<section class=\"elementor-section elementor-top-section elementor-element elementor-element-99924f1 elementor-section-boxed elementor-section-height-default elementor-section-height-default\" data-id=\"99924f1\" data-element_type=\"section\">\n\t\t\t\t\t\t<div class=\"elementor-container elementor-column-gap-default\">\n\t\t\t\t\t<div class=\"elementor-column elementor-col-33 elementor-top-column elementor-element elementor-element-d0b645b\" data-id=\"d0b645b\" data-element_type=\"column\">\n\t\t\t<div class=\"elementor-widget-wrap elementor-element-populated\">\n\t\t\t\t\t\t<div class=\"elementor-element elementor-element-62ae1af elementor-position-top elementor-widget elementor-widget-image-box\" data-id=\"62ae1af\" data-element_type=\"widget\" data-widget_type=\"image-box.default\">\n\t\t\t\t<div class=\"elementor-widget-container\">\n\t\t\t<div class=\"elementor-image-box-wrapper\"><figure class=\"elementor-image-box-img\"><a href=\"http:\/\/estudio01.proj.ufsm.br\/jogos\/mecanica_metrologia\/index.html\" target=\"_blank\" tabindex=\"-1\"><img fetchpriority=\"high\" decoding=\"async\" width=\"300\" height=\"168\" src=\"https:\/\/www.ufsm.br\/app\/uploads\/sites\/413\/2018\/12\/capa-metrologia-300x168.png\" class=\"attachment-medium size-medium wp-image-478\" alt=\"\" srcset=\"https:\/\/www.ufsm.br\/app\/uploads\/sites\/413\/2018\/12\/capa-metrologia-300x168.png 300w, https:\/\/www.ufsm.br\/app\/uploads\/sites\/413\/2018\/12\/capa-metrologia-768x431.png 768w, https:\/\/www.ufsm.br\/app\/uploads\/sites\/413\/2018\/12\/capa-metrologia-1024x575.png 1024w, https:\/\/www.ufsm.br\/app\/uploads\/sites\/413\/2018\/12\/capa-metrologia.png 1276w\" sizes=\"(max-width: 300px) 100vw, 300px\" \/><\/a><\/figure><div class=\"elementor-image-box-content\"><h5 class=\"elementor-image-box-title\"><a href=\"http:\/\/estudio01.proj.ufsm.br\/jogos\/mecanica_metrologia\/index.html\" target=\"_blank\">Metrologia<\/a><\/h5><\/div><\/div>\t\t<\/div>\n\t\t\t\t<\/div>\n\t\t\t\t\t<\/div>\n\t\t<\/div>\n\t\t\t\t<div class=\"elementor-column elementor-col-33 elementor-top-column elementor-element elementor-element-95b2294\" data-id=\"95b2294\" data-element_type=\"column\">\n\t\t\t<div class=\"elementor-widget-wrap elementor-element-populated\">\n\t\t\t\t\t\t<div class=\"elementor-element elementor-element-61b8058 elementor-position-top elementor-widget elementor-widget-image-box\" data-id=\"61b8058\" data-element_type=\"widget\" data-widget_type=\"image-box.default\">\n\t\t\t\t<div class=\"elementor-widget-container\">\n\t\t\t<div class=\"elementor-image-box-wrapper\"><figure class=\"elementor-image-box-img\"><a href=\"http:\/\/estudio01.proj.ufsm.br\/jogos\/maquinas_tubulacoes\/index.html\" target=\"_blank\" tabindex=\"-1\"><img decoding=\"async\" width=\"300\" height=\"168\" src=\"https:\/\/www.ufsm.br\/app\/uploads\/sites\/413\/2018\/12\/capa-maquinas-300x168.png\" class=\"attachment-medium size-medium wp-image-479\" alt=\"\" srcset=\"https:\/\/www.ufsm.br\/app\/uploads\/sites\/413\/2018\/12\/capa-maquinas-300x168.png 300w, https:\/\/www.ufsm.br\/app\/uploads\/sites\/413\/2018\/12\/capa-maquinas-768x430.png 768w, https:\/\/www.ufsm.br\/app\/uploads\/sites\/413\/2018\/12\/capa-maquinas-1024x574.png 1024w, https:\/\/www.ufsm.br\/app\/uploads\/sites\/413\/2018\/12\/capa-maquinas.png 1278w\" sizes=\"(max-width: 300px) 100vw, 300px\" \/><\/a><\/figure><div class=\"elementor-image-box-content\"><h5 class=\"elementor-image-box-title\"><a href=\"http:\/\/estudio01.proj.ufsm.br\/jogos\/maquinas_tubulacoes\/index.html\" target=\"_blank\">M\u00e1quinas e Tubula\u00e7\u00f5es Industriais<\/a><\/h5><\/div><\/div>\t\t<\/div>\n\t\t\t\t<\/div>\n\t\t\t\t\t<\/div>\n\t\t<\/div>\n\t\t\t\t<div class=\"elementor-column elementor-col-33 elementor-top-column elementor-element elementor-element-84d6b78\" data-id=\"84d6b78\" data-element_type=\"column\">\n\t\t\t<div class=\"elementor-widget-wrap elementor-element-populated\">\n\t\t\t\t\t\t<div class=\"elementor-element elementor-element-e6baec0 elementor-position-top elementor-widget elementor-widget-image-box\" data-id=\"e6baec0\" data-element_type=\"widget\" data-widget_type=\"image-box.default\">\n\t\t\t\t<div class=\"elementor-widget-container\">\n\t\t\t<div class=\"elementor-image-box-wrapper\"><figure class=\"elementor-image-box-img\"><a href=\"http:\/\/estudio01.proj.ufsm.br\/jogos\/hidraulicos\/index.html\" target=\"_blank\" tabindex=\"-1\"><img decoding=\"async\" width=\"300\" height=\"168\" src=\"https:\/\/www.ufsm.br\/app\/uploads\/sites\/413\/2018\/12\/capa-sistemas-hidraulicos-300x168.png\" class=\"attachment-medium size-medium wp-image-482\" alt=\"\" srcset=\"https:\/\/www.ufsm.br\/app\/uploads\/sites\/413\/2018\/12\/capa-sistemas-hidraulicos-300x168.png 300w, https:\/\/www.ufsm.br\/app\/uploads\/sites\/413\/2018\/12\/capa-sistemas-hidraulicos-768x430.png 768w, https:\/\/www.ufsm.br\/app\/uploads\/sites\/413\/2018\/12\/capa-sistemas-hidraulicos-1024x574.png 1024w, https:\/\/www.ufsm.br\/app\/uploads\/sites\/413\/2018\/12\/capa-sistemas-hidraulicos.png 1276w\" sizes=\"(max-width: 300px) 100vw, 300px\" \/><\/a><\/figure><div class=\"elementor-image-box-content\"><h5 class=\"elementor-image-box-title\"><a href=\"http:\/\/estudio01.proj.ufsm.br\/jogos\/hidraulicos\/index.html\" target=\"_blank\">Sistemas Hidr\u00e1ulicos<\/a><\/h5><\/div><\/div>\t\t<\/div>\n\t\t\t\t<\/div>\n\t\t\t\t\t<\/div>\n\t\t<\/div>\n\t\t\t\t\t<\/div>\n\t\t<\/section>\n\t\t\t\t<section class=\"elementor-section elementor-top-section elementor-element elementor-element-ff9025c elementor-section-boxed elementor-section-height-default elementor-section-height-default\" data-id=\"ff9025c\" data-element_type=\"section\">\n\t\t\t\t\t\t<div class=\"elementor-container elementor-column-gap-default\">\n\t\t\t\t\t<div class=\"elementor-column elementor-col-33 elementor-top-column elementor-element elementor-element-baa9898\" data-id=\"baa9898\" data-element_type=\"column\">\n\t\t\t<div class=\"elementor-widget-wrap elementor-element-populated\">\n\t\t\t\t\t\t<div class=\"elementor-element elementor-element-86b58c1 elementor-position-top elementor-widget elementor-widget-image-box\" data-id=\"86b58c1\" data-element_type=\"widget\" data-widget_type=\"image-box.default\">\n\t\t\t\t<div class=\"elementor-widget-container\">\n\t\t\t<div class=\"elementor-image-box-wrapper\"><figure class=\"elementor-image-box-img\"><a href=\"http:\/\/estudio01.proj.ufsm.br\/jogos\/etica\/index.html\" target=\"_blank\" tabindex=\"-1\"><img loading=\"lazy\" decoding=\"async\" width=\"300\" height=\"168\" src=\"https:\/\/www.ufsm.br\/app\/uploads\/sites\/413\/2018\/12\/capa-etica-300x168.png\" class=\"attachment-medium size-medium wp-image-484\" alt=\"\" srcset=\"https:\/\/www.ufsm.br\/app\/uploads\/sites\/413\/2018\/12\/capa-etica-300x168.png 300w, https:\/\/www.ufsm.br\/app\/uploads\/sites\/413\/2018\/12\/capa-etica-768x429.png 768w, https:\/\/www.ufsm.br\/app\/uploads\/sites\/413\/2018\/12\/capa-etica-1024x572.png 1024w, https:\/\/www.ufsm.br\/app\/uploads\/sites\/413\/2018\/12\/capa-etica.png 1278w\" sizes=\"(max-width: 300px) 100vw, 300px\" \/><\/a><\/figure><div class=\"elementor-image-box-content\"><h5 class=\"elementor-image-box-title\"><a href=\"http:\/\/estudio01.proj.ufsm.br\/jogos\/etica\/index.html\" target=\"_blank\">\u00c9tica e Cidadania<\/a><\/h5><\/div><\/div>\t\t<\/div>\n\t\t\t\t<\/div>\n\t\t\t\t\t<\/div>\n\t\t<\/div>\n\t\t\t\t<div class=\"elementor-column elementor-col-33 elementor-top-column elementor-element elementor-element-5bd748e\" data-id=\"5bd748e\" data-element_type=\"column\">\n\t\t\t<div class=\"elementor-widget-wrap elementor-element-populated\">\n\t\t\t\t\t\t<div class=\"elementor-element elementor-element-b7eb891 elementor-position-top elementor-widget elementor-widget-image-box\" data-id=\"b7eb891\" data-element_type=\"widget\" data-widget_type=\"image-box.default\">\n\t\t\t\t<div class=\"elementor-widget-container\">\n\t\t\t<div class=\"elementor-image-box-wrapper\"><figure class=\"elementor-image-box-img\"><a href=\"http:\/\/estudio01.proj.ufsm.br\/jogos\/elementos_maquinas\/index.html\" target=\"_blank\" tabindex=\"-1\"><img loading=\"lazy\" decoding=\"async\" width=\"300\" height=\"169\" src=\"https:\/\/www.ufsm.br\/app\/uploads\/sites\/413\/2018\/12\/capa-elementos-300x169.png\" class=\"attachment-medium size-medium wp-image-486\" alt=\"\" srcset=\"https:\/\/www.ufsm.br\/app\/uploads\/sites\/413\/2018\/12\/capa-elementos-300x169.png 300w, https:\/\/www.ufsm.br\/app\/uploads\/sites\/413\/2018\/12\/capa-elementos-768x432.png 768w, https:\/\/www.ufsm.br\/app\/uploads\/sites\/413\/2018\/12\/capa-elementos-1024x576.png 1024w, https:\/\/www.ufsm.br\/app\/uploads\/sites\/413\/2018\/12\/capa-elementos.png 1279w\" sizes=\"(max-width: 300px) 100vw, 300px\" \/><\/a><\/figure><div class=\"elementor-image-box-content\"><h5 class=\"elementor-image-box-title\"><a href=\"http:\/\/estudio01.proj.ufsm.br\/jogos\/elementos_maquinas\/index.html\" target=\"_blank\">Elementos de M\u00e1quinas<\/a><\/h5><\/div><\/div>\t\t<\/div>\n\t\t\t\t<\/div>\n\t\t\t\t\t<\/div>\n\t\t<\/div>\n\t\t\t\t<div class=\"elementor-column elementor-col-33 elementor-top-column elementor-element elementor-element-44c1314\" data-id=\"44c1314\" data-element_type=\"column\">\n\t\t\t<div class=\"elementor-widget-wrap elementor-element-populated\">\n\t\t\t\t\t\t<div class=\"elementor-element elementor-element-ef93147 elementor-position-top elementor-widget elementor-widget-image-box\" data-id=\"ef93147\" data-element_type=\"widget\" data-widget_type=\"image-box.default\">\n\t\t\t\t<div class=\"elementor-widget-container\">\n\t\t\t<div class=\"elementor-image-box-wrapper\"><figure class=\"elementor-image-box-img\"><a href=\"http:\/\/estudio01.proj.ufsm.br\/jogos\/empreendedorismo\/index.html\" target=\"_blank\" tabindex=\"-1\"><img loading=\"lazy\" decoding=\"async\" width=\"300\" height=\"169\" src=\"https:\/\/www.ufsm.br\/app\/uploads\/sites\/413\/2018\/12\/capa-empreendedorismo-300x169.png\" class=\"attachment-medium size-medium wp-image-485\" alt=\"\" srcset=\"https:\/\/www.ufsm.br\/app\/uploads\/sites\/413\/2018\/12\/capa-empreendedorismo-300x169.png 300w, https:\/\/www.ufsm.br\/app\/uploads\/sites\/413\/2018\/12\/capa-empreendedorismo-768x433.png 768w, https:\/\/www.ufsm.br\/app\/uploads\/sites\/413\/2018\/12\/capa-empreendedorismo-1024x577.png 1024w, https:\/\/www.ufsm.br\/app\/uploads\/sites\/413\/2018\/12\/capa-empreendedorismo.png 1274w\" sizes=\"(max-width: 300px) 100vw, 300px\" \/><\/a><\/figure><div class=\"elementor-image-box-content\"><h5 class=\"elementor-image-box-title\"><a href=\"http:\/\/estudio01.proj.ufsm.br\/jogos\/empreendedorismo\/index.html\" target=\"_blank\">Empreendedorismo<\/a><\/h5><\/div><\/div>\t\t<\/div>\n\t\t\t\t<\/div>\n\t\t\t\t\t<\/div>\n\t\t<\/div>\n\t\t\t\t\t<\/div>\n\t\t<\/section>\n\t\t\t\t<section class=\"elementor-section elementor-top-section elementor-element elementor-element-9d7a74e elementor-section-boxed elementor-section-height-default elementor-section-height-default\" data-id=\"9d7a74e\" data-element_type=\"section\">\n\t\t\t\t\t\t<div class=\"elementor-container elementor-column-gap-default\">\n\t\t\t\t\t<div class=\"elementor-column elementor-col-33 elementor-top-column elementor-element elementor-element-d85f86a\" data-id=\"d85f86a\" data-element_type=\"column\">\n\t\t\t<div class=\"elementor-widget-wrap elementor-element-populated\">\n\t\t\t\t\t\t<div class=\"elementor-element elementor-element-f719da2 elementor-position-top elementor-widget elementor-widget-image-box\" data-id=\"f719da2\" data-element_type=\"widget\" data-widget_type=\"image-box.default\">\n\t\t\t\t<div class=\"elementor-widget-container\">\n\t\t\t<div class=\"elementor-image-box-wrapper\"><figure class=\"elementor-image-box-img\"><a href=\"http:\/\/estudio01.proj.ufsm.br\/jogos\/calculo_tecnico\/index.html\" target=\"_blank\" tabindex=\"-1\"><img loading=\"lazy\" decoding=\"async\" width=\"300\" height=\"169\" src=\"https:\/\/www.ufsm.br\/app\/uploads\/sites\/413\/2018\/12\/capa-calculo-300x169.png\" class=\"attachment-medium size-medium wp-image-490\" alt=\"\" srcset=\"https:\/\/www.ufsm.br\/app\/uploads\/sites\/413\/2018\/12\/capa-calculo-300x169.png 300w, https:\/\/www.ufsm.br\/app\/uploads\/sites\/413\/2018\/12\/capa-calculo-768x432.png 768w, https:\/\/www.ufsm.br\/app\/uploads\/sites\/413\/2018\/12\/capa-calculo-1024x577.png 1024w, https:\/\/www.ufsm.br\/app\/uploads\/sites\/413\/2018\/12\/capa-calculo.png 1277w\" sizes=\"(max-width: 300px) 100vw, 300px\" \/><\/a><\/figure><div class=\"elementor-image-box-content\"><h5 class=\"elementor-image-box-title\"><a href=\"http:\/\/estudio01.proj.ufsm.br\/jogos\/calculo_tecnico\/index.html\" target=\"_blank\">C\u00e1lculo T\u00e9cnico<\/a><\/h5><\/div><\/div>\t\t<\/div>\n\t\t\t\t<\/div>\n\t\t\t\t\t<\/div>\n\t\t<\/div>\n\t\t\t\t<div class=\"elementor-column elementor-col-33 elementor-top-column elementor-element elementor-element-a09df7b\" data-id=\"a09df7b\" data-element_type=\"column\">\n\t\t\t<div class=\"elementor-widget-wrap elementor-element-populated\">\n\t\t\t\t\t\t<div class=\"elementor-element elementor-element-831c88a elementor-position-top elementor-widget elementor-widget-image-box\" data-id=\"831c88a\" data-element_type=\"widget\" data-widget_type=\"image-box.default\">\n\t\t\t\t<div class=\"elementor-widget-container\">\n\t\t\t<div class=\"elementor-image-box-wrapper\"><figure class=\"elementor-image-box-img\"><a href=\"http:\/\/estudio01.proj.ufsm.br\/jogos\/ajustagem\/index.html\" target=\"_blank\" tabindex=\"-1\"><img loading=\"lazy\" decoding=\"async\" width=\"300\" height=\"168\" src=\"https:\/\/www.ufsm.br\/app\/uploads\/sites\/413\/2018\/12\/capa-ajustagem-300x168.png\" class=\"attachment-medium size-medium wp-image-492\" alt=\"\" srcset=\"https:\/\/www.ufsm.br\/app\/uploads\/sites\/413\/2018\/12\/capa-ajustagem-300x168.png 300w, https:\/\/www.ufsm.br\/app\/uploads\/sites\/413\/2018\/12\/capa-ajustagem-768x431.png 768w, https:\/\/www.ufsm.br\/app\/uploads\/sites\/413\/2018\/12\/capa-ajustagem-1024x574.png 1024w, https:\/\/www.ufsm.br\/app\/uploads\/sites\/413\/2018\/12\/capa-ajustagem.png 1275w\" sizes=\"(max-width: 300px) 100vw, 300px\" \/><\/a><\/figure><div class=\"elementor-image-box-content\"><h5 class=\"elementor-image-box-title\"><a href=\"http:\/\/estudio01.proj.ufsm.br\/jogos\/ajustagem\/index.html\" target=\"_blank\">Ajustagem<\/a><\/h5><\/div><\/div>\t\t<\/div>\n\t\t\t\t<\/div>\n\t\t\t\t\t<\/div>\n\t\t<\/div>\n\t\t\t\t<div class=\"elementor-column elementor-col-33 elementor-top-column elementor-element elementor-element-4e0c526\" data-id=\"4e0c526\" data-element_type=\"column\">\n\t\t\t<div class=\"elementor-widget-wrap\">\n\t\t\t\t\t\t\t<\/div>\n\t\t<\/div>\n\t\t\t\t\t<\/div>\n\t\t<\/section>\n\t\t\t\t<\/div>\n\t\t","protected":false},"excerpt":{"rendered":"<p>Metrologia M\u00e1quinas e Tubula\u00e7\u00f5es Industriais Sistemas Hidr\u00e1ulicos \u00c9tica e Cidadania Elementos de M\u00e1quinas Empreendedorismo C\u00e1lculo T\u00e9cnico Ajustagem<\/p>\n","protected":false},"author":263,"featured_media":0,"parent":0,"menu_order":0,"comment_status":"closed","ping_status":"closed","template":"","meta":{"footnotes":""},"categories":[],"tags":[],"class_list":["post-448","page","type-page","status-publish","hentry"],"acf":[],"_links":{"self":[{"href":"https:\/\/www.ufsm.br\/unidades-universitarias\/ctism\/cte\/wp-json\/wp\/v2\/pages\/448","targetHints":{"allow":["GET"]}}],"collection":[{"href":"https:\/\/www.ufsm.br\/unidades-universitarias\/ctism\/cte\/wp-json\/wp\/v2\/pages"}],"about":[{"href":"https:\/\/www.ufsm.br\/unidades-universitarias\/ctism\/cte\/wp-json\/wp\/v2\/types\/page"}],"author":[{"embeddable":true,"href":"https:\/\/www.ufsm.br\/unidades-universitarias\/ctism\/cte\/wp-json\/wp\/v2\/users\/263"}],"replies":[{"embeddable":true,"href":"https:\/\/www.ufsm.br\/unidades-universitarias\/ctism\/cte\/wp-json\/wp\/v2\/comments?post=448"}],"version-history":[{"count":0,"href":"https:\/\/www.ufsm.br\/unidades-universitarias\/ctism\/cte\/wp-json\/wp\/v2\/pages\/448\/revisions"}],"wp:attachment":[{"href":"https:\/\/www.ufsm.br\/unidades-universitarias\/ctism\/cte\/wp-json\/wp\/v2\/media?parent=448"}],"wp:term":[{"taxonomy":"category","embeddable":true,"href":"https:\/\/www.ufsm.br\/unidades-universitarias\/ctism\/cte\/wp-json\/wp\/v2\/categories?post=448"},{"taxonomy":"post_tag","embeddable":true,"href":"https:\/\/www.ufsm.br\/unidades-universitarias\/ctism\/cte\/wp-json\/wp\/v2\/tags?post=448"}],"curies":[{"name":"wp","href":"https:\/\/api.w.org\/{rel}","templated":true}]}}