{"id":449,"date":"2018-12-06T15:51:35","date_gmt":"2018-12-06T17:51:35","guid":{"rendered":"https:\/\/www.ufsm.br\/unidades-universitarias\/ctism\/cte\/?page_id=449"},"modified":"2018-12-07T13:04:51","modified_gmt":"2018-12-07T15:04:51","slug":"ctism-jogos-seguranca-do-trabalho","status":"publish","type":"page","link":"https:\/\/www.ufsm.br\/unidades-universitarias\/ctism\/cte\/ctism-jogos-seguranca-do-trabalho","title":{"rendered":"CTISM &#8211; Jogos &#8211; Seguran\u00e7a do Trabalho"},"content":{"rendered":"\t\t<div data-elementor-type=\"wp-post\" data-elementor-id=\"449\" class=\"elementor elementor-449 elementor-bc-flex-widget\">\n\t\t\t\t\t\t<section class=\"elementor-section elementor-top-section elementor-element elementor-element-36e8ed7 elementor-section-boxed elementor-section-height-default elementor-section-height-default\" data-id=\"36e8ed7\" data-element_type=\"section\">\n\t\t\t\t\t\t<div class=\"elementor-container elementor-column-gap-default\">\n\t\t\t\t\t<div class=\"elementor-column elementor-col-33 elementor-top-column elementor-element elementor-element-55ca9a8\" data-id=\"55ca9a8\" data-element_type=\"column\">\n\t\t\t<div class=\"elementor-widget-wrap elementor-element-populated\">\n\t\t\t\t\t\t<div class=\"elementor-element elementor-element-41797d1 elementor-position-top elementor-widget elementor-widget-image-box\" data-id=\"41797d1\" data-element_type=\"widget\" data-widget_type=\"image-box.default\">\n\t\t\t\t<div class=\"elementor-widget-container\">\n\t\t\t<div class=\"elementor-image-box-wrapper\"><figure class=\"elementor-image-box-img\"><a href=\"http:\/\/estudio01.proj.ufsm.br\/jogos\/posturas\/index.html\" target=\"_blank\" tabindex=\"-1\"><img fetchpriority=\"high\" decoding=\"async\" width=\"300\" height=\"168\" src=\"https:\/\/www.ufsm.br\/app\/uploads\/sites\/413\/2018\/12\/capa-ergonomia-300x168.png\" class=\"attachment-medium size-medium wp-image-470\" alt=\"\" srcset=\"https:\/\/www.ufsm.br\/app\/uploads\/sites\/413\/2018\/12\/capa-ergonomia-300x168.png 300w, https:\/\/www.ufsm.br\/app\/uploads\/sites\/413\/2018\/12\/capa-ergonomia-768x429.png 768w, https:\/\/www.ufsm.br\/app\/uploads\/sites\/413\/2018\/12\/capa-ergonomia-1024x572.png 1024w, https:\/\/www.ufsm.br\/app\/uploads\/sites\/413\/2018\/12\/capa-ergonomia.png 1277w\" sizes=\"(max-width: 300px) 100vw, 300px\" \/><\/a><\/figure><div class=\"elementor-image-box-content\"><h5 class=\"elementor-image-box-title\"><a href=\"http:\/\/estudio01.proj.ufsm.br\/jogos\/posturas\/index.html\" target=\"_blank\">Ergonomia<\/a><\/h5><\/div><\/div>\t\t<\/div>\n\t\t\t\t<\/div>\n\t\t\t\t\t<\/div>\n\t\t<\/div>\n\t\t\t\t<div class=\"elementor-column elementor-col-33 elementor-top-column elementor-element elementor-element-7142972\" data-id=\"7142972\" data-element_type=\"column\">\n\t\t\t<div class=\"elementor-widget-wrap elementor-element-populated\">\n\t\t\t\t\t\t<div class=\"elementor-element elementor-element-0894340 elementor-position-top elementor-widget elementor-widget-image-box\" data-id=\"0894340\" data-element_type=\"widget\" data-widget_type=\"image-box.default\">\n\t\t\t\t<div class=\"elementor-widget-container\">\n\t\t\t<div class=\"elementor-image-box-wrapper\"><figure class=\"elementor-image-box-img\"><a href=\"http:\/\/estudio01.proj.ufsm.br\/jogos\/riscos_trabalhador\/index.html\" target=\"_blank\" tabindex=\"-1\"><img decoding=\"async\" width=\"300\" height=\"168\" src=\"https:\/\/www.ufsm.br\/app\/uploads\/sites\/413\/2018\/12\/capa-tecnologia_e_processos_i-300x168.png\" class=\"attachment-medium size-medium wp-image-472\" alt=\"\" srcset=\"https:\/\/www.ufsm.br\/app\/uploads\/sites\/413\/2018\/12\/capa-tecnologia_e_processos_i-300x168.png 300w, https:\/\/www.ufsm.br\/app\/uploads\/sites\/413\/2018\/12\/capa-tecnologia_e_processos_i-768x429.png 768w, https:\/\/www.ufsm.br\/app\/uploads\/sites\/413\/2018\/12\/capa-tecnologia_e_processos_i-1024x573.png 1024w, https:\/\/www.ufsm.br\/app\/uploads\/sites\/413\/2018\/12\/capa-tecnologia_e_processos_i.png 1275w\" sizes=\"(max-width: 300px) 100vw, 300px\" \/><\/a><\/figure><div class=\"elementor-image-box-content\"><h5 class=\"elementor-image-box-title\"><a href=\"http:\/\/estudio01.proj.ufsm.br\/jogos\/riscos_trabalhador\/index.html\" target=\"_blank\">Tecnologia e Processos Industriais I<\/a><\/h5><\/div><\/div>\t\t<\/div>\n\t\t\t\t<\/div>\n\t\t\t\t\t<\/div>\n\t\t<\/div>\n\t\t\t\t<div class=\"elementor-column elementor-col-33 elementor-top-column elementor-element elementor-element-fbce9db\" data-id=\"fbce9db\" data-element_type=\"column\">\n\t\t\t<div class=\"elementor-widget-wrap elementor-element-populated\">\n\t\t\t\t\t\t<div class=\"elementor-element elementor-element-2662ad2 elementor-position-top elementor-widget elementor-widget-image-box\" data-id=\"2662ad2\" data-element_type=\"widget\" data-widget_type=\"image-box.default\">\n\t\t\t\t<div class=\"elementor-widget-container\">\n\t\t\t<div class=\"elementor-image-box-wrapper\"><figure class=\"elementor-image-box-img\"><a href=\"http:\/\/estudio01.proj.ufsm.br\/jogos\/shooter\/index.html\" target=\"_blank\" tabindex=\"-1\"><img decoding=\"async\" width=\"300\" height=\"169\" src=\"https:\/\/www.ufsm.br\/app\/uploads\/sites\/413\/2018\/12\/capa-tecnologia_e_processos_iii-300x169.png\" class=\"attachment-medium size-medium wp-image-468\" alt=\"\" srcset=\"https:\/\/www.ufsm.br\/app\/uploads\/sites\/413\/2018\/12\/capa-tecnologia_e_processos_iii-300x169.png 300w, https:\/\/www.ufsm.br\/app\/uploads\/sites\/413\/2018\/12\/capa-tecnologia_e_processos_iii-768x434.png 768w, https:\/\/www.ufsm.br\/app\/uploads\/sites\/413\/2018\/12\/capa-tecnologia_e_processos_iii-1024x578.png 1024w, https:\/\/www.ufsm.br\/app\/uploads\/sites\/413\/2018\/12\/capa-tecnologia_e_processos_iii.png 1277w\" sizes=\"(max-width: 300px) 100vw, 300px\" \/><\/a><\/figure><div class=\"elementor-image-box-content\"><h5 class=\"elementor-image-box-title\"><a href=\"http:\/\/estudio01.proj.ufsm.br\/jogos\/shooter\/index.html\" target=\"_blank\">Tecnologia e Processos Industriais III<\/a><\/h5><\/div><\/div>\t\t<\/div>\n\t\t\t\t<\/div>\n\t\t\t\t\t<\/div>\n\t\t<\/div>\n\t\t\t\t\t<\/div>\n\t\t<\/section>\n\t\t\t\t<section class=\"elementor-section elementor-top-section elementor-element elementor-element-6a228d4 elementor-section-boxed elementor-section-height-default elementor-section-height-default\" data-id=\"6a228d4\" data-element_type=\"section\">\n\t\t\t\t\t\t<div class=\"elementor-container elementor-column-gap-default\">\n\t\t\t\t\t<div class=\"elementor-column elementor-col-33 elementor-top-column elementor-element elementor-element-7f2d808\" data-id=\"7f2d808\" data-element_type=\"column\">\n\t\t\t<div class=\"elementor-widget-wrap elementor-element-populated\">\n\t\t\t\t\t\t<div class=\"elementor-element elementor-element-e5613bf elementor-position-top elementor-widget elementor-widget-image-box\" data-id=\"e5613bf\" data-element_type=\"widget\" data-widget_type=\"image-box.default\">\n\t\t\t\t<div class=\"elementor-widget-container\">\n\t\t\t<div class=\"elementor-image-box-wrapper\"><figure class=\"elementor-image-box-img\"><a href=\"http:\/\/estudio01.proj.ufsm.br\/jogos\/placas\/index.html\" target=\"_blank\" tabindex=\"-1\"><img loading=\"lazy\" decoding=\"async\" width=\"300\" height=\"169\" src=\"https:\/\/www.ufsm.br\/app\/uploads\/sites\/413\/2018\/12\/capa-seguranca-4-300x169.png\" class=\"attachment-medium size-medium wp-image-473\" alt=\"\" srcset=\"https:\/\/www.ufsm.br\/app\/uploads\/sites\/413\/2018\/12\/capa-seguranca-4-300x169.png 300w, https:\/\/www.ufsm.br\/app\/uploads\/sites\/413\/2018\/12\/capa-seguranca-4-768x432.png 768w, https:\/\/www.ufsm.br\/app\/uploads\/sites\/413\/2018\/12\/capa-seguranca-4-1024x576.png 1024w, https:\/\/www.ufsm.br\/app\/uploads\/sites\/413\/2018\/12\/capa-seguranca-4.png 1276w\" sizes=\"(max-width: 300px) 100vw, 300px\" \/><\/a><\/figure><div class=\"elementor-image-box-content\"><h5 class=\"elementor-image-box-title\"><a href=\"http:\/\/estudio01.proj.ufsm.br\/jogos\/placas\/index.html\" target=\"_blank\">Seguran\u00e7a do Trabalho IV<\/a><\/h5><\/div><\/div>\t\t<\/div>\n\t\t\t\t<\/div>\n\t\t\t\t\t<\/div>\n\t\t<\/div>\n\t\t\t\t<div class=\"elementor-column elementor-col-33 elementor-top-column elementor-element elementor-element-82cf0eb\" data-id=\"82cf0eb\" data-element_type=\"column\">\n\t\t\t<div class=\"elementor-widget-wrap elementor-element-populated\">\n\t\t\t\t\t\t<div class=\"elementor-element elementor-element-2b2d4ca elementor-position-top elementor-widget elementor-widget-image-box\" data-id=\"2b2d4ca\" data-element_type=\"widget\" data-widget_type=\"image-box.default\">\n\t\t\t\t<div class=\"elementor-widget-container\">\n\t\t\t<div class=\"elementor-image-box-wrapper\"><figure class=\"elementor-image-box-img\"><a href=\"http:\/\/estudio01.proj.ufsm.br\/jogos\/normalizacao\/index.html\" target=\"_blank\" tabindex=\"-1\"><img loading=\"lazy\" decoding=\"async\" width=\"300\" height=\"169\" src=\"https:\/\/www.ufsm.br\/app\/uploads\/sites\/413\/2018\/12\/capa-normatizacao-300x169.png\" class=\"attachment-medium size-medium wp-image-476\" alt=\"\" srcset=\"https:\/\/www.ufsm.br\/app\/uploads\/sites\/413\/2018\/12\/capa-normatizacao-300x169.png 300w, https:\/\/www.ufsm.br\/app\/uploads\/sites\/413\/2018\/12\/capa-normatizacao-768x433.png 768w, https:\/\/www.ufsm.br\/app\/uploads\/sites\/413\/2018\/12\/capa-normatizacao-1024x577.png 1024w, https:\/\/www.ufsm.br\/app\/uploads\/sites\/413\/2018\/12\/capa-normatizacao.png 1278w\" sizes=\"(max-width: 300px) 100vw, 300px\" \/><\/a><\/figure><div class=\"elementor-image-box-content\"><h5 class=\"elementor-image-box-title\"><a href=\"http:\/\/estudio01.proj.ufsm.br\/jogos\/normalizacao\/index.html\" target=\"_blank\">Normatiza\u00e7\u00e3o e Legisla\u00e7\u00e3o Aplicada<\/a><\/h5><\/div><\/div>\t\t<\/div>\n\t\t\t\t<\/div>\n\t\t\t\t\t<\/div>\n\t\t<\/div>\n\t\t\t\t<div class=\"elementor-column elementor-col-33 elementor-top-column elementor-element elementor-element-da2b405\" data-id=\"da2b405\" data-element_type=\"column\">\n\t\t\t<div class=\"elementor-widget-wrap elementor-element-populated\">\n\t\t\t\t\t\t<div class=\"elementor-element elementor-element-9dce1f4 elementor-position-top elementor-widget elementor-widget-image-box\" data-id=\"9dce1f4\" data-element_type=\"widget\" data-widget_type=\"image-box.default\">\n\t\t\t\t<div class=\"elementor-widget-container\">\n\t\t\t<div class=\"elementor-image-box-wrapper\"><figure class=\"elementor-image-box-img\"><a href=\"http:\/\/estudio01.proj.ufsm.br\/jogos\/incendios\/index.html\" target=\"_blank\" tabindex=\"-1\"><img loading=\"lazy\" decoding=\"async\" width=\"300\" height=\"169\" src=\"https:\/\/www.ufsm.br\/app\/uploads\/sites\/413\/2018\/12\/capa_prevencao_e_combate_a_sinistros-300x169.png\" class=\"attachment-medium size-medium wp-image-480\" alt=\"\" srcset=\"https:\/\/www.ufsm.br\/app\/uploads\/sites\/413\/2018\/12\/capa_prevencao_e_combate_a_sinistros-300x169.png 300w, https:\/\/www.ufsm.br\/app\/uploads\/sites\/413\/2018\/12\/capa_prevencao_e_combate_a_sinistros-768x432.png 768w, https:\/\/www.ufsm.br\/app\/uploads\/sites\/413\/2018\/12\/capa_prevencao_e_combate_a_sinistros-1024x576.png 1024w, https:\/\/www.ufsm.br\/app\/uploads\/sites\/413\/2018\/12\/capa_prevencao_e_combate_a_sinistros.png 1271w\" sizes=\"(max-width: 300px) 100vw, 300px\" \/><\/a><\/figure><div class=\"elementor-image-box-content\"><h5 class=\"elementor-image-box-title\"><a href=\"http:\/\/estudio01.proj.ufsm.br\/jogos\/incendios\/index.html\" target=\"_blank\">Preven\u00e7\u00e3o e Combate a Sinistros<\/a><\/h5><\/div><\/div>\t\t<\/div>\n\t\t\t\t<\/div>\n\t\t\t\t\t<\/div>\n\t\t<\/div>\n\t\t\t\t\t<\/div>\n\t\t<\/section>\n\t\t\t\t<section class=\"elementor-section elementor-top-section elementor-element elementor-element-32c4e87 elementor-section-boxed elementor-section-height-default elementor-section-height-default\" data-id=\"32c4e87\" data-element_type=\"section\">\n\t\t\t\t\t\t<div class=\"elementor-container elementor-column-gap-default\">\n\t\t\t\t\t<div class=\"elementor-column elementor-col-33 elementor-top-column elementor-element elementor-element-d4efb0a\" data-id=\"d4efb0a\" data-element_type=\"column\">\n\t\t\t<div class=\"elementor-widget-wrap elementor-element-populated\">\n\t\t\t\t\t\t<div class=\"elementor-element elementor-element-154b99e elementor-position-top elementor-widget elementor-widget-image-box\" data-id=\"154b99e\" data-element_type=\"widget\" data-widget_type=\"image-box.default\">\n\t\t\t\t<div class=\"elementor-widget-container\">\n\t\t\t<div class=\"elementor-image-box-wrapper\"><figure class=\"elementor-image-box-img\"><a href=\"http:\/\/estudio01.proj.ufsm.br\/jogos\/higiene\/index.html\" target=\"_blank\" tabindex=\"-1\"><img loading=\"lazy\" decoding=\"async\" width=\"300\" height=\"168\" src=\"https:\/\/www.ufsm.br\/app\/uploads\/sites\/413\/2018\/12\/capa-higiene-ocupacional-300x168.png\" class=\"attachment-medium size-medium wp-image-481\" alt=\"\" srcset=\"https:\/\/www.ufsm.br\/app\/uploads\/sites\/413\/2018\/12\/capa-higiene-ocupacional-300x168.png 300w, https:\/\/www.ufsm.br\/app\/uploads\/sites\/413\/2018\/12\/capa-higiene-ocupacional-768x431.png 768w, https:\/\/www.ufsm.br\/app\/uploads\/sites\/413\/2018\/12\/capa-higiene-ocupacional-1024x575.png 1024w, https:\/\/www.ufsm.br\/app\/uploads\/sites\/413\/2018\/12\/capa-higiene-ocupacional.png 1277w\" sizes=\"(max-width: 300px) 100vw, 300px\" \/><\/a><\/figure><div class=\"elementor-image-box-content\"><h5 class=\"elementor-image-box-title\"><a href=\"http:\/\/estudio01.proj.ufsm.br\/jogos\/higiene\/index.html\" target=\"_blank\">Higiene Ocupacional<\/a><\/h5><\/div><\/div>\t\t<\/div>\n\t\t\t\t<\/div>\n\t\t\t\t\t<\/div>\n\t\t<\/div>\n\t\t\t\t<div class=\"elementor-column elementor-col-33 elementor-top-column elementor-element elementor-element-4b08891\" data-id=\"4b08891\" data-element_type=\"column\">\n\t\t\t<div class=\"elementor-widget-wrap\">\n\t\t\t\t\t\t\t<\/div>\n\t\t<\/div>\n\t\t\t\t<div class=\"elementor-column elementor-col-33 elementor-top-column elementor-element elementor-element-8faac37\" data-id=\"8faac37\" data-element_type=\"column\">\n\t\t\t<div class=\"elementor-widget-wrap\">\n\t\t\t\t\t\t\t<\/div>\n\t\t<\/div>\n\t\t\t\t\t<\/div>\n\t\t<\/section>\n\t\t\t\t<\/div>\n\t\t","protected":false},"excerpt":{"rendered":"<p>Ergonomia Tecnologia e Processos Industriais I Tecnologia e Processos Industriais III Seguran\u00e7a do Trabalho IV Normatiza\u00e7\u00e3o e Legisla\u00e7\u00e3o Aplicada Preven\u00e7\u00e3o e Combate a Sinistros Higiene Ocupacional<\/p>\n","protected":false},"author":263,"featured_media":0,"parent":0,"menu_order":0,"comment_status":"closed","ping_status":"closed","template":"","meta":{"footnotes":""},"categories":[],"tags":[],"class_list":["post-449","page","type-page","status-publish","hentry"],"acf":[],"_links":{"self":[{"href":"https:\/\/www.ufsm.br\/unidades-universitarias\/ctism\/cte\/wp-json\/wp\/v2\/pages\/449","targetHints":{"allow":["GET"]}}],"collection":[{"href":"https:\/\/www.ufsm.br\/unidades-universitarias\/ctism\/cte\/wp-json\/wp\/v2\/pages"}],"about":[{"href":"https:\/\/www.ufsm.br\/unidades-universitarias\/ctism\/cte\/wp-json\/wp\/v2\/types\/page"}],"author":[{"embeddable":true,"href":"https:\/\/www.ufsm.br\/unidades-universitarias\/ctism\/cte\/wp-json\/wp\/v2\/users\/263"}],"replies":[{"embeddable":true,"href":"https:\/\/www.ufsm.br\/unidades-universitarias\/ctism\/cte\/wp-json\/wp\/v2\/comments?post=449"}],"version-history":[{"count":0,"href":"https:\/\/www.ufsm.br\/unidades-universitarias\/ctism\/cte\/wp-json\/wp\/v2\/pages\/449\/revisions"}],"wp:attachment":[{"href":"https:\/\/www.ufsm.br\/unidades-universitarias\/ctism\/cte\/wp-json\/wp\/v2\/media?parent=449"}],"wp:term":[{"taxonomy":"category","embeddable":true,"href":"https:\/\/www.ufsm.br\/unidades-universitarias\/ctism\/cte\/wp-json\/wp\/v2\/categories?post=449"},{"taxonomy":"post_tag","embeddable":true,"href":"https:\/\/www.ufsm.br\/unidades-universitarias\/ctism\/cte\/wp-json\/wp\/v2\/tags?post=449"}],"curies":[{"name":"wp","href":"https:\/\/api.w.org\/{rel}","templated":true}]}}