{"id":47,"date":"2018-10-01T10:56:33","date_gmt":"2018-10-01T13:56:33","guid":{"rendered":"https:\/\/www.ufsm.br\/unidades-universitarias\/ctism\/cte\/?page_id=47"},"modified":"2018-12-19T14:49:20","modified_gmt":"2018-12-19T16:49:20","slug":"conheca-o-estudio-sab","status":"publish","type":"page","link":"https:\/\/www.ufsm.br\/unidades-universitarias\/ctism\/cte\/conheca-o-estudio-sab","title":{"rendered":"Conhe\u00e7a o Est\u00fadio SAB"},"content":{"rendered":"\t\t<div data-elementor-type=\"wp-post\" data-elementor-id=\"47\" class=\"elementor elementor-47 elementor-bc-flex-widget\">\n\t\t\t\t\t\t<section class=\"elementor-section elementor-top-section elementor-element elementor-element-23032885 elementor-section-boxed elementor-section-height-default elementor-section-height-default\" data-id=\"23032885\" data-element_type=\"section\">\n\t\t\t\t\t\t<div class=\"elementor-container elementor-column-gap-default\">\n\t\t\t\t\t<div class=\"elementor-column elementor-col-100 elementor-top-column elementor-element elementor-element-b3a4e45\" data-id=\"b3a4e45\" data-element_type=\"column\">\n\t\t\t<div class=\"elementor-widget-wrap elementor-element-populated\">\n\t\t\t\t\t\t<div class=\"elementor-element elementor-element-7f499ffe elementor-widget elementor-widget-text-editor\" data-id=\"7f499ffe\" data-element_type=\"widget\" data-widget_type=\"text-editor.default\">\n\t\t\t\t<div class=\"elementor-widget-container\">\n\t\t\t\t\t\t\t<p style=\"overflow-wrap: break-word; font-family: 'Helvetica Neue', Helvetica, Arial, sans-serif; font-size: 13px; line-height: 1.6; text-align: justify;\">O Est\u00fadio EaD\/CTISM foi criado em outubro de 2011, com o objetivo de produzir material audiovisual, visando a complementa\u00e7\u00e3o do aprendizado dos alunos dos cursos t\u00e9cnicos \u00e0 dist\u00e2ncia ofertados pelo EaD\/CTISM.<\/p><p>Somando a experi\u00eancia de profissionais altamente qualificados e a alta tecnologia utilizada, o est\u00fadio possui autonomia para produ\u00e7\u00e3o total do material audiovisual, desde a grava\u00e7\u00e3o at\u00e9 a edi\u00e7\u00e3o final, disponibilizando os v\u00eddeos diretamente na plataforma on-line e armazenando-os atrav\u00e9s de m\u00eddias digitais.<\/p><p>As grava\u00e7\u00f5es em alta defini\u00e7\u00e3o permitem uma melhor interpreta\u00e7\u00e3o do conte\u00fado, atrav\u00e9s do detalhamento das imagens, impactando positivamente no padr\u00e3o de qualidade do ensino \u00e0 dist\u00e2ncia do EaD\/CTISM da rede e-Tec.<\/p><p><img fetchpriority=\"high\" decoding=\"async\" class=\" wp-image-48 aligncenter\" src=\"https:\/\/www.ufsm.br\/unidades-universitarias\/ctism\/cte\/wp-content\/uploads\/sites\/413\/2018\/10\/419653_171095196389183_738911387_n-300x225.jpg\" alt=\"\" width=\"387\" height=\"290\" srcset=\"https:\/\/www.ufsm.br\/app\/uploads\/sites\/413\/2018\/10\/419653_171095196389183_738911387_n-300x225.jpg 300w, https:\/\/www.ufsm.br\/app\/uploads\/sites\/413\/2018\/10\/419653_171095196389183_738911387_n-768x576.jpg 768w, https:\/\/www.ufsm.br\/app\/uploads\/sites\/413\/2018\/10\/419653_171095196389183_738911387_n.jpg 960w\" sizes=\"(max-width: 387px) 100vw, 387px\" \/><\/p>\t\t\t\t\t\t<\/div>\n\t\t\t\t<\/div>\n\t\t\t\t\t<\/div>\n\t\t<\/div>\n\t\t\t\t\t<\/div>\n\t\t<\/section>\n\t\t\t\t<\/div>\n\t\t","protected":false},"excerpt":{"rendered":"<p>O Est\u00fadio EaD\/CTISM foi criado em outubro de 2011, com o objetivo de produzir material audiovisual, visando a complementa\u00e7\u00e3o do aprendizado dos alunos dos cursos t\u00e9cnicos \u00e0 dist\u00e2ncia ofertados pelo EaD\/CTISM. Somando a experi\u00eancia de profissionais altamente qualificados e a alta tecnologia utilizada, o est\u00fadio possui autonomia para produ\u00e7\u00e3o total do material audiovisual, desde a [&hellip;]<\/p>\n","protected":false},"author":259,"featured_media":0,"parent":0,"menu_order":0,"comment_status":"closed","ping_status":"closed","template":"","meta":{"footnotes":""},"categories":[],"tags":[],"class_list":["post-47","page","type-page","status-publish","hentry"],"acf":[],"_links":{"self":[{"href":"https:\/\/www.ufsm.br\/unidades-universitarias\/ctism\/cte\/wp-json\/wp\/v2\/pages\/47","targetHints":{"allow":["GET"]}}],"collection":[{"href":"https:\/\/www.ufsm.br\/unidades-universitarias\/ctism\/cte\/wp-json\/wp\/v2\/pages"}],"about":[{"href":"https:\/\/www.ufsm.br\/unidades-universitarias\/ctism\/cte\/wp-json\/wp\/v2\/types\/page"}],"author":[{"embeddable":true,"href":"https:\/\/www.ufsm.br\/unidades-universitarias\/ctism\/cte\/wp-json\/wp\/v2\/users\/259"}],"replies":[{"embeddable":true,"href":"https:\/\/www.ufsm.br\/unidades-universitarias\/ctism\/cte\/wp-json\/wp\/v2\/comments?post=47"}],"version-history":[{"count":0,"href":"https:\/\/www.ufsm.br\/unidades-universitarias\/ctism\/cte\/wp-json\/wp\/v2\/pages\/47\/revisions"}],"wp:attachment":[{"href":"https:\/\/www.ufsm.br\/unidades-universitarias\/ctism\/cte\/wp-json\/wp\/v2\/media?parent=47"}],"wp:term":[{"taxonomy":"category","embeddable":true,"href":"https:\/\/www.ufsm.br\/unidades-universitarias\/ctism\/cte\/wp-json\/wp\/v2\/categories?post=47"},{"taxonomy":"post_tag","embeddable":true,"href":"https:\/\/www.ufsm.br\/unidades-universitarias\/ctism\/cte\/wp-json\/wp\/v2\/tags?post=47"}],"curies":[{"name":"wp","href":"https:\/\/api.w.org\/{rel}","templated":true}]}}