{"id":529,"date":"2018-12-14T10:29:14","date_gmt":"2018-12-14T12:29:14","guid":{"rendered":"https:\/\/www.ufsm.br\/unidades-universitarias\/ctism\/cte\/?page_id=529"},"modified":"2018-12-19T11:39:20","modified_gmt":"2018-12-19T13:39:20","slug":"menu-ctism-automacao-industrial-atribuicoes-do-profissional","status":"publish","type":"page","link":"https:\/\/www.ufsm.br\/unidades-universitarias\/ctism\/cte\/menu-ctism-automacao-industrial-atribuicoes-do-profissional","title":{"rendered":"CTISM &#8211; Automa\u00e7\u00e3o Industrial &#8211; Atribui\u00e7\u00f5es do Profissional"},"content":{"rendered":"\t\t<div data-elementor-type=\"wp-post\" data-elementor-id=\"529\" class=\"elementor elementor-529 elementor-bc-flex-widget\">\n\t\t\t\t\t\t<section class=\"elementor-section elementor-top-section elementor-element elementor-element-4405383 elementor-section-boxed elementor-section-height-default elementor-section-height-default\" data-id=\"4405383\" data-element_type=\"section\">\n\t\t\t\t\t\t<div class=\"elementor-container elementor-column-gap-default\">\n\t\t\t\t\t<div class=\"elementor-column elementor-col-100 elementor-top-column elementor-element elementor-element-1b125fa\" data-id=\"1b125fa\" data-element_type=\"column\">\n\t\t\t<div class=\"elementor-widget-wrap elementor-element-populated\">\n\t\t\t\t\t\t<div class=\"elementor-element elementor-element-2d5aa4e elementor-widget elementor-widget-text-editor\" data-id=\"2d5aa4e\" data-element_type=\"widget\" data-widget_type=\"text-editor.default\">\n\t\t\t\t<div class=\"elementor-widget-container\">\n\t\t\t\t\t\t\t<p style=\"overflow-wrap: break-word; font-family: 'Helvetica Neue', Helvetica, Arial, sans-serif; font-size: 13px; text-align: justify; line-height: 1.6;\">O T\u00e9cnico em Automa\u00e7\u00e3o Industrial \u00e9 o profissional capaz de entender, instalar, adaptar e dar manuten\u00e7\u00e3o em processos de automa\u00e7\u00e3o industrial, transferindo conhecimentos e habilidades para fazer frente \u00e0 constante evolu\u00e7\u00e3o tecnol\u00f3gica provocada pela complexidade dos processos produtivos e pelas muta\u00e7\u00f5es tecnol\u00f3gicas na fabrica\u00e7\u00e3o de equipamentos. O T\u00e9cnico em Automa\u00e7\u00e3o Industrial \u00e9 o profissional capaz de:<\/p>\n<p>\u2022 Utilizar micro-controladores voltados para a Automa\u00e7\u00e3o Industrial;<br>\u2022 Controlar o funcionamento de equipamentos e de instala\u00e7\u00f5es industriais,<br>\u2022 Programar, instalar, operar e dar manuten\u00e7\u00e3o em equipamentos com comando num\u00e9rico computadorizado e controladores l\u00f3gicos program\u00e1veis,<br>\u2022 Aplicar t\u00e9cnicas de gerenciamento da qualidade e coordenar as atividades de sua equipe de trabalho nas diferentes fases de execu\u00e7\u00e3o das tarefas;<br>\u2022 Efetuar montagens de sistemas integrados eletroeletr\u00f4nicos, eletros-pneum\u00e1ticos, eletros-hidr\u00e1ulicos e mec\u00e2nicos, empregados em equipamentos e processos automatizados;<br>\u2022 Diagnosticar falhas e defeitos em m\u00e1quinas e equipamentos automatizados; reparar e\/ou substituir elementos \u2022 mec\u00e2nicos e eletroeletr\u00f4nicos em equipamentos e sistemas automatizados;<br>\u2022 Efetuar montagens de sistemas integrados eletroeletr\u00f4nicos, eletros-pneum\u00e1ticos, eletros-hidr\u00e1ulicos e mec\u00e2nicos, empregados em equipamentos e processos automatizados, testando seu funcionamento de acordo com padr\u00f5es estabelecidos e normas espec\u00edficas;\u2022 Aplicar diagn\u00f3stico de falhas para localiza\u00e7\u00e3o de defeitos em m\u00e1quinas e equipamentos automatizados, empregando instrumentos e aparelhos de teste;<br>\u2022 Reparar e\/ou substituir elementos mec\u00e2nicos e eletroeletr\u00f4nicos em equipamentos e sistemas automatizados;<br>\u2022 Integrar equipes multiprofissionais com vistas ao projeto de implementa\u00e7\u00e3o, atualiza\u00e7\u00e3o e manuten\u00e7\u00e3o de equipamentos e sistemas automatizados;<br>\u2022 Controlar a qualidade de produtos em processos, empregando t\u00e9cnicas, instrumentos e aparelhos espec\u00edficos;<br>\u2022 Coordenar grupos de trabalho e assistir tecnicamente profissionais da \u00e1rea de manuten\u00e7\u00e3o de equipamentos e sistemas automatizados, zelando e responsabilizando-se pela higiene e seguran\u00e7a;<br>\u2022 Especificar materiais, componentes, equipamentos e sistemas integrados, emitindo os competentes pareceres t\u00e9cnicos;<br>\u2022 Elaborar relat\u00f3rios t\u00e9cnicos referentes a testes, ensaios, experi\u00eancias e inspe\u00e7\u00f5es;<br>\u2022 Atuar de forma \u00e9tica e empreendedora no \u00e2mbito pessoal e profissional.<\/p>\t\t\t\t\t\t<\/div>\n\t\t\t\t<\/div>\n\t\t\t\t\t<\/div>\n\t\t<\/div>\n\t\t\t\t\t<\/div>\n\t\t<\/section>\n\t\t\t\t<\/div>\n\t\t","protected":false},"excerpt":{"rendered":"<p>O T\u00e9cnico em Automa\u00e7\u00e3o Industrial \u00e9 o profissional capaz de entender, instalar, adaptar e dar manuten\u00e7\u00e3o em processos de automa\u00e7\u00e3o industrial, transferindo conhecimentos e habilidades para fazer frente \u00e0 constante evolu\u00e7\u00e3o tecnol\u00f3gica provocada pela complexidade dos processos produtivos e pelas muta\u00e7\u00f5es tecnol\u00f3gicas na fabrica\u00e7\u00e3o de equipamentos. O T\u00e9cnico em Automa\u00e7\u00e3o Industrial \u00e9 o profissional capaz [&hellip;]<\/p>\n","protected":false},"author":262,"featured_media":0,"parent":0,"menu_order":0,"comment_status":"closed","ping_status":"closed","template":"","meta":{"footnotes":""},"categories":[],"tags":[],"class_list":["post-529","page","type-page","status-publish","hentry"],"acf":[],"_links":{"self":[{"href":"https:\/\/www.ufsm.br\/unidades-universitarias\/ctism\/cte\/wp-json\/wp\/v2\/pages\/529","targetHints":{"allow":["GET"]}}],"collection":[{"href":"https:\/\/www.ufsm.br\/unidades-universitarias\/ctism\/cte\/wp-json\/wp\/v2\/pages"}],"about":[{"href":"https:\/\/www.ufsm.br\/unidades-universitarias\/ctism\/cte\/wp-json\/wp\/v2\/types\/page"}],"author":[{"embeddable":true,"href":"https:\/\/www.ufsm.br\/unidades-universitarias\/ctism\/cte\/wp-json\/wp\/v2\/users\/262"}],"replies":[{"embeddable":true,"href":"https:\/\/www.ufsm.br\/unidades-universitarias\/ctism\/cte\/wp-json\/wp\/v2\/comments?post=529"}],"version-history":[{"count":0,"href":"https:\/\/www.ufsm.br\/unidades-universitarias\/ctism\/cte\/wp-json\/wp\/v2\/pages\/529\/revisions"}],"wp:attachment":[{"href":"https:\/\/www.ufsm.br\/unidades-universitarias\/ctism\/cte\/wp-json\/wp\/v2\/media?parent=529"}],"wp:term":[{"taxonomy":"category","embeddable":true,"href":"https:\/\/www.ufsm.br\/unidades-universitarias\/ctism\/cte\/wp-json\/wp\/v2\/categories?post=529"},{"taxonomy":"post_tag","embeddable":true,"href":"https:\/\/www.ufsm.br\/unidades-universitarias\/ctism\/cte\/wp-json\/wp\/v2\/tags?post=529"}],"curies":[{"name":"wp","href":"https:\/\/api.w.org\/{rel}","templated":true}]}}