{"id":533,"date":"2018-12-14T10:31:20","date_gmt":"2018-12-14T12:31:20","guid":{"rendered":"https:\/\/www.ufsm.br\/unidades-universitarias\/ctism\/cte\/?page_id=533"},"modified":"2018-12-19T11:45:30","modified_gmt":"2018-12-19T13:45:30","slug":"menu-ctism-automacao-industrial-sistema-de-avaliacao","status":"publish","type":"page","link":"https:\/\/www.ufsm.br\/unidades-universitarias\/ctism\/cte\/menu-ctism-automacao-industrial-sistema-de-avaliacao","title":{"rendered":"CTISM &#8211; Automa\u00e7\u00e3o Industrial &#8211; Sistemas de Avalia\u00e7\u00e3o"},"content":{"rendered":"\t\t<div data-elementor-type=\"wp-post\" data-elementor-id=\"533\" class=\"elementor elementor-533 elementor-bc-flex-widget\">\n\t\t\t\t\t\t<section class=\"elementor-section elementor-top-section elementor-element elementor-element-b1cea07 elementor-section-boxed elementor-section-height-default elementor-section-height-default\" data-id=\"b1cea07\" data-element_type=\"section\">\n\t\t\t\t\t\t<div class=\"elementor-container elementor-column-gap-default\">\n\t\t\t\t\t<div class=\"elementor-column elementor-col-100 elementor-top-column elementor-element elementor-element-deabe63\" data-id=\"deabe63\" data-element_type=\"column\">\n\t\t\t<div class=\"elementor-widget-wrap elementor-element-populated\">\n\t\t\t\t\t\t<div class=\"elementor-element elementor-element-5ec1466 elementor-widget elementor-widget-text-editor\" data-id=\"5ec1466\" data-element_type=\"widget\" data-widget_type=\"text-editor.default\">\n\t\t\t\t<div class=\"elementor-widget-container\">\n\t\t\t\t\t\t\t<p style=\"overflow-wrap: break-word; font-family: 'Helvetica Neue', Helvetica, Arial, sans-serif; font-size: 13px; text-align: justify; line-height: 1.6;\">\nConsistir\u00e1 em processo sistem\u00e1tico, continuado e cumulativo, dentro de cada componente curricular; Envolver\u00e1, necessariamente, an\u00e1lise, comunica\u00e7\u00e3o e orienta\u00e7\u00e3o peri\u00f3dica sobre a qualidade e adequa\u00e7\u00e3o da aprendizagem e do desempenho evidenciados pelo aluno em cada atividade, fase ou conjunto de a\u00e7\u00f5es e iniciativas did\u00e1tico-pedag\u00f3gicas;\n\nCompreender\u00e1 uma avalia\u00e7\u00e3o conclusiva do desempenho de cada aluno no componente curricular que dever\u00e1 resultar dos instrumentos individuais de acompanhamento e avalia\u00e7\u00e3o referentes \u00e0s atividades regulares ou suplementares propostas ao aluno. A avalia\u00e7\u00e3o conclusiva, ao final do componente curricular, ser\u00e1 formalizada por nota;\n\nA explicita\u00e7\u00e3o do resultado final da avalia\u00e7\u00e3o ser\u00e1 feita mediante notas de zero a dez, expressa com at\u00e9 uma casa decimal ap\u00f3s a v\u00edrgula. A nota m\u00ednima para aprova\u00e7\u00e3o ser\u00e1 7,0, com, no m\u00ednimo, 75% (setenta e cinco por cento) de freq\u00fc\u00eancia nas atividades presenciais.\n<\/p>  \t\t\t\t\t\t<\/div>\n\t\t\t\t<\/div>\n\t\t\t\t\t<\/div>\n\t\t<\/div>\n\t\t\t\t\t<\/div>\n\t\t<\/section>\n\t\t\t\t<\/div>\n\t\t","protected":false},"excerpt":{"rendered":"<p>Consistir\u00e1 em processo sistem\u00e1tico, continuado e cumulativo, dentro de cada componente curricular; Envolver\u00e1, necessariamente, an\u00e1lise, comunica\u00e7\u00e3o e orienta\u00e7\u00e3o peri\u00f3dica sobre a qualidade e adequa\u00e7\u00e3o da aprendizagem e do desempenho evidenciados pelo aluno em cada atividade, fase ou conjunto de a\u00e7\u00f5es e iniciativas did\u00e1tico-pedag\u00f3gicas; Compreender\u00e1 uma avalia\u00e7\u00e3o conclusiva do desempenho de cada aluno no componente curricular [&hellip;]<\/p>\n","protected":false},"author":262,"featured_media":0,"parent":0,"menu_order":0,"comment_status":"closed","ping_status":"closed","template":"","meta":{"footnotes":""},"categories":[],"tags":[],"class_list":["post-533","page","type-page","status-publish","hentry"],"acf":[],"_links":{"self":[{"href":"https:\/\/www.ufsm.br\/unidades-universitarias\/ctism\/cte\/wp-json\/wp\/v2\/pages\/533","targetHints":{"allow":["GET"]}}],"collection":[{"href":"https:\/\/www.ufsm.br\/unidades-universitarias\/ctism\/cte\/wp-json\/wp\/v2\/pages"}],"about":[{"href":"https:\/\/www.ufsm.br\/unidades-universitarias\/ctism\/cte\/wp-json\/wp\/v2\/types\/page"}],"author":[{"embeddable":true,"href":"https:\/\/www.ufsm.br\/unidades-universitarias\/ctism\/cte\/wp-json\/wp\/v2\/users\/262"}],"replies":[{"embeddable":true,"href":"https:\/\/www.ufsm.br\/unidades-universitarias\/ctism\/cte\/wp-json\/wp\/v2\/comments?post=533"}],"version-history":[{"count":0,"href":"https:\/\/www.ufsm.br\/unidades-universitarias\/ctism\/cte\/wp-json\/wp\/v2\/pages\/533\/revisions"}],"wp:attachment":[{"href":"https:\/\/www.ufsm.br\/unidades-universitarias\/ctism\/cte\/wp-json\/wp\/v2\/media?parent=533"}],"wp:term":[{"taxonomy":"category","embeddable":true,"href":"https:\/\/www.ufsm.br\/unidades-universitarias\/ctism\/cte\/wp-json\/wp\/v2\/categories?post=533"},{"taxonomy":"post_tag","embeddable":true,"href":"https:\/\/www.ufsm.br\/unidades-universitarias\/ctism\/cte\/wp-json\/wp\/v2\/tags?post=533"}],"curies":[{"name":"wp","href":"https:\/\/api.w.org\/{rel}","templated":true}]}}