{"id":538,"date":"2018-12-14T11:52:33","date_gmt":"2018-12-14T13:52:33","guid":{"rendered":"https:\/\/www.ufsm.br\/unidades-universitarias\/ctism\/cte\/?page_id=538"},"modified":"2018-12-19T11:53:40","modified_gmt":"2018-12-19T13:53:40","slug":"automacao-industrial-polos-cachoeira-do-sul","status":"publish","type":"page","link":"https:\/\/www.ufsm.br\/unidades-universitarias\/ctism\/cte\/automacao-industrial-polos-cachoeira-do-sul","title":{"rendered":"Automa\u00e7\u00e3o Industrial &#8211; Polos &#8211; Cachoeira do Sul"},"content":{"rendered":"\t\t<div data-elementor-type=\"wp-post\" data-elementor-id=\"538\" class=\"elementor elementor-538 elementor-bc-flex-widget\">\n\t\t\t\t\t\t<section class=\"elementor-section elementor-top-section elementor-element elementor-element-38d878c elementor-section-boxed elementor-section-height-default elementor-section-height-default\" data-id=\"38d878c\" data-element_type=\"section\">\n\t\t\t\t\t\t<div class=\"elementor-container elementor-column-gap-default\">\n\t\t\t\t\t<div class=\"elementor-column elementor-col-100 elementor-top-column elementor-element elementor-element-a3022e3\" data-id=\"a3022e3\" data-element_type=\"column\">\n\t\t\t<div class=\"elementor-widget-wrap elementor-element-populated\">\n\t\t\t\t\t\t<div class=\"elementor-element elementor-element-8e7fde2 elementor-widget elementor-widget-text-editor\" data-id=\"8e7fde2\" data-element_type=\"widget\" data-widget_type=\"text-editor.default\">\n\t\t\t\t<div class=\"elementor-widget-container\">\n\t\t\t\t\t\t\t<p style=\"overflow-wrap: break-word; font-family: 'Helvetica Neue', Helvetica, Arial, sans-serif; font-size: 13px; text-align: justify; line-height: 1.6;\">Cachoeira do Sul \u00e9 um munic\u00edpio reconhecido pela sua inser\u00e7\u00e3o regional no contexto s\u00f3cio-econ\u00f4mico do estado do Rio Grande do Sul. \u00c9 dotada de \u00f3tima localiza\u00e7\u00e3o, servida por uma ampla rede de infra-estrutura de apoio. Possui um territ\u00f3rio de 3.735 km\u00b2 com uma popula\u00e7\u00e3o estimada de 89.120 habitantes, sendo 77.214 na \u00e1rea urbana e 11.906 na \u00e1rea rural. \u00c9 fortemente vocacionada \u00e0 atividade prim\u00e1ria, apresentando referenciais de produtividade agr\u00edcola acima da m\u00e9dia estadual e plant\u00e9is gen\u00e9ticos na pecu\u00e1ria de reconhecimento nacional. Nos \u00faltimos anos vem fortalecendo seu potencial industrial e de servi\u00e7os, levando-se em conta os processos de apoio \u00e0s iniciativas locais, bem como articulando a entrada de novas empresas.<br \/>O centro Regional de Educa\u00e7\u00e3o a Dist\u00e2ncia, Ci\u00eancia e Tecnologias foi implantado\u00a0com o intuito\u00a0de expandir o ensino Superior e T\u00e9cnico Profissionalizante no Munic\u00edpio e Regi\u00e3o \u00e0 partir da compreens\u00e3o da necessidade de forma\u00e7\u00e3o de profissionais qualificados nos n\u00edveis t\u00e9cnico e superior. O Polo EAD localizado em pr\u00e9dio pr\u00f3prio, comporta hoje\u00a0os Sistema Universidade Aberta do Brasil e Escola T\u00e9cnica Aberta do Brasil, caracterizando-se em um Polo de refer\u00eancia Regional de Educa\u00e7\u00e3o a Dist\u00e2ncia.<\/p><p style=\"overflow-wrap: break-word; font-family: 'Helvetica Neue', Helvetica, Arial, sans-serif; font-size: 13px; text-align: justify; line-height: 1.6;\"><em>ENDERE\u00c7O:<\/em><em>POLO UAB E ETEC DE CACHOEIRA DO SUL &#8211;\u00a0RUA DAVID BARCELOS, 270 \u2013 BAIRRO CENTRO CEP: 96501-360<br \/>(51) 3724-6007<\/em><\/p><p style=\"overflow-wrap: break-word; font-family: 'Helvetica Neue', Helvetica, Arial, sans-serif; font-size: 13px; text-align: justify; line-height: 1.6;\"><em>3\u00aa edi\u00e7\u00e3o do curso de Automa\u00e7\u00e3o Industrial &#8211; Ofertado em 2011 &#8211; Conclu\u00eddo.<\/em><\/p><p class=\"erwe\" style=\"margin-bottom: 9px; overflow-wrap: break-word; color: #333333; font-family: 'Helvetica Neue', Helvetica, Arial, sans-serif; font-size: 13px;\" align=\"justify\">\u00a0____<\/p><p style=\"overflow-wrap: break-word; font-family: 'Helvetica Neue', Helvetica, Arial, sans-serif; font-size: 13px; text-align: justify; line-height: 1.6;\">Coordenadora do Polo ETEC<br \/>Rosane Brendler<br \/>FONE 51 3724 6007\/51-37240867<br \/>Email:\u00a0<a style=\"color: #0088cc;\" href=\"mailto:uabcachoeira@gmail.com\">uabcachoeira@gmail.com<\/a><br \/>Endere\u00e7o: J\u00falio de Castilho, 342, 2\u00b0 piso<br \/>CEP: 96501-000 Centro<\/p>\t\t\t\t\t\t<\/div>\n\t\t\t\t<\/div>\n\t\t\t\t\t<\/div>\n\t\t<\/div>\n\t\t\t\t\t<\/div>\n\t\t<\/section>\n\t\t\t\t<\/div>\n\t\t","protected":false},"excerpt":{"rendered":"<p>Cachoeira do Sul \u00e9 um munic\u00edpio reconhecido pela sua inser\u00e7\u00e3o regional no contexto s\u00f3cio-econ\u00f4mico do estado do Rio Grande do Sul. \u00c9 dotada de \u00f3tima localiza\u00e7\u00e3o, servida por uma ampla rede de infra-estrutura de apoio. Possui um territ\u00f3rio de 3.735 km\u00b2 com uma popula\u00e7\u00e3o estimada de 89.120 habitantes, sendo 77.214 na \u00e1rea urbana e 11.906 [&hellip;]<\/p>\n","protected":false},"author":262,"featured_media":0,"parent":0,"menu_order":0,"comment_status":"closed","ping_status":"closed","template":"","meta":{"footnotes":""},"categories":[],"tags":[],"class_list":["post-538","page","type-page","status-publish","hentry"],"acf":[],"_links":{"self":[{"href":"https:\/\/www.ufsm.br\/unidades-universitarias\/ctism\/cte\/wp-json\/wp\/v2\/pages\/538","targetHints":{"allow":["GET"]}}],"collection":[{"href":"https:\/\/www.ufsm.br\/unidades-universitarias\/ctism\/cte\/wp-json\/wp\/v2\/pages"}],"about":[{"href":"https:\/\/www.ufsm.br\/unidades-universitarias\/ctism\/cte\/wp-json\/wp\/v2\/types\/page"}],"author":[{"embeddable":true,"href":"https:\/\/www.ufsm.br\/unidades-universitarias\/ctism\/cte\/wp-json\/wp\/v2\/users\/262"}],"replies":[{"embeddable":true,"href":"https:\/\/www.ufsm.br\/unidades-universitarias\/ctism\/cte\/wp-json\/wp\/v2\/comments?post=538"}],"version-history":[{"count":0,"href":"https:\/\/www.ufsm.br\/unidades-universitarias\/ctism\/cte\/wp-json\/wp\/v2\/pages\/538\/revisions"}],"wp:attachment":[{"href":"https:\/\/www.ufsm.br\/unidades-universitarias\/ctism\/cte\/wp-json\/wp\/v2\/media?parent=538"}],"wp:term":[{"taxonomy":"category","embeddable":true,"href":"https:\/\/www.ufsm.br\/unidades-universitarias\/ctism\/cte\/wp-json\/wp\/v2\/categories?post=538"},{"taxonomy":"post_tag","embeddable":true,"href":"https:\/\/www.ufsm.br\/unidades-universitarias\/ctism\/cte\/wp-json\/wp\/v2\/tags?post=538"}],"curies":[{"name":"wp","href":"https:\/\/api.w.org\/{rel}","templated":true}]}}