{"id":541,"date":"2018-12-14T11:53:32","date_gmt":"2018-12-14T13:53:32","guid":{"rendered":"https:\/\/www.ufsm.br\/unidades-universitarias\/ctism\/cte\/?page_id=541"},"modified":"2018-12-19T12:01:16","modified_gmt":"2018-12-19T14:01:16","slug":"automacao-industrial-polos-santa-maria","status":"publish","type":"page","link":"https:\/\/www.ufsm.br\/unidades-universitarias\/ctism\/cte\/automacao-industrial-polos-santa-maria","title":{"rendered":"Automa\u00e7\u00e3o Industrial &#8211; Polos &#8211; Santa Maria"},"content":{"rendered":"\t\t<div data-elementor-type=\"wp-post\" data-elementor-id=\"541\" class=\"elementor elementor-541 elementor-bc-flex-widget\">\n\t\t\t\t\t\t<section class=\"elementor-section elementor-top-section elementor-element elementor-element-7827287 elementor-section-boxed elementor-section-height-default elementor-section-height-default\" data-id=\"7827287\" data-element_type=\"section\">\n\t\t\t\t\t\t<div class=\"elementor-container elementor-column-gap-default\">\n\t\t\t\t\t<div class=\"elementor-column elementor-col-100 elementor-top-column elementor-element elementor-element-18b0dd7\" data-id=\"18b0dd7\" data-element_type=\"column\">\n\t\t\t<div class=\"elementor-widget-wrap elementor-element-populated\">\n\t\t\t\t\t\t<div class=\"elementor-element elementor-element-d35a9d6 elementor-widget elementor-widget-text-editor\" data-id=\"d35a9d6\" data-element_type=\"widget\" data-widget_type=\"text-editor.default\">\n\t\t\t\t<div class=\"elementor-widget-container\">\n\t\t\t\t\t\t\t<p style=\"overflow-wrap: break-word; font-family: 'Helvetica Neue', Helvetica, Arial, sans-serif; font-size: 13px; text-align: justify; line-height: 1.6;\">Santa Maria situa-se na regi\u00e3o central do estado do Rio Grande do Sul, com aproximadamente 180 mil habitantes, hoje \u00e9 considerada um p\u00f3lo de educa\u00e7\u00e3o, servi\u00e7os, com\u00e9rcio e ind\u00fastria, atrav\u00e9s da UFSM. Santa Maria tem sido promotora do desenvolvimento regional da Metade Sul.As bases econ\u00f4micas do munic\u00edpio podem ser avaliadas pelos empregos ofertados. Os dados dispon\u00edveis revelam a alta import\u00e2ncia do setor terci\u00e1rio, destacando-se o com\u00e9rcio, os servi\u00e7os p\u00fablicos, incluindo os da Universidade Federal de Santa Maria, e os militares. Nas fun\u00e7\u00f5es relacionadas a presta\u00e7\u00e3o de servi\u00e7os destacam-se \u00e1reas: Comercial, Educacional, M\u00e9dico-Hospitalar, Rodovi\u00e1rio e Militar\/ Policial. Estas fun\u00e7\u00f5es urbanas terci\u00e1rias absorvem mais de 80% da popula\u00e7\u00e3o ativa da cidade, salientando-se principalmente o setor ocupado em atividade comercial e educacional. Ainda no aspecto funcional da cidade, aparece em segundo lugar o Setor Prim\u00e1rio (Agropecu\u00e1rio) e em terceiro lugar, o Setor Secund\u00e1rio, que no geral s\u00e3o ind\u00fastrias de pequeno e m\u00e9dio porte, voltadas principalmente para o beneficiamento de produtos agr\u00edcolas, mobili\u00e1rios, cal\u00e7ados, lactic\u00ednios, etc. A escola sede do EAD ser\u00e1 a Escola Municipal de Aprendizagem Industrial.<\/p><p style=\"overflow-wrap: break-word; font-family: 'Helvetica Neue', Helvetica, Arial, sans-serif; font-size: 13px; text-align: justify; line-height: 1.6;\">Endere\u00e7o: ESCOLA MUNICIPAL DE APRENDIZAGEM INDUSTRIAL (EMAI)<br \/>AV. RIO BRANCO, 66 \u2013 BAIRRO CENTRO CEP: 97010-420<br \/>(55) 3223-9917<\/p><p style=\"overflow-wrap: break-word; font-family: 'Helvetica Neue', Helvetica, Arial, sans-serif; font-size: 13px; text-align: justify; line-height: 1.6;\"><i>1\u00aa e 2\u00aa edi\u00e7\u00e3o do curso de Automa\u00e7\u00e3o Industrial &#8211; Ofertado em 2009 &#8211; Conclu\u00eddo.<\/i><\/p><p style=\"overflow-wrap: break-word; font-family: 'Helvetica Neue', Helvetica, Arial, sans-serif; font-size: 13px; text-align: justify; line-height: 1.6;\"><i>3\u00aa edi\u00e7\u00e3o do curso de Automa\u00e7\u00e3o Industrial &#8211; Ofertado em 2011 Conclu\u00eddo.<\/i><\/p><p style=\"overflow-wrap: break-word; font-family: 'Helvetica Neue', Helvetica, Arial, sans-serif; font-size: 13px; text-align: justify; line-height: 1.6;\"><i>4\u00aa edi\u00e7\u00e3o do curso de Automa\u00e7\u00e3o Industrial &#8211; Ofertado em 2012.<\/i><\/p><p style=\"overflow-wrap: break-word; font-family: 'Helvetica Neue', Helvetica, Arial, sans-serif; font-size: 13px; text-align: justify; line-height: 1.6;\">____<\/p><p style=\"overflow-wrap: break-word; font-family: 'Helvetica Neue', Helvetica, Arial, sans-serif; font-size: 13px; text-align: justify; line-height: 1.6;\">Coordenador do Polo ETEC<br \/>Professor Paulo Roberto Rodrigues<br \/>Endere\u00e7o: Av. Rio Branco 66, cep 97010-420<br \/>Telefone: (55)3222-7568\/(55)9631-2701\/(55)3223-9917<br \/>E-mail:\u00a0<a style=\"color: #0088cc;\" href=\"mailto:polosantamariaetc@gmail.com\">polosantamariaetc@gmail.com<\/a><\/p>\t\t\t\t\t\t<\/div>\n\t\t\t\t<\/div>\n\t\t\t\t\t<\/div>\n\t\t<\/div>\n\t\t\t\t\t<\/div>\n\t\t<\/section>\n\t\t\t\t<\/div>\n\t\t","protected":false},"excerpt":{"rendered":"<p>Santa Maria situa-se na regi\u00e3o central do estado do Rio Grande do Sul, com aproximadamente 180 mil habitantes, hoje \u00e9 considerada um p\u00f3lo de educa\u00e7\u00e3o, servi\u00e7os, com\u00e9rcio e ind\u00fastria, atrav\u00e9s da UFSM. Santa Maria tem sido promotora do desenvolvimento regional da Metade Sul.As bases econ\u00f4micas do munic\u00edpio podem ser avaliadas pelos empregos ofertados. Os dados [&hellip;]<\/p>\n","protected":false},"author":262,"featured_media":0,"parent":0,"menu_order":0,"comment_status":"closed","ping_status":"closed","template":"","meta":{"footnotes":""},"categories":[],"tags":[],"class_list":["post-541","page","type-page","status-publish","hentry"],"acf":[],"_links":{"self":[{"href":"https:\/\/www.ufsm.br\/unidades-universitarias\/ctism\/cte\/wp-json\/wp\/v2\/pages\/541","targetHints":{"allow":["GET"]}}],"collection":[{"href":"https:\/\/www.ufsm.br\/unidades-universitarias\/ctism\/cte\/wp-json\/wp\/v2\/pages"}],"about":[{"href":"https:\/\/www.ufsm.br\/unidades-universitarias\/ctism\/cte\/wp-json\/wp\/v2\/types\/page"}],"author":[{"embeddable":true,"href":"https:\/\/www.ufsm.br\/unidades-universitarias\/ctism\/cte\/wp-json\/wp\/v2\/users\/262"}],"replies":[{"embeddable":true,"href":"https:\/\/www.ufsm.br\/unidades-universitarias\/ctism\/cte\/wp-json\/wp\/v2\/comments?post=541"}],"version-history":[{"count":0,"href":"https:\/\/www.ufsm.br\/unidades-universitarias\/ctism\/cte\/wp-json\/wp\/v2\/pages\/541\/revisions"}],"wp:attachment":[{"href":"https:\/\/www.ufsm.br\/unidades-universitarias\/ctism\/cte\/wp-json\/wp\/v2\/media?parent=541"}],"wp:term":[{"taxonomy":"category","embeddable":true,"href":"https:\/\/www.ufsm.br\/unidades-universitarias\/ctism\/cte\/wp-json\/wp\/v2\/categories?post=541"},{"taxonomy":"post_tag","embeddable":true,"href":"https:\/\/www.ufsm.br\/unidades-universitarias\/ctism\/cte\/wp-json\/wp\/v2\/tags?post=541"}],"curies":[{"name":"wp","href":"https:\/\/api.w.org\/{rel}","templated":true}]}}