{"id":556,"date":"2018-12-17T08:50:46","date_gmt":"2018-12-17T10:50:46","guid":{"rendered":"https:\/\/www.ufsm.br\/unidades-universitarias\/ctism\/cte\/?page_id=556"},"modified":"2018-12-18T13:36:25","modified_gmt":"2018-12-18T15:36:25","slug":"ctism-mecanica-objetivos","status":"publish","type":"page","link":"https:\/\/www.ufsm.br\/unidades-universitarias\/ctism\/cte\/ctism-mecanica-objetivos","title":{"rendered":"CTISM &#8211; Mec\u00e2nica &#8211; Objetivos"},"content":{"rendered":"\t\t<div data-elementor-type=\"wp-post\" data-elementor-id=\"556\" class=\"elementor elementor-556 elementor-bc-flex-widget\">\n\t\t\t\t\t\t<section class=\"elementor-section elementor-top-section elementor-element elementor-element-68ad487 elementor-section-boxed elementor-section-height-default elementor-section-height-default\" data-id=\"68ad487\" data-element_type=\"section\">\n\t\t\t\t\t\t<div class=\"elementor-container elementor-column-gap-default\">\n\t\t\t\t\t<div class=\"elementor-column elementor-col-100 elementor-top-column elementor-element elementor-element-cb57b7b\" data-id=\"cb57b7b\" data-element_type=\"column\">\n\t\t\t<div class=\"elementor-widget-wrap elementor-element-populated\">\n\t\t\t\t\t\t<div class=\"elementor-element elementor-element-e4adf08 elementor-widget elementor-widget-text-editor\" data-id=\"e4adf08\" data-element_type=\"widget\" data-widget_type=\"text-editor.default\">\n\t\t\t\t<div class=\"elementor-widget-container\">\n\t\t\t\t\t\t\t<p style=\"text-align: justify;\"><b>Objetivo Geral<br \/><br \/><\/b>O Curso T\u00e9cnico Subsequente em Mec\u00e2nica na Modalidade EaD, tem como objetivo preparar profissionais capazes de atuar na elabora\u00e7\u00e3o de projetos de produtos, ferramentas e m\u00e1quinas, planejar, aplicar e controlar procedimentos de instala\u00e7\u00e3o e de manuten\u00e7\u00e3o mec\u00e2nica, conforme procedimentos e normas t\u00e9cnicas, atendendo as recomenda\u00e7\u00f5es relacionadas \u00e0 seguran\u00e7a, ainda controlar processos de fabrica\u00e7\u00e3o, aplicar t\u00e9cnicas de medi\u00e7\u00e3o e ensaios e especificar materiais para constru\u00e7\u00e3o mec\u00e2nica.<br \/>Al\u00e9m desses objetivos, o Curso T\u00e9cnico Subsequente em Mec\u00e2nica na\u00a0Modalidade EaD visa formar profissionais capazes de associar os conhecimentos de gest\u00e3o industrial, com perfil empreendedor, pr\u00f3-ativo e multifuncional.\u00a0 \u00a0<br \/><b><br \/>Objetivos Espec\u00edficos<br \/><\/b><br \/><span style=\"font-weight: bold;\">\u2022\u00a0<\/span>Projetar produto, ferramentas, m\u00e1quinas e equipamentos, utilizando t\u00e9cnicas de desenho e de representa\u00e7\u00e3o gr\u00e1fica com seus fundamentos matem\u00e1ticos e geom\u00e9tricos;<br \/><span style=\"font-weight: bold;\">\u2022\u00a0<\/span>Elaborar projetos, leiautes, diagramas e esquemas, correlacionando-os com as normas t\u00e9cnicas e com os princ\u00edpios cient\u00edficos e tecnol\u00f3gicos;<br \/><span style=\"font-weight: bold;\">\u2022\u00a0<\/span>Identificar as grandezas fundamentais da Eletricidade, utilizar e classificar os instrumentos de medi\u00e7\u00e3o das grandezas el\u00e9tricas, al\u00e9m de interpretar diagramas e circuitos el\u00e9tricos para acionamento de m\u00e1quinas e equipamentos;<br \/><span style=\"font-weight: bold;\">\u2022\u00a0<\/span>Reconhecer, projetar e especificar elementos de m\u00e1quinas;<br \/><span style=\"font-weight: bold;\">\u2022\u00a0<\/span>Reconhecer, especificar e montar equipamentos hidr\u00e1ulicos e pneum\u00e1ticos, seus detalhes construtivos e de manuten\u00e7\u00e3o; dominar simbologia e desenvolver projetos de sistemas pneum\u00e1ticos para automa\u00e7\u00e3o de processos industriais;<br \/><span style=\"font-weight: bold;\">\u2022\u00a0<\/span>Aplicar t\u00e9cnicas de medi\u00e7\u00e3o e ensaios visando a melhoria da qualidade de produtos e servi\u00e7os da planta industrial;<br \/><span style=\"font-weight: bold;\">\u2022\u00a0<\/span>Conhecer os processos de fabrica\u00e7\u00e3o mec\u00e2nica;<br \/><span style=\"font-weight: bold;\">\u2022\u00a0<\/span>Conhecer os processos de obten\u00e7\u00e3o dos produtos sider\u00fargicos comuns, seus processos de manufatura e tratamentos t\u00e9rmicos;<br \/><span style=\"font-weight: bold;\">\u2022\u00a0<\/span>Conhecer o princ\u00edpio de funcionamento de sistemas de refrigera\u00e7\u00e3o, seus 16 componentes e aplica\u00e7\u00f5es, geradores de vapor e motores t\u00e9rmicos;<br \/><span style=\"font-weight: bold;\">\u2022\u00a0<\/span>Avaliar as caracter\u00edsticas e propriedades dos materiais, insumos e elementos de m\u00e1quinas, correlacionando-as com seus fundamentos matem\u00e1ticos, f\u00edsicos e qu\u00edmicos para a aplica\u00e7\u00e3o nos processos de controle de qualidade;<br \/><span style=\"font-weight: bold;\">\u2022\u00a0<\/span>Executar opera\u00e7\u00f5es que envolvam a fabrica\u00e7\u00e3o mec\u00e2nica como a ajustagem mec\u00e2nica, a soldagem e a usinagem de metais;<br \/><span style=\"font-weight: bold;\">\u2022\u00a0<\/span>Projetar e dimensionar elementos mec\u00e2nicos em fun\u00e7\u00e3o dos esfor\u00e7os a que ser\u00e3o submetidos de sua resist\u00eancia mec\u00e2nica e das propriedades de sua se\u00e7\u00e3o;<br \/><span style=\"font-weight: bold;\">\u2022\u00a0<\/span>Aplicar normas t\u00e9cnicas de sa\u00fade e seguran\u00e7a no trabalho e de controle de qualidade no processo industrial;<br \/><span style=\"font-weight: bold;\">\u2022\u00a0<\/span>Conhecer os sistemas de manufatura e de projeto de engenharia assistidos por computador;<br \/><span style=\"font-weight: bold;\">\u2022\u00a0<\/span>Coordenar e desenvolver equipes de trabalho que atuam na instala\u00e7\u00e3o, na produ\u00e7\u00e3o e na manuten\u00e7\u00e3o, aplicando m\u00e9todos e t\u00e9cnicas de gest\u00e3o administrativa e de pessoas;<br \/><span style=\"font-weight: bold;\">\u2022\u00a0<\/span>Aplicar normas t\u00e9cnicas e especifica\u00e7\u00f5es de cat\u00e1logos, manuais e tabelas em projetos, em processos de fabrica\u00e7\u00e3o, na instala\u00e7\u00e3o de m\u00e1quinas e de equipamentos e na manuten\u00e7\u00e3o industrial;<br \/><span style=\"font-weight: bold;\">\u2022\u00a0<\/span>Desenvolver projetos de manuten\u00e7\u00e3o de instala\u00e7\u00f5es e de sistemas industriais, caracterizando e determinando aplica\u00e7\u00f5es de materiais, acess\u00f3rios, dispositivos, instrumentos, equipamentos e m\u00e1quinas;<br \/><span style=\"font-weight: bold;\">\u2022\u00a0<\/span>Elaborar planilha de custos de fabrica\u00e7\u00e3o e de manuten\u00e7\u00e3o de m\u00e1quinas e equipamentos, considerando a rela\u00e7\u00e3o custo e benef\u00edcio;<br \/><span style=\"font-weight: bold;\">\u2022\u00a0<\/span>Aplicar m\u00e9todos, processos e log\u00edstica na produ\u00e7\u00e3o, instala\u00e7\u00e3o e manuten\u00e7\u00e3o;<br \/><span style=\"font-weight: bold;\">\u2022\u00a0<\/span>Coordenar equipes de trabalho em processos de fabrica\u00e7\u00e3o, manuten\u00e7\u00e3o e montagens mec\u00e2nicas, utilizando t\u00e9cnicas apropriadas de gest\u00e3o.<\/p>\t\t\t\t\t\t<\/div>\n\t\t\t\t<\/div>\n\t\t\t\t\t<\/div>\n\t\t<\/div>\n\t\t\t\t\t<\/div>\n\t\t<\/section>\n\t\t\t\t<\/div>\n\t\t","protected":false},"excerpt":{"rendered":"<p>Objetivo Geral O Curso T\u00e9cnico Subsequente em Mec\u00e2nica na Modalidade EaD, tem como objetivo preparar profissionais capazes de atuar na elabora\u00e7\u00e3o de projetos de produtos, ferramentas e m\u00e1quinas, planejar, aplicar e controlar procedimentos de instala\u00e7\u00e3o e de manuten\u00e7\u00e3o mec\u00e2nica, conforme procedimentos e normas t\u00e9cnicas, atendendo as recomenda\u00e7\u00f5es relacionadas \u00e0 seguran\u00e7a, ainda controlar processos de fabrica\u00e7\u00e3o, [&hellip;]<\/p>\n","protected":false},"author":262,"featured_media":0,"parent":0,"menu_order":0,"comment_status":"closed","ping_status":"closed","template":"","meta":{"footnotes":""},"categories":[],"tags":[],"class_list":["post-556","page","type-page","status-publish","hentry"],"acf":[],"_links":{"self":[{"href":"https:\/\/www.ufsm.br\/unidades-universitarias\/ctism\/cte\/wp-json\/wp\/v2\/pages\/556","targetHints":{"allow":["GET"]}}],"collection":[{"href":"https:\/\/www.ufsm.br\/unidades-universitarias\/ctism\/cte\/wp-json\/wp\/v2\/pages"}],"about":[{"href":"https:\/\/www.ufsm.br\/unidades-universitarias\/ctism\/cte\/wp-json\/wp\/v2\/types\/page"}],"author":[{"embeddable":true,"href":"https:\/\/www.ufsm.br\/unidades-universitarias\/ctism\/cte\/wp-json\/wp\/v2\/users\/262"}],"replies":[{"embeddable":true,"href":"https:\/\/www.ufsm.br\/unidades-universitarias\/ctism\/cte\/wp-json\/wp\/v2\/comments?post=556"}],"version-history":[{"count":0,"href":"https:\/\/www.ufsm.br\/unidades-universitarias\/ctism\/cte\/wp-json\/wp\/v2\/pages\/556\/revisions"}],"wp:attachment":[{"href":"https:\/\/www.ufsm.br\/unidades-universitarias\/ctism\/cte\/wp-json\/wp\/v2\/media?parent=556"}],"wp:term":[{"taxonomy":"category","embeddable":true,"href":"https:\/\/www.ufsm.br\/unidades-universitarias\/ctism\/cte\/wp-json\/wp\/v2\/categories?post=556"},{"taxonomy":"post_tag","embeddable":true,"href":"https:\/\/www.ufsm.br\/unidades-universitarias\/ctism\/cte\/wp-json\/wp\/v2\/tags?post=556"}],"curies":[{"name":"wp","href":"https:\/\/api.w.org\/{rel}","templated":true}]}}