{"id":568,"date":"2018-12-17T09:37:13","date_gmt":"2018-12-17T11:37:13","guid":{"rendered":"https:\/\/www.ufsm.br\/unidades-universitarias\/ctism\/cte\/?page_id=568"},"modified":"2018-12-19T14:09:29","modified_gmt":"2018-12-19T16:09:29","slug":"ctism-seguranca-do-trabalho-sistemas-de-avaliacao","status":"publish","type":"page","link":"https:\/\/www.ufsm.br\/unidades-universitarias\/ctism\/cte\/ctism-seguranca-do-trabalho-sistemas-de-avaliacao","title":{"rendered":"CTISM \u2013 Seguran\u00e7a do Trabalho &#8211; Sistemas de Avalia\u00e7\u00e3o"},"content":{"rendered":"\t\t<div data-elementor-type=\"wp-post\" data-elementor-id=\"568\" class=\"elementor elementor-568 elementor-bc-flex-widget\">\n\t\t\t\t\t\t<section class=\"elementor-section elementor-top-section elementor-element elementor-element-bf8308c elementor-section-boxed elementor-section-height-default elementor-section-height-default\" data-id=\"bf8308c\" data-element_type=\"section\">\n\t\t\t\t\t\t<div class=\"elementor-container elementor-column-gap-default\">\n\t\t\t\t\t<div class=\"elementor-column elementor-col-100 elementor-top-column elementor-element elementor-element-7b53a46\" data-id=\"7b53a46\" data-element_type=\"column\">\n\t\t\t<div class=\"elementor-widget-wrap elementor-element-populated\">\n\t\t\t\t\t\t<div class=\"elementor-element elementor-element-50829b2 elementor-widget elementor-widget-text-editor\" data-id=\"50829b2\" data-element_type=\"widget\" data-widget_type=\"text-editor.default\">\n\t\t\t\t<div class=\"elementor-widget-container\">\n\t\t\t\t\t\t\t<p style=\"overflow-wrap: break-word; font-family: 'Helvetica Neue', Helvetica, Arial, sans-serif; font-size: 13px; line-height: 1.6;\">A avalia\u00e7\u00e3o se dar\u00e1 de forma cont\u00ednua e cumulativa no processo ensino-aprendizagem, evidenciando a forma\u00e7\u00e3o integral do profissional-cidad\u00e3o, cr\u00edtico, reflexivo, competente, t\u00e9cnico, \u00e9tico e efetivamente comprometido com as transforma\u00e7\u00f5es sociais, pol\u00edticas, culturais.<br \/>H\u00e1 preval\u00eancia dos aspectos qualitativos sobre os quantitativos, sendo os seus resultados computados e divulgados ao final de cada etapa. Esses saberes s\u00e3o verificados atrav\u00e9s dos seguintes instrumentos:<\/p><p>\u2022 Ambiente virtual de aprendizagem;<br \/>\u2022\u00a0Testes escritos e pr\u00e1ticos, atividades de pesquisa para as unidades curriculares desenvolvidas de forma te\u00f3rica e pr\u00e1tica;<br \/>\u2022\u00a0Planilhas de acompanhamento, relat\u00f3rios, desenvolvimento e execu\u00e7\u00e3o de projetos para as unidades curriculares desenvolvidas em aulas pr\u00e1ticas;<br \/>\u2022\u00a0Cria\u00e7\u00e3o e solu\u00e7\u00e3o de situa\u00e7\u00f5es-problema;<br \/>\u2022\u00a0Trabalhos individuais ou em equipes;<br \/>\u2022\u00a0Semin\u00e1rios.<\/p><p>Durante o desenvolvimento do processo ensino-aprendizagem, os alunos ser\u00e3o avaliados em cada componente curricular que os classificar\u00e3o, ao final da etapa, em APROVADOS (A) OU REPROVADOS (R), de acordo com os valores num\u00e9ricos estabelecidos, com m\u00e9dia desejada para aprova\u00e7\u00e3o igual ou maior que 7,0.<\/p>\t\t\t\t\t\t<\/div>\n\t\t\t\t<\/div>\n\t\t\t\t\t<\/div>\n\t\t<\/div>\n\t\t\t\t\t<\/div>\n\t\t<\/section>\n\t\t\t\t<\/div>\n\t\t","protected":false},"excerpt":{"rendered":"<p>A avalia\u00e7\u00e3o se dar\u00e1 de forma cont\u00ednua e cumulativa no processo ensino-aprendizagem, evidenciando a forma\u00e7\u00e3o integral do profissional-cidad\u00e3o, cr\u00edtico, reflexivo, competente, t\u00e9cnico, \u00e9tico e efetivamente comprometido com as transforma\u00e7\u00f5es sociais, pol\u00edticas, culturais.H\u00e1 preval\u00eancia dos aspectos qualitativos sobre os quantitativos, sendo os seus resultados computados e divulgados ao final de cada etapa. Esses saberes s\u00e3o verificados [&hellip;]<\/p>\n","protected":false},"author":262,"featured_media":0,"parent":0,"menu_order":0,"comment_status":"closed","ping_status":"closed","template":"","meta":{"footnotes":""},"categories":[],"tags":[],"class_list":["post-568","page","type-page","status-publish","hentry"],"acf":[],"_links":{"self":[{"href":"https:\/\/www.ufsm.br\/unidades-universitarias\/ctism\/cte\/wp-json\/wp\/v2\/pages\/568","targetHints":{"allow":["GET"]}}],"collection":[{"href":"https:\/\/www.ufsm.br\/unidades-universitarias\/ctism\/cte\/wp-json\/wp\/v2\/pages"}],"about":[{"href":"https:\/\/www.ufsm.br\/unidades-universitarias\/ctism\/cte\/wp-json\/wp\/v2\/types\/page"}],"author":[{"embeddable":true,"href":"https:\/\/www.ufsm.br\/unidades-universitarias\/ctism\/cte\/wp-json\/wp\/v2\/users\/262"}],"replies":[{"embeddable":true,"href":"https:\/\/www.ufsm.br\/unidades-universitarias\/ctism\/cte\/wp-json\/wp\/v2\/comments?post=568"}],"version-history":[{"count":0,"href":"https:\/\/www.ufsm.br\/unidades-universitarias\/ctism\/cte\/wp-json\/wp\/v2\/pages\/568\/revisions"}],"wp:attachment":[{"href":"https:\/\/www.ufsm.br\/unidades-universitarias\/ctism\/cte\/wp-json\/wp\/v2\/media?parent=568"}],"wp:term":[{"taxonomy":"category","embeddable":true,"href":"https:\/\/www.ufsm.br\/unidades-universitarias\/ctism\/cte\/wp-json\/wp\/v2\/categories?post=568"},{"taxonomy":"post_tag","embeddable":true,"href":"https:\/\/www.ufsm.br\/unidades-universitarias\/ctism\/cte\/wp-json\/wp\/v2\/tags?post=568"}],"curies":[{"name":"wp","href":"https:\/\/api.w.org\/{rel}","templated":true}]}}