{"id":570,"date":"2018-12-17T09:41:05","date_gmt":"2018-12-17T11:41:05","guid":{"rendered":"https:\/\/www.ufsm.br\/unidades-universitarias\/ctism\/cte\/?page_id=570"},"modified":"2018-12-19T14:13:57","modified_gmt":"2018-12-19T16:13:57","slug":"ctism-seguranca-do-trabalho-areas-de-atuacao","status":"publish","type":"page","link":"https:\/\/www.ufsm.br\/unidades-universitarias\/ctism\/cte\/ctism-seguranca-do-trabalho-areas-de-atuacao","title":{"rendered":"CTISM &#8211; Seguran\u00e7a do Trabalho &#8211; \u00c1reas de Atua\u00e7\u00e3o"},"content":{"rendered":"\t\t<div data-elementor-type=\"wp-post\" data-elementor-id=\"570\" class=\"elementor elementor-570 elementor-bc-flex-widget\">\n\t\t\t\t\t\t<section class=\"elementor-section elementor-top-section elementor-element elementor-element-d1173a6 elementor-section-boxed elementor-section-height-default elementor-section-height-default\" data-id=\"d1173a6\" data-element_type=\"section\">\n\t\t\t\t\t\t<div class=\"elementor-container elementor-column-gap-default\">\n\t\t\t\t\t<div class=\"elementor-column elementor-col-100 elementor-top-column elementor-element elementor-element-9c37400\" data-id=\"9c37400\" data-element_type=\"column\">\n\t\t\t<div class=\"elementor-widget-wrap elementor-element-populated\">\n\t\t\t\t\t\t<div class=\"elementor-element elementor-element-6cf7ae4 elementor-widget elementor-widget-text-editor\" data-id=\"6cf7ae4\" data-element_type=\"widget\" data-widget_type=\"text-editor.default\">\n\t\t\t\t<div class=\"elementor-widget-container\">\n\t\t\t\t\t\t\t<p>O T\u00e9cnico em Seguran\u00e7a do Trabalho atua em a\u00e7\u00f5es prevencionistas nos processos produtivos com aux\u00edlio de m\u00e9todos e t\u00e9cnicas de identifica\u00e7\u00e3o, avalia\u00e7\u00e3o e medidas de controle de riscos ambientais, de acordo com normas regulamentadoras e princ\u00edpios de higiene e sa\u00fade do trabalho. Al\u00e9m disso, desenvolve a\u00e7\u00f5es educativas na \u00e1rea de sa\u00fade e seguran\u00e7a do trabalho. Segundo o Cat\u00e1logo Nacional de Cursos T\u00e9cnicos, o t\u00e9cnico em Seguran\u00e7a do Trabalho tamb\u00e9m orienta o uso de Equipamentos de Prote\u00e7\u00e3o Individual (EPI) e<\/p><p>Equipamentos de Prote\u00e7\u00e3o Coletiva (EPC), al\u00e9m de coletar e organizar informa\u00e7\u00f5es de sa\u00fade e de seguran\u00e7a no trabalho. Executa o Programa de Preven\u00e7\u00e3o de Riscos Ambientais (PPRA). Destaca-se entre sua atua\u00e7\u00e3o a investiga\u00e7\u00e3o, an\u00e1lise de acidentes e recomenda\u00e7\u00e3o de medidas de preven\u00e7\u00e3o e controle de acidentes.<\/p><p>Entre as atribui\u00e7\u00f5es do T\u00e9cnico em Seguran\u00e7a do Trabalho, destacam-se: o gerenciar a\u00e7\u00f5es que promovem a qualidade de vida do trabalhador nas organiza\u00e7\u00f5es, assim como, diagnosticar e prevenir doen\u00e7as ocupacionais, considerando o homem e seu ambiente de trabalho, planejar e organizar medidas com vistas \u00e0 melhoria das condi\u00e7\u00f5es de trabalho em rela\u00e7\u00e3o \u00e0 seguran\u00e7a, prestar esclarecimentos sobre higiene e seguran\u00e7a do trabalho e interven\u00e7\u00e3o na realidade das organiza\u00e7\u00f5es, relacionar aspectos tecnol\u00f3gicos determinantes \u00e0 melhoria das condi\u00e7\u00f5es de trabalho.<\/p><p>Al\u00e9m disso, o t\u00e9cnico dever\u00e1 conhecer o estabelecimento de normas e procedimentos preventivos de acidentes e acompanhar os resultados; o planejamento e implanta\u00e7\u00e3o de medidas de seguran\u00e7a no armazenamento, transporte e manuseio de produtos; a avalia\u00e7\u00e3o de riscos profissionais aos quais os trabalhadores est\u00e3o expostos; o desenvolvimento de cursos de capacita\u00e7\u00e3o e treinamento quanto \u00e0 higiene e seguran\u00e7a do trabalho; estabelecimento de diretrizes \u00e0 escolha de equipamentos e prote\u00e7\u00e3o individual e coletiva; os riscos ambientais; conceitos ergon\u00f4micos na realiza\u00e7\u00e3o do trabalho. O T\u00e9cnico em Seguran\u00e7a do Trabalho tem como principais campos de trabalho ind\u00fastrias, empresas do ramo de constru\u00e7\u00e3o civil, empresas de com\u00e9rcio e servi\u00e7os, empresas de transportes entre outras.<\/p>\t\t\t\t\t\t<\/div>\n\t\t\t\t<\/div>\n\t\t\t\t\t<\/div>\n\t\t<\/div>\n\t\t\t\t\t<\/div>\n\t\t<\/section>\n\t\t\t\t<\/div>\n\t\t","protected":false},"excerpt":{"rendered":"<p>O T\u00e9cnico em Seguran\u00e7a do Trabalho atua em a\u00e7\u00f5es prevencionistas nos processos produtivos com aux\u00edlio de m\u00e9todos e t\u00e9cnicas de identifica\u00e7\u00e3o, avalia\u00e7\u00e3o e medidas de controle de riscos ambientais, de acordo com normas regulamentadoras e princ\u00edpios de higiene e sa\u00fade do trabalho. Al\u00e9m disso, desenvolve a\u00e7\u00f5es educativas na \u00e1rea de sa\u00fade e seguran\u00e7a do trabalho. [&hellip;]<\/p>\n","protected":false},"author":262,"featured_media":0,"parent":0,"menu_order":0,"comment_status":"closed","ping_status":"closed","template":"","meta":{"footnotes":""},"categories":[],"tags":[],"class_list":["post-570","page","type-page","status-publish","hentry"],"acf":[],"_links":{"self":[{"href":"https:\/\/www.ufsm.br\/unidades-universitarias\/ctism\/cte\/wp-json\/wp\/v2\/pages\/570","targetHints":{"allow":["GET"]}}],"collection":[{"href":"https:\/\/www.ufsm.br\/unidades-universitarias\/ctism\/cte\/wp-json\/wp\/v2\/pages"}],"about":[{"href":"https:\/\/www.ufsm.br\/unidades-universitarias\/ctism\/cte\/wp-json\/wp\/v2\/types\/page"}],"author":[{"embeddable":true,"href":"https:\/\/www.ufsm.br\/unidades-universitarias\/ctism\/cte\/wp-json\/wp\/v2\/users\/262"}],"replies":[{"embeddable":true,"href":"https:\/\/www.ufsm.br\/unidades-universitarias\/ctism\/cte\/wp-json\/wp\/v2\/comments?post=570"}],"version-history":[{"count":0,"href":"https:\/\/www.ufsm.br\/unidades-universitarias\/ctism\/cte\/wp-json\/wp\/v2\/pages\/570\/revisions"}],"wp:attachment":[{"href":"https:\/\/www.ufsm.br\/unidades-universitarias\/ctism\/cte\/wp-json\/wp\/v2\/media?parent=570"}],"wp:term":[{"taxonomy":"category","embeddable":true,"href":"https:\/\/www.ufsm.br\/unidades-universitarias\/ctism\/cte\/wp-json\/wp\/v2\/categories?post=570"},{"taxonomy":"post_tag","embeddable":true,"href":"https:\/\/www.ufsm.br\/unidades-universitarias\/ctism\/cte\/wp-json\/wp\/v2\/tags?post=570"}],"curies":[{"name":"wp","href":"https:\/\/api.w.org\/{rel}","templated":true}]}}