{"id":573,"date":"2018-12-17T09:47:01","date_gmt":"2018-12-17T11:47:01","guid":{"rendered":"https:\/\/www.ufsm.br\/unidades-universitarias\/ctism\/cte\/?page_id=573"},"modified":"2018-12-19T14:19:47","modified_gmt":"2018-12-19T16:19:47","slug":"seguranca-do-trabalho-polos-santana-do-livramento","status":"publish","type":"page","link":"https:\/\/www.ufsm.br\/unidades-universitarias\/ctism\/cte\/seguranca-do-trabalho-polos-santana-do-livramento","title":{"rendered":"Seguran\u00e7a do Trabalho &#8211; Polos &#8211; Santana do Livramento"},"content":{"rendered":"\t\t<div data-elementor-type=\"wp-post\" data-elementor-id=\"573\" class=\"elementor elementor-573 elementor-bc-flex-widget\">\n\t\t\t\t\t\t<section class=\"elementor-section elementor-top-section elementor-element elementor-element-16ad2bd elementor-section-boxed elementor-section-height-default elementor-section-height-default\" data-id=\"16ad2bd\" data-element_type=\"section\">\n\t\t\t\t\t\t<div class=\"elementor-container elementor-column-gap-default\">\n\t\t\t\t\t<div class=\"elementor-column elementor-col-100 elementor-top-column elementor-element elementor-element-194c7d4\" data-id=\"194c7d4\" data-element_type=\"column\">\n\t\t\t<div class=\"elementor-widget-wrap elementor-element-populated\">\n\t\t\t\t\t\t<div class=\"elementor-element elementor-element-a13a1f5 elementor-widget elementor-widget-text-editor\" data-id=\"a13a1f5\" data-element_type=\"widget\" data-widget_type=\"text-editor.default\">\n\t\t\t\t<div class=\"elementor-widget-container\">\n\t\t\t\t\t\t\t<p style=\"overflow-wrap: break-word; font-family: 'Helvetica Neue', Helvetica, Arial, sans-serif; font-size: 13px; line-height: 1.6; text-align: justify;\">Sua popula\u00e7\u00e3o foi estimada, em 2005, em aproximadamente 97.488 habitantes. A cidade faz parte da Regi\u00e3o da Fronteira Oeste do Rio Grande do Sul, destacando-se na pecu\u00e1ria (bovinos e ovinos), al\u00e9m da produ\u00e7\u00e3o de arroz e soja, e mais recentemente ampliando a produ\u00e7\u00e3o frut\u00edfera com destaque para a vitivinicultura. Em 2009, foi declarada oficialmente pelo governo brasileiro como a cidade s\u00edmbolo da integra\u00e7\u00e3o brasileira com os pa\u00edses membros do Mercosul.<br \/><em>Endere\u00e7o:\u00a0<\/em>RUA BAR\u00c3O DO TRIUNFO, 1048 \u2013 BAIRRO CENTRO CEP: 975735-90<br \/>(55) 3244-4887<\/p>\t\t\t\t\t\t<\/div>\n\t\t\t\t<\/div>\n\t\t\t\t\t<\/div>\n\t\t<\/div>\n\t\t\t\t\t<\/div>\n\t\t<\/section>\n\t\t\t\t<\/div>\n\t\t","protected":false},"excerpt":{"rendered":"<p>Sua popula\u00e7\u00e3o foi estimada, em 2005, em aproximadamente 97.488 habitantes. A cidade faz parte da Regi\u00e3o da Fronteira Oeste do Rio Grande do Sul, destacando-se na pecu\u00e1ria (bovinos e ovinos), al\u00e9m da produ\u00e7\u00e3o de arroz e soja, e mais recentemente ampliando a produ\u00e7\u00e3o frut\u00edfera com destaque para a vitivinicultura. Em 2009, foi declarada oficialmente pelo [&hellip;]<\/p>\n","protected":false},"author":262,"featured_media":0,"parent":0,"menu_order":0,"comment_status":"closed","ping_status":"closed","template":"","meta":{"footnotes":""},"categories":[],"tags":[],"class_list":["post-573","page","type-page","status-publish","hentry"],"acf":[],"_links":{"self":[{"href":"https:\/\/www.ufsm.br\/unidades-universitarias\/ctism\/cte\/wp-json\/wp\/v2\/pages\/573","targetHints":{"allow":["GET"]}}],"collection":[{"href":"https:\/\/www.ufsm.br\/unidades-universitarias\/ctism\/cte\/wp-json\/wp\/v2\/pages"}],"about":[{"href":"https:\/\/www.ufsm.br\/unidades-universitarias\/ctism\/cte\/wp-json\/wp\/v2\/types\/page"}],"author":[{"embeddable":true,"href":"https:\/\/www.ufsm.br\/unidades-universitarias\/ctism\/cte\/wp-json\/wp\/v2\/users\/262"}],"replies":[{"embeddable":true,"href":"https:\/\/www.ufsm.br\/unidades-universitarias\/ctism\/cte\/wp-json\/wp\/v2\/comments?post=573"}],"version-history":[{"count":0,"href":"https:\/\/www.ufsm.br\/unidades-universitarias\/ctism\/cte\/wp-json\/wp\/v2\/pages\/573\/revisions"}],"wp:attachment":[{"href":"https:\/\/www.ufsm.br\/unidades-universitarias\/ctism\/cte\/wp-json\/wp\/v2\/media?parent=573"}],"wp:term":[{"taxonomy":"category","embeddable":true,"href":"https:\/\/www.ufsm.br\/unidades-universitarias\/ctism\/cte\/wp-json\/wp\/v2\/categories?post=573"},{"taxonomy":"post_tag","embeddable":true,"href":"https:\/\/www.ufsm.br\/unidades-universitarias\/ctism\/cte\/wp-json\/wp\/v2\/tags?post=573"}],"curies":[{"name":"wp","href":"https:\/\/api.w.org\/{rel}","templated":true}]}}