{"id":574,"date":"2018-12-17T09:49:50","date_gmt":"2018-12-17T11:49:50","guid":{"rendered":"https:\/\/www.ufsm.br\/unidades-universitarias\/ctism\/cte\/?page_id=574"},"modified":"2018-12-19T14:20:51","modified_gmt":"2018-12-19T16:20:51","slug":"seguranca-do-trabalho-polos-santo-antonio-da-patrulha","status":"publish","type":"page","link":"https:\/\/www.ufsm.br\/unidades-universitarias\/ctism\/cte\/seguranca-do-trabalho-polos-santo-antonio-da-patrulha","title":{"rendered":"Seguran\u00e7a do Trabalho &#8211; Polos &#8211; Santo Ant\u00f4nio da Patrulha"},"content":{"rendered":"\t\t<div data-elementor-type=\"wp-post\" data-elementor-id=\"574\" class=\"elementor elementor-574 elementor-bc-flex-widget\">\n\t\t\t\t\t\t<section class=\"elementor-section elementor-top-section elementor-element elementor-element-92426e8 elementor-section-boxed elementor-section-height-default elementor-section-height-default\" data-id=\"92426e8\" data-element_type=\"section\">\n\t\t\t\t\t\t<div class=\"elementor-container elementor-column-gap-default\">\n\t\t\t\t\t<div class=\"elementor-column elementor-col-100 elementor-top-column elementor-element elementor-element-29653b1\" data-id=\"29653b1\" data-element_type=\"column\">\n\t\t\t<div class=\"elementor-widget-wrap elementor-element-populated\">\n\t\t\t\t\t\t<div class=\"elementor-element elementor-element-4cfb17e elementor-widget elementor-widget-text-editor\" data-id=\"4cfb17e\" data-element_type=\"widget\" data-widget_type=\"text-editor.default\">\n\t\t\t\t<div class=\"elementor-widget-container\">\n\t\t\t\t\t\t\t<p style=\"overflow-wrap: break-word; font-family: 'Helvetica Neue', Helvetica, Arial, sans-serif; font-size: 13px; line-height: 1.6; text-align: justify;\">Santo Ant\u00f4nio da Patrulha nasceu junto \u00e0s primeiras expedi\u00e7\u00f5es que vieram ao ent\u00e3o continente de S\u00e3o Pedro do Rio Grande, recebendo esta denomina\u00e7\u00e3o em fun\u00e7\u00e3o das patrulhas instaladas em seu territ\u00f3rio, objetivando o registro e a cobran\u00e7a de impostos para a Coroa. Sua etnia comp\u00f5e-se de Italianos, Alem\u00e3es, Portugueses, Polacos e Negros.<br \/>O munic\u00edpio disp\u00f5e de uma \u00e1rea territorial de 1.069 km\u00b2, constituindo-se em uma regi\u00e3o denominada Litoral Norte, formando a micro regi\u00e3o homog\u00eanea do litoral setentrional do RS.<br \/>Conhecido como &#8220;Terra dos Canaviais&#8221;, ainda hoje \u00e9 visitado por turistas a procura de seus doces e derivados da cana-de-a\u00e7\u00facar. Possui tamb\u00e9m amplo dom\u00ednio do setor prim\u00e1rio no plantio e beneficiamento de arroz, na pecu\u00e1ria de corte e leite e destaca-se tamb\u00e9m pela sua produ\u00e7\u00e3o industrial na \u00e1rea Metal-Mec\u00e2nica e no Setor Cal\u00e7adista.<br \/>Santo Ant\u00f4nio da Patrulha \u00e9 um munic\u00edpio em crescimento em todas as \u00e1reas com possibilidades de desenvolvimento, proporcionado pela presen\u00e7a de Universidade P\u00fablica, pela sua posi\u00e7\u00e3o geogr\u00e1fica, pela sua hist\u00f3ria, por sua economia, por suas riquezas naturais e pela sua gente. Em Santo Ant\u00f4nio da Patrulha as aulas do curso ser\u00e3o no P\u00f3lo Universit\u00e1rio Santo Ant\u00f4nio.<\/p><p style=\"overflow-wrap: break-word; font-family: 'Helvetica Neue', Helvetica, Arial, sans-serif; font-size: 13px; line-height: 1.6; text-align: justify;\"><em>Endere\u00e7o:<\/em>\u00a0<em>RUA BAR\u00c3O DO CAHI, 125 \u2013 CIDADE ALTA CEP: 95500-000 &#8211; (51) 3662-7214<\/em><\/p>\t\t\t\t\t\t<\/div>\n\t\t\t\t<\/div>\n\t\t\t\t\t<\/div>\n\t\t<\/div>\n\t\t\t\t\t<\/div>\n\t\t<\/section>\n\t\t\t\t<\/div>\n\t\t","protected":false},"excerpt":{"rendered":"<p>Santo Ant\u00f4nio da Patrulha nasceu junto \u00e0s primeiras expedi\u00e7\u00f5es que vieram ao ent\u00e3o continente de S\u00e3o Pedro do Rio Grande, recebendo esta denomina\u00e7\u00e3o em fun\u00e7\u00e3o das patrulhas instaladas em seu territ\u00f3rio, objetivando o registro e a cobran\u00e7a de impostos para a Coroa. Sua etnia comp\u00f5e-se de Italianos, Alem\u00e3es, Portugueses, Polacos e Negros.O munic\u00edpio disp\u00f5e de [&hellip;]<\/p>\n","protected":false},"author":262,"featured_media":0,"parent":0,"menu_order":0,"comment_status":"closed","ping_status":"closed","template":"","meta":{"footnotes":""},"categories":[],"tags":[],"class_list":["post-574","page","type-page","status-publish","hentry"],"acf":[],"_links":{"self":[{"href":"https:\/\/www.ufsm.br\/unidades-universitarias\/ctism\/cte\/wp-json\/wp\/v2\/pages\/574","targetHints":{"allow":["GET"]}}],"collection":[{"href":"https:\/\/www.ufsm.br\/unidades-universitarias\/ctism\/cte\/wp-json\/wp\/v2\/pages"}],"about":[{"href":"https:\/\/www.ufsm.br\/unidades-universitarias\/ctism\/cte\/wp-json\/wp\/v2\/types\/page"}],"author":[{"embeddable":true,"href":"https:\/\/www.ufsm.br\/unidades-universitarias\/ctism\/cte\/wp-json\/wp\/v2\/users\/262"}],"replies":[{"embeddable":true,"href":"https:\/\/www.ufsm.br\/unidades-universitarias\/ctism\/cte\/wp-json\/wp\/v2\/comments?post=574"}],"version-history":[{"count":0,"href":"https:\/\/www.ufsm.br\/unidades-universitarias\/ctism\/cte\/wp-json\/wp\/v2\/pages\/574\/revisions"}],"wp:attachment":[{"href":"https:\/\/www.ufsm.br\/unidades-universitarias\/ctism\/cte\/wp-json\/wp\/v2\/media?parent=574"}],"wp:term":[{"taxonomy":"category","embeddable":true,"href":"https:\/\/www.ufsm.br\/unidades-universitarias\/ctism\/cte\/wp-json\/wp\/v2\/categories?post=574"},{"taxonomy":"post_tag","embeddable":true,"href":"https:\/\/www.ufsm.br\/unidades-universitarias\/ctism\/cte\/wp-json\/wp\/v2\/tags?post=574"}],"curies":[{"name":"wp","href":"https:\/\/api.w.org\/{rel}","templated":true}]}}