{"id":579,"date":"2018-12-17T10:10:29","date_gmt":"2018-12-17T12:10:29","guid":{"rendered":"https:\/\/www.ufsm.br\/unidades-universitarias\/ctism\/cte\/?page_id=579"},"modified":"2018-12-18T11:59:02","modified_gmt":"2018-12-18T13:59:02","slug":"ctism-informatica-para-internet-objetivos","status":"publish","type":"page","link":"https:\/\/www.ufsm.br\/unidades-universitarias\/ctism\/cte\/ctism-informatica-para-internet-objetivos","title":{"rendered":"CTISM \u2013 Inform\u00e1tica para Internet &#8211; Objetivos"},"content":{"rendered":"\t\t<div data-elementor-type=\"wp-post\" data-elementor-id=\"579\" class=\"elementor elementor-579 elementor-bc-flex-widget\">\n\t\t\t\t\t\t<section class=\"elementor-section elementor-top-section elementor-element elementor-element-d15c045 elementor-section-boxed elementor-section-height-default elementor-section-height-default\" data-id=\"d15c045\" data-element_type=\"section\">\n\t\t\t\t\t\t<div class=\"elementor-container elementor-column-gap-default\">\n\t\t\t\t\t<div class=\"elementor-column elementor-col-100 elementor-top-column elementor-element elementor-element-d3d6fab\" data-id=\"d3d6fab\" data-element_type=\"column\">\n\t\t\t<div class=\"elementor-widget-wrap elementor-element-populated\">\n\t\t\t\t\t\t<div class=\"elementor-element elementor-element-6cf8f4d elementor-widget elementor-widget-text-editor\" data-id=\"6cf8f4d\" data-element_type=\"widget\" data-widget_type=\"text-editor.default\">\n\t\t\t\t<div class=\"elementor-widget-container\">\n\t\t\t\t\t\t\t<p style=\"text-align: justify;\"><b>Objetivo Geral<br \/><\/b><br \/>O Curso T\u00e9cnico Subsequente em Inform\u00e1tica para Internet na Modalidade EaD tem como objetivo geral capacitar profissionais no desenvolvimento de sistemas computacionais para Internet, seguindo as especifica\u00e7\u00f5es e paradigmas da l\u00f3gica de programa\u00e7\u00e3o e das linguagens de programa\u00e7\u00e3o. Utiliza ferramentas de desenvolvimento de sistemas, para construir solu\u00e7\u00f5es que auxiliam o processo de cria\u00e7\u00e3o de interfaces e aplicativos empregados no com\u00e9rcio e marketing eletr\u00f4nicos e no desenvolvimento e realiza\u00e7\u00e3o de manuten\u00e7\u00e3o de sites e portais na Internet e na intranet.<b><\/b><\/p><p><b>Objetivos Espec\u00edficos<br \/><\/b><br \/><span style=\"font-weight: bold; text-align: justify;\">\u2022\u00a0<\/span>Contribuir para a forma\u00e7\u00e3o cr\u00edtica e \u00e9tica frente \u00e0s inova\u00e7\u00f5es tecnol\u00f3gicas, avaliando seu impacto no desenvolvimento e na constru\u00e7\u00e3o da sociedade;<br \/><span style=\"font-weight: bold; text-align: justify;\">\u2022\u00a0<\/span>Estabelecer rela\u00e7\u00f5es entre o trabalho, a ci\u00eancia e a tecnologia e suas implica\u00e7\u00f5es para a educa\u00e7\u00e3o profissional e tecnol\u00f3gica, al\u00e9m de comprometer-se com a forma\u00e7\u00e3o humana, buscando responder \u00e0s necessidades do mundo do trabalho;<br \/><span style=\"font-weight: bold; text-align: justify;\">\u2022\u00a0<\/span>Possibilitar reflex\u00f5es acerca dos fundamentos cient\u00edfico-tecnol\u00f3gicos da forma\u00e7\u00e3o t\u00e9cnica, relacionando teoria e pr\u00e1tica nas diversas \u00e1reas do saber;<br \/><span style=\"font-weight: bold; text-align: justify;\">\u2022\u00a0<\/span>Possibilitar o uso dos conceitos de an\u00e1lise e projeto de sistemas, identificando os objetivos, workflows e resultados da an\u00e1lise de requisitos, an\u00e1lise e projeto dos sistemas de informa\u00e7\u00e3o;<br \/><span style=\"font-weight: bold; text-align: justify;\">\u2022\u00a0<\/span>Facilitar a compreens\u00e3o dos conceitos de processo de desenvolvimento de software;<br \/><span style=\"font-weight: bold; text-align: justify;\">\u2022\u00a0<\/span>Implementar algoritmos;<br \/><span style=\"font-weight: bold; text-align: justify;\">\u2022\u00a0<\/span>Utilizar componentes para a cria\u00e7\u00e3o de websites;<br \/><span style=\"font-weight: bold; text-align: justify;\">\u2022\u00a0<\/span>Desenvolver programas utilizando os paradigmas de programa\u00e7\u00e3o estruturada e orientada a objetos;<br \/><span style=\"font-weight: bold; text-align: justify;\">\u2022\u00a0<\/span>Conhecer os princ\u00edpios e t\u00e9cnicas de design para constru\u00e7\u00e3o de interfaces;<br \/><span style=\"font-weight: bold; text-align: justify;\">\u2022\u00a0<\/span>Modelar e projetar banco de dados relacionais;<br \/><span style=\"font-weight: bold; text-align: justify;\">\u2022\u00a0<\/span>Escrever scripts em linguagem de consulta estruturada (SQL) nos dados armazenados em um banco de dados;<br \/><span style=\"font-weight: bold; text-align: justify;\">\u2022\u00a0<\/span>Instalar, configurar e realizar a administra\u00e7\u00e3o b\u00e1sica de infraestrutura de servidores de Internet e de banco de dados.<br \/><span style=\"font-weight: bold; text-align: justify;\">\u2022\u00a0<\/span>Conhecer e aplicar os conceitos de ger\u00eancia de projetos;<br \/><span style=\"font-weight: bold; text-align: justify;\">\u2022\u00a0<\/span>Compreender os princ\u00edpios de gest\u00e3o envolvidos no com\u00e9rcio eletr\u00f4nico e marketing virtual;<br \/><span style=\"font-weight: bold; text-align: justify;\">\u2022\u00a0<\/span>Desenvolver a capacidade empreendedora nos alunos.<\/p>\t\t\t\t\t\t<\/div>\n\t\t\t\t<\/div>\n\t\t\t\t\t<\/div>\n\t\t<\/div>\n\t\t\t\t\t<\/div>\n\t\t<\/section>\n\t\t\t\t<\/div>\n\t\t","protected":false},"excerpt":{"rendered":"<p>Objetivo GeralO Curso T\u00e9cnico Subsequente em Inform\u00e1tica para Internet na Modalidade EaD tem como objetivo geral capacitar profissionais no desenvolvimento de sistemas computacionais para Internet, seguindo as especifica\u00e7\u00f5es e paradigmas da l\u00f3gica de programa\u00e7\u00e3o e das linguagens de programa\u00e7\u00e3o. Utiliza ferramentas de desenvolvimento de sistemas, para construir solu\u00e7\u00f5es que auxiliam o processo de cria\u00e7\u00e3o de [&hellip;]<\/p>\n","protected":false},"author":262,"featured_media":0,"parent":0,"menu_order":0,"comment_status":"closed","ping_status":"closed","template":"","meta":{"footnotes":""},"categories":[],"tags":[],"class_list":["post-579","page","type-page","status-publish","hentry"],"acf":[],"_links":{"self":[{"href":"https:\/\/www.ufsm.br\/unidades-universitarias\/ctism\/cte\/wp-json\/wp\/v2\/pages\/579","targetHints":{"allow":["GET"]}}],"collection":[{"href":"https:\/\/www.ufsm.br\/unidades-universitarias\/ctism\/cte\/wp-json\/wp\/v2\/pages"}],"about":[{"href":"https:\/\/www.ufsm.br\/unidades-universitarias\/ctism\/cte\/wp-json\/wp\/v2\/types\/page"}],"author":[{"embeddable":true,"href":"https:\/\/www.ufsm.br\/unidades-universitarias\/ctism\/cte\/wp-json\/wp\/v2\/users\/262"}],"replies":[{"embeddable":true,"href":"https:\/\/www.ufsm.br\/unidades-universitarias\/ctism\/cte\/wp-json\/wp\/v2\/comments?post=579"}],"version-history":[{"count":0,"href":"https:\/\/www.ufsm.br\/unidades-universitarias\/ctism\/cte\/wp-json\/wp\/v2\/pages\/579\/revisions"}],"wp:attachment":[{"href":"https:\/\/www.ufsm.br\/unidades-universitarias\/ctism\/cte\/wp-json\/wp\/v2\/media?parent=579"}],"wp:term":[{"taxonomy":"category","embeddable":true,"href":"https:\/\/www.ufsm.br\/unidades-universitarias\/ctism\/cte\/wp-json\/wp\/v2\/categories?post=579"},{"taxonomy":"post_tag","embeddable":true,"href":"https:\/\/www.ufsm.br\/unidades-universitarias\/ctism\/cte\/wp-json\/wp\/v2\/tags?post=579"}],"curies":[{"name":"wp","href":"https:\/\/api.w.org\/{rel}","templated":true}]}}