{"id":10025,"date":"2024-11-29T15:49:31","date_gmt":"2024-11-29T18:49:31","guid":{"rendered":"https:\/\/www.ufsm.br\/unidades-universitarias\/ctism\/?page_id=10025"},"modified":"2024-11-29T15:57:05","modified_gmt":"2024-11-29T18:57:05","slug":"paginas-de-projetos","status":"publish","type":"page","link":"https:\/\/www.ufsm.br\/unidades-universitarias\/ctism\/paginas-de-projetos","title":{"rendered":"P\u00e1ginas de Projetos"},"content":{"rendered":"\t\t<div data-elementor-type=\"wp-page\" data-elementor-id=\"10025\" class=\"elementor elementor-10025\">\n\t\t\t\t\t\t<section class=\"elementor-section elementor-top-section elementor-element elementor-element-e80eacb elementor-section-boxed elementor-section-height-default elementor-section-height-default\" data-id=\"e80eacb\" data-element_type=\"section\">\n\t\t\t\t\t\t<div class=\"elementor-container elementor-column-gap-default\">\n\t\t\t\t\t<div class=\"elementor-column elementor-col-100 elementor-top-column elementor-element elementor-element-40cf78a\" data-id=\"40cf78a\" data-element_type=\"column\">\n\t\t\t<div class=\"elementor-widget-wrap elementor-element-populated\">\n\t\t\t\t\t\t<div class=\"elementor-element elementor-element-816df24 elementor-widget elementor-widget-text-editor\" data-id=\"816df24\" data-element_type=\"widget\" data-widget_type=\"text-editor.default\">\n\t\t\t\t<div class=\"elementor-widget-container\">\n\t\t\t\t\t\t\t<ul>\n<li><a href=\"https:\/\/www.ufsm.br\/unidades-universitarias\/ctism\/criatividade-e-tecnologias-sem-limites-e-sem-barreiras\" target=\"_blank\" rel=\"noopener\">Criatividade e tecnologias: sem limites e sem barreiras<\/a><\/li>\n<li><a href=\"https:\/\/www.ufsm.br\/unidades-universitarias\/ctism\/apoio-pedagogico\" target=\"_blank\" rel=\"noopener\">Apoio Pedag\u00f3gico<\/a><\/li>\n<li><a href=\"https:\/\/www.ufsm.br\/unidades-universitarias\/ctism\/projeto-talian\" target=\"_blank\" rel=\"noopener\">Projeto Talian<\/a><\/li>\n<li><a href=\"https:\/\/www.ufsm.br\/unidades-universitarias\/ctism\/projeto-cidadania\" target=\"_blank\" rel=\"noopener\">Projeto Cidadania<\/a><\/li>\n<li><a href=\"https:\/\/www.ufsm.br\/unidades-universitarias\/ctism\/projeto-web-tv\" target=\"_blank\" rel=\"noopener\">Projeto WEB TV<\/a><\/li>\n<li><a href=\"https:\/\/www.ufsm.br\/unidades-universitarias\/ctism\/gauderiobotz\" target=\"_blank\" rel=\"noopener\">Gaud\u00e9rioBotz<\/a><\/li>\n<li><a href=\"https:\/\/www.ufsm.br\/unidades-universitarias\/ctism\/ecoctism\" target=\"_blank\" rel=\"noopener\">EcoCTISM<\/a><\/li>\n<li><a href=\"https:\/\/www.ufsm.br\/unidades-universitarias\/ctism\/escritorio-de-projetos\" target=\"_blank\" rel=\"noopener\">Escrit\u00f3rio de Projetos<\/a><\/li>\n<li><a href=\"https:\/\/www.ufsm.br\/unidades-universitarias\/ctism\/carancho-aerodesign\" target=\"_blank\" rel=\"noopener\">Carancho Aerodesign<\/a><\/li>\n<li><a href=\"https:\/\/www.ufsm.br\/unidades-universitarias\/ctism\/bombaja-ufsm\" target=\"_blank\" rel=\"noopener\">Bombaja UFSM<\/a><\/li>\n<li><a href=\"https:\/\/www.ufsm.br\/unidades-universitarias\/ctism\/clube-de-foguetes\" target=\"_blank\" rel=\"noopener\">Clube de Foguetes<\/a><\/li>\n<\/ul>\t\t\t\t\t\t<\/div>\n\t\t\t\t<\/div>\n\t\t\t\t\t<\/div>\n\t\t<\/div>\n\t\t\t\t\t<\/div>\n\t\t<\/section>\n\t\t\t\t<\/div>\n\t\t","protected":false},"excerpt":{"rendered":"<p>Criatividade e tecnologias: sem limites e sem barreiras Apoio Pedag\u00f3gico Projeto Talian Projeto Cidadania Projeto WEB TV Gaud\u00e9rioBotz EcoCTISM Escrit\u00f3rio de Projetos Carancho Aerodesign Bombaja UFSM Clube de Foguetes<\/p>\n","protected":false},"author":3078,"featured_media":0,"parent":0,"menu_order":0,"comment_status":"closed","ping_status":"closed","template":"","meta":{"footnotes":""},"categories":[],"tags":[],"class_list":["post-10025","page","type-page","status-publish","hentry"],"acf":[],"_links":{"self":[{"href":"https:\/\/www.ufsm.br\/unidades-universitarias\/ctism\/wp-json\/wp\/v2\/pages\/10025","targetHints":{"allow":["GET"]}}],"collection":[{"href":"https:\/\/www.ufsm.br\/unidades-universitarias\/ctism\/wp-json\/wp\/v2\/pages"}],"about":[{"href":"https:\/\/www.ufsm.br\/unidades-universitarias\/ctism\/wp-json\/wp\/v2\/types\/page"}],"author":[{"embeddable":true,"href":"https:\/\/www.ufsm.br\/unidades-universitarias\/ctism\/wp-json\/wp\/v2\/users\/3078"}],"replies":[{"embeddable":true,"href":"https:\/\/www.ufsm.br\/unidades-universitarias\/ctism\/wp-json\/wp\/v2\/comments?post=10025"}],"version-history":[{"count":0,"href":"https:\/\/www.ufsm.br\/unidades-universitarias\/ctism\/wp-json\/wp\/v2\/pages\/10025\/revisions"}],"wp:attachment":[{"href":"https:\/\/www.ufsm.br\/unidades-universitarias\/ctism\/wp-json\/wp\/v2\/media?parent=10025"}],"wp:term":[{"taxonomy":"category","embeddable":true,"href":"https:\/\/www.ufsm.br\/unidades-universitarias\/ctism\/wp-json\/wp\/v2\/categories?post=10025"},{"taxonomy":"post_tag","embeddable":true,"href":"https:\/\/www.ufsm.br\/unidades-universitarias\/ctism\/wp-json\/wp\/v2\/tags?post=10025"}],"curies":[{"name":"wp","href":"https:\/\/api.w.org\/{rel}","templated":true}]}}