{"id":10099,"date":"2025-01-06T10:56:17","date_gmt":"2025-01-06T13:56:17","guid":{"rendered":"https:\/\/www.ufsm.br\/unidades-universitarias\/ctism\/?page_id=10099"},"modified":"2026-04-02T09:02:14","modified_gmt":"2026-04-02T12:02:14","slug":"horarios-2026-1","status":"publish","type":"page","link":"https:\/\/www.ufsm.br\/unidades-universitarias\/ctism\/horarios-2026-1","title":{"rendered":"Hor\u00e1rios 2026\/1"},"content":{"rendered":"\t\t<div data-elementor-type=\"wp-page\" data-elementor-id=\"10099\" class=\"elementor elementor-10099\">\n\t\t\t\t\t\t<section class=\"elementor-section elementor-top-section elementor-element elementor-element-fc79bd6 elementor-section-boxed elementor-section-height-default elementor-section-height-default\" data-id=\"fc79bd6\" data-element_type=\"section\">\n\t\t\t\t\t\t<div class=\"elementor-container elementor-column-gap-default\">\n\t\t\t\t\t<div class=\"elementor-column elementor-col-100 elementor-top-column elementor-element elementor-element-2ac3acf\" data-id=\"2ac3acf\" data-element_type=\"column\">\n\t\t\t<div class=\"elementor-widget-wrap elementor-element-populated\">\n\t\t\t\t\t\t<div class=\"elementor-element elementor-element-d99a4c1 elementor-widget elementor-widget-text-editor\" data-id=\"d99a4c1\" data-element_type=\"widget\" data-widget_type=\"text-editor.default\">\n\t\t\t\t<div class=\"elementor-widget-container\">\n\t\t\t\t\t\t\t<h3 style=\"color: #000000;text-align: center\"><span style=\"font-family: verdana, geneva, sans-serif;color: #000000\">1\u00ba Semestre de 2026<\/span><\/h3><p style=\"color: #000000;font-size: 16px;text-align: center\"><span style=\"font-weight: bolder\"><span style=\"font-family: verdana, geneva, sans-serif;color: #ff0000\">Hor\u00e1rios atualizados em 2\/04\/2026, \u00e0s 09h00min<\/span><\/span><\/p>\t\t\t\t\t\t<\/div>\n\t\t\t\t<\/div>\n\t\t\t\t\t<\/div>\n\t\t<\/div>\n\t\t\t\t\t<\/div>\n\t\t<\/section>\n\t\t\t\t<section class=\"elementor-section elementor-top-section elementor-element elementor-element-57676fa elementor-section-boxed elementor-section-height-default elementor-section-height-default\" data-id=\"57676fa\" data-element_type=\"section\">\n\t\t\t\t\t\t<div class=\"elementor-container elementor-column-gap-default\">\n\t\t\t\t\t<div class=\"elementor-column elementor-col-50 elementor-top-column elementor-element elementor-element-a25c9b8\" data-id=\"a25c9b8\" data-element_type=\"column\">\n\t\t\t<div class=\"elementor-widget-wrap elementor-element-populated\">\n\t\t\t\t\t\t<div class=\"elementor-element elementor-element-341e718 elementor-widget elementor-widget-heading\" data-id=\"341e718\" data-element_type=\"widget\" data-widget_type=\"heading.default\">\n\t\t\t\t<div class=\"elementor-widget-container\">\n\t\t\t<h5 class=\"elementor-heading-title elementor-size-default\">Cursos T\u00e9cnicos Subsequentes<\/h5>\t\t<\/div>\n\t\t\t\t<\/div>\n\t\t\t\t<div class=\"elementor-element elementor-element-230d816 elementor-widget elementor-widget-text-editor\" data-id=\"230d816\" data-element_type=\"widget\" data-widget_type=\"text-editor.default\">\n\t\t\t\t<div class=\"elementor-widget-container\">\n\t\t\t\t\t\t\t<p style=\"color: #000000;font-size: 16px\"><span style=\"font-family: verdana, geneva, sans-serif;color: #000000;font-size: 10pt\"><span style=\"font-weight: bolder\">T\u00e9cnico em Eletrot\u00e9cnica<\/span><\/span><\/p><p style=\"color: #000000;font-size: 16px;padding-left: 30px\"><span style=\"font-family: verdana, geneva, sans-serif;font-size: 10pt\"><a style=\"color: #204c90\" href=\"https:\/\/www.ufsm.br\/app\/uploads\/sites\/360\/2026\/03\/Turma-311.pdf\">Turma-311<\/a>\u00a0&#8211; 1<span style=\"color: #000000\">\u00ba semestre<\/span><\/span><\/p><p style=\"color: #000000;font-size: 16px;padding-left: 30px\"><a style=\"font-family: verdana, geneva, sans-serif;font-size: 10pt;font-weight: var( --e-global-typography-text-font-weight );text-align: var(--bs-body-text-align);color: #204c90\" href=\"https:\/\/www.ufsm.br\/app\/uploads\/sites\/360\/2026\/03\/Turma-331.pdf\">Turma 331<\/a><span style=\"font-family: verdana, geneva, sans-serif;font-size: 10pt;font-weight: var( --e-global-typography-text-font-weight );text-align: var(--bs-body-text-align)\">\u00a0&#8211; 3<\/span><span style=\"color: #000000;font-family: verdana, geneva, sans-serif;font-size: 10pt;font-weight: var( --e-global-typography-text-font-weight );text-align: var(--bs-body-text-align)\">\u00ba semestre<\/span><\/p><p style=\"color: #000000;font-size: 16px\"><span style=\"font-weight: bolder;text-align: var(--bs-body-text-align)\">T\u00e9cnico em Mec\u00e2nica<\/span><\/p><p style=\"color: #000000;font-size: 16px;padding-left: 30px\"><span style=\"font-family: verdana, geneva, sans-serif;font-size: 10pt\"><a style=\"color: #204c90\" href=\"https:\/\/www.ufsm.br\/app\/uploads\/sites\/360\/2026\/03\/Turma-312.pdf\">Turma 312<\/a>\u00a0&#8211; 1\u00ba semestre<\/span><\/p><p style=\"color: #000000;font-size: 16px;padding-left: 30px\"><span style=\"font-family: verdana, geneva, sans-serif;font-size: 10pt\"><a style=\"color: #204c90\" href=\"https:\/\/www.ufsm.br\/app\/uploads\/sites\/360\/2026\/03\/Turma-332.pdf\">Turma 332<\/a>\u00a0&#8211; 3\u00ba semestre<\/span><\/p><p style=\"color: #000000;font-size: 16px\"><span style=\"font-weight: bolder;text-align: var(--bs-body-text-align)\">T\u00e9cnico em Soldagem<\/span><\/p><p style=\"color: #000000;font-size: 16px;padding-left: 30px\"><span style=\"font-family: verdana, geneva, sans-serif;font-size: 10pt\"><a style=\"color: #204c90\" href=\"https:\/\/www.ufsm.br\/app\/uploads\/sites\/360\/2026\/03\/Turma-314.pdf\">Turma 314<\/a>\u00a0&#8211; 1\u00ba semestre<\/span><\/p><p style=\"color: #000000;font-size: 16px;padding-left: 30px\"><span style=\"font-family: verdana, geneva, sans-serif;font-size: 10pt\"><a style=\"color: #204c90\" href=\"https:\/\/www.ufsm.br\/app\/uploads\/sites\/360\/2026\/03\/Turma-334.pdf\">Turma 334<\/a>\u00a0&#8211; 3\u00ba semestre<\/span><\/p><p style=\"color: #000000;font-size: 16px\"><span style=\"font-weight: bolder;text-align: var(--bs-body-text-align)\">T\u00e9cnico em Seguran\u00e7a do Trabalho<\/span><\/p><p style=\"color: #000000;font-size: 16px;padding-left: 30px\"><span style=\"font-family: verdana, geneva, sans-serif;font-size: 10pt\"><a style=\"color: #204c90\" href=\"https:\/\/www.ufsm.br\/app\/uploads\/sites\/360\/2026\/03\/Turma-315.pdf\">Turma 315<\/a>\u00a0&#8211; 1\u00ba semestre<\/span><\/p><p style=\"color: #000000;font-size: 16px;padding-left: 30px\"><span style=\"font-family: verdana, geneva, sans-serif;font-size: 10pt\"><a style=\"color: #204c90\" href=\"https:\/\/www.ufsm.br\/app\/uploads\/sites\/360\/2026\/03\/Turma-335.pdf\">Turma 335<\/a>\u00a0&#8211; 3\u00ba semestre<\/span><\/p><p style=\"color: #000000;font-size: 16px\"><span style=\"font-family: verdana, geneva, sans-serif;color: #000000;font-size: 10pt\"><span style=\"font-weight: bolder\">T\u00e9cnico em Automa\u00e7\u00e3o Industrial<\/span><\/span><\/p><p style=\"color: #000000;font-size: 16px;padding-left: 30px\"><span style=\"font-family: verdana, geneva, sans-serif;font-size: 10pt\"><a style=\"color: #204c90\" href=\"https:\/\/www.ufsm.br\/app\/uploads\/sites\/360\/2026\/03\/Turma-316-1.pdf\">Turma 316<\/a>\u00a0&#8211; 1<span style=\"color: #000000\">\u00ba semestre<\/span><\/span><\/p><p style=\"color: #000000;font-size: 16px;padding-left: 30px\"><span style=\"font-family: verdana, geneva, sans-serif;font-size: 10pt\"><a style=\"color: #204c90\" href=\"https:\/\/www.ufsm.br\/app\/uploads\/sites\/360\/2026\/03\/Turma-336.pdf\">Turma 336<\/a>\u00a0&#8211; 3<span style=\"color: #000000\">\u00ba semestre<\/span><\/span><\/p><p style=\"color: #000000;font-size: 16px\"><span style=\"font-family: verdana, geneva, sans-serif;color: #000000;font-size: 10pt\"><span style=\"font-weight: bolder\">T\u00e9cnico em Eletromec\u00e2nica<\/span><\/span><\/p><p style=\"color: #000000;font-size: 16px;padding-left: 30px\"><span style=\"font-family: verdana, geneva, sans-serif;font-size: 10pt\"><a style=\"color: #204c90\" href=\"https:\/\/www.ufsm.br\/app\/uploads\/sites\/360\/2026\/03\/Turma-317.pdf\">Turma 317<\/a>\u00a0&#8211; 1<span style=\"color: #000000\">\u00ba semestre<\/span><\/span><\/p><p style=\"color: #000000;font-size: 16px;padding-left: 30px\"><span style=\"font-family: verdana, geneva, sans-serif;font-size: 10pt\"><a style=\"color: #204c90\" href=\"https:\/\/www.ufsm.br\/app\/uploads\/sites\/360\/2026\/03\/Turma-337.pdf\">Turma 337<\/a>\u00a0&#8211; 3<span style=\"color: #000000\">\u00ba semestre<\/span><\/span><\/p><p style=\"color: #000000;font-size: 16px\"><span style=\"color: #000000;font-size: 10pt\"><span style=\"font-weight: bolder\">T\u00e9cnico em Eletr\u00f4nica<\/span><\/span><\/p><p style=\"color: #000000;font-size: 16px;padding-left: 30px\"><span style=\"font-family: verdana, geneva, sans-serif;font-size: 10pt\"><a style=\"color: #204c90\" href=\"https:\/\/www.ufsm.br\/app\/uploads\/sites\/360\/2026\/03\/Turma-319.pdf\">Turma-319<\/a>\u00a0&#8211; 1<span style=\"color: #000000\">\u00ba semestre<\/span><\/span><\/p><p style=\"color: #000000;font-size: 16px;padding-left: 30px\"><span style=\"font-family: verdana, geneva, sans-serif;font-size: 10pt\"><a style=\"color: #204c90\" href=\"https:\/\/www.ufsm.br\/app\/uploads\/sites\/360\/2026\/03\/Turma-339.pdf\">Turma 339<\/a>\u00a0&#8211; 3<span style=\"color: #000000\">\u00ba semestre<\/span><\/span><\/p>\t\t\t\t\t\t<\/div>\n\t\t\t\t<\/div>\n\t\t\t\t\t<\/div>\n\t\t<\/div>\n\t\t\t\t<div class=\"elementor-column elementor-col-50 elementor-top-column elementor-element elementor-element-245cce6\" data-id=\"245cce6\" data-element_type=\"column\">\n\t\t\t<div class=\"elementor-widget-wrap elementor-element-populated\">\n\t\t\t\t\t\t<div class=\"elementor-element elementor-element-a6d02b4 elementor-widget elementor-widget-heading\" data-id=\"a6d02b4\" data-element_type=\"widget\" data-widget_type=\"heading.default\">\n\t\t\t\t<div class=\"elementor-widget-container\">\n\t\t\t<h5 class=\"elementor-heading-title elementor-size-default\">Cursos T\u00e9cnicos Integrados<\/h5>\t\t<\/div>\n\t\t\t\t<\/div>\n\t\t\t\t<div class=\"elementor-element elementor-element-2c33e15 elementor-widget elementor-widget-text-editor\" data-id=\"2c33e15\" data-element_type=\"widget\" data-widget_type=\"text-editor.default\">\n\t\t\t\t<div class=\"elementor-widget-container\">\n\t\t\t\t\t\t\t<p style=\"color: #000000;font-size: 16px\"><span style=\"font-family: verdana, geneva, sans-serif;color: #000000;font-size: 10pt\"><span style=\"font-weight: bolder\">T\u00e9cnico em Eletrot\u00e9cnica<\/span><\/span><\/p><p style=\"color: #000000;font-size: 16px;padding-left: 30px\"><span style=\"font-family: verdana, geneva, sans-serif;font-size: 10pt\"><a style=\"color: #204c90\" href=\"https:\/\/www.ufsm.br\/app\/uploads\/sites\/360\/2026\/04\/Turma-411.pdf\">Turma 411<\/a>\u00a0&#8211; 1\u00ba ano<\/span><\/p><p style=\"color: #000000;font-size: 16px;padding-left: 30px\"><span style=\"font-family: verdana, geneva, sans-serif;font-size: 10pt\"><a style=\"color: #204c90\" href=\"https:\/\/www.ufsm.br\/app\/uploads\/sites\/360\/2026\/03\/Turma-421.pdf\">Turma 421<\/a>\u00a0&#8211; 2\u00ba ano<\/span><\/p><p style=\"color: #000000;font-size: 16px;padding-left: 30px\"><span style=\"font-family: verdana, geneva, sans-serif;font-size: 10pt\"><a style=\"color: #204c90\" href=\"https:\/\/www.ufsm.br\/app\/uploads\/sites\/360\/2026\/03\/Turma-431.pdf\">Turma 431<\/a>\u00a0&#8211; 3\u00ba ano<\/span><\/p><p style=\"color: #000000;font-size: 16px\"><span style=\"font-weight: bolder;text-align: var(--bs-body-text-align)\">T\u00e9cnico em Mec\u00e2nica<\/span><\/p><p style=\"color: #000000;font-size: 16px;padding-left: 30px\"><span style=\"font-family: verdana, geneva, sans-serif;color: #000000;font-size: 10pt\"><a style=\"color: #204c90\" href=\"https:\/\/www.ufsm.br\/app\/uploads\/sites\/360\/2026\/03\/Turma-412.pdf\">Turma 412<\/a>\u00a0&#8211; 1\u00ba ano<\/span><\/p><p style=\"color: #000000;font-size: 16px;padding-left: 30px\"><span style=\"font-family: verdana, geneva, sans-serif;color: #000000;font-size: 10pt\"><a style=\"color: #204c90\" href=\"https:\/\/www.ufsm.br\/app\/uploads\/sites\/360\/2026\/03\/Turma-422.pdf\">Turma 422<\/a>\u00a0&#8211; 2\u00ba ano<\/span><\/p><p style=\"color: #000000;font-size: 16px;padding-left: 30px\"><span style=\"font-family: verdana, geneva, sans-serif;color: #000000;font-size: 10pt\"><a style=\"color: #204c90\" href=\"https:\/\/www.ufsm.br\/app\/uploads\/sites\/360\/2026\/03\/Turma-432.pdf\">Turma 432<\/a>\u00a0&#8211; 3\u00ba ano<\/span><\/p><p style=\"color: #000000;font-size: 16px\"><span style=\"font-family: verdana, geneva, sans-serif;color: #000000;font-size: 10pt\"><span style=\"font-weight: bolder\">T\u00e9cnico em Inform\u00e1tica para Internet<\/span><\/span><\/p><p style=\"color: #000000;font-size: 16px;padding-left: 30px\"><span style=\"font-family: verdana, geneva, sans-serif;color: #000000;font-size: 10pt\"><a style=\"color: #204c90\" href=\"https:\/\/www.ufsm.br\/app\/uploads\/sites\/360\/2026\/03\/Turma-413.pdf\">Turma 413<\/a>\u00a0&#8211; 1\u00ba ano<\/span><\/p><p style=\"color: #000000;font-size: 16px;padding-left: 30px\"><span style=\"font-family: verdana, geneva, sans-serif;color: #000000;font-size: 10pt\"><a style=\"color: #204c90\" href=\"https:\/\/www.ufsm.br\/app\/uploads\/sites\/360\/2026\/03\/Turma-423.pdf\">Turma 423<\/a>\u00a0&#8211; 2\u00ba ano<\/span><\/p><p style=\"color: #000000;font-size: 16px;padding-left: 30px\"><span style=\"font-size: 10pt\"><span style=\"font-family: verdana, geneva, sans-serif\"><a style=\"color: #204c90\" href=\"https:\/\/www.ufsm.br\/app\/uploads\/sites\/360\/2026\/03\/Turma-433-1.pdf\">Turma 433<\/a><\/span>\u00a0&#8211; 3\u00ba ano<\/span><\/p><p style=\"color: #000000;font-size: 16px\"><span style=\"font-family: verdana, geneva, sans-serif;color: #000000;font-size: 10pt\"><span style=\"font-weight: bolder\">T\u00e9cnico em Internet das Coisas<\/span><\/span><\/p><p style=\"color: #000000;font-size: 16px;padding-left: 30px\"><span style=\"font-family: verdana, geneva, sans-serif;color: #000000;font-size: 10pt\"><a style=\"color: #204c90\" href=\"https:\/\/www.ufsm.br\/app\/uploads\/sites\/360\/2026\/03\/Turma-414.pdf\">Turma 414<\/a>\u00a0&#8211; 1\u00ba ano<\/span><\/p><p style=\"color: #000000;font-size: 16px;padding-left: 30px\"><span style=\"font-family: verdana, geneva, sans-serif;color: #000000;font-size: 10pt\"><a href=\"https:\/\/www.ufsm.br\/app\/uploads\/sites\/360\/2026\/04\/Turma-424-.pdf\">Turma 424<\/a> &#8211; 2\u00ba ano<\/span><\/p><p style=\"color: #000000;font-size: 16px\"><span style=\"font-family: verdana, geneva, sans-serif;color: #000000;font-size: 10pt\"><span style=\"font-weight: bolder\">T\u00e9cnico em Eletromec\u00e2nica (PROEJA)<\/span><\/span><\/p><p style=\"color: #000000;font-size: 16px;padding-left: 30px\"><span style=\"font-family: verdana, geneva, sans-serif;color: #000000;font-size: 10pt\"><a style=\"color: #204c90\" href=\"https:\/\/www.ufsm.br\/app\/uploads\/sites\/360\/2026\/03\/Turma-318-EJA-EPT.pdf\">Turma 318<\/a>\u00a0&#8211; 1\u00ba semestre<br \/><\/span><\/p><p style=\"color: #000000;font-size: 16px;padding-left: 30px\"><span style=\"font-family: verdana, geneva, sans-serif;color: #000000;font-size: 10pt\"><a style=\"color: #204c90\" href=\"https:\/\/www.ufsm.br\/app\/uploads\/sites\/360\/2026\/03\/Turma-338-EJA-EPT.pdf\">Turma 338<\/a>\u00a0&#8211; 3\u00ba semestre<\/span><\/p><p style=\"color: #000000;font-size: 16px;padding-left: 30px\"><span style=\"font-family: verdana, geneva, sans-serif;color: #000000;font-size: 10pt\"><a style=\"color: #204c90\" href=\"https:\/\/www.ufsm.br\/app\/uploads\/sites\/360\/2026\/03\/Turma-358-EJA-EPT.pdf\">Turma 358<\/a>\u00a0&#8211; 5\u00ba semestre<\/span><\/p>\t\t\t\t\t\t<\/div>\n\t\t\t\t<\/div>\n\t\t\t\t<div class=\"elementor-element elementor-element-c755c89 elementor-widget elementor-widget-spacer\" data-id=\"c755c89\" data-element_type=\"widget\" data-widget_type=\"spacer.default\">\n\t\t\t\t<div class=\"elementor-widget-container\">\n\t\t\t\t\t<div class=\"elementor-spacer\">\n\t\t\t<div class=\"elementor-spacer-inner\"><\/div>\n\t\t<\/div>\n\t\t\t\t<\/div>\n\t\t\t\t<\/div>\n\t\t\t\t<div class=\"elementor-element elementor-element-a9e1768 elementor-widget elementor-widget-heading\" data-id=\"a9e1768\" data-element_type=\"widget\" data-widget_type=\"heading.default\">\n\t\t\t\t<div class=\"elementor-widget-container\">\n\t\t\t<h5 class=\"elementor-heading-title elementor-size-default\">Cursos Superiores de Tecnologia<\/h5>\t\t<\/div>\n\t\t\t\t<\/div>\n\t\t\t\t<div class=\"elementor-element elementor-element-95d55eb elementor-widget elementor-widget-text-editor\" data-id=\"95d55eb\" data-element_type=\"widget\" data-widget_type=\"text-editor.default\">\n\t\t\t\t<div class=\"elementor-widget-container\">\n\t\t\t\t\t\t\t<p style=\"color: #000000;font-size: 16px\"><a href=\"https:\/\/www.ufsm.br\/app\/uploads\/sites\/360\/2026\/03\/Eletronica_industrial.pdf\" target=\"_blank\" rel=\"noopener\"><strong>Eletr\u00f4nica Industrial<\/strong><\/a><\/p><p style=\"color: #000000;font-size: 16px\"><a href=\"https:\/\/www.ufsm.br\/app\/uploads\/sites\/360\/2026\/03\/fabricacao_mecanica-2.pdf\" target=\"_blank\" rel=\"noopener\"><strong>Fabrica\u00e7\u00e3o Mec\u00e2nica<\/strong><\/a><\/p><p style=\"color: #000000;font-size: 16px\"><a href=\"https:\/\/www.ufsm.br\/app\/uploads\/sites\/360\/2026\/03\/redes_de_computadores.pdf\" target=\"_blank\" rel=\"noopener\"><strong>Redes de Computadores<\/strong><\/a><\/p>\t\t\t\t\t\t<\/div>\n\t\t\t\t<\/div>\n\t\t\t\t\t<\/div>\n\t\t<\/div>\n\t\t\t\t\t<\/div>\n\t\t<\/section>\n\t\t\t\t<\/div>\n\t\t","protected":false},"excerpt":{"rendered":"<p>1\u00ba Semestre de 2026 Hor\u00e1rios atualizados em 2\/04\/2026, \u00e0s 09h00min Cursos T\u00e9cnicos Subsequentes T\u00e9cnico em Eletrot\u00e9cnica Turma-311\u00a0&#8211; 1\u00ba semestre Turma 331\u00a0&#8211; 3\u00ba semestre T\u00e9cnico em Mec\u00e2nica Turma 312\u00a0&#8211; 1\u00ba semestre Turma 332\u00a0&#8211; 3\u00ba semestre T\u00e9cnico em Soldagem Turma 314\u00a0&#8211; 1\u00ba semestre Turma 334\u00a0&#8211; 3\u00ba semestre T\u00e9cnico em Seguran\u00e7a do Trabalho Turma 315\u00a0&#8211; 1\u00ba semestre Turma [&hellip;]<\/p>\n","protected":false},"author":3078,"featured_media":0,"parent":0,"menu_order":0,"comment_status":"closed","ping_status":"closed","template":"","meta":{"footnotes":""},"categories":[],"tags":[],"class_list":["post-10099","page","type-page","status-publish","hentry"],"acf":[],"_links":{"self":[{"href":"https:\/\/www.ufsm.br\/unidades-universitarias\/ctism\/wp-json\/wp\/v2\/pages\/10099","targetHints":{"allow":["GET"]}}],"collection":[{"href":"https:\/\/www.ufsm.br\/unidades-universitarias\/ctism\/wp-json\/wp\/v2\/pages"}],"about":[{"href":"https:\/\/www.ufsm.br\/unidades-universitarias\/ctism\/wp-json\/wp\/v2\/types\/page"}],"author":[{"embeddable":true,"href":"https:\/\/www.ufsm.br\/unidades-universitarias\/ctism\/wp-json\/wp\/v2\/users\/3078"}],"replies":[{"embeddable":true,"href":"https:\/\/www.ufsm.br\/unidades-universitarias\/ctism\/wp-json\/wp\/v2\/comments?post=10099"}],"version-history":[{"count":0,"href":"https:\/\/www.ufsm.br\/unidades-universitarias\/ctism\/wp-json\/wp\/v2\/pages\/10099\/revisions"}],"wp:attachment":[{"href":"https:\/\/www.ufsm.br\/unidades-universitarias\/ctism\/wp-json\/wp\/v2\/media?parent=10099"}],"wp:term":[{"taxonomy":"category","embeddable":true,"href":"https:\/\/www.ufsm.br\/unidades-universitarias\/ctism\/wp-json\/wp\/v2\/categories?post=10099"},{"taxonomy":"post_tag","embeddable":true,"href":"https:\/\/www.ufsm.br\/unidades-universitarias\/ctism\/wp-json\/wp\/v2\/tags?post=10099"}],"curies":[{"name":"wp","href":"https:\/\/api.w.org\/{rel}","templated":true}]}}