{"id":1027,"date":"2018-09-25T14:48:28","date_gmt":"2018-09-25T17:48:28","guid":{"rendered":"https:\/\/www.ufsm.br\/unidades-universitarias\/ctism\/?page_id=1027"},"modified":"2018-12-14T11:43:15","modified_gmt":"2018-12-14T13:43:15","slug":"projeto-web-tv","status":"publish","type":"page","link":"https:\/\/www.ufsm.br\/unidades-universitarias\/ctism\/projeto-web-tv","title":{"rendered":"Projeto WEB TV"},"content":{"rendered":"<p style=\"text-align: justify\"><span style=\"font-family: verdana, geneva, sans-serif\">De 2015 a 2017 o projeto estabeleceu di\u00e1logo com escolas de Santa Maria resgatando e valorizando experi\u00eancias educativas e tamb\u00e9m buscou relatar itiner\u00e1rios formativos de servidores do CTISM colaborando para constru\u00e7\u00e3o da hist\u00f3ria de 50 anos do Col\u00e9gio.O projeto tem como meta principal a promo\u00e7\u00e3o e divulga\u00e7\u00e3o das experi\u00eancias de educa\u00e7\u00e3o de Santa Maria tendo como eixo o relato de \u201citiner\u00e1rios formativos\u201d.<\/span><\/p>\n<p><span style=\"font-family: verdana, geneva, sans-serif\"><a href=\"https:\/\/www.ctism.ufsm.br\/webtv\/\">P\u00e1gina Projeto WEB TV<\/a><\/span><\/p>\n","protected":false},"excerpt":{"rendered":"<p>De 2015 a 2017 o projeto estabeleceu di\u00e1logo com escolas de Santa Maria resgatando e valorizando experi\u00eancias educativas e tamb\u00e9m buscou relatar itiner\u00e1rios formativos de servidores do CTISM colaborando para constru\u00e7\u00e3o da hist\u00f3ria de 50 anos do Col\u00e9gio.O projeto tem como meta principal a promo\u00e7\u00e3o e divulga\u00e7\u00e3o das experi\u00eancias de educa\u00e7\u00e3o de Santa Maria tendo [&hellip;]<\/p>\n","protected":false},"author":115,"featured_media":0,"parent":0,"menu_order":0,"comment_status":"closed","ping_status":"closed","template":"","meta":{"footnotes":""},"categories":[],"tags":[],"class_list":["post-1027","page","type-page","status-publish","hentry"],"acf":[],"_links":{"self":[{"href":"https:\/\/www.ufsm.br\/unidades-universitarias\/ctism\/wp-json\/wp\/v2\/pages\/1027","targetHints":{"allow":["GET"]}}],"collection":[{"href":"https:\/\/www.ufsm.br\/unidades-universitarias\/ctism\/wp-json\/wp\/v2\/pages"}],"about":[{"href":"https:\/\/www.ufsm.br\/unidades-universitarias\/ctism\/wp-json\/wp\/v2\/types\/page"}],"author":[{"embeddable":true,"href":"https:\/\/www.ufsm.br\/unidades-universitarias\/ctism\/wp-json\/wp\/v2\/users\/115"}],"replies":[{"embeddable":true,"href":"https:\/\/www.ufsm.br\/unidades-universitarias\/ctism\/wp-json\/wp\/v2\/comments?post=1027"}],"version-history":[{"count":0,"href":"https:\/\/www.ufsm.br\/unidades-universitarias\/ctism\/wp-json\/wp\/v2\/pages\/1027\/revisions"}],"wp:attachment":[{"href":"https:\/\/www.ufsm.br\/unidades-universitarias\/ctism\/wp-json\/wp\/v2\/media?parent=1027"}],"wp:term":[{"taxonomy":"category","embeddable":true,"href":"https:\/\/www.ufsm.br\/unidades-universitarias\/ctism\/wp-json\/wp\/v2\/categories?post=1027"},{"taxonomy":"post_tag","embeddable":true,"href":"https:\/\/www.ufsm.br\/unidades-universitarias\/ctism\/wp-json\/wp\/v2\/tags?post=1027"}],"curies":[{"name":"wp","href":"https:\/\/api.w.org\/{rel}","templated":true}]}}