{"id":1028,"date":"2018-09-25T14:49:21","date_gmt":"2018-09-25T17:49:21","guid":{"rendered":"https:\/\/www.ufsm.br\/unidades-universitarias\/ctism\/?page_id=1028"},"modified":"2018-12-14T14:08:52","modified_gmt":"2018-12-14T16:08:52","slug":"gauderiobotz","status":"publish","type":"page","link":"https:\/\/www.ufsm.br\/unidades-universitarias\/ctism\/gauderiobotz","title":{"rendered":"Gaud\u00e9rioBotz"},"content":{"rendered":"<p style=\"text-align: justify\"><span style=\"font-family: verdana, geneva, sans-serif\">A equipe de rob\u00f3tica Gaud\u00e9rioBotz foi fundada em 2011, no Col\u00e9gio T\u00e9cnico Industrial de Santa Maria (CTISM), sendo iniciativa dos alunos dos Cursos T\u00e9cnicos de Eletr\u00f4nica, de Mec\u00e2nica e de Inform\u00e1tica integrados ao Ensino M\u00e9dio. O grupo em quest\u00e3o tem como objetivos principais: 1) a integra\u00e7\u00e3o de alunos por meio de pesquisas na \u00e1rea de rob\u00f3tica; e 2) a aplica\u00e7\u00e3o, na pr\u00e1tica, dos conte\u00fados te\u00f3ricos aprendidos em sala de aula.<\/span><\/p>\n<p><a href=\"https:\/\/www.facebook.com\/EquipeGauderioBotz\/\"><span style=\"font-family: verdana, geneva, sans-serif\">Facebook\u00a0<\/span><\/a><\/p>\n<p><iframe src=\"\/\/www.youtube.com\/embed\/P_aPWRzN9So\" width=\"560\" height=\"315\" frameborder=\"0\" allowfullscreen=\"allowfullscreen\"><\/iframe><\/p>\n","protected":false},"excerpt":{"rendered":"<p>A equipe de rob\u00f3tica Gaud\u00e9rioBotz foi fundada em 2011, no Col\u00e9gio T\u00e9cnico Industrial de Santa Maria (CTISM), sendo iniciativa dos alunos dos Cursos T\u00e9cnicos de Eletr\u00f4nica, de Mec\u00e2nica e de Inform\u00e1tica integrados ao Ensino M\u00e9dio. O grupo em quest\u00e3o tem como objetivos principais: 1) a integra\u00e7\u00e3o de alunos por meio de pesquisas na \u00e1rea de [&hellip;]<\/p>\n","protected":false},"author":115,"featured_media":0,"parent":0,"menu_order":0,"comment_status":"closed","ping_status":"closed","template":"","meta":{"footnotes":""},"categories":[],"tags":[],"class_list":["post-1028","page","type-page","status-publish","hentry"],"acf":[],"_links":{"self":[{"href":"https:\/\/www.ufsm.br\/unidades-universitarias\/ctism\/wp-json\/wp\/v2\/pages\/1028","targetHints":{"allow":["GET"]}}],"collection":[{"href":"https:\/\/www.ufsm.br\/unidades-universitarias\/ctism\/wp-json\/wp\/v2\/pages"}],"about":[{"href":"https:\/\/www.ufsm.br\/unidades-universitarias\/ctism\/wp-json\/wp\/v2\/types\/page"}],"author":[{"embeddable":true,"href":"https:\/\/www.ufsm.br\/unidades-universitarias\/ctism\/wp-json\/wp\/v2\/users\/115"}],"replies":[{"embeddable":true,"href":"https:\/\/www.ufsm.br\/unidades-universitarias\/ctism\/wp-json\/wp\/v2\/comments?post=1028"}],"version-history":[{"count":0,"href":"https:\/\/www.ufsm.br\/unidades-universitarias\/ctism\/wp-json\/wp\/v2\/pages\/1028\/revisions"}],"wp:attachment":[{"href":"https:\/\/www.ufsm.br\/unidades-universitarias\/ctism\/wp-json\/wp\/v2\/media?parent=1028"}],"wp:term":[{"taxonomy":"category","embeddable":true,"href":"https:\/\/www.ufsm.br\/unidades-universitarias\/ctism\/wp-json\/wp\/v2\/categories?post=1028"},{"taxonomy":"post_tag","embeddable":true,"href":"https:\/\/www.ufsm.br\/unidades-universitarias\/ctism\/wp-json\/wp\/v2\/tags?post=1028"}],"curies":[{"name":"wp","href":"https:\/\/api.w.org\/{rel}","templated":true}]}}