{"id":1034,"date":"2018-09-25T14:53:01","date_gmt":"2018-09-25T17:53:01","guid":{"rendered":"https:\/\/www.ufsm.br\/unidades-universitarias\/ctism\/?page_id=1034"},"modified":"2018-12-11T10:03:53","modified_gmt":"2018-12-11T12:03:53","slug":"escritorio-de-projetos","status":"publish","type":"page","link":"https:\/\/www.ufsm.br\/unidades-universitarias\/ctism\/escritorio-de-projetos","title":{"rendered":"Escrit\u00f3rio de Projetos"},"content":{"rendered":"<p style=\"text-align: justify\"><span style=\"font-family: verdana, geneva, sans-serif\">\u00c9 uma equipe que coordena a cria\u00e7\u00e3o e a gest\u00e3o \u00e1gil de projetos (de ensino, de pesquisa e de extens\u00e3o), operando, continuamente, na promo\u00e7\u00e3o de suporte \u00e0s fun\u00e7\u00f5es de lideran\u00e7a e de treinamento de equipes sob a forma de workshops, de softwares e de metodologias padronizadas.<\/span><\/p>\n<p><a href=\"http:\/\/escritoriodeprojetos.ufsm.br\/\"><span style=\"font-family: verdana, geneva, sans-serif\">P\u00e1gina Escrit\u00f3rio de Projetos\u00a0<\/span><\/a><\/p>\n","protected":false},"excerpt":{"rendered":"<p>\u00c9 uma equipe que coordena a cria\u00e7\u00e3o e a gest\u00e3o \u00e1gil de projetos (de ensino, de pesquisa e de extens\u00e3o), operando, continuamente, na promo\u00e7\u00e3o de suporte \u00e0s fun\u00e7\u00f5es de lideran\u00e7a e de treinamento de equipes sob a forma de workshops, de softwares e de metodologias padronizadas. P\u00e1gina Escrit\u00f3rio de Projetos\u00a0<\/p>\n","protected":false},"author":115,"featured_media":0,"parent":0,"menu_order":0,"comment_status":"closed","ping_status":"closed","template":"","meta":{"footnotes":""},"categories":[],"tags":[],"class_list":["post-1034","page","type-page","status-publish","hentry"],"acf":[],"_links":{"self":[{"href":"https:\/\/www.ufsm.br\/unidades-universitarias\/ctism\/wp-json\/wp\/v2\/pages\/1034","targetHints":{"allow":["GET"]}}],"collection":[{"href":"https:\/\/www.ufsm.br\/unidades-universitarias\/ctism\/wp-json\/wp\/v2\/pages"}],"about":[{"href":"https:\/\/www.ufsm.br\/unidades-universitarias\/ctism\/wp-json\/wp\/v2\/types\/page"}],"author":[{"embeddable":true,"href":"https:\/\/www.ufsm.br\/unidades-universitarias\/ctism\/wp-json\/wp\/v2\/users\/115"}],"replies":[{"embeddable":true,"href":"https:\/\/www.ufsm.br\/unidades-universitarias\/ctism\/wp-json\/wp\/v2\/comments?post=1034"}],"version-history":[{"count":0,"href":"https:\/\/www.ufsm.br\/unidades-universitarias\/ctism\/wp-json\/wp\/v2\/pages\/1034\/revisions"}],"wp:attachment":[{"href":"https:\/\/www.ufsm.br\/unidades-universitarias\/ctism\/wp-json\/wp\/v2\/media?parent=1034"}],"wp:term":[{"taxonomy":"category","embeddable":true,"href":"https:\/\/www.ufsm.br\/unidades-universitarias\/ctism\/wp-json\/wp\/v2\/categories?post=1034"},{"taxonomy":"post_tag","embeddable":true,"href":"https:\/\/www.ufsm.br\/unidades-universitarias\/ctism\/wp-json\/wp\/v2\/tags?post=1034"}],"curies":[{"name":"wp","href":"https:\/\/api.w.org\/{rel}","templated":true}]}}