{"id":1035,"date":"2018-09-25T14:53:41","date_gmt":"2018-09-25T17:53:41","guid":{"rendered":"https:\/\/www.ufsm.br\/unidades-universitarias\/ctism\/?page_id=1035"},"modified":"2018-12-11T10:02:03","modified_gmt":"2018-12-11T12:02:03","slug":"carancho-aerodesign","status":"publish","type":"page","link":"https:\/\/www.ufsm.br\/unidades-universitarias\/ctism\/carancho-aerodesign","title":{"rendered":"Carancho Aerodesign"},"content":{"rendered":"<p style=\"text-align: justify\"><span style=\"font-family: verdana, geneva, sans-serif\">A Carancho Aerodesign \u00e9 um projeto da UFSM que foi criado em 21 de junho de 2004, sendo composto por acad\u00eamicos dos cursos de Engenharia da universidade supracitada. Esse projeto \u00e9 coordenado pelo professor Gilmar Fernando Vogel (docente do CTISM) e conta com a ajuda de empresas apoiadoras e patrocinadoras, como, por exemplo, a Caixa Econ\u00f4mica Federal, o Centro de Tecnologia da UFSM, o CTISM e o Departamento de Engenharia Mec\u00e2nica da UFSM.<\/span><\/p>\n<p><span style=\"font-family: verdana, geneva, sans-serif\"><a href=\"https:\/\/www.facebook.com\/CaranchoUFSM\">Facebook\u00a0<\/a><\/span><\/p>\n","protected":false},"excerpt":{"rendered":"<p>A Carancho Aerodesign \u00e9 um projeto da UFSM que foi criado em 21 de junho de 2004, sendo composto por acad\u00eamicos dos cursos de Engenharia da universidade supracitada. Esse projeto \u00e9 coordenado pelo professor Gilmar Fernando Vogel (docente do CTISM) e conta com a ajuda de empresas apoiadoras e patrocinadoras, como, por exemplo, a Caixa [&hellip;]<\/p>\n","protected":false},"author":115,"featured_media":0,"parent":0,"menu_order":0,"comment_status":"closed","ping_status":"closed","template":"","meta":{"footnotes":""},"categories":[],"tags":[],"class_list":["post-1035","page","type-page","status-publish","hentry"],"acf":[],"_links":{"self":[{"href":"https:\/\/www.ufsm.br\/unidades-universitarias\/ctism\/wp-json\/wp\/v2\/pages\/1035","targetHints":{"allow":["GET"]}}],"collection":[{"href":"https:\/\/www.ufsm.br\/unidades-universitarias\/ctism\/wp-json\/wp\/v2\/pages"}],"about":[{"href":"https:\/\/www.ufsm.br\/unidades-universitarias\/ctism\/wp-json\/wp\/v2\/types\/page"}],"author":[{"embeddable":true,"href":"https:\/\/www.ufsm.br\/unidades-universitarias\/ctism\/wp-json\/wp\/v2\/users\/115"}],"replies":[{"embeddable":true,"href":"https:\/\/www.ufsm.br\/unidades-universitarias\/ctism\/wp-json\/wp\/v2\/comments?post=1035"}],"version-history":[{"count":0,"href":"https:\/\/www.ufsm.br\/unidades-universitarias\/ctism\/wp-json\/wp\/v2\/pages\/1035\/revisions"}],"wp:attachment":[{"href":"https:\/\/www.ufsm.br\/unidades-universitarias\/ctism\/wp-json\/wp\/v2\/media?parent=1035"}],"wp:term":[{"taxonomy":"category","embeddable":true,"href":"https:\/\/www.ufsm.br\/unidades-universitarias\/ctism\/wp-json\/wp\/v2\/categories?post=1035"},{"taxonomy":"post_tag","embeddable":true,"href":"https:\/\/www.ufsm.br\/unidades-universitarias\/ctism\/wp-json\/wp\/v2\/tags?post=1035"}],"curies":[{"name":"wp","href":"https:\/\/api.w.org\/{rel}","templated":true}]}}