{"id":1036,"date":"2018-09-25T14:54:05","date_gmt":"2018-09-25T17:54:05","guid":{"rendered":"https:\/\/www.ufsm.br\/unidades-universitarias\/ctism\/?page_id=1036"},"modified":"2019-10-24T16:54:28","modified_gmt":"2019-10-24T19:54:28","slug":"bombaja-ufsm","status":"publish","type":"page","link":"https:\/\/www.ufsm.br\/unidades-universitarias\/ctism\/bombaja-ufsm","title":{"rendered":"Bombaja UFSM"},"content":{"rendered":"<p style=\"text-align: justify\"><span style=\"color: #000000;font-family: arial, sans-serif\">A Bombaja \u00e9 um projeto\u00a0OFF-ROAD\u00a0da UFSM de ensino, pesquisa e extens\u00e3o, que se preocupa com a forma\u00e7\u00e3o e aprendizagem de seus membros. Trabalhamos sempre em busca de melhoria de forma respons\u00e1vel e dedicada, com o projeto e a fabrica\u00e7\u00e3o de um prot\u00f3tipo Baja SAE, oferecendo uma experi\u00eancia extra-classe e aproximando nossos membros do mercado de trabalho.<br \/><\/span><span style=\"color: #000000;font-family: arial, sans-serif\">Foi fundada no Departamento de Engenharia Mec\u00e2nica no dia 4 de abril de 2003 e \u00e9 composta por alunos de diversos cursos dos diferentes centros de ensino da UFSM. Atualmente, possui diferentes diretorias respons\u00e1veis pelas \u00e1reas de fabrica\u00e7\u00e3o, montagem e manuten\u00e7\u00e3o do prot\u00f3tipo, al\u00e9m da diretoria respons\u00e1vel pela gest\u00e3o de marca e pessoas.<\/span><\/p>\n\n\n<figure class=\"wp-block-image\"><img fetchpriority=\"high\" decoding=\"async\" width=\"1024\" height=\"683\" src=\"https:\/\/www.ufsm.br\/unidades-universitarias\/ctism\/wp-content\/uploads\/sites\/360\/2019\/10\/IMG_4492-1024x683.jpg\" alt=\"\" class=\"wp-image-5017\" srcset=\"https:\/\/www.ufsm.br\/app\/uploads\/sites\/360\/2019\/10\/IMG_4492-1024x683.jpg 1024w, https:\/\/www.ufsm.br\/app\/uploads\/sites\/360\/2019\/10\/IMG_4492-300x200.jpg 300w, https:\/\/www.ufsm.br\/app\/uploads\/sites\/360\/2019\/10\/IMG_4492-768x512.jpg 768w, https:\/\/www.ufsm.br\/app\/uploads\/sites\/360\/2019\/10\/IMG_4492-272x182.jpg 272w, https:\/\/www.ufsm.br\/app\/uploads\/sites\/360\/2019\/10\/IMG_4492.jpg 1920w\" sizes=\"(max-width: 1024px) 100vw, 1024px\" \/><\/figure>\n\n\n\n<figure class=\"wp-block-image\"><img decoding=\"async\" width=\"1024\" height=\"683\" src=\"https:\/\/www.ufsm.br\/unidades-universitarias\/ctism\/wp-content\/uploads\/sites\/360\/2019\/10\/IMG_4663-2-1024x683.jpg\" alt=\"\" class=\"wp-image-5020\" srcset=\"https:\/\/www.ufsm.br\/app\/uploads\/sites\/360\/2019\/10\/IMG_4663-2-1024x683.jpg 1024w, https:\/\/www.ufsm.br\/app\/uploads\/sites\/360\/2019\/10\/IMG_4663-2-300x200.jpg 300w, https:\/\/www.ufsm.br\/app\/uploads\/sites\/360\/2019\/10\/IMG_4663-2-768x512.jpg 768w, https:\/\/www.ufsm.br\/app\/uploads\/sites\/360\/2019\/10\/IMG_4663-2-272x182.jpg 272w, https:\/\/www.ufsm.br\/app\/uploads\/sites\/360\/2019\/10\/IMG_4663-2.jpg 1920w\" sizes=\"(max-width: 1024px) 100vw, 1024px\" \/><\/figure>\n\n\n\n<p>E-mail:\u00a0<a rel=\"noreferrer noopener\" href=\"mailto:contato.bombaja@gmail.com\" target=\"_blank\">contato.bombaja@gmail.com<\/a>\u00a0|\u00a0Telefone:\u00a0(55) 3220-8831 |\u00a0Redes Sociais:\u00a0<a rel=\"noreferrer noopener\" href=\"http:\/\/fb.com\/bombajaufsm\" target=\"_blank\">Facebook<\/a><a rel=\"noreferrer noopener\" href=\"https:\/\/www.instagram.com\/bombaja.ufsm\/\" target=\"_blank\"> Instagram<\/a><\/p>\n","protected":false},"excerpt":{"rendered":"<p>A Bombaja \u00e9 um projeto\u00a0OFF-ROAD\u00a0da UFSM de ensino, pesquisa e extens\u00e3o, que se preocupa com a forma\u00e7\u00e3o e aprendizagem de seus membros. Trabalhamos sempre em busca de melhoria de forma respons\u00e1vel e dedicada, com o projeto e a fabrica\u00e7\u00e3o de um prot\u00f3tipo Baja SAE, oferecendo uma experi\u00eancia extra-classe e aproximando nossos membros do mercado de [&hellip;]<\/p>\n","protected":false},"author":115,"featured_media":0,"parent":0,"menu_order":0,"comment_status":"closed","ping_status":"closed","template":"","meta":{"footnotes":""},"categories":[],"tags":[],"class_list":["post-1036","page","type-page","status-publish","hentry"],"acf":[],"_links":{"self":[{"href":"https:\/\/www.ufsm.br\/unidades-universitarias\/ctism\/wp-json\/wp\/v2\/pages\/1036","targetHints":{"allow":["GET"]}}],"collection":[{"href":"https:\/\/www.ufsm.br\/unidades-universitarias\/ctism\/wp-json\/wp\/v2\/pages"}],"about":[{"href":"https:\/\/www.ufsm.br\/unidades-universitarias\/ctism\/wp-json\/wp\/v2\/types\/page"}],"author":[{"embeddable":true,"href":"https:\/\/www.ufsm.br\/unidades-universitarias\/ctism\/wp-json\/wp\/v2\/users\/115"}],"replies":[{"embeddable":true,"href":"https:\/\/www.ufsm.br\/unidades-universitarias\/ctism\/wp-json\/wp\/v2\/comments?post=1036"}],"version-history":[{"count":0,"href":"https:\/\/www.ufsm.br\/unidades-universitarias\/ctism\/wp-json\/wp\/v2\/pages\/1036\/revisions"}],"wp:attachment":[{"href":"https:\/\/www.ufsm.br\/unidades-universitarias\/ctism\/wp-json\/wp\/v2\/media?parent=1036"}],"wp:term":[{"taxonomy":"category","embeddable":true,"href":"https:\/\/www.ufsm.br\/unidades-universitarias\/ctism\/wp-json\/wp\/v2\/categories?post=1036"},{"taxonomy":"post_tag","embeddable":true,"href":"https:\/\/www.ufsm.br\/unidades-universitarias\/ctism\/wp-json\/wp\/v2\/tags?post=1036"}],"curies":[{"name":"wp","href":"https:\/\/api.w.org\/{rel}","templated":true}]}}