{"id":1148,"date":"2018-10-01T08:47:11","date_gmt":"2018-10-01T11:47:11","guid":{"rendered":"https:\/\/www.ufsm.br\/unidades-universitarias\/ctism\/?page_id=1148"},"modified":"2025-07-07T08:48:32","modified_gmt":"2025-07-07T11:48:32","slug":"equipe","status":"publish","type":"page","link":"https:\/\/www.ufsm.br\/unidades-universitarias\/ctism\/equipe","title":{"rendered":"Equipe"},"content":{"rendered":"\t\t<div data-elementor-type=\"wp-post\" data-elementor-id=\"1148\" class=\"elementor elementor-1148\">\n\t\t\t\t\t\t<section class=\"elementor-section elementor-top-section elementor-element elementor-element-cc20aa2 elementor-section-boxed elementor-section-height-default elementor-section-height-default\" data-id=\"cc20aa2\" data-element_type=\"section\">\n\t\t\t\t\t\t<div class=\"elementor-container elementor-column-gap-default\">\n\t\t\t\t\t<div class=\"elementor-column elementor-col-100 elementor-top-column elementor-element elementor-element-fe20534\" data-id=\"fe20534\" data-element_type=\"column\">\n\t\t\t<div class=\"elementor-widget-wrap elementor-element-populated\">\n\t\t\t\t\t\t<div class=\"elementor-element elementor-element-139f828 elementor-widget elementor-widget-accordion\" data-id=\"139f828\" data-element_type=\"widget\" data-widget_type=\"accordion.default\">\n\t\t\t\t<div class=\"elementor-widget-container\">\n\t\t\t\t\t<div class=\"elementor-accordion\">\n\t\t\t\t\t\t\t<div class=\"elementor-accordion-item\">\n\t\t\t\t\t<h5 id=\"elementor-tab-title-2051\" class=\"elementor-tab-title\" data-tab=\"1\" role=\"button\" aria-controls=\"elementor-tab-content-2051\" aria-expanded=\"false\">\n\t\t\t\t\t\t\t\t\t\t\t\t\t<span class=\"elementor-accordion-icon elementor-accordion-icon-left\" aria-hidden=\"true\">\n\t\t\t\t\t\t\t\t\t\t\t\t\t\t\t<span class=\"elementor-accordion-icon-closed\"><i class=\"fas fa-caret-down\"><\/i><\/span>\n\t\t\t\t\t\t\t\t<span class=\"elementor-accordion-icon-opened\"><i class=\"fas fa-caret-up\"><\/i><\/span>\n\t\t\t\t\t\t\t\t\t\t\t\t\t\t<\/span>\n\t\t\t\t\t\t\t\t\t\t\t\t<a class=\"elementor-accordion-title\" tabindex=\"0\">Dire\u00e7\u00e3o<\/a>\n\t\t\t\t\t<\/h5>\n\t\t\t\t\t<div id=\"elementor-tab-content-2051\" class=\"elementor-tab-content elementor-clearfix\" data-tab=\"1\" role=\"region\" aria-labelledby=\"elementor-tab-title-2051\"><p><strong>Atribui\u00e7\u00f5es<br \/><\/strong><\/p><p>Ao Diretor, compete:<br \/>\u2013 <span style=\"font-size: medium\">Integrar o Conselho Diretor, como seu presidente;<br \/><\/span>\u2013 <span style=\"font-size: medium\">Coordenar a elabora\u00e7\u00e3o e avalia\u00e7\u00e3o do projeto pedag\u00f3gico da unidade;<br \/><\/span>\u2013 <span style=\"font-size: medium\">Representar a unidade e o conselho diretor da unidade sempre que se fizer necess\u00e1rio;<br \/><\/span>\u2013 <span style=\"font-size: medium\">Cumprir e promover a efetiva\u00e7\u00e3o das decis\u00f5es do Conselho Diretor;<br \/><\/span>\u2013 <span style=\"font-size: medium\">Supervisionar as atividades do pessoal docente e t\u00e9cnico-administrativo em educa\u00e7\u00e3o da unidade, particularmente quanta \u00e0 assiduidade;<br \/><\/span>\u2013 <span style=\"font-size: medium\">Decidir, no caso de transgress\u00e3o disciplinar de professores e funcion\u00e1rios, at\u00e9 seu n\u00edvel de compet\u00eancia;<br \/><\/span>\u2013 <span style=\"font-size: medium\">Examinar, no \u00e2mbito da sua compet\u00eancia, as quest\u00f5es suscitadas pelos corpos docente, discente e t\u00e9cnico-administrativo em educa\u00e7\u00e3o;<br \/><\/span>\u2013 <span style=\"font-size: medium\">Disponibilizar e encaminhar dados sobre a escola para a Coordenadoria de Ensino M\u00e9dio, T\u00e9cnico e Tecnol\u00f3gico;<br \/><\/span>\u2013 <span style=\"font-size: medium\">Autorizar e ordenar a despesa constante do or\u00e7amento da unidade, inclusive de conv\u00eanios celebrados, atendendo, sempre, ao disposto na legisla\u00e7\u00e3o vigente;<br \/><\/span>\u2013 <span style=\"font-size: medium\">Cumprir e fazer cumprir a legisla\u00e7\u00e3o vigente do ensino m\u00e9dio e da educa\u00e7\u00e3o profissional e tecnol\u00f3gica, bem como as decis\u00f5es emanadas da UFSM;<br \/><\/span>\u2013 <span style=\"font-size: medium\">Conferir o t\u00edtulo aos alunos formandos ou delegar compet\u00eancia;<br \/><\/span>\u2013 <span style=\"font-size: medium\">Baixar ordens de servi\u00e7o, portarias, instru\u00e7\u00f5es, avisos e tomar outras medidas que se fizerem necess\u00e1rias, no recinto da unidade;<br \/><\/span>\u2013 <span style=\"font-size: medium\">Desempenhar as demais atribui\u00e7\u00f5es determinadas em leis, no Estatuto e no Regimento Geral da UFSM, e no regimento interno da unidade;<br \/><\/span>\u2013 <span style=\"font-size: medium\">Encaminhar ao conselho diretor da unidade solicita\u00e7\u00f5es para abertura de cr\u00e9ditos;<br \/><\/span>\u2013 <span style=\"font-size: medium\">Elaborar a proposta or\u00e7ament\u00e1ria anual que ser\u00e1 submetida ao Conselho Diretor;<br \/><\/span>\u2013 <span style=\"font-size: medium\">Designar e dispensar chefes e subchefes de departamentos, coordenadores e coordenadores substitutos de cursos e dirigentes de \u00f3rg\u00e3os suplementares setoriais, encaminhando c\u00f3pias das portarias \u00e1 Pr\u00f3-Reitoria de Recursos Humanos;<br \/><\/span>\u2013 <span style=\"font-size: medium\">Emitir portaria homologando a composi\u00e7\u00e3o dos colegiados departamentais e de cursos de gradua\u00e7\u00e3o, p\u00f3s-gradua\u00e7\u00e3o e de ensino m\u00e9dio, t\u00e9cnico e tecnol\u00f3gico;<br \/><\/span>\u2013 <span style=\"font-size: medium\">Autorizar, no \u00e2mbito do col\u00e9gio, a realiza\u00e7\u00e3o de congressos, confer\u00eancias, simp\u00f3sios, semanas, encontros e promo\u00e7\u00f5es culturais, art\u00edsticas ou cient\u00edficas;<br \/><\/span>\u2013 <span style=\"font-size: medium\">Promover, com o apoio dos \u00f3rg\u00e3os competentes, as formaturas dos cursos, promo\u00e7\u00f5es culturais, art\u00edsticas ou cient\u00edficas, cursos extracurriculares, semin\u00e1rios, palestras e outros afins;<br \/><\/span>\u2013 <span style=\"font-size: medium\">Aplicar san\u00e7\u00f5es de acordo com o Regime Jur\u00eddico \u00danico, dando ci\u00eancia aos \u00f3rg\u00e3os competentes, bem como determinar abertura de sindic\u00e2ncias para apurar responsabilidades;<br \/><\/span>\u2013 <span style=\"font-size: medium\">Decidir, no \u00e2mbito do pr\u00f3prio col\u00e9gio, sobre o uso e destina\u00e7\u00e3o do espa\u00e7o f\u00edsico; e<br \/><\/span>\u2013 <span style=\"font-size: medium\">Baixar atos normativos em sua esfera de compet\u00eancia.<\/span><\/p><p><strong>Diretor<br \/><\/strong>\u00a0\u00a0\u00a0\u00a0\u00a0\u00a0\u00a0 Rafael Adaime Pinto<br \/>\u00a0\u00a0\u00a0\u00a0\u00a0\u00a0\u00a0 Email: <a href=\"mailto:rafael@ctism.ufsm.br\">rafael@ctism.ufsm.br<\/a><\/p><p><strong>Vice Diretor<br \/><\/strong>\u00a0\u00a0\u00a0\u00a0\u00a0\u00a0\u00a0 Fredi Zancan Ferrigolo<br \/>\u00a0\u00a0\u00a0\u00a0\u00a0\u00a0\u00a0 Email:\u00a0<a href=\"mailto:frediferrigolo@ctism.ufsm.br\">frediferrigolo@ctism.ufsm.br<\/a><\/p><p><strong>Servidores T\u00e9cnicos-administrativos em Educa\u00e7\u00e3o<br \/><\/strong>\u00a0 \u00a0 \u00a0 \u00a0Diego Russowsky Mar\u00e7al<br \/>\u00a0 \u00a0 \u00a0 \u00a0Email: <a href=\"mailto:diegormarcal@ctism.ufsm.br\">diegormarcal@ctism.ufsm.br<\/a>\u00a0 \u00a0 \u00a0\u00a0<\/p><p><b>Hor\u00e1rio de Atendimento<\/b><\/p><p>\u00a0\u00a0\u00a0\u00a0\u00a0\u00a0\u00a0 Das 8:00 \u00e0s 12:00<br \/>\u00a0\u00a0\u00a0\u00a0\u00a0\u00a0\u00a0 Das 13:30 \u00e0s 18:00<\/p><p><b>Contato<\/b><br \/>\u00a0\u00a0\u00a0\u00a0\u00a0\u00a0\u00a0 Telefones<br \/>\u00a0\u00a0\u00a0\u00a0\u00a0\u00a0\u00a0 (55) 3220-9540 &#8211; Portaria CTISM\u00a0 \u00a0 \u00a0 \u00a0\u00a0<br \/>\u00a0\u00a0\u00a0\u00a0\u00a0\u00a0\u00a0 (55) 3220-8040 &#8211; Sala da Dire\u00e7\u00e3o<\/p><p>\u00a0\u00a0\u00a0\u00a0\u00a0\u00a0\u00a0 Email<br \/>\u00a0\u00a0\u00a0\u00a0\u00a0\u00a0\u00a0 <a href=\"mailto:direcao@ctism.ufsm.br\" target=\"_blank\" rel=\"noopener\">direcao@ctism.ufsm.br<\/a><\/p><p>\u00a0\u00a0\u00a0\u00a0\u00a0\u00a0\u00a0 Agenda de Reuni\u00f5es: <a href=\"https:\/\/calendar.google.com\/calendar\/u\/0\/embed?src=ehnctg43ft0erakqn1g4b6m544@group.calendar.google.com&amp;ctz=America\/Sao_Paulo\" target=\"_blank\" rel=\"noopener\">Clique aqui<\/a><\/p><\/div>\n\t\t\t\t<\/div>\n\t\t\t\t\t\t\t<div class=\"elementor-accordion-item\">\n\t\t\t\t\t<h5 id=\"elementor-tab-title-2052\" class=\"elementor-tab-title\" data-tab=\"2\" role=\"button\" aria-controls=\"elementor-tab-content-2052\" aria-expanded=\"false\">\n\t\t\t\t\t\t\t\t\t\t\t\t\t<span class=\"elementor-accordion-icon elementor-accordion-icon-left\" aria-hidden=\"true\">\n\t\t\t\t\t\t\t\t\t\t\t\t\t\t\t<span class=\"elementor-accordion-icon-closed\"><i class=\"fas fa-caret-down\"><\/i><\/span>\n\t\t\t\t\t\t\t\t<span class=\"elementor-accordion-icon-opened\"><i class=\"fas fa-caret-up\"><\/i><\/span>\n\t\t\t\t\t\t\t\t\t\t\t\t\t\t<\/span>\n\t\t\t\t\t\t\t\t\t\t\t\t<a class=\"elementor-accordion-title\" tabindex=\"0\">Departamento Administrativo<\/a>\n\t\t\t\t\t<\/h5>\n\t\t\t\t\t<div id=\"elementor-tab-content-2052\" class=\"elementor-tab-content elementor-clearfix\" data-tab=\"2\" role=\"region\" aria-labelledby=\"elementor-tab-title-2052\"><p>\u00c9 a unidade respons\u00e1vel pelo planejamento, pela coordena\u00e7\u00e3o, pelo acompanhamento, pelo controle e pela avalia\u00e7\u00e3o de todos os atos e de todos os fatos (situa\u00e7\u00f5es) administrativos do CTISM, al\u00e9m de ser o setor encarregado por subsidiar a Dire\u00e7\u00e3o do col\u00e9gio nos processos relacionados \u00e0 gest\u00e3o administrativa da institui\u00e7\u00e3o.<\/p><p><b>Atribui\u00e7\u00f5es<\/b><br \/>&#8211; Planejamento, em conjunto com a Dire\u00e7\u00e3o do CTISM, das a\u00e7\u00f5es relativas \u00e0 gest\u00e3o administrativa, or\u00e7ament\u00e1ria e de pessoal da unidade;<br \/>&#8211; Coordena\u00e7\u00e3o das atividades administrativas relacionadas a or\u00e7amento, a finan\u00e7as, a licita\u00e7\u00f5es, a compras e \u00e0 documenta\u00e7\u00e3o de pessoal;<br \/>&#8211; Orienta\u00e7\u00f5es, de natureza funcional, aos servidores da institui\u00e7\u00e3o;<br \/>&#8211; Fiscaliza\u00e7\u00e3o da execu\u00e7\u00e3o de servi\u00e7os contratados;<br \/>&#8211; Coordena\u00e7\u00e3o e supervis\u00e3o das atividades dos setores ligados ao departamento;<br \/>&#8211; Avalia\u00e7\u00e3o permanente dos processos administrativos realizados no \u00e2mbito da unidade, com vistas \u00e0 melhoria da efici\u00eancia, da efic\u00e1cia e da efetividade gestora.<\/p><p><b>Diretor<\/b><br \/>\u00a0\u00a0\u00a0\u00a0\u00a0\u00a0\u00a0 Maikel Guerra Bathaglini &#8211; titular<br \/>\u00a0\u00a0\u00a0\u00a0\u00a0\u00a0\u00a0 Email: <a href=\"mailto:maikel@ctism.ufsm.br\" target=\"_blank\" rel=\"noopener\">maikel@ctism.ufsm.br<\/a><\/p><p>\u00a0 \u00a0 \u00a0 \u00a0 Jonas Carniel de Macedo &#8211; substituto<br \/>\u00a0\u00a0\u00a0\u00a0\u00a0\u00a0\u00a0 Email: <a href=\"mailto:jonascarniel@gmail.com\">jonascarniel@gmail.com<\/a><\/p><p><b>Servidores T\u00e9cnicos-administrativos em Educa\u00e7\u00e3o<\/b><\/p><p><span style=\"background-color: var(--bs-body-bg);--darkreader-inline-bgcolor: var(--darkreader-bg--bs-body-bg)\" data-darkreader-inline-bgcolor=\"\">\u00a0 \u00a0 \u00a0 \u00a0 Carlos Alberto de Oliveira Oleques (Assistente em Administra\u00e7\u00e3o)<\/span><br \/><span style=\"background-color: var(--bs-body-bg);--darkreader-inline-bgcolor: var(--darkreader-bg--bs-body-bg)\" data-darkreader-inline-bgcolor=\"\">\u00a0 \u00a0 \u00a0 \u00a0 Fernando Negrini (Administrador)<\/span><br \/><span style=\"background-color: var(--bs-body-bg);--darkreader-inline-bgcolor: var(--darkreader-bg--bs-body-bg)\" data-darkreader-inline-bgcolor=\"\">\u00a0 \u00a0 \u00a0 \u00a0Jonas Carniel de Macedo (Contador)<br \/><\/span><span style=\"background-color: var(--bs-body-bg);--darkreader-inline-bgcolor: var(--darkreader-bg--bs-body-bg)\" data-darkreader-inline-bgcolor=\"\">\u00a0 \u00a0 \u00a0 \u00a0Mailon Antonio Paim (Assistente em Administra\u00e7\u00e3o)<\/span><\/p><p><b style=\"background-color: var(--bs-body-bg);--darkreader-inline-bgcolor: var(--darkreader-bg--bs-body-bg)\" data-darkreader-inline-bgcolor=\"\">Hor\u00e1rio de Atendimento<\/b><\/p><p>\u00a0\u00a0\u00a0\u00a0\u00a0\u00a0\u00a0 Departamento Administrativo<br \/>\u00a0\u00a0\u00a0\u00a0\u00a0\u00a0\u00a0\u00a0 Das 7:30 \u00e0s 12:00<br \/>\u00a0\u00a0\u00a0\u00a0\u00a0\u00a0\u00a0\u00a0 Das 13:00 \u00e0s 16:30<br \/>\u00a0\u00a0\u00a0\u00a0\u00a0\u00a0\u00a0 Almoxarifado<br \/>\u00a0 \u00a0 \u00a0 \u00a0 \u00a0Das 7:30 \u00e0s 12:00<br \/>\u00a0\u00a0\u00a0\u00a0\u00a0\u00a0\u00a0\u00a0 Das 13:00 \u00e0s 17:30<\/p><p><b>Contato<\/b><br \/>\u00a0\u00a0\u00a0\u00a0\u00a0\u00a0\u00a0 Telefones<br \/>\u00a0\u00a0\u00a0\u00a0\u00a0\u00a0\u00a0 (55) 3220-8151<br \/>\u00a0\u00a0\u00a0\u00a0\u00a0\u00a0\u00a0 (55) 3220-8152 (Almoxarifado)<\/p><p>\u00a0\u00a0\u00a0\u00a0\u00a0\u00a0\u00a0 Email<br \/>\u00a0\u00a0\u00a0\u00a0\u00a0\u00a0\u00a0 <a href=\"mailto:administrativo@ctism.ufsm.br\" target=\"_blank\" rel=\"noopener\">administrativo@ctism.ufsm.br<\/a><br \/>\u00a0\u00a0\u00a0\u00a0\u00a0\u00a0\u00a0 <a href=\"mailto:licita@ctism.ufsm.br\" target=\"_blank\" rel=\"noopener\">licita@ctism.ufsm.br<\/a><\/p><\/div>\n\t\t\t\t<\/div>\n\t\t\t\t\t\t\t<div class=\"elementor-accordion-item\">\n\t\t\t\t\t<h5 id=\"elementor-tab-title-2053\" class=\"elementor-tab-title\" data-tab=\"3\" role=\"button\" aria-controls=\"elementor-tab-content-2053\" aria-expanded=\"false\">\n\t\t\t\t\t\t\t\t\t\t\t\t\t<span class=\"elementor-accordion-icon elementor-accordion-icon-left\" aria-hidden=\"true\">\n\t\t\t\t\t\t\t\t\t\t\t\t\t\t\t<span class=\"elementor-accordion-icon-closed\"><i class=\"fas fa-caret-down\"><\/i><\/span>\n\t\t\t\t\t\t\t\t<span class=\"elementor-accordion-icon-opened\"><i class=\"fas fa-caret-up\"><\/i><\/span>\n\t\t\t\t\t\t\t\t\t\t\t\t\t\t<\/span>\n\t\t\t\t\t\t\t\t\t\t\t\t<a class=\"elementor-accordion-title\" tabindex=\"0\">Departamento de Ensino<\/a>\n\t\t\t\t\t<\/h5>\n\t\t\t\t\t<div id=\"elementor-tab-content-2053\" class=\"elementor-tab-content elementor-clearfix\" data-tab=\"3\" role=\"region\" aria-labelledby=\"elementor-tab-title-2053\"><p>Respons\u00e1vel pelo planejamento, pela coordena\u00e7\u00e3o, pela supervis\u00e3o, pelo acompanhamento e pela avalia\u00e7\u00e3o das atividades de ensino do Col\u00e9gio T\u00e9cnico Industrial de Santa Maria.<\/p><p><b>Diretor<\/b><\/p><p style=\"padding-left: 40px\"><span style=\"background-color: var(--bs-body-bg)\">Deivis Jhones Garlet Bonaldo<\/span> &#8211; titular<br \/>Email: <a href=\"mailto:deivis.garlet@ufsm.br\">deivis.garlet@ufsm.br\u00a0<\/a><\/p><p style=\"padding-left: 40px\">C\u00e1tia Vanessa Vilanova Soares &#8211; substituta<br \/>Email: <a href=\"mailto:catiasoares@ctism.ufsm.br\">catiasoares@ctism.ufsm.br<\/a><\/p><p><b><\/b><b>Coordenadora de Supervis\u00e3o Escolar<br \/><\/b>\u00a0 \u00a0 \u00a0 \u00a0 \u00a0 Liniane Medianeira Cassol<\/p><p><b>Coordenadora de Registros Escolares<\/b><br \/>\u00a0 \u00a0 \u00a0 \u00a0 \u00a0 Franciele de Lima Machado<\/p><p><b>Coordenadora de Tecnologias de Ensino<\/b><br \/>\u00a0 \u00a0 \u00a0 \u00a0 \u00a0 Erika Goellner<\/p><p><b>Servidores T\u00e9cnico-administrativos em Educa\u00e7\u00e3o<\/b><br \/>\u00a0 \u00a0 \u00a0 \u00a0 \u00a0 Andrei Espig Pozzobon (T\u00e9cnico em Assuntos Educacionais)<br \/>\u00a0 \u00a0 \u00a0 \u00a0 \u00a0 Carla Cristina de Castro Stangherlin Marchesan (Assistente em Administra\u00e7\u00e3o)<br \/>\u00a0 \u00a0 \u00a0 \u00a0 \u00a0 Deivis Jhones Garlet Bonaldo (T\u00e9cnico em Assuntos Educacionais)<br \/>\u00a0 \u00a0 \u00a0 \u00a0 \u00a0 J\u00falia Gattermann de Barros (Assistente em Administra\u00e7\u00e3o)<br \/>\u00a0 \u00a0 \u00a0 \u00a0 \u00a0 Jonathan Cardozo Maciel (Assistente em Administra\u00e7\u00e3o)<br \/>\u00a0 \u00a0 \u00a0 \u00a0 \u00a0 Liniane Medianeira Cassol (Pedagoga)<br \/>\u00a0 \u00a0 \u00a0 \u00a0 \u00a0 C\u00e1tia Vanessa Vilanova Soares (T\u00e9cnico em Assuntos Educacionais)<br \/>\u00a0 \u00a0 \u00a0 \u00a0 \u00a0 Franciele de Lima Machado (Assistente em Administra\u00e7\u00e3o)<br \/>\u00a0 \u00a0 \u00a0 \u00a0 \u00a0 M\u00e1rcia Daniele Scherer Cipriani (Assistente em Administra\u00e7\u00e3o)<\/p><p><b>Hor\u00e1rio de Atendimento<\/b><br \/>\u00a0 \u00a0 \u00a0 \u00a0 \u00a0 Departamento de Ensino: das 7:30 \u00e0s 12:00, das 13:00 \u00e0s 17:30 e das 18:30 \u00e0s 22:30<br \/>\u00a0 \u00a0 \u00a0 \u00a0 \u00a0 Secretaria de Registros Escolares: das 8:30 \u00e0s 12:00 e das 13:30 \u00e0s 17:00<\/p><p><b>Contato<\/b><br \/>\u00a0 \u00a0 \u00a0 \u00a0 \u00a0 Telefones:<br \/>\u00a0 \u00a0 \u00a0 \u00a0 \u00a0 Secretaria de Registros Escolares (55) 3220-8039<br \/>\u00a0 \u00a0 \u00a0 \u00a0 \u00a0 Coordena\u00e7\u00e3o e Supervis\u00e3o Escolar (55) 3220-8042<br \/>\u00a0 \u00a0 \u00a0 \u00a0 \u00a0 Coordena\u00e7\u00e3o de Tecnologias de Ensino (55) 3220-9538\/3220-9507<\/p><p style=\"padding-left: 40px\">Email:<br \/><a href=\"mailto:ensino@ctism.ufsm.br\" target=\"_blank\" rel=\"noopener\">ensino@ctism.ufsm.br<\/a><br \/><a href=\"mailto:secretariaescolar@ctism.ufsm.br\">secretariaescolar@ctism.ufsm.br\u00a0<\/a><\/p><\/div>\n\t\t\t\t<\/div>\n\t\t\t\t\t\t\t<div class=\"elementor-accordion-item\">\n\t\t\t\t\t<h5 id=\"elementor-tab-title-2054\" class=\"elementor-tab-title\" data-tab=\"4\" role=\"button\" aria-controls=\"elementor-tab-content-2054\" aria-expanded=\"false\">\n\t\t\t\t\t\t\t\t\t\t\t\t\t<span class=\"elementor-accordion-icon elementor-accordion-icon-left\" aria-hidden=\"true\">\n\t\t\t\t\t\t\t\t\t\t\t\t\t\t\t<span class=\"elementor-accordion-icon-closed\"><i class=\"fas fa-caret-down\"><\/i><\/span>\n\t\t\t\t\t\t\t\t<span class=\"elementor-accordion-icon-opened\"><i class=\"fas fa-caret-up\"><\/i><\/span>\n\t\t\t\t\t\t\t\t\t\t\t\t\t\t<\/span>\n\t\t\t\t\t\t\t\t\t\t\t\t<a class=\"elementor-accordion-title\" tabindex=\"0\">Departamento de Rela\u00e7\u00f5es Empresariais e Comunit\u00e1rias <\/a>\n\t\t\t\t\t<\/h5>\n\t\t\t\t\t<div id=\"elementor-tab-content-2054\" class=\"elementor-tab-content elementor-clearfix\" data-tab=\"4\" role=\"region\" aria-labelledby=\"elementor-tab-title-2054\"><p>\u00c9 o \u00f3rg\u00e3o respons\u00e1vel pela intera\u00e7\u00e3o Escola-Empresa-Comunidade, e, para tanto, mant\u00e9m parcerias com organiza\u00e7\u00f5es p\u00fablicas e privadas de Santa Maria, de outras regi\u00f5es do Rio Grande do Sul e de outros estados, como, por exemplo, Santa Catarina, Paran\u00e1 e S\u00e3o Paulo. O objetivo do DREC \u00e9 a busca de oportunidades de est\u00e1gio, de (re) inser\u00e7\u00e3o de alunos e de ex-alunos no mercado de trabalho, de visitas t\u00e9cnicas, de participa\u00e7\u00e3o de alunos e de docentes em minicursos e em ciclos de palestras, de encontro de estagi\u00e1rios, entre outros.<\/p><p style=\"padding-left: 40px\"><b>Diretor<\/b><\/p><p style=\"padding-left: 40px\">Fabio Teixeira Franciscato &#8211; titular<br \/>Email: <a href=\"mailto:fabiofranciscato@ctism.ufsm.br\">fabiofranciscato@ctism.ufsm.br<\/a><\/p><p style=\"padding-left: 40px\">Allison Fernando Back &#8211; substituto<br \/>Email: allison.back@ctism.ufsm.br<\/p><p><b>Servidores T\u00e9cnico-administrativos em Educa\u00e7\u00e3o<\/b><\/p><p style=\"padding-left: 40px\">Allison Fernando Back (Assistente em Administra\u00e7\u00e3o)<br \/>Jo\u00e3o Senna de Andrade da Rosa (Assistente em Administra\u00e7\u00e3o\/GAP)<br \/>Vanessa Martins Valcanover (Administradora)<\/p><p><b>Hor\u00e1rio de Atendimento<\/b><\/p><p style=\"padding-left: 40px\">Segunda-feira das 9h30min \u00e0s 21h<br \/>Ter\u00e7a-feira das 8h30min \u00e0s 18h30min<br \/>Quarta-feira das 8h30min \u00e0s 21h<br \/>Quinta-feira das 8h30min \u00e0s 21h<br \/>Sexta-feira das 9h30min \u00e0s 18h30min<\/p><p><b>Contato<\/b><\/p><p style=\"padding-left: 40px\">(55)3220-8193<\/p><p><strong>Email<\/strong><\/p><p style=\"padding-left: 40px\"><a href=\"mailto:drec@ctism.ufsm.br\">drec@ctism.ufsm.br<\/a><\/p><\/div>\n\t\t\t\t<\/div>\n\t\t\t\t\t\t\t<div class=\"elementor-accordion-item\">\n\t\t\t\t\t<h5 id=\"elementor-tab-title-2055\" class=\"elementor-tab-title\" data-tab=\"5\" role=\"button\" aria-controls=\"elementor-tab-content-2055\" aria-expanded=\"false\">\n\t\t\t\t\t\t\t\t\t\t\t\t\t<span class=\"elementor-accordion-icon elementor-accordion-icon-left\" aria-hidden=\"true\">\n\t\t\t\t\t\t\t\t\t\t\t\t\t\t\t<span class=\"elementor-accordion-icon-closed\"><i class=\"fas fa-caret-down\"><\/i><\/span>\n\t\t\t\t\t\t\t\t<span class=\"elementor-accordion-icon-opened\"><i class=\"fas fa-caret-up\"><\/i><\/span>\n\t\t\t\t\t\t\t\t\t\t\t\t\t\t<\/span>\n\t\t\t\t\t\t\t\t\t\t\t\t<a class=\"elementor-accordion-title\" tabindex=\"0\">Departamento T\u00e9cnico<\/a>\n\t\t\t\t\t<\/h5>\n\t\t\t\t\t<div id=\"elementor-tab-content-2055\" class=\"elementor-tab-content elementor-clearfix\" data-tab=\"5\" role=\"region\" aria-labelledby=\"elementor-tab-title-2055\"><p>Respons\u00e1vel pelo planejamento, pela coordena\u00e7\u00e3o e pela avalia\u00e7\u00e3o das atividades de manuten\u00e7\u00e3o desenvolvidas em diferentes \u00e1reas t\u00e9cnicas (Mec\u00e2nica, El\u00e9trica, Eletr\u00f4nica e Seguran\u00e7a do trabalho, Sistemas de Informa\u00e7\u00e3o) e pela manuten\u00e7\u00e3o e altera\u00e7\u00e3o referentes \u00e0 estrutura f\u00edsica do CTISM, com fins did\u00e1ticos e com fins de produ\u00e7\u00e3o.<\/p><p><b>Diretor<\/b><\/p><p style=\"padding-left: 40px\">Tiago Ant\u00f4nio Rizzetti &#8211; titular<br \/>Email: <a href=\"mailto:rizzetti@ctism.ufsm.br\" target=\"_blank\" rel=\"noopener\">rizzetti@ctism.ufsm.br<\/a><\/p><p style=\"padding-left: 40px\">Carlos Benetti &#8211; substituto<br \/>Email: <a href=\"mailto:benetti@ctism.ufsm.br\">benetti@ctism.ufsm.br<\/a><\/p><p><b>Servidores T\u00e9cnico-administrativos em Educa\u00e7\u00e3o<\/b><\/p><p style=\"padding-left: 40px\">Carlos Benetti (T\u00e9cnico em Mec\u00e2nica)<br \/>Cesar Augusto Serafini Immich (T\u00e9cnico de Tecnologia da Informa\u00e7\u00e3o)<br \/>Dalcione Luiz Comin Weber (T\u00e9cnico em Eletrot\u00e9cnica)<br \/>Geancarlo Saldanha Maydana (Analista de Tecnologia da Informa\u00e7\u00e3o)<br \/>Luana Palma (T\u00e9cnico em Eletrot\u00e9cnica)<br \/><span style=\"font-size: 16px\">Lucas Ziquinatti Piccini Nunes (T\u00e9cnico de Tecnologia da Informa\u00e7\u00e3o)<\/span><br \/>Luciano Chaves Roque (T\u00e9cnico em Eletroeletr\u00f4nica)<br \/>Rojas Lima De Lima (T\u00e9cnico em Mec\u00e2nica)<\/p><p><b>Hor\u00e1rio de Atendimento<\/b><\/p><p style=\"padding-left: 40px\">Das 7:30 \u00e0s 12:00<br \/>Das 13:00 \u00e0s 22:00<\/p><p><b>Contato<\/b><\/p><p style=\"padding-left: 40px\">Telefone<br \/>(55) 3220-9628<\/p><p><strong>Email<\/strong><\/p><p style=\"padding-left: 40px\"><a href=\"mailto:dt@ctism.ufsm.br\" target=\"_blank\" rel=\"noopener\">dt@ctism.ufsm.br<\/a><\/p><\/div>\n\t\t\t\t<\/div>\n\t\t\t\t\t\t\t\t<\/div>\n\t\t\t\t<\/div>\n\t\t\t\t<\/div>\n\t\t\t\t\t<\/div>\n\t\t<\/div>\n\t\t\t\t\t<\/div>\n\t\t<\/section>\n\t\t\t\t<section class=\"elementor-section elementor-top-section elementor-element elementor-element-863c50f elementor-section-boxed elementor-section-height-default elementor-section-height-default\" data-id=\"863c50f\" data-element_type=\"section\">\n\t\t\t\t\t\t<div class=\"elementor-container elementor-column-gap-default\">\n\t\t\t\t\t<div class=\"elementor-column elementor-col-100 elementor-top-column elementor-element elementor-element-8848669\" data-id=\"8848669\" data-element_type=\"column\">\n\t\t\t<div class=\"elementor-widget-wrap elementor-element-populated\">\n\t\t\t\t\t\t<div class=\"elementor-element elementor-element-4244729 elementor-widget elementor-widget-heading\" data-id=\"4244729\" data-element_type=\"widget\" data-widget_type=\"heading.default\">\n\t\t\t\t<div class=\"elementor-widget-container\">\n\t\t\t<h5 class=\"elementor-heading-title elementor-size-default\">Docentes e T\u00e9cnico Administrativos em Educa\u00e7\u00e3o<\/h5>\t\t<\/div>\n\t\t\t\t<\/div>\n\t\t\t\t<div class=\"elementor-element elementor-element-2277c5d elementor-widget elementor-widget-html\" data-id=\"2277c5d\" data-element_type=\"widget\" data-widget_type=\"html.default\">\n\t\t\t\t<div class=\"elementor-widget-container\">\n\t\t\t<table class=\"table table-responsive\" style=\"color:#000000\">\n\t<thead>\n\t\t<tr>\n\t\t\t<th><a href=\"http:\/\/intranet.ctism.ufsm.br:1013\/carodromo\/contatos\/\">Acesse aqui<\/a><\/th>\n\t\t<\/tr>\n\t<\/thead>\n<\/table>\t\t<\/div>\n\t\t\t\t<\/div>\n\t\t\t\t\t<\/div>\n\t\t<\/div>\n\t\t\t\t\t<\/div>\n\t\t<\/section>\n\t\t\t\t<\/div>\n\t\t","protected":false},"excerpt":{"rendered":"<p>Dire\u00e7\u00e3o Atribui\u00e7\u00f5es Ao Diretor, compete:\u2013 Integrar o Conselho Diretor, como seu presidente;\u2013 Coordenar a elabora\u00e7\u00e3o e avalia\u00e7\u00e3o do projeto pedag\u00f3gico da unidade;\u2013 Representar a unidade e o conselho diretor da unidade sempre que se fizer necess\u00e1rio;\u2013 Cumprir e promover a efetiva\u00e7\u00e3o das decis\u00f5es do Conselho Diretor;\u2013 Supervisionar as atividades do pessoal docente e t\u00e9cnico-administrativo em [&hellip;]<\/p>\n","protected":false},"author":115,"featured_media":0,"parent":0,"menu_order":0,"comment_status":"closed","ping_status":"closed","template":"","meta":{"footnotes":""},"categories":[],"tags":[],"class_list":["post-1148","page","type-page","status-publish","hentry"],"acf":[],"_links":{"self":[{"href":"https:\/\/www.ufsm.br\/unidades-universitarias\/ctism\/wp-json\/wp\/v2\/pages\/1148","targetHints":{"allow":["GET"]}}],"collection":[{"href":"https:\/\/www.ufsm.br\/unidades-universitarias\/ctism\/wp-json\/wp\/v2\/pages"}],"about":[{"href":"https:\/\/www.ufsm.br\/unidades-universitarias\/ctism\/wp-json\/wp\/v2\/types\/page"}],"author":[{"embeddable":true,"href":"https:\/\/www.ufsm.br\/unidades-universitarias\/ctism\/wp-json\/wp\/v2\/users\/115"}],"replies":[{"embeddable":true,"href":"https:\/\/www.ufsm.br\/unidades-universitarias\/ctism\/wp-json\/wp\/v2\/comments?post=1148"}],"version-history":[{"count":0,"href":"https:\/\/www.ufsm.br\/unidades-universitarias\/ctism\/wp-json\/wp\/v2\/pages\/1148\/revisions"}],"wp:attachment":[{"href":"https:\/\/www.ufsm.br\/unidades-universitarias\/ctism\/wp-json\/wp\/v2\/media?parent=1148"}],"wp:term":[{"taxonomy":"category","embeddable":true,"href":"https:\/\/www.ufsm.br\/unidades-universitarias\/ctism\/wp-json\/wp\/v2\/categories?post=1148"},{"taxonomy":"post_tag","embeddable":true,"href":"https:\/\/www.ufsm.br\/unidades-universitarias\/ctism\/wp-json\/wp\/v2\/tags?post=1148"}],"curies":[{"name":"wp","href":"https:\/\/api.w.org\/{rel}","templated":true}]}}