{"id":3461,"date":"2018-12-10T15:37:29","date_gmt":"2018-12-10T17:37:29","guid":{"rendered":"https:\/\/www.ufsm.br\/unidades-universitarias\/ctism\/?page_id=3461"},"modified":"2024-01-22T07:44:34","modified_gmt":"2024-01-22T10:44:34","slug":"curso-tecnico-em-seguranca-do-trabalho","status":"publish","type":"page","link":"https:\/\/www.ufsm.br\/unidades-universitarias\/ctism\/curso-tecnico-em-seguranca-do-trabalho","title":{"rendered":"Curso T\u00e9cnico em Seguran\u00e7a do Trabalho"},"content":{"rendered":"\t\t<div data-elementor-type=\"wp-post\" data-elementor-id=\"3461\" class=\"elementor elementor-3461\">\n\t\t\t\t\t\t<section class=\"elementor-section elementor-top-section elementor-element elementor-element-b19acac elementor-section-boxed elementor-section-height-default elementor-section-height-default\" data-id=\"b19acac\" data-element_type=\"section\">\n\t\t\t\t\t\t<div class=\"elementor-container elementor-column-gap-default\">\n\t\t\t\t\t<div class=\"elementor-column elementor-col-100 elementor-top-column elementor-element elementor-element-149a36a\" data-id=\"149a36a\" data-element_type=\"column\">\n\t\t\t<div class=\"elementor-widget-wrap elementor-element-populated\">\n\t\t\t\t\t\t<div class=\"elementor-element elementor-element-fd4b851 elementor-widget elementor-widget-text-editor\" data-id=\"fd4b851\" data-element_type=\"widget\" data-widget_type=\"text-editor.default\">\n\t\t\t\t<div class=\"elementor-widget-container\">\n\t\t\t\t\t\t\t<p><strong>Perfil Profissional de Conclus\u00e3o<\/strong><\/p><p style=\"text-align: justify\">Analisar os m\u00e9todos e os processos laborais; identificar fatores de risco de acidentes do trabalho, de doen\u00e7as profissionais e de presen\u00e7a de agentes ambientais agressivos ao trabalhador; realizar procedimentos de orienta\u00e7\u00e3o sobre medidas de elimina\u00e7\u00e3o e neutraliza\u00e7\u00e3o de riscos; elaborar procedimentos de acordo com a natureza da empresa; promover programas, eventos e capacita\u00e7\u00f5es; divulgar normas e procedimentos de seguran\u00e7a e higiene ocupacional; indicar, solicitar e inspecionar equipamentos de prote\u00e7\u00e3o coletiva e individual contra inc\u00eandio; levantar e utilizar dados estat\u00edsticos de doen\u00e7as e acidentes de trabalho para ajustes das a\u00e7\u00f5es prevencionistas; produzir relat\u00f3rios referentes \u00e0 seguran\u00e7a e \u00e0 sa\u00fade do trabalhador.<\/p><p><strong>Campo de Atua\u00e7\u00e3o<\/strong><\/p><p style=\"text-align: justify\">Ind\u00fastrias; hospitais; com\u00e9rcios; constru\u00e7\u00e3o civil; portos e aeroportos; centrais de log\u00edstica; institui\u00e7\u00f5es de ensino; fabrica\u00e7\u00e3o e representa\u00e7\u00e3o de equipamentos de seguran\u00e7a; empresas e consultorias para capacita\u00e7\u00f5es em seguran\u00e7a do trabalho.<\/p>\t\t\t\t\t\t<\/div>\n\t\t\t\t<\/div>\n\t\t\t\t\t<\/div>\n\t\t<\/div>\n\t\t\t\t\t<\/div>\n\t\t<\/section>\n\t\t\t\t<section class=\"elementor-section elementor-top-section elementor-element elementor-element-e11b95b elementor-section-boxed elementor-section-height-default elementor-section-height-default\" data-id=\"e11b95b\" data-element_type=\"section\">\n\t\t\t\t\t\t<div class=\"elementor-container elementor-column-gap-default\">\n\t\t\t\t\t<div class=\"elementor-column elementor-col-100 elementor-top-column elementor-element elementor-element-d3c5f45\" data-id=\"d3c5f45\" data-element_type=\"column\">\n\t\t\t<div class=\"elementor-widget-wrap elementor-element-populated\">\n\t\t\t\t\t\t<div class=\"elementor-element elementor-element-e1aa2c0 elementor-widget elementor-widget-text-editor\" data-id=\"e1aa2c0\" data-element_type=\"widget\" data-widget_type=\"text-editor.default\">\n\t\t\t\t<div class=\"elementor-widget-container\">\n\t\t\t\t\t\t\t<p style=\"padding-left: 30px\"><strong>Coordenador<\/strong><br>Leandro Silveira Ferreira<\/p>\n<p style=\"padding-left: 30px\"><strong>Subsituto<\/strong><br>Neverton Hofstadler Peixoto<\/p>\n<p style=\"padding-left: 30px\">Email<br>\n<a href=\"mailto:seguranca.subsequentee@ctism.ufsm.br\">seguranca.subsequentee@ctism.ufsm.br<\/a><\/p>\t\t\t\t\t\t<\/div>\n\t\t\t\t<\/div>\n\t\t\t\t\t<\/div>\n\t\t<\/div>\n\t\t\t\t\t<\/div>\n\t\t<\/section>\n\t\t\t\t<section class=\"elementor-section elementor-top-section elementor-element elementor-element-f960398 elementor-section-boxed elementor-section-height-default elementor-section-height-default\" data-id=\"f960398\" data-element_type=\"section\">\n\t\t\t\t\t\t<div class=\"elementor-container elementor-column-gap-default\">\n\t\t\t\t\t<div class=\"elementor-column elementor-col-100 elementor-top-column elementor-element elementor-element-e409f0c\" data-id=\"e409f0c\" data-element_type=\"column\">\n\t\t\t<div class=\"elementor-widget-wrap elementor-element-populated\">\n\t\t\t\t\t\t<div class=\"elementor-element elementor-element-bf762c4 elementor-widget elementor-widget-text-editor\" data-id=\"bf762c4\" data-element_type=\"widget\" data-widget_type=\"text-editor.default\">\n\t\t\t\t<div class=\"elementor-widget-container\">\n\t\t\t\t\t\t\t<p><strong>Estrutura Curricular<\/strong><\/p>\t\t\t\t\t\t<\/div>\n\t\t\t\t<\/div>\n\t\t\t\t<div class=\"elementor-element elementor-element-6780774 elementor-widget elementor-widget-accordion\" data-id=\"6780774\" data-element_type=\"widget\" data-widget_type=\"accordion.default\">\n\t\t\t\t<div class=\"elementor-widget-container\">\n\t\t\t\t\t<div class=\"elementor-accordion\">\n\t\t\t\t\t\t\t<div class=\"elementor-accordion-item\">\n\t\t\t\t\t<h5 id=\"elementor-tab-title-1081\" class=\"elementor-tab-title\" data-tab=\"1\" role=\"button\" aria-controls=\"elementor-tab-content-1081\" aria-expanded=\"false\">\n\t\t\t\t\t\t\t\t\t\t\t\t\t<span class=\"elementor-accordion-icon elementor-accordion-icon-left\" aria-hidden=\"true\">\n\t\t\t\t\t\t\t\t\t\t\t\t\t\t\t<i class=\"elementor-accordion-icon-closed fa fa-caret-down\"><\/i>\n\t\t\t\t\t\t\t\t<i class=\"elementor-accordion-icon-opened fa fa-caret-up\"><\/i>\n\t\t\t\t\t\t\t\t\t\t\t\t\t\t<\/span>\n\t\t\t\t\t\t\t\t\t\t\t\t<a class=\"elementor-accordion-title\" tabindex=\"0\">1\u00ba Semestre<\/a>\n\t\t\t\t\t<\/h5>\n\t\t\t\t\t<div id=\"elementor-tab-content-1081\" class=\"elementor-tab-content elementor-clearfix\" data-tab=\"1\" role=\"region\" aria-labelledby=\"elementor-tab-title-1081\"><table class=\"table table-striped\" style=\"color: #000000\"><thead><tr><th>\u00a0<\/th><th>Componente<\/th><th>Carga Hor\u00e1ria<\/th><\/tr><\/thead><tbody><tr><td><a href=\"https:\/\/www.ctism.ufsm.br\/ctism-antigo\/arquivos\/ementas\/seguranca-do-trabalho\/subsequente\/hoc-1.pdf\">HOC I<\/a><\/td><td>Higiene Ocupacional I<\/td><td>60<\/td><\/tr><tr><td><a href=\"https:\/\/www.ctism.ufsm.br\/ctism-antigo\/arquivos\/ementas\/seguranca-do-trabalho\/subsequente\/inf.pdf\">INF<\/a><\/td><td>Inform\u00e1tica Aplicada<\/td><td>30<\/td><\/tr><tr><td><a href=\"https:\/\/www.ctism.ufsm.br\/ctism-antigo\/arquivos\/ementas\/seguranca-do-trabalho\/subsequente\/lna.pdf\">LNA<\/a><\/td><td>Normatiza\u00e7\u00e3o e Legisla\u00e7\u00e3o Aplicada<\/td><td>60<\/td><\/tr><tr><td><a href=\"https:\/\/www.ctism.ufsm.br\/ctism-antigo\/arquivos\/ementas\/seguranca-do-trabalho\/subsequente\/pcs.pdf\">PCS<\/a><\/td><td>Preven\u00e7\u00e3o e Combate a Sinistros<\/td><td>60<\/td><\/tr><tr><td><a href=\"https:\/\/www.ctism.ufsm.br\/ctism-antigo\/arquivos\/ementas\/seguranca-do-trabalho\/subsequente\/tpi-1.pdf\">TPI I<\/a><\/td><td>Tecnologias e Processos Industriais I<\/td><td>30<\/td><\/tr><tr><td><a href=\"https:\/\/www.ctism.ufsm.br\/ctism-antigo\/arquivos\/ementas\/seguranca-do-trabalho\/subsequente\/srt-1.pdf\">SRT I<\/a><\/td><td>Seguran\u00e7a do Trabalho I<\/td><td>60<\/td><\/tr><\/tbody><tfoot><tr><th colspan=\"2\">Carga Hor\u00e1ria Total da Etapa<\/th><th>300<\/th><\/tr><\/tfoot><\/table><\/div>\n\t\t\t\t<\/div>\n\t\t\t\t\t\t\t<div class=\"elementor-accordion-item\">\n\t\t\t\t\t<h5 id=\"elementor-tab-title-1082\" class=\"elementor-tab-title\" data-tab=\"2\" role=\"button\" aria-controls=\"elementor-tab-content-1082\" aria-expanded=\"false\">\n\t\t\t\t\t\t\t\t\t\t\t\t\t<span class=\"elementor-accordion-icon elementor-accordion-icon-left\" aria-hidden=\"true\">\n\t\t\t\t\t\t\t\t\t\t\t\t\t\t\t<i class=\"elementor-accordion-icon-closed fa fa-caret-down\"><\/i>\n\t\t\t\t\t\t\t\t<i class=\"elementor-accordion-icon-opened fa fa-caret-up\"><\/i>\n\t\t\t\t\t\t\t\t\t\t\t\t\t\t<\/span>\n\t\t\t\t\t\t\t\t\t\t\t\t<a class=\"elementor-accordion-title\" tabindex=\"0\">2\u00ba Semestre<\/a>\n\t\t\t\t\t<\/h5>\n\t\t\t\t\t<div id=\"elementor-tab-content-1082\" class=\"elementor-tab-content elementor-clearfix\" data-tab=\"2\" role=\"region\" aria-labelledby=\"elementor-tab-title-1082\"><table class=\"table table-striped\" style=\"color: #000000\"><thead><tr><th>\u00a0<\/th><th>Componente<\/th><th>Carga Hor\u00e1ria<\/th><\/tr><\/thead><tbody><tr><td><a href=\"https:\/\/www.ctism.ufsm.br\/ctism-antigo\/arquivos\/ementas\/seguranca-do-trabalho\/subsequente\/aot.pdf\">AOT<\/a><\/td><td>Administra\u00e7\u00e3o e Organiza\u00e7\u00e3o do Trabalho<\/td><td>60<\/td><\/tr><tr><td><a href=\"https:\/\/www.ctism.ufsm.br\/ctism-antigo\/arquivos\/ementas\/seguranca-do-trabalho\/subsequente\/hoc-2.pdf\">HOC II<\/a><\/td><td>Higiene Ocupacional II<\/td><td>60<\/td><\/tr><tr><td><a href=\"https:\/\/www.ctism.ufsm.br\/ctism-antigo\/arquivos\/ementas\/seguranca-do-trabalho\/subsequente\/psi.pdf\">PSI<\/a><\/td><td>Psicologia do Trabalho<\/td><td>60<\/td><\/tr><tr><td><a href=\"https:\/\/www.ctism.ufsm.br\/ctism-antigo\/arquivos\/ementas\/seguranca-do-trabalho\/subsequente\/tpi-2.pdf\">TPI II<\/a><\/td><td>Tecnologias e Processos Industriais II<\/td><td>60<\/td><\/tr><tr><td><a href=\"https:\/\/www.ctism.ufsm.br\/ctism-antigo\/arquivos\/ementas\/seguranca-do-trabalho\/subsequente\/srt-2.pdf\">SRT II<\/a><\/td><td>Seguran\u00e7a do Trabalho II<\/td><td>60<\/td><\/tr><\/tbody><tfoot><tr><th colspan=\"2\">Carga Hor\u00e1ria Total da Etapa<\/th><th>300<\/th><\/tr><\/tfoot><\/table><\/div>\n\t\t\t\t<\/div>\n\t\t\t\t\t\t\t<div class=\"elementor-accordion-item\">\n\t\t\t\t\t<h5 id=\"elementor-tab-title-1083\" class=\"elementor-tab-title\" data-tab=\"3\" role=\"button\" aria-controls=\"elementor-tab-content-1083\" aria-expanded=\"false\">\n\t\t\t\t\t\t\t\t\t\t\t\t\t<span class=\"elementor-accordion-icon elementor-accordion-icon-left\" aria-hidden=\"true\">\n\t\t\t\t\t\t\t\t\t\t\t\t\t\t\t<i class=\"elementor-accordion-icon-closed fa fa-caret-down\"><\/i>\n\t\t\t\t\t\t\t\t<i class=\"elementor-accordion-icon-opened fa fa-caret-up\"><\/i>\n\t\t\t\t\t\t\t\t\t\t\t\t\t\t<\/span>\n\t\t\t\t\t\t\t\t\t\t\t\t<a class=\"elementor-accordion-title\" tabindex=\"0\">3\u00ba Semestre<\/a>\n\t\t\t\t\t<\/h5>\n\t\t\t\t\t<div id=\"elementor-tab-content-1083\" class=\"elementor-tab-content elementor-clearfix\" data-tab=\"3\" role=\"region\" aria-labelledby=\"elementor-tab-title-1083\"><table class=\"table table-striped\" style=\"color: #000000\"><thead><tr><th>\u00a0<\/th><th>Componente<\/th><th>Carga Hor\u00e1ria<\/th><\/tr><\/thead><tbody><tr><td><a href=\"https:\/\/www.ctism.ufsm.br\/ctism-antigo\/arquivos\/ementas\/seguranca-do-trabalho\/subsequente\/erg.pdf\">ERG<\/a><\/td><td>Ergonomia<\/td><td>60<\/td><\/tr><tr><td><a href=\"https:\/\/www.ctism.ufsm.br\/ctism-antigo\/arquivos\/ementas\/seguranca-do-trabalho\/subsequente\/ger.pdf\">GER<\/a><\/td><td>Gerenciamento de Riscos<\/td><td>60<\/td><\/tr><tr><td><a href=\"https:\/\/www.ctism.ufsm.br\/ctism-antigo\/arquivos\/ementas\/seguranca-do-trabalho\/subsequente\/hoc-3.pdf\">HOC III<\/a><\/td><td>Higiene Ocupacional III<\/td><td>60<\/td><\/tr><tr><td><a href=\"https:\/\/www.ctism.ufsm.br\/ctism-antigo\/arquivos\/ementas\/seguranca-do-trabalho\/subsequente\/tpi-3.pdf\">TPI III<\/a><\/td><td>Tecnologias e Processos Industriais III<\/td><td>30<\/td><\/tr><tr><td><a href=\"https:\/\/www.ctism.ufsm.br\/ctism-antigo\/arquivos\/ementas\/seguranca-do-trabalho\/subsequente\/srt-3.pdf\">SRT III<\/a><\/td><td>Seguran\u00e7a do Trabalho III<\/td><td>60<\/td><\/tr><tr><td><a href=\"https:\/\/www.ctism.ufsm.br\/ctism-antigo\/arquivos\/ementas\/seguranca-do-trabalho\/subsequente\/tox.pdf\">TOX<\/a><\/td><td>Toxicologia<\/td><td>30<\/td><\/tr><\/tbody><tfoot><tr><th colspan=\"2\">Carga Hor\u00e1ria Total da Etapa<\/th><th>300<\/th><\/tr><\/tfoot><\/table><\/div>\n\t\t\t\t<\/div>\n\t\t\t\t\t\t\t<div class=\"elementor-accordion-item\">\n\t\t\t\t\t<h5 id=\"elementor-tab-title-1084\" class=\"elementor-tab-title\" data-tab=\"4\" role=\"button\" aria-controls=\"elementor-tab-content-1084\" aria-expanded=\"false\">\n\t\t\t\t\t\t\t\t\t\t\t\t\t<span class=\"elementor-accordion-icon elementor-accordion-icon-left\" aria-hidden=\"true\">\n\t\t\t\t\t\t\t\t\t\t\t\t\t\t\t<i class=\"elementor-accordion-icon-closed fa fa-caret-down\"><\/i>\n\t\t\t\t\t\t\t\t<i class=\"elementor-accordion-icon-opened fa fa-caret-up\"><\/i>\n\t\t\t\t\t\t\t\t\t\t\t\t\t\t<\/span>\n\t\t\t\t\t\t\t\t\t\t\t\t<a class=\"elementor-accordion-title\" tabindex=\"0\">4\u00ba Semestre<\/a>\n\t\t\t\t\t<\/h5>\n\t\t\t\t\t<div id=\"elementor-tab-content-1084\" class=\"elementor-tab-content elementor-clearfix\" data-tab=\"4\" role=\"region\" aria-labelledby=\"elementor-tab-title-1084\"><table class=\"table table-striped\" style=\"color: #000000\"><thead><tr><th>\u00a0<\/th><th>Carga Hor\u00e1ria (horas\/rel)<\/th><th>Etapa<\/th><\/tr><\/thead><tbody><tr><td><a href=\"https:\/\/www.ctism.ufsm.br\/ctism-antigo\/arquivos\/ementas\/seguranca-do-trabalho\/subsequente\/gea.pdf\">GEA<\/a><\/td><td>Gest\u00e3o Ambiental<\/td><td>60<\/td><\/tr><tr><td><a href=\"https:\/\/www.ctism.ufsm.br\/ctism-antigo\/arquivos\/ementas\/seguranca-do-trabalho\/subsequente\/ins.pdf\">INS<\/a><\/td><td>Instrumenta\u00e7\u00e3o<\/td><td>60<\/td><\/tr><tr><td><a href=\"https:\/\/www.ctism.ufsm.br\/ctism-antigo\/arquivos\/ementas\/seguranca-do-trabalho\/subsequente\/tpi-4.pdf\">TPI IV<\/a><\/td><td>Tecnologias e Processos Industriais IV<\/td><td>60<\/td><\/tr><tr><td><a href=\"https:\/\/www.ctism.ufsm.br\/ctism-antigo\/arquivos\/ementas\/seguranca-do-trabalho\/subsequente\/met.pdf\">MET<\/a><\/td><td>Medicina do Trabalho<\/td><td>60<\/td><\/tr><tr><td><a href=\"https:\/\/www.ctism.ufsm.br\/ctism-antigo\/arquivos\/ementas\/seguranca-do-trabalho\/subsequente\/srt-4.pdf\">SRT IV<\/a><\/td><td>Seguran\u00e7a do Trabalho IV<\/td><td>60<\/td><\/tr><\/tbody><tfoot><tr><th colspan=\"2\">Carga Hor\u00e1ria Total da Etapa<\/th><th>300<\/th><\/tr><\/tfoot><\/table><\/div>\n\t\t\t\t<\/div>\n\t\t\t\t\t\t\t\t<\/div>\n\t\t\t\t<\/div>\n\t\t\t\t<\/div>\n\t\t\t\t<div class=\"elementor-element elementor-element-9ee3eb3 elementor-widget elementor-widget-html\" data-id=\"9ee3eb3\" data-element_type=\"widget\" data-widget_type=\"html.default\">\n\t\t\t\t<div class=\"elementor-widget-container\">\n\t\t\t<table class=\"table table-striped table-condensed\">\n\t<thead>\n\t\t<tr>\n\t\t\t<th>&nbsp;<\/th>\n\t\t\t<th>Carga Hor\u00e1ria<\/th>\n\t\t<\/tr>\n\t<\/thead>\n\t<tbody>\n\t\t<tr>\n\t\t\t<th>Est\u00e1gio Curricular Supervisionado<\/th>\n\t\t\t<th>400<\/th>\n\t\t<\/tr>\n\t\t<tr>\n\t\t\t<th>Total Horas Aula Te\u00f3rica<\/th>\n\t\t\t<th>1440<\/th>\n\t\t<\/tr>\n\t\t<tr>\n\t\t\t<th>Carga Hor\u00e1ria Total do Curso<\/th>\n\t\t\t<th>1600<\/th>\n\t\t<\/tr>\n\t<\/tbody>\n<\/table>\t\t<\/div>\n\t\t\t\t<\/div>\n\t\t\t\t\t<\/div>\n\t\t<\/div>\n\t\t\t\t\t<\/div>\n\t\t<\/section>\n\t\t\t\t<\/div>\n\t\t","protected":false},"excerpt":{"rendered":"<p>Perfil Profissional de Conclus\u00e3o Analisar os m\u00e9todos e os processos laborais; identificar fatores de risco de acidentes do trabalho, de doen\u00e7as profissionais e de presen\u00e7a de agentes ambientais agressivos ao trabalhador; realizar procedimentos de orienta\u00e7\u00e3o sobre medidas de elimina\u00e7\u00e3o e neutraliza\u00e7\u00e3o de riscos; elaborar procedimentos de acordo com a natureza da empresa; promover programas, eventos [&hellip;]<\/p>\n","protected":false},"author":296,"featured_media":0,"parent":0,"menu_order":0,"comment_status":"closed","ping_status":"closed","template":"","meta":{"footnotes":""},"categories":[],"tags":[],"class_list":["post-3461","page","type-page","status-publish","hentry"],"acf":[],"_links":{"self":[{"href":"https:\/\/www.ufsm.br\/unidades-universitarias\/ctism\/wp-json\/wp\/v2\/pages\/3461","targetHints":{"allow":["GET"]}}],"collection":[{"href":"https:\/\/www.ufsm.br\/unidades-universitarias\/ctism\/wp-json\/wp\/v2\/pages"}],"about":[{"href":"https:\/\/www.ufsm.br\/unidades-universitarias\/ctism\/wp-json\/wp\/v2\/types\/page"}],"author":[{"embeddable":true,"href":"https:\/\/www.ufsm.br\/unidades-universitarias\/ctism\/wp-json\/wp\/v2\/users\/296"}],"replies":[{"embeddable":true,"href":"https:\/\/www.ufsm.br\/unidades-universitarias\/ctism\/wp-json\/wp\/v2\/comments?post=3461"}],"version-history":[{"count":0,"href":"https:\/\/www.ufsm.br\/unidades-universitarias\/ctism\/wp-json\/wp\/v2\/pages\/3461\/revisions"}],"wp:attachment":[{"href":"https:\/\/www.ufsm.br\/unidades-universitarias\/ctism\/wp-json\/wp\/v2\/media?parent=3461"}],"wp:term":[{"taxonomy":"category","embeddable":true,"href":"https:\/\/www.ufsm.br\/unidades-universitarias\/ctism\/wp-json\/wp\/v2\/categories?post=3461"},{"taxonomy":"post_tag","embeddable":true,"href":"https:\/\/www.ufsm.br\/unidades-universitarias\/ctism\/wp-json\/wp\/v2\/tags?post=3461"}],"curies":[{"name":"wp","href":"https:\/\/api.w.org\/{rel}","templated":true}]}}