{"id":3463,"date":"2018-12-10T16:54:45","date_gmt":"2018-12-10T18:54:45","guid":{"rendered":"https:\/\/www.ufsm.br\/unidades-universitarias\/ctism\/?page_id=3463"},"modified":"2020-10-22T16:17:30","modified_gmt":"2020-10-22T19:17:30","slug":"curso-tecnico-em-informatica-para-internet","status":"publish","type":"page","link":"https:\/\/www.ufsm.br\/unidades-universitarias\/ctism\/curso-tecnico-em-informatica-para-internet","title":{"rendered":"Curso T\u00e9cnico em Inform\u00e1tica para Internet"},"content":{"rendered":"\t\t<div data-elementor-type=\"wp-post\" data-elementor-id=\"3463\" class=\"elementor elementor-3463\">\n\t\t\t\t\t\t<section class=\"elementor-section elementor-top-section elementor-element elementor-element-c26e04f elementor-section-boxed elementor-section-height-default elementor-section-height-default\" data-id=\"c26e04f\" data-element_type=\"section\">\n\t\t\t\t\t\t<div class=\"elementor-container elementor-column-gap-default\">\n\t\t\t\t\t<div class=\"elementor-column elementor-col-100 elementor-top-column elementor-element elementor-element-47bc71a\" data-id=\"47bc71a\" data-element_type=\"column\">\n\t\t\t<div class=\"elementor-widget-wrap elementor-element-populated\">\n\t\t\t\t\t\t<div class=\"elementor-element elementor-element-48f90d4 elementor-widget elementor-widget-text-editor\" data-id=\"48f90d4\" data-element_type=\"widget\" data-widget_type=\"text-editor.default\">\n\t\t\t\t<div class=\"elementor-widget-container\">\n\t\t\t\t\t\t\t<p><strong>Perfil Profissional de Conclus\u00e3o<\/strong><\/p><p style=\"text-align: justify\">Desenvolver sistemas para web; aplicar crit\u00e9rios de ergonomia, usabilidade e acessibilidade; utilizar ferramentas de aux\u00edlio no desenvolvimento das aplica\u00e7\u00f5es; desenvolver e realizar a manuten\u00e7\u00e3o de sites e portais na Internet e na intranet.<\/p><p><strong>Campo de Atua\u00e7\u00e3o<\/strong><\/p><p style=\"text-align: justify\">Empresas de desenvolvimento de sites para Internet; ind\u00fastrias em geral; empresas comerciais; empresas de consultoria; empresas de telecomunica\u00e7\u00f5es; empresas de automa\u00e7\u00e3o industrial; empresas de presta\u00e7\u00e3o de servi\u00e7os; empresas de desenvolvimento de software; centros de pesquisa em qualquer \u00e1rea; escolas e universidades; empresas p\u00fablicas; empresas de desenvolvimento de jogos para consoles, celulares, tablets e computadores; ag\u00eancias de publicidade e propaganda e atividades de desenvolvimento de sistemas.<\/p>\t\t\t\t\t\t<\/div>\n\t\t\t\t<\/div>\n\t\t\t\t\t<\/div>\n\t\t<\/div>\n\t\t\t\t\t<\/div>\n\t\t<\/section>\n\t\t\t\t<section class=\"elementor-section elementor-top-section elementor-element elementor-element-fdf28a5 elementor-section-boxed elementor-section-height-default elementor-section-height-default\" data-id=\"fdf28a5\" data-element_type=\"section\">\n\t\t\t\t\t\t<div class=\"elementor-container elementor-column-gap-default\">\n\t\t\t\t\t<div class=\"elementor-column elementor-col-100 elementor-top-column elementor-element elementor-element-ef8b5f7\" data-id=\"ef8b5f7\" data-element_type=\"column\">\n\t\t\t<div class=\"elementor-widget-wrap elementor-element-populated\">\n\t\t\t\t\t\t<div class=\"elementor-element elementor-element-4a293d9 elementor-widget elementor-widget-text-editor\" data-id=\"4a293d9\" data-element_type=\"widget\" data-widget_type=\"text-editor.default\">\n\t\t\t\t<div class=\"elementor-widget-container\">\n\t\t\t\t\t\t\t<p style=\"padding-left: 30px\"><strong>Integrado ao Ensino M\u00e9dio<\/strong><\/p><p style=\"padding-left: 30px\"><strong>Coordenador<\/strong><br \/>Pedro Andr\u00e9 Pires Machado<\/p><p style=\"padding-left: 30px\"><strong>Subsituto<\/strong><br \/>Rafael Teod\u00f3sio Pereira<\/p><p style=\"padding-left: 30px\"><strong>Email<\/strong><br \/><a href=\"mailto:informatica.integrado@ctism.ufsm.br\">informatica.integrado@ctism.ufsm.br<\/a><\/p>\t\t\t\t\t\t<\/div>\n\t\t\t\t<\/div>\n\t\t\t\t\t<\/div>\n\t\t<\/div>\n\t\t\t\t\t<\/div>\n\t\t<\/section>\n\t\t\t\t<section class=\"elementor-section elementor-top-section elementor-element elementor-element-6e820e8 elementor-section-boxed elementor-section-height-default elementor-section-height-default\" data-id=\"6e820e8\" data-element_type=\"section\">\n\t\t\t\t\t\t<div class=\"elementor-container elementor-column-gap-default\">\n\t\t\t\t\t<div class=\"elementor-column elementor-col-100 elementor-top-column elementor-element elementor-element-7b9da68\" data-id=\"7b9da68\" data-element_type=\"column\">\n\t\t\t<div class=\"elementor-widget-wrap elementor-element-populated\">\n\t\t\t\t\t\t<div class=\"elementor-element elementor-element-aed5d2c elementor-widget elementor-widget-text-editor\" data-id=\"aed5d2c\" data-element_type=\"widget\" data-widget_type=\"text-editor.default\">\n\t\t\t\t<div class=\"elementor-widget-container\">\n\t\t\t\t\t\t\t<p><strong>Estrutura Curricular<\/strong><\/p>\t\t\t\t\t\t<\/div>\n\t\t\t\t<\/div>\n\t\t\t\t<div class=\"elementor-element elementor-element-d7fe5a0 elementor-widget elementor-widget-accordion\" data-id=\"d7fe5a0\" data-element_type=\"widget\" data-widget_type=\"accordion.default\">\n\t\t\t\t<div class=\"elementor-widget-container\">\n\t\t\t\t\t<div class=\"elementor-accordion\">\n\t\t\t\t\t\t\t<div class=\"elementor-accordion-item\">\n\t\t\t\t\t<h5 id=\"elementor-tab-title-2261\" class=\"elementor-tab-title\" data-tab=\"1\" role=\"button\" aria-controls=\"elementor-tab-content-2261\" aria-expanded=\"false\">\n\t\t\t\t\t\t\t\t\t\t\t\t\t<span class=\"elementor-accordion-icon elementor-accordion-icon-left\" aria-hidden=\"true\">\n\t\t\t\t\t\t\t\t\t\t\t\t\t\t\t<span class=\"elementor-accordion-icon-closed\"><i class=\"fas fa-caret-down\"><\/i><\/span>\n\t\t\t\t\t\t\t\t<span class=\"elementor-accordion-icon-opened\"><i class=\"fas fa-caret-up\"><\/i><\/span>\n\t\t\t\t\t\t\t\t\t\t\t\t\t\t<\/span>\n\t\t\t\t\t\t\t\t\t\t\t\t<a class=\"elementor-accordion-title\" tabindex=\"0\">1\u00b0 Ano<\/a>\n\t\t\t\t\t<\/h5>\n\t\t\t\t\t<div id=\"elementor-tab-content-2261\" class=\"elementor-tab-content elementor-clearfix\" data-tab=\"1\" role=\"region\" aria-labelledby=\"elementor-tab-title-2261\"><table class=\"table table-striped\" style=\"color: #000000\">\n<thead>\n<tr>\n<th><\/th>\n<th>Componente<\/th>\n<th>Carga Hor\u00e1ria<\/th>\n<\/tr>\n<\/thead>\n<tbody>\n<tr>\n<td>LPT<\/td>\n<td>L\u00edngua Portuguesa<\/td>\n<td>80<\/td>\n<\/tr>\n<tr>\n<td>LEM<\/td>\n<td>L\u00edngua Estrangeira Moderna<\/td>\n<td>80<\/td>\n<\/tr>\n<tr>\n<td>ART<\/td>\n<td>Artes<\/td>\n<td>80<\/td>\n<\/tr>\n<tr>\n<td>EDF<\/td>\n<td>Educa\u00e7\u00e3o F\u00edsica<\/td>\n<td>80<\/td>\n<\/tr>\n<tr>\n<td>GEO<\/td>\n<td>Geografia<\/td>\n<td>80<\/td>\n<\/tr>\n<tr>\n<td>FIL<\/td>\n<td>Filosofia<\/td>\n<td>40<\/td>\n<\/tr>\n<tr>\n<td>SOC<\/td>\n<td>Sociologia<\/td>\n<td>40<\/td>\n<\/tr>\n<tr>\n<td>MAT<\/td>\n<td>Matem\u00e1tica<\/td>\n<td>120<\/td>\n<\/tr>\n<tr>\n<td>FIS<\/td>\n<td>F\u00edsica<\/td>\n<td>120<\/td>\n<\/tr>\n<tr>\n<td>QUI<\/td>\n<td>Qu\u00edmica<\/td>\n<td>120<\/td>\n<\/tr>\n<tr>\n<td>ALG<\/td>\n<td>Algoritmos e Programa\u00e7\u00e3o<\/td>\n<td>120<\/td>\n<\/tr>\n<tr>\n<td>RED<\/td>\n<td>Redes de Computadores e Comunica\u00e7\u00e3o de Dados<\/td>\n<td>80<\/td>\n<\/tr>\n<tr>\n<td>FCH<\/td>\n<td>Fundamentos da Computa\u00e7\u00e3o e Hardware<\/td>\n<td>120<\/td>\n<\/tr>\n<\/tbody>\n<tfoot>\n<tr>\n<th colspan=\"2\">Carga Hor\u00e1ria Total da Etapa<\/th>\n<th>1160<\/th>\n<\/tr>\n<\/tfoot>\n<\/table><\/div>\n\t\t\t\t<\/div>\n\t\t\t\t\t\t\t<div class=\"elementor-accordion-item\">\n\t\t\t\t\t<h5 id=\"elementor-tab-title-2262\" class=\"elementor-tab-title\" data-tab=\"2\" role=\"button\" aria-controls=\"elementor-tab-content-2262\" aria-expanded=\"false\">\n\t\t\t\t\t\t\t\t\t\t\t\t\t<span class=\"elementor-accordion-icon elementor-accordion-icon-left\" aria-hidden=\"true\">\n\t\t\t\t\t\t\t\t\t\t\t\t\t\t\t<span class=\"elementor-accordion-icon-closed\"><i class=\"fas fa-caret-down\"><\/i><\/span>\n\t\t\t\t\t\t\t\t<span class=\"elementor-accordion-icon-opened\"><i class=\"fas fa-caret-up\"><\/i><\/span>\n\t\t\t\t\t\t\t\t\t\t\t\t\t\t<\/span>\n\t\t\t\t\t\t\t\t\t\t\t\t<a class=\"elementor-accordion-title\" tabindex=\"0\">2\u00b0 Ano<\/a>\n\t\t\t\t\t<\/h5>\n\t\t\t\t\t<div id=\"elementor-tab-content-2262\" class=\"elementor-tab-content elementor-clearfix\" data-tab=\"2\" role=\"region\" aria-labelledby=\"elementor-tab-title-2262\"><table class=\"table table-striped\" style=\"color: #000000\">\n<thead>\n<tr>\n<th><\/th>\n<th>Componente<\/th>\n<th>Carga Hor\u00e1ria<\/th>\n<\/tr>\n<\/thead>\n<tbody>\n<tr>\n<td>LPT<\/td>\n<td>L\u00edngua Portuguesa<\/td>\n<td>80<\/td>\n<\/tr>\n<tr>\n<td>LIT<\/td>\n<td>Literatura Brasileira<\/td>\n<td>80<\/td>\n<\/tr>\n<tr>\n<td>LEM<\/td>\n<td>L\u00edngua Estrangeira Moderna<\/td>\n<td>80<\/td>\n<\/tr>\n<tr>\n<td>EDF<\/td>\n<td>Educa\u00e7\u00e3o F\u00edsica<\/td>\n<td>80<\/td>\n<\/tr>\n<tr>\n<td>HIS<\/td>\n<td>Hist\u00f3ria<\/td>\n<td>80<\/td>\n<\/tr>\n<tr>\n<td>GEO<\/td>\n<td>Geografia<\/td>\n<td>80<\/td>\n<\/tr>\n<tr>\n<td>FIL<\/td>\n<td>Filosofia<\/td>\n<td>40<\/td>\n<\/tr>\n<tr>\n<td>SOC<\/td>\n<td>Sociologia<\/td>\n<td>40<\/td>\n<\/tr>\n<tr>\n<td>MAT<\/td>\n<td>Matem\u00e1tica<\/td>\n<td>120<\/td>\n<\/tr>\n<tr>\n<td>FIS<\/td>\n<td>F\u00edsica<\/td>\n<td>120<\/td>\n<\/tr>\n<tr>\n<td>BIO<\/td>\n<td>Biologia<\/td>\n<td>80<\/td>\n<\/tr>\n<tr>\n<td>PG1<\/td>\n<td>Programa\u00e7\u00e3o Web I<\/td>\n<td>120<\/td>\n<\/tr>\n<tr>\n<td>BAN<\/td>\n<td>Banco de Dados<\/td>\n<td>160<\/td>\n<\/tr>\n<tr>\n<td>APS<\/td>\n<td>An\u00e1lise e Projeto de Sistemas Web<\/td>\n<td>80<\/td>\n<\/tr>\n<tr>\n<td>ETS<\/td>\n<td>\u00c9tica Profissional e Seguran\u00e7a do Trabalho<\/td>\n<td>80<\/td>\n<\/tr>\n<\/tbody>\n<tfoot>\n<tr>\n<th colspan=\"2\">Carga Hor\u00e1ria Total da Etapa<\/th>\n<th>1320<\/th>\n<\/tr>\n<\/tfoot>\n<\/table><\/div>\n\t\t\t\t<\/div>\n\t\t\t\t\t\t\t<div class=\"elementor-accordion-item\">\n\t\t\t\t\t<h5 id=\"elementor-tab-title-2263\" class=\"elementor-tab-title\" data-tab=\"3\" role=\"button\" aria-controls=\"elementor-tab-content-2263\" aria-expanded=\"false\">\n\t\t\t\t\t\t\t\t\t\t\t\t\t<span class=\"elementor-accordion-icon elementor-accordion-icon-left\" aria-hidden=\"true\">\n\t\t\t\t\t\t\t\t\t\t\t\t\t\t\t<span class=\"elementor-accordion-icon-closed\"><i class=\"fas fa-caret-down\"><\/i><\/span>\n\t\t\t\t\t\t\t\t<span class=\"elementor-accordion-icon-opened\"><i class=\"fas fa-caret-up\"><\/i><\/span>\n\t\t\t\t\t\t\t\t\t\t\t\t\t\t<\/span>\n\t\t\t\t\t\t\t\t\t\t\t\t<a class=\"elementor-accordion-title\" tabindex=\"0\">3\u00b0 Ano<\/a>\n\t\t\t\t\t<\/h5>\n\t\t\t\t\t<div id=\"elementor-tab-content-2263\" class=\"elementor-tab-content elementor-clearfix\" data-tab=\"3\" role=\"region\" aria-labelledby=\"elementor-tab-title-2263\"><table class=\"table table-striped\" style=\"color: #000000\">\n<thead>\n<tr>\n<th><\/th>\n<th>Componente<\/th>\n<th>Carga Hor\u00e1ria<\/th>\n<\/tr>\n<\/thead>\n<tbody>\n<tr>\n<td>LPT<\/td>\n<td>L\u00edngua Portuguesa<\/td>\n<td>80<\/td>\n<\/tr>\n<tr>\n<td>LIT<\/td>\n<td>Literatura Brasileira<\/td>\n<td>80<\/td>\n<\/tr>\n<tr>\n<td>LEM<\/td>\n<td>L\u00edngua Estrangeira Moderna<\/td>\n<td>80<\/td>\n<\/tr>\n<tr>\n<td>HIS<\/td>\n<td>Hist\u00f3ria<\/td>\n<td>80<\/td>\n<\/tr>\n<tr>\n<td>FIL<\/td>\n<td>Filosofia<\/td>\n<td>40<\/td>\n<\/tr>\n<tr>\n<td>SOC<\/td>\n<td>Sociologia<\/td>\n<td>40<\/td>\n<\/tr>\n<tr>\n<td>MAT<\/td>\n<td>Matem\u00e1tica<\/td>\n<td>120<\/td>\n<\/tr>\n<tr>\n<td>BIO<\/td>\n<td>Biologia<\/td>\n<td>80<\/td>\n<\/tr>\n<tr>\n<td>QUI<\/td>\n<td>Qu\u00edmica<\/td>\n<td>80<\/td>\n<\/tr>\n<tr>\n<td>PG2<\/td>\n<td>Programa\u00e7\u00e3o Web II<\/td>\n<td>120<\/td>\n<\/tr>\n<tr>\n<td>INT<\/td>\n<td>Interfaces Homem-M\u00e1quina<\/td>\n<td>120<\/td>\n<\/tr>\n<tr>\n<td>SGC<\/td>\n<td>Sistemas de Gest\u00e3o de Conte\u00fados<\/td>\n<td>80<\/td>\n<\/tr>\n<tr>\n<td>GES<\/td>\n<td>Princ\u00edpios de Gest\u00e3o<\/td>\n<td>120<\/td>\n<\/tr>\n<\/tbody>\n<tfoot>\n<tr>\n<th colspan=\"2\">Carga Hor\u00e1ria Total 3\u00b0 Ano<\/th>\n<th>1120<\/th>\n<\/tr>\n<\/tfoot>\n<\/table><\/div>\n\t\t\t\t<\/div>\n\t\t\t\t\t\t\t\t<\/div>\n\t\t\t\t<\/div>\n\t\t\t\t<\/div>\n\t\t\t\t<div class=\"elementor-element elementor-element-1bd29ff elementor-widget elementor-widget-html\" data-id=\"1bd29ff\" data-element_type=\"widget\" data-widget_type=\"html.default\">\n\t\t\t\t<div class=\"elementor-widget-container\">\n\t\t\t<table class=\"table table-striped table-condensed\">\n\t<thead>\n\t\t<tr>\n\t\t\t<th>&nbsp;<\/th>\n\t\t\t<th>Carga Hor\u00e1ria<\/th>\n\t\t<\/tr>\n\t<\/thead>\n\t<tbody>\n\t\t<tr>\n\t\t\t<th>Est\u00e1gio Curricular Supervisionado<\/th>\n\t\t\t<th>400<\/th>\n\t\t<\/tr>\n\t\t<tr>\n\t\t\t<th>Total Horas Aula Te\u00f3rica<\/th>\n\t\t\t<th>3000<\/th>\n\t\t<\/tr>\n\t\t<tr>\n\t\t\t<th>Carga Hor\u00e1ria Total do Curso<\/th>\n\t\t\t<th>3400<\/th>\n\t\t<\/tr>\n\t<\/tbody>\n<\/table>\t\t<\/div>\n\t\t\t\t<\/div>\n\t\t\t\t\t<\/div>\n\t\t<\/div>\n\t\t\t\t\t<\/div>\n\t\t<\/section>\n\t\t\t\t<\/div>\n\t\t","protected":false},"excerpt":{"rendered":"<p>Perfil Profissional de Conclus\u00e3o Desenvolver sistemas para web; aplicar crit\u00e9rios de ergonomia, usabilidade e acessibilidade; utilizar ferramentas de aux\u00edlio no desenvolvimento das aplica\u00e7\u00f5es; desenvolver e realizar a manuten\u00e7\u00e3o de sites e portais na Internet e na intranet. Campo de Atua\u00e7\u00e3o Empresas de desenvolvimento de sites para Internet; ind\u00fastrias em geral; empresas comerciais; empresas de consultoria; [&hellip;]<\/p>\n","protected":false},"author":296,"featured_media":0,"parent":0,"menu_order":0,"comment_status":"closed","ping_status":"closed","template":"","meta":{"footnotes":""},"categories":[],"tags":[],"class_list":["post-3463","page","type-page","status-publish","hentry"],"acf":[],"_links":{"self":[{"href":"https:\/\/www.ufsm.br\/unidades-universitarias\/ctism\/wp-json\/wp\/v2\/pages\/3463","targetHints":{"allow":["GET"]}}],"collection":[{"href":"https:\/\/www.ufsm.br\/unidades-universitarias\/ctism\/wp-json\/wp\/v2\/pages"}],"about":[{"href":"https:\/\/www.ufsm.br\/unidades-universitarias\/ctism\/wp-json\/wp\/v2\/types\/page"}],"author":[{"embeddable":true,"href":"https:\/\/www.ufsm.br\/unidades-universitarias\/ctism\/wp-json\/wp\/v2\/users\/296"}],"replies":[{"embeddable":true,"href":"https:\/\/www.ufsm.br\/unidades-universitarias\/ctism\/wp-json\/wp\/v2\/comments?post=3463"}],"version-history":[{"count":0,"href":"https:\/\/www.ufsm.br\/unidades-universitarias\/ctism\/wp-json\/wp\/v2\/pages\/3463\/revisions"}],"wp:attachment":[{"href":"https:\/\/www.ufsm.br\/unidades-universitarias\/ctism\/wp-json\/wp\/v2\/media?parent=3463"}],"wp:term":[{"taxonomy":"category","embeddable":true,"href":"https:\/\/www.ufsm.br\/unidades-universitarias\/ctism\/wp-json\/wp\/v2\/categories?post=3463"},{"taxonomy":"post_tag","embeddable":true,"href":"https:\/\/www.ufsm.br\/unidades-universitarias\/ctism\/wp-json\/wp\/v2\/tags?post=3463"}],"curies":[{"name":"wp","href":"https:\/\/api.w.org\/{rel}","templated":true}]}}