{"id":3744,"date":"2019-02-18T09:34:41","date_gmt":"2019-02-18T12:34:41","guid":{"rendered":"https:\/\/www.ufsm.br\/unidades-universitarias\/ctism\/?page_id=3744"},"modified":"2024-03-04T12:56:54","modified_gmt":"2024-03-04T15:56:54","slug":"curso-tecnico-em-mecanica-integrado","status":"publish","type":"page","link":"https:\/\/www.ufsm.br\/unidades-universitarias\/ctism\/curso-tecnico-em-mecanica-integrado","title":{"rendered":"Curso T\u00e9cnico em Mec\u00e2nica Integrado"},"content":{"rendered":"\t\t<div data-elementor-type=\"wp-post\" data-elementor-id=\"3744\" class=\"elementor elementor-3744\">\n\t\t\t\t\t\t<section class=\"elementor-section elementor-top-section elementor-element elementor-element-456ed20 elementor-section-boxed elementor-section-height-default elementor-section-height-default\" data-id=\"456ed20\" data-element_type=\"section\">\n\t\t\t\t\t\t<div class=\"elementor-container elementor-column-gap-default\">\n\t\t\t\t\t<div class=\"elementor-column elementor-col-100 elementor-top-column elementor-element elementor-element-9109781\" data-id=\"9109781\" data-element_type=\"column\">\n\t\t\t<div class=\"elementor-widget-wrap elementor-element-populated\">\n\t\t\t\t\t\t<div class=\"elementor-element elementor-element-4c5a8db elementor-widget elementor-widget-text-editor\" data-id=\"4c5a8db\" data-element_type=\"widget\" data-widget_type=\"text-editor.default\">\n\t\t\t\t<div class=\"elementor-widget-container\">\n\t\t\t\t\t\t\t<p><strong>Perfil Profissional de Conclus\u00e3o<\/strong><\/p><p style=\"text-align: justify\">Elaborar projetos de produtos, ferramentas, controle de qualidade, controle de processos e manuten\u00e7\u00e3o relacionados \u00e0 m\u00e1quinas e equipamentos mec\u00e2nicos; planejar, aplicar e controlar procedimentos de instala\u00e7\u00e3o, de manuten\u00e7\u00e3o e inspe\u00e7\u00e3o mec\u00e2nica de m\u00e1quinas e equipamentos; operar equipamentos de usinagem; aplicar procedimentos de soldagem; realizar interpreta\u00e7\u00e3o de desenho t\u00e9cnico; controlar processos de fabrica\u00e7\u00e3o; aplicar t\u00e9cnicas de medi\u00e7\u00e3o e ensaios; especificar materiais para constru\u00e7\u00e3o mec\u00e2nica.<\/p><p><strong>Campo de Atua\u00e7\u00e3o<\/strong><\/p><p style=\"text-align: justify\">F\u00e1bricas de m\u00e1quinas, equipamentos e componentes mec\u00e2nicos; atividades de manuten\u00e7\u00e3o de qualquer ind\u00fastria; ind\u00fastria aeroespacial; ind\u00fastria automobil\u00edstica; ind\u00fastria metalmec\u00e2nica em geral; ind\u00fastrias de alimentos e bebidas, termoel\u00e9tricas e sider\u00fargicas.<\/p>\t\t\t\t\t\t<\/div>\n\t\t\t\t<\/div>\n\t\t\t\t\t<\/div>\n\t\t<\/div>\n\t\t\t\t\t<\/div>\n\t\t<\/section>\n\t\t\t\t<section class=\"elementor-section elementor-top-section elementor-element elementor-element-1ed44d7 elementor-section-boxed elementor-section-height-default elementor-section-height-default\" data-id=\"1ed44d7\" data-element_type=\"section\">\n\t\t\t\t\t\t<div class=\"elementor-container elementor-column-gap-default\">\n\t\t\t\t\t<div class=\"elementor-column elementor-col-50 elementor-top-column elementor-element elementor-element-5434e6f\" data-id=\"5434e6f\" data-element_type=\"column\">\n\t\t\t<div class=\"elementor-widget-wrap elementor-element-populated\">\n\t\t\t\t\t\t<div class=\"elementor-element elementor-element-89b384d elementor-widget elementor-widget-text-editor\" data-id=\"89b384d\" data-element_type=\"widget\" data-widget_type=\"text-editor.default\">\n\t\t\t\t<div class=\"elementor-widget-container\">\n\t\t\t\t\t\t\t<p style=\"padding-left: 30px\"><strong>Coordenador<\/strong><br>Marco Aurelio Garcia Bandeira<\/p>\n<p style=\"padding-left: 30px\"><strong>Subsituto<\/strong><br>Viviane Terezinha Sebalhos Dal Molin<\/p>\n<p style=\"padding-left: 30px\">Email<br><a href=\"mailto:mecanica.integrado@ctism.ufsm.br\">mecanica.integrado@ctism.ufsm.br<\/a><\/p>\t\t\t\t\t\t<\/div>\n\t\t\t\t<\/div>\n\t\t\t\t\t<\/div>\n\t\t<\/div>\n\t\t\t\t<div class=\"elementor-column elementor-col-50 elementor-top-column elementor-element elementor-element-9f0708b\" data-id=\"9f0708b\" data-element_type=\"column\">\n\t\t\t<div class=\"elementor-widget-wrap\">\n\t\t\t\t\t\t\t<\/div>\n\t\t<\/div>\n\t\t\t\t\t<\/div>\n\t\t<\/section>\n\t\t\t\t<section class=\"elementor-section elementor-top-section elementor-element elementor-element-9729c14 elementor-section-boxed elementor-section-height-default elementor-section-height-default\" data-id=\"9729c14\" data-element_type=\"section\">\n\t\t\t\t\t\t<div class=\"elementor-container elementor-column-gap-default\">\n\t\t\t\t\t<div class=\"elementor-column elementor-col-100 elementor-top-column elementor-element elementor-element-1c2dd44\" data-id=\"1c2dd44\" data-element_type=\"column\">\n\t\t\t<div class=\"elementor-widget-wrap elementor-element-populated\">\n\t\t\t\t\t\t<div class=\"elementor-element elementor-element-25ca253 elementor-widget elementor-widget-text-editor\" data-id=\"25ca253\" data-element_type=\"widget\" data-widget_type=\"text-editor.default\">\n\t\t\t\t<div class=\"elementor-widget-container\">\n\t\t\t\t\t\t\t<p><strong>Estrutura Curricular<br \/><\/strong><\/p>\t\t\t\t\t\t<\/div>\n\t\t\t\t<\/div>\n\t\t\t\t<div class=\"elementor-element elementor-element-260475e elementor-widget elementor-widget-accordion\" data-id=\"260475e\" data-element_type=\"widget\" data-widget_type=\"accordion.default\">\n\t\t\t\t<div class=\"elementor-widget-container\">\n\t\t\t\t\t<div class=\"elementor-accordion\">\n\t\t\t\t\t\t\t<div class=\"elementor-accordion-item\">\n\t\t\t\t\t<h5 id=\"elementor-tab-title-3981\" class=\"elementor-tab-title\" data-tab=\"1\" role=\"button\" aria-controls=\"elementor-tab-content-3981\" aria-expanded=\"false\">\n\t\t\t\t\t\t\t\t\t\t\t\t\t<span class=\"elementor-accordion-icon elementor-accordion-icon-left\" aria-hidden=\"true\">\n\t\t\t\t\t\t\t\t\t\t\t\t\t\t\t<span class=\"elementor-accordion-icon-closed\"><i class=\"fas fa-caret-down\"><\/i><\/span>\n\t\t\t\t\t\t\t\t<span class=\"elementor-accordion-icon-opened\"><i class=\"fas fa-caret-up\"><\/i><\/span>\n\t\t\t\t\t\t\t\t\t\t\t\t\t\t<\/span>\n\t\t\t\t\t\t\t\t\t\t\t\t<a class=\"elementor-accordion-title\" tabindex=\"0\">1\u00b0 Ano<\/a>\n\t\t\t\t\t<\/h5>\n\t\t\t\t\t<div id=\"elementor-tab-content-3981\" class=\"elementor-tab-content elementor-clearfix\" data-tab=\"1\" role=\"region\" aria-labelledby=\"elementor-tab-title-3981\"><table class=\"table table-striped\" style=\"color: #000000\">\n<thead>\n<tr>\n<th><\/th>\n<th>Componente<\/th>\n<th>Carga Hor\u00e1ria<\/th>\n<\/tr>\n<\/thead>\n<tbody>\n<tr>\n<td>LPT<\/td>\n<td>L\u00edngua Portuguesa<\/td>\n<td>80<\/td>\n<\/tr>\n<tr>\n<td>LEM<\/td>\n<td>L\u00edngua Estrangeira Moderna<\/td>\n<td>80<\/td>\n<\/tr>\n<tr>\n<td>ART<\/td>\n<td>Artes<\/td>\n<td>80<\/td>\n<\/tr>\n<tr>\n<td>EDF<\/td>\n<td>Educa\u00e7\u00e3o F\u00edsica<\/td>\n<td>80<\/td>\n<\/tr>\n<tr>\n<td>GEO<\/td>\n<td>Geografia<\/td>\n<td>80<\/td>\n<\/tr>\n<tr>\n<td>FIL<\/td>\n<td>Filosofia<\/td>\n<td>40<\/td>\n<\/tr>\n<tr>\n<td>SOC<\/td>\n<td>Sociologia<\/td>\n<td>40<\/td>\n<\/tr>\n<tr>\n<td>MAT<\/td>\n<td>Matem\u00e1tica<\/td>\n<td>120<\/td>\n<\/tr>\n<tr>\n<td>FIS<\/td>\n<td>F\u00edsica<\/td>\n<td>120<\/td>\n<\/tr>\n<tr>\n<td>QUI<\/td>\n<td>Qu\u00edmica<\/td>\n<td>120<\/td>\n<\/tr>\n<tr>\n<td>DTM<\/td>\n<td>Desenho T\u00e9cnico Mec\u00e2nico<\/td>\n<td>80<\/td>\n<\/tr>\n<tr>\n<td>ELM<\/td>\n<td>Elementos de M\u00e1quinas<\/td>\n<td>80<\/td>\n<\/tr>\n<tr>\n<td>TME I<\/td>\n<td>Tecnologia Mec\u00e2nica I<\/td>\n<td>80<\/td>\n<\/tr>\n<tr>\n<td>MEF<\/td>\n<td>Metrologia<\/td>\n<td>80<\/td>\n<\/tr>\n<tr>\n<td>EAP<\/td>\n<td>Eletricidade Aplicada<\/td>\n<td>80<\/td>\n<\/tr>\n<\/tbody>\n<tfoot>\n<tr>\n<th colspan=\"2\">Carga Hor\u00e1ria Total 1\u00ba Ano<\/th>\n<th>1240<\/th>\n<\/tr>\n<\/tfoot>\n<\/table><\/div>\n\t\t\t\t<\/div>\n\t\t\t\t\t\t\t<div class=\"elementor-accordion-item\">\n\t\t\t\t\t<h5 id=\"elementor-tab-title-3982\" class=\"elementor-tab-title\" data-tab=\"2\" role=\"button\" aria-controls=\"elementor-tab-content-3982\" aria-expanded=\"false\">\n\t\t\t\t\t\t\t\t\t\t\t\t\t<span class=\"elementor-accordion-icon elementor-accordion-icon-left\" aria-hidden=\"true\">\n\t\t\t\t\t\t\t\t\t\t\t\t\t\t\t<span class=\"elementor-accordion-icon-closed\"><i class=\"fas fa-caret-down\"><\/i><\/span>\n\t\t\t\t\t\t\t\t<span class=\"elementor-accordion-icon-opened\"><i class=\"fas fa-caret-up\"><\/i><\/span>\n\t\t\t\t\t\t\t\t\t\t\t\t\t\t<\/span>\n\t\t\t\t\t\t\t\t\t\t\t\t<a class=\"elementor-accordion-title\" tabindex=\"0\">2\u00b0 Ano<\/a>\n\t\t\t\t\t<\/h5>\n\t\t\t\t\t<div id=\"elementor-tab-content-3982\" class=\"elementor-tab-content elementor-clearfix\" data-tab=\"2\" role=\"region\" aria-labelledby=\"elementor-tab-title-3982\"><table class=\"table table-striped\" style=\"color: #000000\">\n<thead>\n<tr>\n<th><\/th>\n<th>Componente<\/th>\n<th>Carga Hor\u00e1ria<\/th>\n<\/tr>\n<\/thead>\n<tbody>\n<tr>\n<td>LPT<\/td>\n<td>L\u00edngua Portuguesa<\/td>\n<td>80<\/td>\n<\/tr>\n<tr>\n<td>LIT<\/td>\n<td>Literatura Brasileira<\/td>\n<td>80<\/td>\n<\/tr>\n<tr>\n<td>LEM<\/td>\n<td>L\u00edngua Estrangeira Moderna<\/td>\n<td>80<\/td>\n<\/tr>\n<tr>\n<td>EDF<\/td>\n<td>Educa\u00e7\u00e3o F\u00edsica<\/td>\n<td>80<\/td>\n<\/tr>\n<tr>\n<td>HIS<\/td>\n<td>Hist\u00f3ria<\/td>\n<td>80<\/td>\n<\/tr>\n<tr>\n<td>GEO<\/td>\n<td>Geografia<\/td>\n<td>80<\/td>\n<\/tr>\n<tr>\n<td>FIL<\/td>\n<td>Filosofia<\/td>\n<td>40<\/td>\n<\/tr>\n<tr>\n<td>SOC<\/td>\n<td>Sociologia<\/td>\n<td>40<\/td>\n<\/tr>\n<tr>\n<td>MAT<\/td>\n<td>Matem\u00e1tica<\/td>\n<td>120<\/td>\n<\/tr>\n<tr>\n<td>FIS<\/td>\n<td>F\u00edsica<\/td>\n<td>120<\/td>\n<\/tr>\n<tr>\n<td>BIO<\/td>\n<td>Biologia<\/td>\n<td>80<\/td>\n<\/tr>\n<tr>\n<td>TME II<\/td>\n<td>Tecnologia Mec\u00e2nica II<\/td>\n<td>40<\/td>\n<\/tr>\n<tr>\n<td>SOL<\/td>\n<td>Produ\u00e7\u00e3o Mec\u00e2nica \u2013 Soldagem<\/td>\n<td>80<\/td>\n<\/tr>\n<tr>\n<td>AJU<\/td>\n<td>Produ\u00e7\u00e3o Mec\u00e2nica \u2013 Ajustagem<\/td>\n<td>80<\/td>\n<\/tr>\n<tr>\n<td>CAM<\/td>\n<td>CAE\/CAD\/CAM<\/td>\n<td>80<\/td>\n<\/tr>\n<tr>\n<td>TEM<\/td>\n<td>M\u00e1quinas T\u00e9rmicas<\/td>\n<td>80<\/td>\n<\/tr>\n<tr>\n<td>REM<\/td>\n<td>Resist\u00eancia dos Materiais<\/td>\n<td>80<\/td>\n<\/tr>\n<tr>\n<td>MAI<\/td>\n<td>Manuten\u00e7\u00e3o Industrial<\/td>\n<td>80<\/td>\n<\/tr>\n<\/tbody>\n<tfoot>\n<tr>\n<th colspan=\"2\">Carga Hor\u00e1ria Total 2\u00ba Ano<\/th>\n<th>1400<\/th>\n<\/tr>\n<\/tfoot>\n<\/table><\/div>\n\t\t\t\t<\/div>\n\t\t\t\t\t\t\t<div class=\"elementor-accordion-item\">\n\t\t\t\t\t<h5 id=\"elementor-tab-title-3983\" class=\"elementor-tab-title\" data-tab=\"3\" role=\"button\" aria-controls=\"elementor-tab-content-3983\" aria-expanded=\"false\">\n\t\t\t\t\t\t\t\t\t\t\t\t\t<span class=\"elementor-accordion-icon elementor-accordion-icon-left\" aria-hidden=\"true\">\n\t\t\t\t\t\t\t\t\t\t\t\t\t\t\t<span class=\"elementor-accordion-icon-closed\"><i class=\"fas fa-caret-down\"><\/i><\/span>\n\t\t\t\t\t\t\t\t<span class=\"elementor-accordion-icon-opened\"><i class=\"fas fa-caret-up\"><\/i><\/span>\n\t\t\t\t\t\t\t\t\t\t\t\t\t\t<\/span>\n\t\t\t\t\t\t\t\t\t\t\t\t<a class=\"elementor-accordion-title\" tabindex=\"0\">3\u00b0 Ano<\/a>\n\t\t\t\t\t<\/h5>\n\t\t\t\t\t<div id=\"elementor-tab-content-3983\" class=\"elementor-tab-content elementor-clearfix\" data-tab=\"3\" role=\"region\" aria-labelledby=\"elementor-tab-title-3983\"><table class=\"table table-striped\" style=\"color: #000000\">\n<thead>\n<tr>\n<th><\/th>\n<th>Componente<\/th>\n<th>Carga Hor\u00e1ria<\/th>\n<\/tr>\n<\/thead>\n<tbody>\n<tr>\n<td>LPT<\/td>\n<td>L\u00edngua Portuguesa<\/td>\n<td>80<\/td>\n<\/tr>\n<tr>\n<td>LIT<\/td>\n<td>Literatura Brasileira<\/td>\n<td>80<\/td>\n<\/tr>\n<tr>\n<td>LEM<\/td>\n<td>L\u00edngua Estrangeira Moderna<\/td>\n<td>80<\/td>\n<\/tr>\n<tr>\n<td>HIS<\/td>\n<td>Hist\u00f3ria<\/td>\n<td>80<\/td>\n<\/tr>\n<tr>\n<td>FIL<\/td>\n<td>Filosofia<\/td>\n<td>40<\/td>\n<\/tr>\n<tr>\n<td>SOC<\/td>\n<td>Sociologia<\/td>\n<td>40<\/td>\n<\/tr>\n<tr>\n<td>MAT<\/td>\n<td>Matem\u00e1tica<\/td>\n<td>120<\/td>\n<\/tr>\n<tr>\n<td>BIO<\/td>\n<td>Biologia<\/td>\n<td>80<\/td>\n<\/tr>\n<tr>\n<td>QUI<\/td>\n<td>Qu\u00edmica<\/td>\n<td>80<\/td>\n<\/tr>\n<tr>\n<td>SHP<\/td>\n<td>Sistemas Hidr\u00e1ulicos e Pneum\u00e1ticos<\/td>\n<td>120<\/td>\n<\/tr>\n<tr>\n<td>MTI<\/td>\n<td>M\u00e1quinas e Tubula\u00e7\u00f5es Industriais<\/td>\n<td>40<\/td>\n<\/tr>\n<tr>\n<td>HST<\/td>\n<td>Higiene e Seguran\u00e7a no Trabalho<\/td>\n<td>40<\/td>\n<\/tr>\n<tr>\n<td>CNC<\/td>\n<td>Produ\u00e7\u00e3o Mec\u00e2nica &#8211; CNC<\/td>\n<td>80<\/td>\n<\/tr>\n<tr>\n<td>GIN<\/td>\n<td>Gest\u00e3o Industrial<\/td>\n<td>40<\/td>\n<\/tr>\n<tr>\n<td>USI<\/td>\n<td>Produ\u00e7\u00e3o Mec\u00e2nica \u2013 Usinagem<\/td>\n<td>120<\/td>\n<\/tr>\n<tr>\n<td>AUT<\/td>\n<td>Automa\u00e7\u00e3o Industrial<\/td>\n<td>80<\/td>\n<\/tr>\n<\/tbody>\n<tfoot>\n<tr>\n<th colspan=\"2\">Carga Hor\u00e1ria Total 3\u00ba Ano<\/th>\n<th>1200<\/th>\n<\/tr>\n<\/tfoot>\n<\/table><\/div>\n\t\t\t\t<\/div>\n\t\t\t\t\t\t\t\t<\/div>\n\t\t\t\t<\/div>\n\t\t\t\t<\/div>\n\t\t\t\t<div class=\"elementor-element elementor-element-798c503 elementor-widget elementor-widget-html\" data-id=\"798c503\" data-element_type=\"widget\" data-widget_type=\"html.default\">\n\t\t\t\t<div class=\"elementor-widget-container\">\n\t\t\t<table class=\"table table-striped table-condensed\">\n\t<thead>\n\t\t<tr>\n\t\t\t<th>&nbsp;<\/th>\n\t\t\t<th>Carga Hor\u00e1ria (horas)<\/th>\n\t\t<\/tr>\n\t<\/thead>\n\t<tbody>\n\t\t<tr>\n\t\t\t<th>Est\u00e1gio Curricular Supervisionado<\/th>\n\t\t\t<th>400<\/th>\n\t\t<\/tr>\n\t\t<tr>\n\t\t\t<th>Total Horas Aula Te\u00f3rica<\/th>\n\t\t\t<th>3840<\/th>\n\t\t<\/tr>\n\t\t<tr>\n\t\t\t<th>Carga Hor\u00e1ria Total do Curso<\/th>\n\t\t\t<th>3600<\/th>\n\t\t<\/tr>\n\t<\/tbody>\n<\/table>\t\t<\/div>\n\t\t\t\t<\/div>\n\t\t\t\t\t<\/div>\n\t\t<\/div>\n\t\t\t\t\t<\/div>\n\t\t<\/section>\n\t\t\t\t<\/div>\n\t\t","protected":false},"excerpt":{"rendered":"<p>Perfil Profissional de Conclus\u00e3o Elaborar projetos de produtos, ferramentas, controle de qualidade, controle de processos e manuten\u00e7\u00e3o relacionados \u00e0 m\u00e1quinas e equipamentos mec\u00e2nicos; planejar, aplicar e controlar procedimentos de instala\u00e7\u00e3o, de manuten\u00e7\u00e3o e inspe\u00e7\u00e3o mec\u00e2nica de m\u00e1quinas e equipamentos; operar equipamentos de usinagem; aplicar procedimentos de soldagem; realizar interpreta\u00e7\u00e3o de desenho t\u00e9cnico; controlar processos de [&hellip;]<\/p>\n","protected":false},"author":296,"featured_media":0,"parent":0,"menu_order":0,"comment_status":"closed","ping_status":"closed","template":"","meta":{"footnotes":""},"categories":[],"tags":[],"class_list":["post-3744","page","type-page","status-publish","hentry"],"acf":[],"_links":{"self":[{"href":"https:\/\/www.ufsm.br\/unidades-universitarias\/ctism\/wp-json\/wp\/v2\/pages\/3744","targetHints":{"allow":["GET"]}}],"collection":[{"href":"https:\/\/www.ufsm.br\/unidades-universitarias\/ctism\/wp-json\/wp\/v2\/pages"}],"about":[{"href":"https:\/\/www.ufsm.br\/unidades-universitarias\/ctism\/wp-json\/wp\/v2\/types\/page"}],"author":[{"embeddable":true,"href":"https:\/\/www.ufsm.br\/unidades-universitarias\/ctism\/wp-json\/wp\/v2\/users\/296"}],"replies":[{"embeddable":true,"href":"https:\/\/www.ufsm.br\/unidades-universitarias\/ctism\/wp-json\/wp\/v2\/comments?post=3744"}],"version-history":[{"count":0,"href":"https:\/\/www.ufsm.br\/unidades-universitarias\/ctism\/wp-json\/wp\/v2\/pages\/3744\/revisions"}],"wp:attachment":[{"href":"https:\/\/www.ufsm.br\/unidades-universitarias\/ctism\/wp-json\/wp\/v2\/media?parent=3744"}],"wp:term":[{"taxonomy":"category","embeddable":true,"href":"https:\/\/www.ufsm.br\/unidades-universitarias\/ctism\/wp-json\/wp\/v2\/categories?post=3744"},{"taxonomy":"post_tag","embeddable":true,"href":"https:\/\/www.ufsm.br\/unidades-universitarias\/ctism\/wp-json\/wp\/v2\/tags?post=3744"}],"curies":[{"name":"wp","href":"https:\/\/api.w.org\/{rel}","templated":true}]}}