{"id":3745,"date":"2019-02-18T10:49:34","date_gmt":"2019-02-18T13:49:34","guid":{"rendered":"https:\/\/www.ufsm.br\/unidades-universitarias\/ctism\/?page_id=3745"},"modified":"2020-10-22T16:37:55","modified_gmt":"2020-10-22T19:37:55","slug":"curso-tecnico-em-eletromecanica-proeja","status":"publish","type":"page","link":"https:\/\/www.ufsm.br\/unidades-universitarias\/ctism\/curso-tecnico-em-eletromecanica-proeja","title":{"rendered":"Curso T\u00e9cnico em Eletromec\u00e2nica PROEJA"},"content":{"rendered":"\t\t<div data-elementor-type=\"wp-post\" data-elementor-id=\"3745\" class=\"elementor elementor-3745\">\n\t\t\t\t\t\t<section class=\"elementor-section elementor-top-section elementor-element elementor-element-594e62b elementor-section-boxed elementor-section-height-default elementor-section-height-default\" data-id=\"594e62b\" data-element_type=\"section\">\n\t\t\t\t\t\t<div class=\"elementor-container elementor-column-gap-default\">\n\t\t\t\t\t<div class=\"elementor-column elementor-col-100 elementor-top-column elementor-element elementor-element-d228ff1\" data-id=\"d228ff1\" data-element_type=\"column\">\n\t\t\t<div class=\"elementor-widget-wrap elementor-element-populated\">\n\t\t\t\t\t\t<div class=\"elementor-element elementor-element-9d8def1 elementor-widget elementor-widget-text-editor\" data-id=\"9d8def1\" data-element_type=\"widget\" data-widget_type=\"text-editor.default\">\n\t\t\t\t<div class=\"elementor-widget-container\">\n\t\t\t\t\t\t\t<p><strong>Perfil Profissional de Conclus\u00e3o<\/strong><\/p><p style=\"text-align: justify\">Planejar, projetar, executar, inspecionar e instalar m\u00e1quinas e equipamentos eletromec\u00e2nicos; realizar usinagem e soldagem de pe\u00e7as; interpretar esquemas de montagem e desenhos t\u00e9cnicos; realizar montagem, manuten\u00e7\u00e3o e entrega t\u00e9cnica de m\u00e1quinas e equipamentos eletromec\u00e2nicos; realizar medi\u00e7\u00f5es, testes e calibra\u00e7\u00f5es de equipamentos eletromec\u00e2nicos; executar procedimentos de controle de qualidade e gest\u00e3o.<\/p><p style=\"text-align: justify\"><strong>Campo de Atua\u00e7\u00e3o<\/strong><\/p><p style=\"text-align: justify\">Ind\u00fastrias com linhas de produ\u00e7\u00e3o automatizadas, aeroespaciais, automobil\u00edstica, metalomec\u00e2nica e pl\u00e1stico; ind\u00fastrias de transforma\u00e7\u00e3o e extrativa em geral; empresas de manuten\u00e7\u00e3o e reparos; empresas que atuam na instala\u00e7\u00e3o, manuten\u00e7\u00e3o, comercializa\u00e7\u00e3o e utiliza\u00e7\u00e3o de equipamentos e sistemas eletromec\u00e2nicos; grupos de pesquisa que desenvolvam projetos na \u00e1rea de eletromec\u00e2nica; laborat\u00f3rios de controle de qualidade, calibra\u00e7\u00e3o e manuten\u00e7\u00e3o.<\/p>\t\t\t\t\t\t<\/div>\n\t\t\t\t<\/div>\n\t\t\t\t\t<\/div>\n\t\t<\/div>\n\t\t\t\t\t<\/div>\n\t\t<\/section>\n\t\t\t\t<section class=\"elementor-section elementor-top-section elementor-element elementor-element-5218a00 elementor-section-boxed elementor-section-height-default elementor-section-height-default\" data-id=\"5218a00\" data-element_type=\"section\">\n\t\t\t\t\t\t<div class=\"elementor-container elementor-column-gap-default\">\n\t\t\t\t\t<div class=\"elementor-column elementor-col-50 elementor-top-column elementor-element elementor-element-aa621c8\" data-id=\"aa621c8\" data-element_type=\"column\">\n\t\t\t<div class=\"elementor-widget-wrap elementor-element-populated\">\n\t\t\t\t\t\t<div class=\"elementor-element elementor-element-3512a72 elementor-widget elementor-widget-text-editor\" data-id=\"3512a72\" data-element_type=\"widget\" data-widget_type=\"text-editor.default\">\n\t\t\t\t<div class=\"elementor-widget-container\">\n\t\t\t\t\t\t\t<p style=\"padding-left: 30px\"><strong>Coordenadora<\/strong><br \/>Mariglei Severo Maraschin<\/p><p style=\"padding-left: 30px\"><strong>Substituto<\/strong><br \/>Gisele Jacques Holzschuh<\/p><p style=\"padding-left: 30px\">Email<br \/><a href=\"mailto:eletromecanica.proeja@ctism.ufsm.br\">eletromecanica.proeja@ctism.ufsm.br<\/a><\/p>\t\t\t\t\t\t<\/div>\n\t\t\t\t<\/div>\n\t\t\t\t\t<\/div>\n\t\t<\/div>\n\t\t\t\t<div class=\"elementor-column elementor-col-50 elementor-top-column elementor-element elementor-element-6f458c5\" data-id=\"6f458c5\" data-element_type=\"column\">\n\t\t\t<div class=\"elementor-widget-wrap\">\n\t\t\t\t\t\t\t<\/div>\n\t\t<\/div>\n\t\t\t\t\t<\/div>\n\t\t<\/section>\n\t\t\t\t<div class=\"elementor-section elementor-top-section elementor-element elementor-element-d99feea elementor-section-boxed elementor-section-height-default elementor-section-height-default\" data-id=\"d99feea\" data-element_type=\"section\">\n\t\t\t\t\t\t<div class=\"elementor-container elementor-column-gap-default\">\n\t\t\t\t\t<div class=\"elementor-column elementor-col-100 elementor-top-column elementor-element elementor-element-de9b807\" data-id=\"de9b807\" data-element_type=\"column\">\n\t\t\t<div class=\"elementor-widget-wrap elementor-element-populated\">\n\t\t\t\t\t\t<div class=\"elementor-element elementor-element-b40caf0 elementor-widget elementor-widget-text-editor\" data-id=\"b40caf0\" data-element_type=\"widget\" data-widget_type=\"text-editor.default\">\n\t\t\t\t<div class=\"elementor-widget-container\">\n\t\t\t\t\t\t\t<p><strong>Estrutura Curricular<br \/><\/strong><\/p>\t\t\t\t\t\t<\/div>\n\t\t\t\t<\/div>\n\t\t\t\t<div class=\"elementor-element elementor-element-65c7389 elementor-widget elementor-widget-accordion\" data-id=\"65c7389\" data-element_type=\"widget\" data-widget_type=\"accordion.default\">\n\t\t\t\t<div class=\"elementor-widget-container\">\n\t\t\t\t\t<div class=\"elementor-accordion\">\n\t\t\t\t\t\t\t<div class=\"elementor-accordion-item\">\n\t\t\t\t\t<h5 id=\"elementor-tab-title-1061\" class=\"elementor-tab-title\" data-tab=\"1\" role=\"button\" aria-controls=\"elementor-tab-content-1061\" aria-expanded=\"false\">\n\t\t\t\t\t\t\t\t\t\t\t\t\t<span class=\"elementor-accordion-icon elementor-accordion-icon-left\" aria-hidden=\"true\">\n\t\t\t\t\t\t\t\t\t\t\t\t\t\t\t<span class=\"elementor-accordion-icon-closed\"><i class=\"fas fa-caret-down\"><\/i><\/span>\n\t\t\t\t\t\t\t\t<span class=\"elementor-accordion-icon-opened\"><i class=\"fas fa-caret-up\"><\/i><\/span>\n\t\t\t\t\t\t\t\t\t\t\t\t\t\t<\/span>\n\t\t\t\t\t\t\t\t\t\t\t\t<a class=\"elementor-accordion-title\" tabindex=\"0\">1\u00ba Semestre<\/a>\n\t\t\t\t\t<\/h5>\n\t\t\t\t\t<div id=\"elementor-tab-content-1061\" class=\"elementor-tab-content elementor-clearfix\" data-tab=\"1\" role=\"region\" aria-labelledby=\"elementor-tab-title-1061\"><table class=\"table table-striped\" style=\"color: #000000\">\n<thead>\n<tr>\n<th><\/th>\n<th>Nome da componente<\/th>\n<th>Carga Hor\u00e1ria<\/th>\n<\/tr>\n<\/thead>\n<tbody>\n<tr>\n<td>CHT I<\/td>\n<td>Ci\u00eancias Humanas e suas Tecnologias I<\/td>\n<td>46<\/td>\n<\/tr>\n<tr>\n<td>CNT I<\/td>\n<td>Ci\u00eancias da Natureza, Matem\u00e1tica e suas Tecnologias I<\/td>\n<td>92<\/td>\n<\/tr>\n<tr>\n<td>ELT I<\/td>\n<td>Eletrot\u00e9cnica I<\/td>\n<td>46<\/td>\n<\/tr>\n<tr>\n<td>HST<\/td>\n<td>Higiene e Seguran\u00e7a do Trabalho<\/td>\n<td>46<\/td>\n<\/tr>\n<tr>\n<td>LCT I<\/td>\n<td>Linguagens, C\u00f3digos e suas Tecnologias I<\/td>\n<td>69<\/td>\n<\/tr>\n<tr>\n<td>MET<\/td>\n<td>Metrologia<\/td>\n<td>46<\/td>\n<\/tr>\n<tr>\n<td>SAJ<\/td>\n<td>Soldagem e Ajustagem<\/td>\n<td>92<\/td>\n<\/tr>\n<tr>\n<td>TME I<\/td>\n<td>Tecnologia Mec\u00e2nica I<\/td>\n<td>46<\/td>\n<\/tr>\n<tr>\n<th colspan=\"2\">Carga Hor\u00e1ria Total da Etapa<\/th>\n<th>483<\/th>\n<\/tr>\n<\/tbody>\n<\/table><\/div>\n\t\t\t\t<\/div>\n\t\t\t\t\t\t\t<div class=\"elementor-accordion-item\">\n\t\t\t\t\t<h5 id=\"elementor-tab-title-1062\" class=\"elementor-tab-title\" data-tab=\"2\" role=\"button\" aria-controls=\"elementor-tab-content-1062\" aria-expanded=\"false\">\n\t\t\t\t\t\t\t\t\t\t\t\t\t<span class=\"elementor-accordion-icon elementor-accordion-icon-left\" aria-hidden=\"true\">\n\t\t\t\t\t\t\t\t\t\t\t\t\t\t\t<span class=\"elementor-accordion-icon-closed\"><i class=\"fas fa-caret-down\"><\/i><\/span>\n\t\t\t\t\t\t\t\t<span class=\"elementor-accordion-icon-opened\"><i class=\"fas fa-caret-up\"><\/i><\/span>\n\t\t\t\t\t\t\t\t\t\t\t\t\t\t<\/span>\n\t\t\t\t\t\t\t\t\t\t\t\t<a class=\"elementor-accordion-title\" tabindex=\"0\">2\u00ba Semestre<\/a>\n\t\t\t\t\t<\/h5>\n\t\t\t\t\t<div id=\"elementor-tab-content-1062\" class=\"elementor-tab-content elementor-clearfix\" data-tab=\"2\" role=\"region\" aria-labelledby=\"elementor-tab-title-1062\"><table class=\"table table-striped\" style=\"color: #000000\">\n<thead>\n<tr>\n<th><\/th>\n<th>Componente<\/th>\n<th>Carga Hor\u00e1ria<\/th>\n<\/tr>\n<\/thead>\n<tbody>\n<tr>\n<td>CHT II<\/td>\n<td>Ci\u00eancias Humanas e suas Tecnologias II<\/td>\n<td>46<\/td>\n<\/tr>\n<tr>\n<td>CNT II<\/td>\n<td>Ci\u00eancias da Natureza, Matem\u00e1tica e suas Tecnologias II<\/td>\n<td>92<\/td>\n<\/tr>\n<tr>\n<td>DTB<\/td>\n<td>Desenho T\u00e9cnico B\u00e1sico<\/td>\n<td>46<\/td>\n<\/tr>\n<tr>\n<td>ELM<\/td>\n<td>Elementos de M\u00e1quinas<\/td>\n<td>46<\/td>\n<\/tr>\n<tr>\n<td>ELT II<\/td>\n<td>Eletrot\u00e9cnica II<\/td>\n<td>46<\/td>\n<\/tr>\n<tr>\n<td>INF<\/td>\n<td>Inform\u00e1tica<\/td>\n<td>46<\/td>\n<\/tr>\n<tr>\n<td>LCT II<\/td>\n<td>Linguagens, C\u00f3digos e suas Tecnologias II<\/td>\n<td>115<\/td>\n<\/tr>\n<tr>\n<td>TME II<\/td>\n<td>Tecnologia Mec\u00e2nica II<\/td>\n<td>46<\/td>\n<\/tr>\n<tr>\n<th colspan=\"2\">Carga Hor\u00e1ria Total da Etapa<\/th>\n<th>483<\/th>\n<\/tr>\n<\/tbody>\n<\/table><\/div>\n\t\t\t\t<\/div>\n\t\t\t\t\t\t\t<div class=\"elementor-accordion-item\">\n\t\t\t\t\t<h5 id=\"elementor-tab-title-1063\" class=\"elementor-tab-title\" data-tab=\"3\" role=\"button\" aria-controls=\"elementor-tab-content-1063\" aria-expanded=\"false\">\n\t\t\t\t\t\t\t\t\t\t\t\t\t<span class=\"elementor-accordion-icon elementor-accordion-icon-left\" aria-hidden=\"true\">\n\t\t\t\t\t\t\t\t\t\t\t\t\t\t\t<span class=\"elementor-accordion-icon-closed\"><i class=\"fas fa-caret-down\"><\/i><\/span>\n\t\t\t\t\t\t\t\t<span class=\"elementor-accordion-icon-opened\"><i class=\"fas fa-caret-up\"><\/i><\/span>\n\t\t\t\t\t\t\t\t\t\t\t\t\t\t<\/span>\n\t\t\t\t\t\t\t\t\t\t\t\t<a class=\"elementor-accordion-title\" tabindex=\"0\">3\u00ba Semestre<\/a>\n\t\t\t\t\t<\/h5>\n\t\t\t\t\t<div id=\"elementor-tab-content-1063\" class=\"elementor-tab-content elementor-clearfix\" data-tab=\"3\" role=\"region\" aria-labelledby=\"elementor-tab-title-1063\"><table class=\"table table-striped\" style=\"color: #000000\">\n<thead>\n<tr>\n<th><\/th>\n<th>Componente<\/th>\n<th>Carga Hor\u00e1ria<\/th>\n<\/tr>\n<\/thead>\n<tbody>\n<tr>\n<td>CHT III<\/td>\n<td>Ci\u00eancias Humanas e suas Tecnologias III<\/td>\n<td>46<\/td>\n<\/tr>\n<tr>\n<td>CNT III<\/td>\n<td>Ci\u00eancias da Natureza, Matem\u00e1tica e suas Tecnologias III<\/td>\n<td>92<\/td>\n<\/tr>\n<tr>\n<td>DAC<\/td>\n<td>Desenho Assistido por Computador<\/td>\n<td>46<\/td>\n<\/tr>\n<tr>\n<td>IPE<\/td>\n<td>Instala\u00e7\u00f5es e Projetos El\u00e9tricos<\/td>\n<td>92<\/td>\n<\/tr>\n<tr>\n<td>LCT III<\/td>\n<td>Linguagens, C\u00f3digos e suas Tecnologias III<\/td>\n<td>115<\/td>\n<\/tr>\n<tr>\n<td>MAQ<\/td>\n<td>M\u00e1quinas El\u00e9tricas e Transformadores<\/td>\n<td>46<\/td>\n<\/tr>\n<tr>\n<td>TUB<\/td>\n<td>Tubula\u00e7\u00f5es Industriais<\/td>\n<td>46<\/td>\n<\/tr>\n<tr>\n<th colspan=\"2\">Carga Hor\u00e1ria Total da Etapa<\/th>\n<th>483<\/th>\n<\/tr>\n<\/tbody>\n<\/table><\/div>\n\t\t\t\t<\/div>\n\t\t\t\t\t\t\t<div class=\"elementor-accordion-item\">\n\t\t\t\t\t<h5 id=\"elementor-tab-title-1064\" class=\"elementor-tab-title\" data-tab=\"4\" role=\"button\" aria-controls=\"elementor-tab-content-1064\" aria-expanded=\"false\">\n\t\t\t\t\t\t\t\t\t\t\t\t\t<span class=\"elementor-accordion-icon elementor-accordion-icon-left\" aria-hidden=\"true\">\n\t\t\t\t\t\t\t\t\t\t\t\t\t\t\t<span class=\"elementor-accordion-icon-closed\"><i class=\"fas fa-caret-down\"><\/i><\/span>\n\t\t\t\t\t\t\t\t<span class=\"elementor-accordion-icon-opened\"><i class=\"fas fa-caret-up\"><\/i><\/span>\n\t\t\t\t\t\t\t\t\t\t\t\t\t\t<\/span>\n\t\t\t\t\t\t\t\t\t\t\t\t<a class=\"elementor-accordion-title\" tabindex=\"0\">4\u00ba Semestre<\/a>\n\t\t\t\t\t<\/h5>\n\t\t\t\t\t<div id=\"elementor-tab-content-1064\" class=\"elementor-tab-content elementor-clearfix\" data-tab=\"4\" role=\"region\" aria-labelledby=\"elementor-tab-title-1064\"><table class=\"table table-striped\" style=\"color: #000000\">\n<thead>\n<tr>\n<th><\/th>\n<th>Componente<\/th>\n<th>Carga Hor\u00e1ria<\/th>\n<\/tr>\n<\/thead>\n<tbody>\n<tr>\n<td>ACE<\/td>\n<td>Acionamentos El\u00e9tricos<\/td>\n<td>92<\/td>\n<\/tr>\n<tr>\n<td>CHT IV<\/td>\n<td>Ci\u00eancias Humanas e suas Tecnologias IV<\/td>\n<td>46<\/td>\n<\/tr>\n<tr>\n<td>CNT IV<\/td>\n<td>Ci\u00eancias da Natureza, Matem\u00e1tica e suas Tecnologias IV<\/td>\n<td>92<\/td>\n<\/tr>\n<tr>\n<td>LCT IV<\/td>\n<td>Linguagens, C\u00f3digos e suas Tecnologias IV<\/td>\n<td>115<\/td>\n<\/tr>\n<tr>\n<td>MTE<\/td>\n<td>M\u00e1quinas T\u00e9rmicas<\/td>\n<td>46<\/td>\n<\/tr>\n<tr>\n<td>USI<\/td>\n<td>Usinagem<\/td>\n<td>92<\/td>\n<\/tr>\n<tr>\n<th colspan=\"2\">Carga Hor\u00e1ria Total da Etapa<\/th>\n<th>483<\/th>\n<\/tr>\n<\/tbody>\n<\/table><\/div>\n\t\t\t\t<\/div>\n\t\t\t\t\t\t\t<div class=\"elementor-accordion-item\">\n\t\t\t\t\t<h5 id=\"elementor-tab-title-1065\" class=\"elementor-tab-title\" data-tab=\"5\" role=\"button\" aria-controls=\"elementor-tab-content-1065\" aria-expanded=\"false\">\n\t\t\t\t\t\t\t\t\t\t\t\t\t<span class=\"elementor-accordion-icon elementor-accordion-icon-left\" aria-hidden=\"true\">\n\t\t\t\t\t\t\t\t\t\t\t\t\t\t\t<span class=\"elementor-accordion-icon-closed\"><i class=\"fas fa-caret-down\"><\/i><\/span>\n\t\t\t\t\t\t\t\t<span class=\"elementor-accordion-icon-opened\"><i class=\"fas fa-caret-up\"><\/i><\/span>\n\t\t\t\t\t\t\t\t\t\t\t\t\t\t<\/span>\n\t\t\t\t\t\t\t\t\t\t\t\t<a class=\"elementor-accordion-title\" tabindex=\"0\">5\u00b0 Semestre<\/a>\n\t\t\t\t\t<\/h5>\n\t\t\t\t\t<div id=\"elementor-tab-content-1065\" class=\"elementor-tab-content elementor-clearfix\" data-tab=\"5\" role=\"region\" aria-labelledby=\"elementor-tab-title-1065\"><table class=\"table table-striped\" style=\"color: #000000\">\n<thead>\n<tr>\n<th><\/th>\n<th>Componente<\/th>\n<th>Carga Hor\u00e1ria<\/th>\n<\/tr>\n<\/thead>\n<tbody>\n<tr>\n<td>CHT V<\/td>\n<td>Ci\u00eancias Humanas e suas Tecnologias V<\/td>\n<td>46<\/td>\n<\/tr>\n<tr>\n<td>CNT V<\/td>\n<td>Ci\u00eancias da Natureza, Matem\u00e1tica e suas Tecnologias V<\/td>\n<td>92<\/td>\n<\/tr>\n<tr>\n<td>ELE<\/td>\n<td>Eletr\u00f4nica<\/td>\n<td>92<\/td>\n<\/tr>\n<tr>\n<td>GEE<\/td>\n<td>Gest\u00e3o e Empreendedorismo<\/td>\n<td>46<\/td>\n<\/tr>\n<tr>\n<td>LCT V<\/td>\n<td>Linguagens, C\u00f3digos e suas Tecnologias V<\/td>\n<td>69<\/td>\n<\/tr>\n<tr>\n<td>SHP<\/td>\n<td>Sistemas Hidr\u00e1ulicos e Pneum\u00e1ticos<\/td>\n<td>92<\/td>\n<\/tr>\n<tr>\n<td>TPL<\/td>\n<td>T\u00e9cnicas e Planejamento da Manuten\u00e7\u00e3o<\/td>\n<td>46<\/td>\n<\/tr>\n<tr>\n<th colspan=\"2\">Carga Hor\u00e1ria Total da Etapa<\/th>\n<th>483<\/th>\n<\/tr>\n<\/tbody>\n<\/table><\/div>\n\t\t\t\t<\/div>\n\t\t\t\t\t\t\t<div class=\"elementor-accordion-item\">\n\t\t\t\t\t<h5 id=\"elementor-tab-title-1066\" class=\"elementor-tab-title\" data-tab=\"6\" role=\"button\" aria-controls=\"elementor-tab-content-1066\" aria-expanded=\"false\">\n\t\t\t\t\t\t\t\t\t\t\t\t\t<span class=\"elementor-accordion-icon elementor-accordion-icon-left\" aria-hidden=\"true\">\n\t\t\t\t\t\t\t\t\t\t\t\t\t\t\t<span class=\"elementor-accordion-icon-closed\"><i class=\"fas fa-caret-down\"><\/i><\/span>\n\t\t\t\t\t\t\t\t<span class=\"elementor-accordion-icon-opened\"><i class=\"fas fa-caret-up\"><\/i><\/span>\n\t\t\t\t\t\t\t\t\t\t\t\t\t\t<\/span>\n\t\t\t\t\t\t\t\t\t\t\t\t<a class=\"elementor-accordion-title\" tabindex=\"0\">6\u00b0 Semestre<\/a>\n\t\t\t\t\t<\/h5>\n\t\t\t\t\t<div id=\"elementor-tab-content-1066\" class=\"elementor-tab-content elementor-clearfix\" data-tab=\"6\" role=\"region\" aria-labelledby=\"elementor-tab-title-1066\"><table class=\"table table-striped\" style=\"color: #000000\">\n<thead>\n<tr>\n<th><\/th>\n<th>Componente<\/th>\n<th>Carga Hor\u00e1ria<\/th>\n<\/tr>\n<\/thead>\n<tbody>\n<tr>\n<td>AUT<\/td>\n<td>Automa\u00e7\u00e3o Industrial<\/td>\n<td>92<\/td>\n<\/tr>\n<tr>\n<td>CHT VI<\/td>\n<td>Ci\u00eancias Humanas e suas Tecnologias VI<\/td>\n<td>46<\/td>\n<\/tr>\n<tr>\n<td>CNC<\/td>\n<td>Comandos Num\u00e9ricos Computadorizados<\/td>\n<td>46<\/td>\n<\/tr>\n<tr>\n<td>CNT VI<\/td>\n<td>Ci\u00eancias da Natureza, Matem\u00e1tica e suas Tecnologias VI<\/td>\n<td>92<\/td>\n<\/tr>\n<tr>\n<td>LCT VI<\/td>\n<td>Linguagens, C\u00f3digos e suas Tecnologias VI<\/td>\n<td>115<\/td>\n<\/tr>\n<tr>\n<td>MAN<\/td>\n<td>Manuten\u00e7\u00e3o Eletromec\u00e2nica<\/td>\n<td>92<\/td>\n<\/tr>\n<tr>\n<th colspan=\"2\">Carga Hor\u00e1ria Total da Etapa<\/th>\n<th>483<\/th>\n<\/tr>\n<\/tbody>\n<\/table><\/div>\n\t\t\t\t<\/div>\n\t\t\t\t\t\t\t\t<\/div>\n\t\t\t\t<\/div>\n\t\t\t\t<\/div>\n\t\t\t\t<div class=\"elementor-element elementor-element-322f0e0 elementor-widget elementor-widget-html\" data-id=\"322f0e0\" data-element_type=\"widget\" data-widget_type=\"html.default\">\n\t\t\t\t<div class=\"elementor-widget-container\">\n\t\t\t<table class=\"table table-striped table-condensed\">\n\t<thead>\n\t\t<tr>\n\t\t\t<th>&nbsp;<\/th>\n\t\t\t<th>Carga Hor\u00e1ria<\/th>\n\t\t<\/tr>\n\t<\/thead>\n\t<tbody>\n\t\t<tr>\n\t\t\t<th>Est\u00e1gio Curricular Supervisionado<\/th>\n\t\t\t<th>400<\/th>\n\t\t<\/tr>\n\t\t<tr>\n\t\t\t<th>Carga Hor\u00e1ria Total Teo\u00f3rica<\/th>\n\t\t\t<th>2415<\/th>\n\t\t<\/tr>\n\t\t<tr>\n\t\t\t<th>Carga Hor\u00e1ria Total do Curso<\/th>\n\t\t\t<th>2815<\/th>\n\t\t<\/tr>\n\t<\/tbody>\n<\/table>\t\t<\/div>\n\t\t\t\t<\/div>\n\t\t\t\t\t<\/div>\n\t\t<\/div>\n\t\t\t\t\t<\/div>\n\t\t<\/div>\n\t\t\t\t<\/div>\n\t\t","protected":false},"excerpt":{"rendered":"<p>Perfil Profissional de Conclus\u00e3o Planejar, projetar, executar, inspecionar e instalar m\u00e1quinas e equipamentos eletromec\u00e2nicos; realizar usinagem e soldagem de pe\u00e7as; interpretar esquemas de montagem e desenhos t\u00e9cnicos; realizar montagem, manuten\u00e7\u00e3o e entrega t\u00e9cnica de m\u00e1quinas e equipamentos eletromec\u00e2nicos; realizar medi\u00e7\u00f5es, testes e calibra\u00e7\u00f5es de equipamentos eletromec\u00e2nicos; executar procedimentos de controle de qualidade e gest\u00e3o. Campo [&hellip;]<\/p>\n","protected":false},"author":296,"featured_media":0,"parent":0,"menu_order":0,"comment_status":"closed","ping_status":"closed","template":"","meta":{"footnotes":""},"categories":[],"tags":[],"class_list":["post-3745","page","type-page","status-publish","hentry"],"acf":[],"_links":{"self":[{"href":"https:\/\/www.ufsm.br\/unidades-universitarias\/ctism\/wp-json\/wp\/v2\/pages\/3745","targetHints":{"allow":["GET"]}}],"collection":[{"href":"https:\/\/www.ufsm.br\/unidades-universitarias\/ctism\/wp-json\/wp\/v2\/pages"}],"about":[{"href":"https:\/\/www.ufsm.br\/unidades-universitarias\/ctism\/wp-json\/wp\/v2\/types\/page"}],"author":[{"embeddable":true,"href":"https:\/\/www.ufsm.br\/unidades-universitarias\/ctism\/wp-json\/wp\/v2\/users\/296"}],"replies":[{"embeddable":true,"href":"https:\/\/www.ufsm.br\/unidades-universitarias\/ctism\/wp-json\/wp\/v2\/comments?post=3745"}],"version-history":[{"count":0,"href":"https:\/\/www.ufsm.br\/unidades-universitarias\/ctism\/wp-json\/wp\/v2\/pages\/3745\/revisions"}],"wp:attachment":[{"href":"https:\/\/www.ufsm.br\/unidades-universitarias\/ctism\/wp-json\/wp\/v2\/media?parent=3745"}],"wp:term":[{"taxonomy":"category","embeddable":true,"href":"https:\/\/www.ufsm.br\/unidades-universitarias\/ctism\/wp-json\/wp\/v2\/categories?post=3745"},{"taxonomy":"post_tag","embeddable":true,"href":"https:\/\/www.ufsm.br\/unidades-universitarias\/ctism\/wp-json\/wp\/v2\/tags?post=3745"}],"curies":[{"name":"wp","href":"https:\/\/api.w.org\/{rel}","templated":true}]}}