{"id":490,"date":"2018-09-14T13:57:56","date_gmt":"2018-09-14T16:57:56","guid":{"rendered":"https:\/\/www.ufsm.br\/unidades-universitarias\/ctism\/?page_id=490"},"modified":"2025-03-18T16:06:37","modified_gmt":"2025-03-18T19:06:37","slug":"biblioteca-setorial-bsctism","status":"publish","type":"page","link":"https:\/\/www.ufsm.br\/unidades-universitarias\/ctism\/biblioteca-setorial-bsctism","title":{"rendered":"Biblioteca Setorial (BSCTISM)"},"content":{"rendered":"\t\t<div data-elementor-type=\"wp-post\" data-elementor-id=\"490\" class=\"elementor elementor-490\">\n\t\t\t\t\t\t<section class=\"elementor-section elementor-top-section elementor-element elementor-element-21e0ab8f elementor-section-boxed elementor-section-height-default elementor-section-height-default\" data-id=\"21e0ab8f\" data-element_type=\"section\">\n\t\t\t\t\t\t<div class=\"elementor-container elementor-column-gap-default\">\n\t\t\t\t\t<div class=\"elementor-column elementor-col-100 elementor-top-column elementor-element elementor-element-fb65f00\" data-id=\"fb65f00\" data-element_type=\"column\">\n\t\t\t<div class=\"elementor-widget-wrap elementor-element-populated\">\n\t\t\t\t\t\t<div class=\"elementor-element elementor-element-55abd751 elementor-widget elementor-widget-text-editor\" data-id=\"55abd751\" data-element_type=\"widget\" data-widget_type=\"text-editor.default\">\n\t\t\t\t<div class=\"elementor-widget-container\">\n\t\t\t\t\t\t\t<p style=\"text-align: justify\"><span style=\"font-family: verdana, geneva, sans-serif\">A Biblioteca Setorial (Nara Suzana Boop) do\u00a0Col\u00e9gio T\u00e9cnico Industrial de Santa Maria iniciou suas atividades em 2010 (contando com um profissional da \u00e1rea de Biblioteconomia), sendo o seu acervo integrado ao sistema adotado pela Biblioteca Central da UFSM. Atualmente, a biblioteca do CTISM atende toda a comunidade escolar e acad\u00eamica no \u00e2mbito do Ensino, da Pesquisa e da Extens\u00e3o. O acervo dessa biblioteca cobre \u00e0s \u00e1reas do conhecimento de acordo com os cursos que s\u00e3o ofertados pelo CTISM, de modo a servir como material de apoio \u00e0s atividades desenvolvidas em sala de aula em todos os n\u00edveis de ensino: Ensino M\u00e9dio Integrado, Proeja, Cursos T\u00e9cnicos Subsequentes, Cursos Tecn\u00f3logos, Gradua\u00e7\u00e3o e de P\u00f3s-Gradua\u00e7\u00e3o.<\/span><\/p><p><strong><span style=\"font-family: verdana, geneva, sans-serif\">Servidores T\u00e9cnicos-administrativos em Educa\u00e7\u00e3o<\/span><\/strong><span style=\"font-family: verdana, geneva, sans-serif\"><br \/><\/span><\/p><p><span style=\"font-family: verdana, geneva, sans-serif\">Rejane Rataeski Moraes da Silva (Bibliotec\u00e1ria &#8211; Documentalista)<\/span><\/p><p><strong><span style=\"font-family: verdana, geneva, sans-serif\">Hor\u00e1rios de Atendimento<\/span><\/strong><\/p><p><span style=\"font-family: verdana, geneva, sans-serif\">Das 8h \u00e0s 12h e das 13h \u00e0s 21h<\/span><\/p><p><strong><span style=\"font-family: verdana, geneva, sans-serif\">Contato<\/span><\/strong><\/p><p><span style=\"font-family: verdana, geneva, sans-serif\">Telefone<\/span><br \/><span style=\"font-family: verdana, geneva, sans-serif\">(55) 3220-8485<\/span><\/p><p><span style=\"font-family: verdana, geneva, sans-serif\">Email<\/span><br \/>biblioteca@ctism.ufsm.br<\/p><p><a href=\"https:\/\/www.facebook.com\/bibliotecasetorialdoctism\/\"><span style=\"font-family: verdana, geneva, sans-serif\">Facebook<\/span><\/a><\/p>\t\t\t\t\t\t<\/div>\n\t\t\t\t<\/div>\n\t\t\t\t\t<\/div>\n\t\t<\/div>\n\t\t\t\t\t<\/div>\n\t\t<\/section>\n\t\t\t\t<section class=\"elementor-section elementor-top-section elementor-element elementor-element-3a3b7ac elementor-section-boxed elementor-section-height-default elementor-section-height-default\" data-id=\"3a3b7ac\" data-element_type=\"section\">\n\t\t\t\t\t\t<div class=\"elementor-container elementor-column-gap-default\">\n\t\t\t\t\t<div class=\"elementor-column elementor-col-100 elementor-top-column elementor-element elementor-element-c6c46a5\" data-id=\"c6c46a5\" data-element_type=\"column\">\n\t\t\t<div class=\"elementor-widget-wrap elementor-element-populated\">\n\t\t\t\t\t\t<div class=\"elementor-element elementor-element-0726b02 elementor-view-default elementor-position-top elementor-mobile-position-top elementor-widget elementor-widget-icon-box\" data-id=\"0726b02\" data-element_type=\"widget\" data-widget_type=\"icon-box.default\">\n\t\t\t\t<div class=\"elementor-widget-container\">\n\t\t\t\t\t<div class=\"elementor-icon-box-wrapper\">\n\n\t\t\t\t\t\t<div class=\"elementor-icon-box-icon\">\n\t\t\t\t<a href=\"https:\/\/plataforma.bvirtual.com.br\" class=\"elementor-icon elementor-animation-\" tabindex=\"-1\">\n\t\t\t\t<i aria-hidden=\"true\" class=\"fab fa-weixin\"><\/i>\t\t\t\t<\/a>\n\t\t\t<\/div>\n\t\t\t\n\t\t\t\t\t\t<div class=\"elementor-icon-box-content\">\n\n\t\t\t\t\t\t\t\t\t<h3 class=\"elementor-icon-box-title\">\n\t\t\t\t\t\t<a href=\"https:\/\/plataforma.bvirtual.com.br\" >\n\t\t\t\t\t\t\tBiblioteca Virtual Pearson\t\t\t\t\t\t<\/a>\n\t\t\t\t\t<\/h3>\n\t\t\t\t\n\t\t\t\t\t\t\t\t\t<p class=\"elementor-icon-box-description\">\n\t\t\t\t\t\t<p>Dispon\u00edvel para a comunidade UFSM gratuitamente, pelo per\u00edodo de 1 m\u00eas.<\/p>\n<p>Login: BV_UFSM@pearson.com<\/p>\n<p>Senha: @Pearson123\t\t\t\t\t<\/p>\n\t\t\t\t\n\t\t\t<\/div>\n\t\t\t\n\t\t<\/div>\n\t\t\t\t<\/div>\n\t\t\t\t<\/div>\n\t\t\t\t\t<\/div>\n\t\t<\/div>\n\t\t\t\t\t<\/div>\n\t\t<\/section>\n\t\t\t\t<section class=\"elementor-section elementor-top-section elementor-element elementor-element-4ef1382 elementor-section-boxed elementor-section-height-default elementor-section-height-default\" data-id=\"4ef1382\" data-element_type=\"section\">\n\t\t\t\t\t\t<div class=\"elementor-container elementor-column-gap-default\">\n\t\t\t\t\t<div class=\"elementor-column elementor-col-100 elementor-top-column elementor-element elementor-element-67b1576\" data-id=\"67b1576\" data-element_type=\"column\">\n\t\t\t<div class=\"elementor-widget-wrap elementor-element-populated\">\n\t\t\t\t\t\t<div class=\"elementor-element elementor-element-f833ba3 elementor-view-default elementor-position-top elementor-mobile-position-top elementor-widget elementor-widget-icon-box\" data-id=\"f833ba3\" data-element_type=\"widget\" data-widget_type=\"icon-box.default\">\n\t\t\t\t<div class=\"elementor-widget-container\">\n\t\t\t\t\t<div class=\"elementor-icon-box-wrapper\">\n\n\t\t\t\t\t\t<div class=\"elementor-icon-box-icon\">\n\t\t\t\t<a href=\"https:\/\/www.ufsm.br\/unidades-universitarias\/ctism\/wp-content\/uploads\/sites\/360\/2020\/03\/MANUAL-DE-BIBLIOTECAS-UFSM-1.pdf\" class=\"elementor-icon elementor-animation-\" tabindex=\"-1\">\n\t\t\t\t<i aria-hidden=\"true\" class=\"far fa-edit\"><\/i>\t\t\t\t<\/a>\n\t\t\t<\/div>\n\t\t\t\n\t\t\t\t\t\t<div class=\"elementor-icon-box-content\">\n\n\t\t\t\t\t\t\t\t\t<h3 class=\"elementor-icon-box-title\">\n\t\t\t\t\t\t<a href=\"https:\/\/www.ufsm.br\/unidades-universitarias\/ctism\/wp-content\/uploads\/sites\/360\/2020\/03\/MANUAL-DE-BIBLIOTECAS-UFSM-1.pdf\" >\n\t\t\t\t\t\t\tManual de Bibliotec\u00e1rios da UFSM\t\t\t\t\t\t<\/a>\n\t\t\t\t\t<\/h3>\n\t\t\t\t\n\t\t\t\t\t\t\t\t\t<p class=\"elementor-icon-box-description\">\n\t\t\t\t\t\tManual para acesso r\u00e1pido e uso das fontes de pesquisa e acervos digitais das bibliotecas da UFSM\t\t\t\t\t<\/p>\n\t\t\t\t\n\t\t\t<\/div>\n\t\t\t\n\t\t<\/div>\n\t\t\t\t<\/div>\n\t\t\t\t<\/div>\n\t\t\t\t\t<\/div>\n\t\t<\/div>\n\t\t\t\t\t<\/div>\n\t\t<\/section>\n\t\t\t\t<section class=\"elementor-section elementor-top-section elementor-element elementor-element-d6372b5 elementor-section-boxed elementor-section-height-default elementor-section-height-default\" data-id=\"d6372b5\" data-element_type=\"section\">\n\t\t\t\t\t\t<div class=\"elementor-container elementor-column-gap-default\">\n\t\t\t\t\t<div class=\"elementor-column elementor-col-100 elementor-top-column elementor-element elementor-element-4de227c\" data-id=\"4de227c\" data-element_type=\"column\">\n\t\t\t<div class=\"elementor-widget-wrap elementor-element-populated\">\n\t\t\t\t\t\t<div class=\"elementor-element elementor-element-eb55bcf elementor-view-default elementor-position-top elementor-mobile-position-top elementor-widget elementor-widget-icon-box\" data-id=\"eb55bcf\" data-element_type=\"widget\" data-widget_type=\"icon-box.default\">\n\t\t\t\t<div class=\"elementor-widget-container\">\n\t\t\t\t\t<div class=\"elementor-icon-box-wrapper\">\n\n\t\t\t\t\t\t<div class=\"elementor-icon-box-icon\">\n\t\t\t\t<a href=\"https:\/\/www.ufsm.br\/app\/uploads\/sites\/360\/2022\/06\/PlanodecontingenciaBSCTISM-1.pdf\" class=\"elementor-icon elementor-animation-\" tabindex=\"-1\">\n\t\t\t\t<i aria-hidden=\"true\" class=\"far fa-edit\"><\/i>\t\t\t\t<\/a>\n\t\t\t<\/div>\n\t\t\t\n\t\t\t\t\t\t<div class=\"elementor-icon-box-content\">\n\n\t\t\t\t\t\t\t\t\t<h3 class=\"elementor-icon-box-title\">\n\t\t\t\t\t\t<a href=\"https:\/\/www.ufsm.br\/app\/uploads\/sites\/360\/2022\/06\/PlanodecontingenciaBSCTISM-1.pdf\" >\n\t\t\t\t\t\t\tPlano de Conting\u00eancia da Biblioteca Setorial do CTISM\t\t\t\t\t\t<\/a>\n\t\t\t\t\t<\/h3>\n\t\t\t\t\n\t\t\t\t\n\t\t\t<\/div>\n\t\t\t\n\t\t<\/div>\n\t\t\t\t<\/div>\n\t\t\t\t<\/div>\n\t\t\t\t\t<\/div>\n\t\t<\/div>\n\t\t\t\t\t<\/div>\n\t\t<\/section>\n\t\t\t\t<section class=\"elementor-section elementor-top-section elementor-element elementor-element-789e101 elementor-section-boxed elementor-section-height-default elementor-section-height-default\" data-id=\"789e101\" data-element_type=\"section\">\n\t\t\t\t\t\t<div class=\"elementor-container elementor-column-gap-default\">\n\t\t\t\t\t<div class=\"elementor-column elementor-col-100 elementor-top-column elementor-element elementor-element-84a2ba3\" data-id=\"84a2ba3\" data-element_type=\"column\">\n\t\t\t<div class=\"elementor-widget-wrap elementor-element-populated\">\n\t\t\t\t\t\t<div class=\"elementor-element elementor-element-b8c4ac2 elementor-widget elementor-widget-image\" data-id=\"b8c4ac2\" data-element_type=\"widget\" data-widget_type=\"image.default\">\n\t\t\t\t<div class=\"elementor-widget-container\">\n\t\t\t\t\t\t\t\t\t\t\t\t\t<img fetchpriority=\"high\" decoding=\"async\" width=\"1024\" height=\"498\" src=\"https:\/\/www.ufsm.br\/app\/uploads\/sites\/360\/2024\/08\/CTISM-Informatica-para-Internet-10-1024x498.jpg\" class=\"attachment-large size-large wp-image-9825\" alt=\"\" srcset=\"https:\/\/www.ufsm.br\/app\/uploads\/sites\/360\/2024\/08\/CTISM-Informatica-para-Internet-10-1024x498.jpg 1024w, https:\/\/www.ufsm.br\/app\/uploads\/sites\/360\/2024\/08\/CTISM-Informatica-para-Internet-10-300x146.jpg 300w, https:\/\/www.ufsm.br\/app\/uploads\/sites\/360\/2024\/08\/CTISM-Informatica-para-Internet-10-768x373.jpg 768w, https:\/\/www.ufsm.br\/app\/uploads\/sites\/360\/2024\/08\/CTISM-Informatica-para-Internet-10.jpg 1280w\" sizes=\"(max-width: 1024px) 100vw, 1024px\" \/>\t\t\t\t\t\t\t\t\t\t\t\t\t<\/div>\n\t\t\t\t<\/div>\n\t\t\t\t\t<\/div>\n\t\t<\/div>\n\t\t\t\t\t<\/div>\n\t\t<\/section>\n\t\t\t\t<\/div>\n\t\t","protected":false},"excerpt":{"rendered":"<p>A Biblioteca Setorial (Nara Suzana Boop) do\u00a0Col\u00e9gio T\u00e9cnico Industrial de Santa Maria iniciou suas atividades em 2010 (contando com um profissional da \u00e1rea de Biblioteconomia), sendo o seu acervo integrado ao sistema adotado pela Biblioteca Central da UFSM. Atualmente, a biblioteca do CTISM atende toda a comunidade escolar e acad\u00eamica no \u00e2mbito do Ensino, da [&hellip;]<\/p>\n","protected":false},"author":115,"featured_media":0,"parent":0,"menu_order":0,"comment_status":"closed","ping_status":"closed","template":"","meta":{"footnotes":""},"categories":[],"tags":[],"class_list":["post-490","page","type-page","status-publish","hentry"],"acf":[],"_links":{"self":[{"href":"https:\/\/www.ufsm.br\/unidades-universitarias\/ctism\/wp-json\/wp\/v2\/pages\/490","targetHints":{"allow":["GET"]}}],"collection":[{"href":"https:\/\/www.ufsm.br\/unidades-universitarias\/ctism\/wp-json\/wp\/v2\/pages"}],"about":[{"href":"https:\/\/www.ufsm.br\/unidades-universitarias\/ctism\/wp-json\/wp\/v2\/types\/page"}],"author":[{"embeddable":true,"href":"https:\/\/www.ufsm.br\/unidades-universitarias\/ctism\/wp-json\/wp\/v2\/users\/115"}],"replies":[{"embeddable":true,"href":"https:\/\/www.ufsm.br\/unidades-universitarias\/ctism\/wp-json\/wp\/v2\/comments?post=490"}],"version-history":[{"count":0,"href":"https:\/\/www.ufsm.br\/unidades-universitarias\/ctism\/wp-json\/wp\/v2\/pages\/490\/revisions"}],"wp:attachment":[{"href":"https:\/\/www.ufsm.br\/unidades-universitarias\/ctism\/wp-json\/wp\/v2\/media?parent=490"}],"wp:term":[{"taxonomy":"category","embeddable":true,"href":"https:\/\/www.ufsm.br\/unidades-universitarias\/ctism\/wp-json\/wp\/v2\/categories?post=490"},{"taxonomy":"post_tag","embeddable":true,"href":"https:\/\/www.ufsm.br\/unidades-universitarias\/ctism\/wp-json\/wp\/v2\/tags?post=490"}],"curies":[{"name":"wp","href":"https:\/\/api.w.org\/{rel}","templated":true}]}}