{"id":501,"date":"2018-09-14T14:28:44","date_gmt":"2018-09-14T17:28:44","guid":{"rendered":"https:\/\/www.ufsm.br\/unidades-universitarias\/ctism\/?page_id=501"},"modified":"2025-08-28T15:53:28","modified_gmt":"2025-08-28T18:53:28","slug":"cursos-tecnicos","status":"publish","type":"page","link":"https:\/\/www.ufsm.br\/unidades-universitarias\/ctism\/cursos-tecnicos","title":{"rendered":"Cursos T\u00e9cnicos"},"content":{"rendered":"\t\t<div data-elementor-type=\"wp-post\" data-elementor-id=\"501\" class=\"elementor elementor-501\">\n\t\t\t\t\t\t<section class=\"elementor-section elementor-top-section elementor-element elementor-element-52867bd elementor-section-boxed elementor-section-height-default elementor-section-height-default\" data-id=\"52867bd\" data-element_type=\"section\">\n\t\t\t\t\t\t<div class=\"elementor-container elementor-column-gap-default\">\n\t\t\t\t\t<div class=\"elementor-column elementor-col-100 elementor-top-column elementor-element elementor-element-973f42d\" data-id=\"973f42d\" data-element_type=\"column\">\n\t\t\t<div class=\"elementor-widget-wrap elementor-element-populated\">\n\t\t\t\t\t\t<div class=\"elementor-element elementor-element-af25392 elementor-widget elementor-widget-text-editor\" data-id=\"af25392\" data-element_type=\"widget\" data-widget_type=\"text-editor.default\">\n\t\t\t\t<div class=\"elementor-widget-container\">\n\t\t\t\t\t\t\t<p><span style=\"font-family: Arial, serif\"><span style=\"font-size: medium\">S\u00e3o cursos que objetivam capacitar o estudante com conhecimento humano e tecnol\u00f3gico, preparando os discentes para a atua\u00e7\u00e3o profissional.<\/span><\/span><\/p><p><strong>Todos os cursos s\u00e3o gratuitos.<\/strong><\/p>\t\t\t\t\t\t<\/div>\n\t\t\t\t<\/div>\n\t\t\t\t\t<\/div>\n\t\t<\/div>\n\t\t\t\t\t<\/div>\n\t\t<\/section>\n\t\t\t\t<section class=\"elementor-section elementor-top-section elementor-element elementor-element-577af13 elementor-section-boxed elementor-section-height-default elementor-section-height-default\" data-id=\"577af13\" data-element_type=\"section\">\n\t\t\t\t\t\t<div class=\"elementor-container elementor-column-gap-default\">\n\t\t\t\t\t<div class=\"elementor-column elementor-col-100 elementor-top-column elementor-element elementor-element-7a61372\" data-id=\"7a61372\" data-element_type=\"column\">\n\t\t\t<div class=\"elementor-widget-wrap elementor-element-populated\">\n\t\t\t\t\t\t<div class=\"elementor-element elementor-element-783372f elementor-widget elementor-widget-heading\" data-id=\"783372f\" data-element_type=\"widget\" data-widget_type=\"heading.default\">\n\t\t\t\t<div class=\"elementor-widget-container\">\n\t\t\t<h5 class=\"elementor-heading-title elementor-size-default\">Cursos T\u00e9cnicos Integrados ao Ensino M\u00e9dio - Diurnos<\/h5>\t\t<\/div>\n\t\t\t\t<\/div>\n\t\t\t\t<div class=\"elementor-element elementor-element-362e6b2 elementor-widget elementor-widget-text-editor\" data-id=\"362e6b2\" data-element_type=\"widget\" data-widget_type=\"text-editor.default\">\n\t\t\t\t<div class=\"elementor-widget-container\">\n\t\t\t\t\t\t\t<p>O CTISM possui quatro <strong>Cursos T\u00e9cnicos integrados ao Ensino M\u00e9dio<\/strong>\u00a0voltados a quem deseja realizar sua forma\u00e7\u00e3o profissional de forma simult\u00e2nea ao Ensino M\u00e9dio. Os cursos s\u00e3o diurnos (manh\u00e3 e tarde), possuem tr\u00eas anos de dura\u00e7\u00e3o e s\u00e3o destinados aos estudantes que conclu\u00edram o ensino fundamental.<\/p>\t\t\t\t\t\t<\/div>\n\t\t\t\t<\/div>\n\t\t\t\t<div class=\"elementor-element elementor-element-27b0c24 elementor-widget elementor-widget-text-editor\" data-id=\"27b0c24\" data-element_type=\"widget\" data-widget_type=\"text-editor.default\">\n\t\t\t\t<div class=\"elementor-widget-container\">\n\t\t\t\t\t\t\t<table class=\"table table-striped table-condensed table-responsive\"><thead><tr><th>Curso<\/th><th>Turno<\/th><th>Coordenador(a)<\/th><th>Substituto(a)<\/th><th style=\"width: 5%\">Email<\/th><\/tr><\/thead><tbody><tr><td><a href=\"https:\/\/www.ufsm.br\/cursos\/medio\/santa-maria\/eletrotecnica-integrado\/\" target=\"_blank\" rel=\"noopener\">T\u00e9cnico em Eletrot\u00e9cnica<\/a><\/td><td>Manh\u00e3\/Tarde<\/td><td>Thiago Cattani Naidon<\/td><td>Fernando Guilherme Kaehler Guarda<\/td><td><a href=\"mailto:@ctism.ufsm.br\">eletrotecnica.integrado@ctism.ufsm.br<\/a><\/td><\/tr><tr><td><a href=\"https:\/\/www.ufsm.br\/cursos\/medio\/santa-maria\/informatica-para-internet-integrado\/\" target=\"_blank\" rel=\"noopener\">T\u00e9cnico em Inform\u00e1tica para Internet<\/a><\/td><td>Manh\u00e3\/Tarde<\/td><td>Rafael Teod\u00f3sio Pereira<\/td><td>Melina de Azevedo Mello<\/td><td><a href=\"mailto:informatica.integrado@ctism.ufsm.br\">informatica.integrado@ctism.ufsm.br<\/a><\/td><\/tr><tr><td><a href=\"https:\/\/www.ufsm.br\/cursos\/medio\/santa-maria\/internet-das-coisas-integrado\" target=\"_blank\" rel=\"noopener\">T\u00e9cnico em Internet das Coisas<\/a><\/td><td>Manh\u00e3\/Tarde<\/td><td>Luciana Lourega<\/td><td>Lucas Teixeira<\/td><td><a href=\"mailto:internetdascoisas.integrado@ctism.ufsm.br\">internetdascoisas.integrado@ctism.ufsm.br<\/a><\/td><\/tr><tr><td><a href=\"https:\/\/www.ufsm.br\/cursos\/medio\/santa-maria\/mecanica-integrado\/\" target=\"_blank\" rel=\"noopener\">T\u00e9cnico em Mec\u00e2nica<\/a><\/td><td>Manh\u00e3\/Tarde<\/td><td>Marco Aurelio Garcia Bandeira<\/td><td>Viviane Terezinha Sebalhos Dal Molin<\/td><td><a href=\"mailto:mecanica.integrado@ctism.ufsm.br\">mecanica.integrado@ctism.ufsm.br<\/a><\/td><\/tr><\/tbody><\/table>\t\t\t\t\t\t<\/div>\n\t\t\t\t<\/div>\n\t\t\t\t<div class=\"elementor-element elementor-element-3d2e7aa elementor-widget elementor-widget-spacer\" data-id=\"3d2e7aa\" data-element_type=\"widget\" data-widget_type=\"spacer.default\">\n\t\t\t\t<div class=\"elementor-widget-container\">\n\t\t\t\t\t<div class=\"elementor-spacer\">\n\t\t\t<div class=\"elementor-spacer-inner\"><\/div>\n\t\t<\/div>\n\t\t\t\t<\/div>\n\t\t\t\t<\/div>\n\t\t\t\t<div class=\"elementor-element elementor-element-cb70469 elementor-widget elementor-widget-heading\" data-id=\"cb70469\" data-element_type=\"widget\" data-widget_type=\"heading.default\">\n\t\t\t\t<div class=\"elementor-widget-container\">\n\t\t\t<h5 class=\"elementor-heading-title elementor-size-default\">Curso T\u00e9cnico Integrado ao Ensino M\u00e9dio (PROEJA\/EJA-EPT) - Noturno<\/h5>\t\t<\/div>\n\t\t\t\t<\/div>\n\t\t\t\t<div class=\"elementor-element elementor-element-f7d13b6 elementor-widget elementor-widget-text-editor\" data-id=\"f7d13b6\" data-element_type=\"widget\" data-widget_type=\"text-editor.default\">\n\t\t\t\t<div class=\"elementor-widget-container\">\n\t\t\t\t\t\t\t<p><span style=\"color: #000000;font-size: 16px\">O CTISM possui a oferta do curso\u00a0<\/span><span style=\"font-weight: bolder;color: #000000;font-size: 16px\">T\u00e9cnico em Eletromec\u00e2nica integrado ao Ensino M\u00e9dio na modalidade de Educa\u00e7\u00e3o de Jovens e Adultos (PROEJA\/EJA-EPT)<\/span><span style=\"color: #000000;font-size: 16px\">. O curso \u00e9 noturno, possui tr\u00eas anos de dura\u00e7\u00e3o e \u00e9 destinado aos estudantes que conclu\u00edram o ensino fundamental e possuem mais de 18 anos.<\/span><\/p>\t\t\t\t\t\t<\/div>\n\t\t\t\t<\/div>\n\t\t\t\t<div class=\"elementor-element elementor-element-648ccd1 elementor-widget elementor-widget-text-editor\" data-id=\"648ccd1\" data-element_type=\"widget\" data-widget_type=\"text-editor.default\">\n\t\t\t\t<div class=\"elementor-widget-container\">\n\t\t\t\t\t\t\t<table class=\"table table-striped table-condensed table-responsive\"><thead><tr><th>Curso<\/th><th>Turno<\/th><th>Coordenador(a)<\/th><th>Substituto(a)<\/th><th style=\"width: 5%\">Email<\/th><\/tr><\/thead><tbody><tr><td><a href=\"https:\/\/www.ufsm.br\/cursos\/medio\/santa-maria\/eletromecanica-proeja\/\">T\u00e9cnico em Eletromec\u00e2nica (EJA-EPT)<\/a><\/td><td>Noite<\/td><td>Gisele Jacques Holzschuh<\/td><td>S\u00e9rgio Adalberto Pavani<\/td><td><a class=\"notranslate\" href=\"mailto:eletromecanica.proeja@ctism.ufsm.br\">eletromecanica.proeja@ctism.ufsm.br<\/a><\/td><\/tr><\/tbody><\/table>\t\t\t\t\t\t<\/div>\n\t\t\t\t<\/div>\n\t\t\t\t<div class=\"elementor-element elementor-element-57cf057 elementor-widget elementor-widget-spacer\" data-id=\"57cf057\" data-element_type=\"widget\" data-widget_type=\"spacer.default\">\n\t\t\t\t<div class=\"elementor-widget-container\">\n\t\t\t\t\t<div class=\"elementor-spacer\">\n\t\t\t<div class=\"elementor-spacer-inner\"><\/div>\n\t\t<\/div>\n\t\t\t\t<\/div>\n\t\t\t\t<\/div>\n\t\t\t\t<div class=\"elementor-element elementor-element-bebb07a elementor-widget elementor-widget-heading\" data-id=\"bebb07a\" data-element_type=\"widget\" data-widget_type=\"heading.default\">\n\t\t\t\t<div class=\"elementor-widget-container\">\n\t\t\t<h5 class=\"elementor-heading-title elementor-size-default\">Curso T\u00e9cnico Subsequente ao Ensino M\u00e9dio - Noturnos<\/h5>\t\t<\/div>\n\t\t\t\t<\/div>\n\t\t\t\t<div class=\"elementor-element elementor-element-93ea801 elementor-widget elementor-widget-text-editor\" data-id=\"93ea801\" data-element_type=\"widget\" data-widget_type=\"text-editor.default\">\n\t\t\t\t<div class=\"elementor-widget-container\">\n\t\t\t\t\t\t\t<p>Para quem j\u00e1 concluiu o Ensino M\u00e9dio, o CTISM oferta sete\u00a0<strong>Cursos T\u00e9cnicos Subsequentes ao Ensino M\u00e9dio (p\u00f3s-m\u00e9dio)<\/strong>. Os cursos s\u00e3o noturnos, presenciais e com dura\u00e7\u00e3o de dois anos.<\/p>\t\t\t\t\t\t<\/div>\n\t\t\t\t<\/div>\n\t\t\t\t<div class=\"elementor-element elementor-element-752a0a3 elementor-widget elementor-widget-html\" data-id=\"752a0a3\" data-element_type=\"widget\" data-widget_type=\"html.default\">\n\t\t\t\t<div class=\"elementor-widget-container\">\n\t\t\t<table class=\"table table-striped table-condensed table-responsive\">\n\t<thead>\n\t\t\t<tr>\n\t\t\t\t<th>Curso<\/th>\n\t\t\t\t<th>Turno<\/th>\n\t\t\t\t<th>Coordenador(a)<\/th>\n\t\t\t\t<th>Substituto(a)<\/th>\n\t\t\t\t<th style=\"width: 5%\">Email<\/th>\n\t\t\t<\/tr>\n\t<\/thead>\n\t<tbody>\n\t\t\t<tr>\n\t\t\t\t<td>\n\t\t\t\t\t<a href=\"https:\/\/www.ufsm.br\/cursos\/tecnico\/santa-maria\/automacao-industrial\/\" target=\"_blank\" rel=\"noopener\">T\u00e9cnico em Automa\u00e7\u00e3o Industrial<\/a>\n\t\t\t\t<\/td>\n\t\t\t\t<td>Noite<\/td>\n\t\t\t\t<td>Leandro Roggia<\/td>\n\t\t\t\t<td>Claiton Pereira Colvero<\/td>\n\t\t\t\t<td>\n\t\t\t\t\t<a href=\"mailto:automacao@ctism.ufsm.br\">automacao@ctism.ufsm.br<\/a>\n\t\t\t\t<\/td>\n\t\t\t<\/tr>\n\t\t\t<tr>\n\t\t\t\t<td>\n\t\t\t\t\t<a href=\"https:\/\/www.ufsm.br\/cursos\/tecnico\/santa-maria\/eletromecanica\/\" target=\"_blank\" rel=\"noopener\">T\u00e9cnico em Eletromec\u00e2nica<a>\n\t\t\t\t<\/td>\n\t\t\t\t<td>Noite<\/td>\n\t\t\t\t<td>Frank Gonzatti<\/td>\n\t\t\t\t<td>Marcos Daniel Zancan<\/td>\n\t\t\t\t<td>\n\t\t\t\t\t<a href=\"mailto:eletromecanica@ctism.ufsm.br\">eletromecanica@ctism.ufsm.br<\/a>\n\t\t\t\t<\/td>\n\t\t\t<\/tr>\n\t\t\t<tr>\n\t\t\t\t<td>\n\t\t\t\t\t<a href=\"https:\/\/www.ufsm.br\/cursos\/tecnico\/santa-maria\/eletronica\/\" target=\"_blank\" rel=\"noopener\">T\u00e9cnico em Eletr\u00f4nica<\/a>\n\t\t\t\t<\/td>\n\t\t\t\t<td>Noite<\/td>\n\t\t\t\t<td>\u00c1lysson Raniere Seidel<\/td>\n\t\t\t\t<td>Erika Goellner<\/td>\n\t\t\t\t<td>\n\t\t\t\t\t<a href=\"mailto:eletronica@ctism.ufsm.br\">eletronica@ctism.ufsm.br<\/a>\n\t\t\t\t<\/td>\n\t\t\t<\/tr>\n\t\t\t<tr>\n\t\t\t\t<td>\n\t\t\t\t\t<a href=\"https:\/\/www.ufsm.br\/cursos\/tecnico\/santa-maria\/eletrotecnica\/\" target=\"_blank\" rel=\"noopener\">T\u00e9cnico em Eletrot\u00e9cnica<\/a>\n\t\t\t\t<\/td>\n\t\t\t\t<td>Noite<\/td>\n\t\t\t\t<td>Adriano Peres de Moraes<\/td>\n\t\t\t\t<td>Mateus Felzke Schonardie<\/td>\n\t\t\t\t<td>\n\t\t\t\t\t<a href=\"mailto:eletrotecnica.subsequente@ctism.ufsm.br\">eletrotecnica.subsequente@ctism.ufsm.br<\/a>\n\t\t\t\t<\/td>\n\t\t\t<\/tr>\n\t\t\t<tr>\n\t\t\t\t<td>\n\t\t\t\t\t<a href=\"https:\/\/www.ufsm.br\/cursos\/tecnico\/santa-maria\/mecanica\/\" target=\"_blank\" rel=\"noopener\">T\u00e9cnico em Mec\u00e2nica<\/a>\n\t\t\t\t<\/td>\n\t\t\t\t<td>Noite<\/td>\n\t\t\t\t<td>Miguel Guilherme Antonello<\/td>\n\t\t\t\t<td>Mauro Tavares Menegas<\/td>\n\t\t\t\t<td>\n\t\t\t\t\t<a href=\"mailto:mecanica.subsequente@ctism.ufsm.br\">mecanica.subsequente@ctism.ufsm.br<\/a>\n\t\t\t\t<\/td>\n\t\t\t<\/tr>\n\t\t\t<tr>\n\t\t\t\t<td>\n\t\t\t\t\t<a href=\"https:\/\/www.ufsm.br\/cursos\/tecnico\/santa-maria\/seguranca-do-trabalho\/\" target=\"_blank\" rel=\"noopener\">T\u00e9cnico em Seguran\u00e7a do Trabalho<\/a>\n\t\t\t\t<\/td>\n\t\t\t\t<td>Noite<\/td>\n\t\t\t\t<td>Leandro Silveira Ferreira<\/td>\n\t\t\t\t<td>Neverton Hofstadler Peixoto<\/td>\n\t\t\t\t<td>\n\t\t\t\t\t<a href=\"mailto:seguranca.subsequente@ctism.ufsm.br\">seguranca.subsequente@ctism.ufsm.br<\/a>\n\t\t\t\t<\/td>\n\t\t\t<\/tr>\n\t\t\t<tr>\n\t\t\t\t<td>\n\t\t\t\t\t<a href=\"https:\/\/www.ufsm.br\/cursos\/tecnico\/santa-maria\/soldagem\/\" target=\"_blank\" rel=\"noopener\">T\u00e9cnico em Soldagem<\/a>\n\t\t\t\t<\/td>\n\t\t\t\t<td>Noite<\/td>\n\t\t\t\t<td>Valdir B\u00f3lico Ara\u00fajo<\/td>\n\t\t\t\t<td>Rom\u00e1rio Maur\u00edcio Urbanetto Nogueira<\/td>\n\t\t\t\t<td>\n\t\t\t\t\t<a href=\"mailto:soldagem@ctism.ufsm.br\">soldagem@ctism.ufsm.br<\/a>\n\t\t\t\t<\/td>\n\t\t\t<\/tr>\n\t<\/tbody>\n<\/table>\t\t<\/div>\n\t\t\t\t<\/div>\n\t\t\t\t\t<\/div>\n\t\t<\/div>\n\t\t\t\t\t<\/div>\n\t\t<\/section>\n\t\t\t\t<\/div>\n\t\t","protected":false},"excerpt":{"rendered":"<p>S\u00e3o cursos que objetivam capacitar o estudante com conhecimento humano e tecnol\u00f3gico, preparando os discentes para a atua\u00e7\u00e3o profissional. Todos os cursos s\u00e3o gratuitos. Cursos T\u00e9cnicos Integrados ao Ensino M\u00e9dio &#8211; Diurnos O CTISM possui quatro Cursos T\u00e9cnicos integrados ao Ensino M\u00e9dio\u00a0voltados a quem deseja realizar sua forma\u00e7\u00e3o profissional de forma simult\u00e2nea ao Ensino M\u00e9dio. [&hellip;]<\/p>\n","protected":false},"author":115,"featured_media":0,"parent":0,"menu_order":0,"comment_status":"closed","ping_status":"closed","template":"","meta":{"footnotes":""},"categories":[],"tags":[],"class_list":["post-501","page","type-page","status-publish","hentry"],"acf":[],"_links":{"self":[{"href":"https:\/\/www.ufsm.br\/unidades-universitarias\/ctism\/wp-json\/wp\/v2\/pages\/501","targetHints":{"allow":["GET"]}}],"collection":[{"href":"https:\/\/www.ufsm.br\/unidades-universitarias\/ctism\/wp-json\/wp\/v2\/pages"}],"about":[{"href":"https:\/\/www.ufsm.br\/unidades-universitarias\/ctism\/wp-json\/wp\/v2\/types\/page"}],"author":[{"embeddable":true,"href":"https:\/\/www.ufsm.br\/unidades-universitarias\/ctism\/wp-json\/wp\/v2\/users\/115"}],"replies":[{"embeddable":true,"href":"https:\/\/www.ufsm.br\/unidades-universitarias\/ctism\/wp-json\/wp\/v2\/comments?post=501"}],"version-history":[{"count":0,"href":"https:\/\/www.ufsm.br\/unidades-universitarias\/ctism\/wp-json\/wp\/v2\/pages\/501\/revisions"}],"wp:attachment":[{"href":"https:\/\/www.ufsm.br\/unidades-universitarias\/ctism\/wp-json\/wp\/v2\/media?parent=501"}],"wp:term":[{"taxonomy":"category","embeddable":true,"href":"https:\/\/www.ufsm.br\/unidades-universitarias\/ctism\/wp-json\/wp\/v2\/categories?post=501"},{"taxonomy":"post_tag","embeddable":true,"href":"https:\/\/www.ufsm.br\/unidades-universitarias\/ctism\/wp-json\/wp\/v2\/tags?post=501"}],"curies":[{"name":"wp","href":"https:\/\/api.w.org\/{rel}","templated":true}]}}