{"id":5046,"date":"2019-11-08T09:57:25","date_gmt":"2019-11-08T12:57:25","guid":{"rendered":"https:\/\/www.ufsm.br\/unidades-universitarias\/ctism\/?page_id=5046"},"modified":"2019-11-08T09:57:26","modified_gmt":"2019-11-08T12:57:26","slug":"clube-de-foguetes","status":"publish","type":"page","link":"https:\/\/www.ufsm.br\/unidades-universitarias\/ctism\/clube-de-foguetes","title":{"rendered":"Clube de Foguetes"},"content":{"rendered":"\n<p style=\"text-align: justify\">O <strong>Clube de Foguetes<\/strong> \u00e9 um projeto de Ensino, criado em 2018, com objetivo despertar interesse de alunos do Ensino M\u00e9dio por \u00e1reas como \u00a0F\u00edsica, Qu\u00edmica, Engenharia Aeroespacial e Astronomia, de forma l\u00fadica e cooperativa.<\/p>\n<p>\u00a0<\/p>\n\n\n\n<div class=\"wp-block-image\"><figure class=\"alignleft is-resized\"><img fetchpriority=\"high\" decoding=\"async\" src=\"https:\/\/www.ufsm.br\/unidades-universitarias\/ctism\/wp-content\/uploads\/sites\/360\/2019\/11\/FOTO_1-1-1024x768.jpg\" alt=\"\" class=\"wp-image-5049\" width=\"493\" height=\"370\" srcset=\"https:\/\/www.ufsm.br\/app\/uploads\/sites\/360\/2019\/11\/FOTO_1-1-1024x768.jpg 1024w, https:\/\/www.ufsm.br\/app\/uploads\/sites\/360\/2019\/11\/FOTO_1-1-300x225.jpg 300w, https:\/\/www.ufsm.br\/app\/uploads\/sites\/360\/2019\/11\/FOTO_1-1-768x576.jpg 768w, https:\/\/www.ufsm.br\/app\/uploads\/sites\/360\/2019\/11\/FOTO_1-1.jpg 1600w\" sizes=\"(max-width: 493px) 100vw, 493px\" \/><\/figure><\/div>\n\n\n\n<figure class=\"wp-block-image is-resized\"><img decoding=\"async\" src=\"https:\/\/www.ufsm.br\/unidades-universitarias\/ctism\/wp-content\/uploads\/sites\/360\/2019\/11\/FOTO_2.jpg\" alt=\"\" class=\"wp-image-5048\" width=\"610\" height=\"372\" srcset=\"https:\/\/www.ufsm.br\/app\/uploads\/sites\/360\/2019\/11\/FOTO_2.jpg 944w, https:\/\/www.ufsm.br\/app\/uploads\/sites\/360\/2019\/11\/FOTO_2-300x183.jpg 300w, https:\/\/www.ufsm.br\/app\/uploads\/sites\/360\/2019\/11\/FOTO_2-768x469.jpg 768w\" sizes=\"(max-width: 610px) 100vw, 610px\" \/><\/figure>\n\n\n\n<p>\u00a0<\/p>\n<p style=\"text-align: justify\">O projeto multidisciplinar tamb\u00e9m capacita estudantes interessados em participar da Mostra Brasileira de Foguetes (MOBFOG), que \u00e9 uma olimp\u00edada anual e inteiramente experimental, que consiste em construir e lan\u00e7ar, obliquamente, foguetes de garrafa PET, a partir de uma base de lan\u00e7amento, o mais distante poss\u00edvel. Os melhores lan\u00e7amentos da MOBFOG se classificam para a Jornada de Foguetes, uma competi\u00e7\u00e3o nacional, promovida anualmente pela AEB (Ag\u00eancia Espacial Brasileira) e pela SAB (Sociedade Astron\u00f4mica Brasileira) em Barra do Pira\u00ed\/RJ.\u00a0<\/p>\n<p>\u00a0<\/p>\n\n\n\n<div style=\"width: 848px;\" class=\"wp-video\"><video class=\"wp-video-shortcode\" id=\"video-5046-1\" width=\"848\" height=\"480\" preload=\"metadata\" controls=\"controls\"><source type=\"video\/mp4\" src=\"https:\/\/www.ufsm.br\/unidades-universitarias\/ctism\/wp-content\/uploads\/sites\/360\/2019\/11\/VIDEO.mp4?_=1\" \/><a href=\"https:\/\/www.ufsm.br\/unidades-universitarias\/ctism\/wp-content\/uploads\/sites\/360\/2019\/11\/VIDEO.mp4\">https:\/\/www.ufsm.br\/unidades-universitarias\/ctism\/wp-content\/uploads\/sites\/360\/2019\/11\/VIDEO.mp4<\/a><\/video><\/div>\n<p><em>Equipe do Ctism na Jornada de Foguetes de 2018, Barra do Pira\u00ed\/RJ.<\/em><\/p>\n\n\n\n\n\n<p>O projeto \u00e9 coordenado pela professora de F\u00edsica Lairane Rekovvsky (<a href=\"mailto:lairanereko@gmail.com\">lairanereko@gmail.com<\/a>).<\/p>\n<p>Mais informa\u00e7\u00f5es sobre a MOBFOG e a Jornada de Foguetes em <a href=\"http:\/\/www.oba.org.br\/\">http:\/\/www.oba.org.br.<\/a><\/p>\n","protected":false},"excerpt":{"rendered":"<p>O Clube de Foguetes \u00e9 um projeto de Ensino, criado em 2018, com objetivo despertar interesse de alunos do Ensino M\u00e9dio por \u00e1reas como \u00a0F\u00edsica, Qu\u00edmica, Engenharia Aeroespacial e Astronomia, de forma l\u00fadica e cooperativa. \u00a0 \u00a0 O projeto multidisciplinar tamb\u00e9m capacita estudantes interessados em participar da Mostra Brasileira de Foguetes (MOBFOG), que \u00e9 uma [&hellip;]<\/p>\n","protected":false},"author":730,"featured_media":0,"parent":0,"menu_order":0,"comment_status":"closed","ping_status":"closed","template":"","meta":{"footnotes":""},"categories":[],"tags":[],"class_list":["post-5046","page","type-page","status-publish","hentry"],"acf":[],"_links":{"self":[{"href":"https:\/\/www.ufsm.br\/unidades-universitarias\/ctism\/wp-json\/wp\/v2\/pages\/5046","targetHints":{"allow":["GET"]}}],"collection":[{"href":"https:\/\/www.ufsm.br\/unidades-universitarias\/ctism\/wp-json\/wp\/v2\/pages"}],"about":[{"href":"https:\/\/www.ufsm.br\/unidades-universitarias\/ctism\/wp-json\/wp\/v2\/types\/page"}],"author":[{"embeddable":true,"href":"https:\/\/www.ufsm.br\/unidades-universitarias\/ctism\/wp-json\/wp\/v2\/users\/730"}],"replies":[{"embeddable":true,"href":"https:\/\/www.ufsm.br\/unidades-universitarias\/ctism\/wp-json\/wp\/v2\/comments?post=5046"}],"version-history":[{"count":0,"href":"https:\/\/www.ufsm.br\/unidades-universitarias\/ctism\/wp-json\/wp\/v2\/pages\/5046\/revisions"}],"wp:attachment":[{"href":"https:\/\/www.ufsm.br\/unidades-universitarias\/ctism\/wp-json\/wp\/v2\/media?parent=5046"}],"wp:term":[{"taxonomy":"category","embeddable":true,"href":"https:\/\/www.ufsm.br\/unidades-universitarias\/ctism\/wp-json\/wp\/v2\/categories?post=5046"},{"taxonomy":"post_tag","embeddable":true,"href":"https:\/\/www.ufsm.br\/unidades-universitarias\/ctism\/wp-json\/wp\/v2\/tags?post=5046"}],"curies":[{"name":"wp","href":"https:\/\/api.w.org\/{rel}","templated":true}]}}