{"id":5408,"date":"2020-06-23T11:36:50","date_gmt":"2020-06-23T14:36:50","guid":{"rendered":"https:\/\/www.ufsm.br\/unidades-universitarias\/ctism\/?page_id=5408"},"modified":"2022-07-11T11:33:10","modified_gmt":"2022-07-11T14:33:10","slug":"laboratorio-de-informatica-ii","status":"publish","type":"page","link":"https:\/\/www.ufsm.br\/unidades-universitarias\/ctism\/laboratorio-de-informatica-ii","title":{"rendered":"Laborat\u00f3rio de Inform\u00e1tica II"},"content":{"rendered":"\n<p><strong>Apresenta\u00e7\u00e3o:<\/strong><\/p>\n<p>Aulas pr\u00e1ticas e te\u00f3ricas com rela\u00e7\u00e3o \u00e0 inform\u00e1tica, tanto aulas de softwares espec\u00edficos quanto aulas simplificadas que fa\u00e7am uso de computadores.<\/p>\n<p><span style=\"color: #000000\"><strong>Respons\u00e1vel:<\/strong> Tiago Antonio Rizzetti <strong>|<\/strong> <strong>Pr\u00e9dio:<\/strong>\u00a005,\u00a0<strong>Sala:<\/strong> 115<strong> | E-mail:\u00a0<\/strong>rizzetti@ctism.ufsm.br<\/span><\/p>\n","protected":false},"excerpt":{"rendered":"<p>Apresenta\u00e7\u00e3o: Aulas pr\u00e1ticas e te\u00f3ricas com rela\u00e7\u00e3o \u00e0 inform\u00e1tica, tanto aulas de softwares espec\u00edficos quanto aulas simplificadas que fa\u00e7am uso de computadores. Respons\u00e1vel: Tiago Antonio Rizzetti | Pr\u00e9dio:\u00a005,\u00a0Sala: 115 | E-mail:\u00a0rizzetti@ctism.ufsm.br<\/p>\n","protected":false},"author":5614,"featured_media":0,"parent":0,"menu_order":0,"comment_status":"closed","ping_status":"closed","template":"","meta":{"footnotes":""},"categories":[],"tags":[],"class_list":["post-5408","page","type-page","status-publish","hentry"],"acf":[],"_links":{"self":[{"href":"https:\/\/www.ufsm.br\/unidades-universitarias\/ctism\/wp-json\/wp\/v2\/pages\/5408","targetHints":{"allow":["GET"]}}],"collection":[{"href":"https:\/\/www.ufsm.br\/unidades-universitarias\/ctism\/wp-json\/wp\/v2\/pages"}],"about":[{"href":"https:\/\/www.ufsm.br\/unidades-universitarias\/ctism\/wp-json\/wp\/v2\/types\/page"}],"author":[{"embeddable":true,"href":"https:\/\/www.ufsm.br\/unidades-universitarias\/ctism\/wp-json\/wp\/v2\/users\/5614"}],"replies":[{"embeddable":true,"href":"https:\/\/www.ufsm.br\/unidades-universitarias\/ctism\/wp-json\/wp\/v2\/comments?post=5408"}],"version-history":[{"count":0,"href":"https:\/\/www.ufsm.br\/unidades-universitarias\/ctism\/wp-json\/wp\/v2\/pages\/5408\/revisions"}],"wp:attachment":[{"href":"https:\/\/www.ufsm.br\/unidades-universitarias\/ctism\/wp-json\/wp\/v2\/media?parent=5408"}],"wp:term":[{"taxonomy":"category","embeddable":true,"href":"https:\/\/www.ufsm.br\/unidades-universitarias\/ctism\/wp-json\/wp\/v2\/categories?post=5408"},{"taxonomy":"post_tag","embeddable":true,"href":"https:\/\/www.ufsm.br\/unidades-universitarias\/ctism\/wp-json\/wp\/v2\/tags?post=5408"}],"curies":[{"name":"wp","href":"https:\/\/api.w.org\/{rel}","templated":true}]}}