{"id":5417,"date":"2022-07-18T08:42:05","date_gmt":"2022-07-18T11:42:05","guid":{"rendered":"https:\/\/www.ufsm.br\/unidades-universitarias\/ctism\/?page_id=5417"},"modified":"2024-07-22T08:42:27","modified_gmt":"2024-07-22T11:42:27","slug":"laboratorio-de-manutencao-informatica-lami","status":"publish","type":"page","link":"https:\/\/www.ufsm.br\/unidades-universitarias\/ctism\/laboratorio-de-manutencao-informatica-lami","title":{"rendered":"Laborat\u00f3rio de Manuten\u00e7\u00e3o em Inform\u00e1tica &#8211; LAMI"},"content":{"rendered":"\n<p><span style=\"color: #000000\"><strong>Apresenta\u00e7\u00e3o:<\/strong><\/span><\/p>\n<p><span style=\"color: #000000\">O LAMI atua junto ao CTISM como uma unidade de extens\u00e3o, prestando servi\u00e7os de manuten\u00e7\u00e3o a todas as unidades que comp\u00f5em a UFSM. Por atuar de forma independente, o laborat\u00f3rio em quest\u00e3o paga suas pr\u00f3prias despesas com pe\u00e7as e com material de uso geral, usando, para isso, o repasse, aos centros de ensino atendidos, do valor (o qual \u00e9 registrado sob forma de relat\u00f3rios contendo todos os dados dos consertos efetuados) das pe\u00e7as utilizadas e dos servi\u00e7os prestados. <\/span><\/p>\n<p><span style=\"color: #000000\">Os servi\u00e7os disponibilizados pelo LAMI consistem no diagn\u00f3stico, no reparo e\/ou encaminhamento dos equipamentos ligados \u00e0 \u00e1rea da Inform\u00e1tica, como, por exemplo, CPUs, impressoras, digitalizadores, monitores, estabilizadores de energia e outros similares, dentro da limita\u00e7\u00e3o or\u00e7ament\u00e1ria e humana dispon\u00edvel.<\/span><\/p>\n<p>Os pedidos de atendimento (chamados) devem ser informados preferencialmente por meio do formul\u00e1rio a seguir:<\/p>\n<p><iframe src=\"https:\/\/docs.google.com\/forms\/d\/e\/1FAIpQLSf5WqTb4Xpu0GwI17NS6eKqZQo2Muy7xcjGLyeu74lsvysxhg\/viewform?embedded=true\" width=\"700\" height=\"2450\" frameborder=\"0\">Carregando\u2026<\/iframe><\/p>\n<p><span style=\"color: #000000\"><strong>Respons\u00e1vel: <\/strong>Lucas Teixeira\u00a0<strong>|<\/strong> <strong>Pr\u00e9dio:<\/strong> 05C, <strong>Sala:<\/strong> 106 <strong>|<\/strong> <strong>E-mail:<\/strong> lami@ufsm.br <strong>|<\/strong> <strong>Telefone:<\/strong> (55) 3220-8210<\/span><\/p>\n","protected":false},"excerpt":{"rendered":"<p>Apresenta\u00e7\u00e3o: O LAMI atua junto ao CTISM como uma unidade de extens\u00e3o, prestando servi\u00e7os de manuten\u00e7\u00e3o a todas as unidades que comp\u00f5em a UFSM. Por atuar de forma independente, o laborat\u00f3rio em quest\u00e3o paga suas pr\u00f3prias despesas com pe\u00e7as e com material de uso geral, usando, para isso, o repasse, aos centros de ensino atendidos, [&hellip;]<\/p>\n","protected":false},"author":5614,"featured_media":0,"parent":0,"menu_order":0,"comment_status":"closed","ping_status":"closed","template":"","meta":{"footnotes":""},"categories":[],"tags":[],"class_list":["post-5417","page","type-page","status-publish","hentry"],"acf":[],"_links":{"self":[{"href":"https:\/\/www.ufsm.br\/unidades-universitarias\/ctism\/wp-json\/wp\/v2\/pages\/5417","targetHints":{"allow":["GET"]}}],"collection":[{"href":"https:\/\/www.ufsm.br\/unidades-universitarias\/ctism\/wp-json\/wp\/v2\/pages"}],"about":[{"href":"https:\/\/www.ufsm.br\/unidades-universitarias\/ctism\/wp-json\/wp\/v2\/types\/page"}],"author":[{"embeddable":true,"href":"https:\/\/www.ufsm.br\/unidades-universitarias\/ctism\/wp-json\/wp\/v2\/users\/5614"}],"replies":[{"embeddable":true,"href":"https:\/\/www.ufsm.br\/unidades-universitarias\/ctism\/wp-json\/wp\/v2\/comments?post=5417"}],"version-history":[{"count":0,"href":"https:\/\/www.ufsm.br\/unidades-universitarias\/ctism\/wp-json\/wp\/v2\/pages\/5417\/revisions"}],"wp:attachment":[{"href":"https:\/\/www.ufsm.br\/unidades-universitarias\/ctism\/wp-json\/wp\/v2\/media?parent=5417"}],"wp:term":[{"taxonomy":"category","embeddable":true,"href":"https:\/\/www.ufsm.br\/unidades-universitarias\/ctism\/wp-json\/wp\/v2\/categories?post=5417"},{"taxonomy":"post_tag","embeddable":true,"href":"https:\/\/www.ufsm.br\/unidades-universitarias\/ctism\/wp-json\/wp\/v2\/tags?post=5417"}],"curies":[{"name":"wp","href":"https:\/\/api.w.org\/{rel}","templated":true}]}}