{"id":5421,"date":"2020-06-23T11:45:20","date_gmt":"2020-06-23T14:45:20","guid":{"rendered":"https:\/\/www.ufsm.br\/unidades-universitarias\/ctism\/?page_id=5421"},"modified":"2022-07-11T14:19:08","modified_gmt":"2022-07-11T17:19:08","slug":"laboratorio-de-maquinas-e-ferramentas","status":"publish","type":"page","link":"https:\/\/www.ufsm.br\/unidades-universitarias\/ctism\/laboratorio-de-maquinas-e-ferramentas","title":{"rendered":"Laborat\u00f3rio de M\u00e1quinas e Ferramentas I"},"content":{"rendered":"\n<p><span style=\"color: #000000\"><strong>Apresenta\u00e7\u00e3o:<\/strong><\/span><\/p>\n<p><span style=\"color: #000000\">No Laborat\u00f3rio de M\u00e1quinas e Ferramentas, s\u00e3o estudados processos de usinagem, tais como torneamento e fresamento, atrav\u00e9s de aulas pr\u00e1ticas, nas quais os alunos desenvolvem os conhecimentos te\u00f3ricos adquiridos na \u00e1rea.<\/span><\/p>\n<p><span style=\"color: #000000\"><strong>Respons\u00e1vel: <\/strong>Marco Aur\u00e9lio Garcia Bandeira<strong> | Pr\u00e9dio:<\/strong> 05, <strong>Salas:<\/strong> 158<strong> |<\/strong> <strong>E-mail: <\/strong>bandeira@ctism.ufsm.br<\/span><\/p>\n","protected":false},"excerpt":{"rendered":"<p>Apresenta\u00e7\u00e3o: No Laborat\u00f3rio de M\u00e1quinas e Ferramentas, s\u00e3o estudados processos de usinagem, tais como torneamento e fresamento, atrav\u00e9s de aulas pr\u00e1ticas, nas quais os alunos desenvolvem os conhecimentos te\u00f3ricos adquiridos na \u00e1rea. Respons\u00e1vel: Marco Aur\u00e9lio Garcia Bandeira | Pr\u00e9dio: 05, Salas: 158 | E-mail: bandeira@ctism.ufsm.br<\/p>\n","protected":false},"author":5614,"featured_media":0,"parent":0,"menu_order":0,"comment_status":"closed","ping_status":"closed","template":"","meta":{"footnotes":""},"categories":[],"tags":[],"class_list":["post-5421","page","type-page","status-publish","hentry"],"acf":[],"_links":{"self":[{"href":"https:\/\/www.ufsm.br\/unidades-universitarias\/ctism\/wp-json\/wp\/v2\/pages\/5421","targetHints":{"allow":["GET"]}}],"collection":[{"href":"https:\/\/www.ufsm.br\/unidades-universitarias\/ctism\/wp-json\/wp\/v2\/pages"}],"about":[{"href":"https:\/\/www.ufsm.br\/unidades-universitarias\/ctism\/wp-json\/wp\/v2\/types\/page"}],"author":[{"embeddable":true,"href":"https:\/\/www.ufsm.br\/unidades-universitarias\/ctism\/wp-json\/wp\/v2\/users\/5614"}],"replies":[{"embeddable":true,"href":"https:\/\/www.ufsm.br\/unidades-universitarias\/ctism\/wp-json\/wp\/v2\/comments?post=5421"}],"version-history":[{"count":0,"href":"https:\/\/www.ufsm.br\/unidades-universitarias\/ctism\/wp-json\/wp\/v2\/pages\/5421\/revisions"}],"wp:attachment":[{"href":"https:\/\/www.ufsm.br\/unidades-universitarias\/ctism\/wp-json\/wp\/v2\/media?parent=5421"}],"wp:term":[{"taxonomy":"category","embeddable":true,"href":"https:\/\/www.ufsm.br\/unidades-universitarias\/ctism\/wp-json\/wp\/v2\/categories?post=5421"},{"taxonomy":"post_tag","embeddable":true,"href":"https:\/\/www.ufsm.br\/unidades-universitarias\/ctism\/wp-json\/wp\/v2\/tags?post=5421"}],"curies":[{"name":"wp","href":"https:\/\/api.w.org\/{rel}","templated":true}]}}